{"id":8781,"date":"2019-11-28T14:38:31","date_gmt":"2019-11-28T13:38:31","guid":{"rendered":"https:\/\/beachin.ch\/produkt\/fete-du-nouvel-a-la-plage\/"},"modified":"2019-12-21T11:40:04","modified_gmt":"2019-12-21T10:40:04","slug":"fete-du-nouvel-a-la-plage","status":"publish","type":"product","link":"https:\/\/beachin.ch\/fr\/produkt\/fete-du-nouvel-a-la-plage\/","title":{"rendered":"F\u00eate de Nouvel An \u00e0 la plage"},"content":{"rendered":"<div class=\"wpb-content-wrapper\"><p>[vc_row][vc_column][vc_empty_space][vc_empty_space][\/vc_column][\/vc_row]<\/p>\n<\/div>","protected":false},"excerpt":{"rendered":"<p>Nous allons c\u00e9l\u00e9brer le Nouvel An tous ensemble bien nourris et en sentant le sable sous nos pieds! Apr\u00e9s un petit ap\u00e9ro, un buffet barbecue avec une grande s\u00e9lection de viandes \u00e0 la grillade accompagn\u00e9e d&#8217;un choix de salades fra\u00eeches et du gratin dauphinois nous attend. En m\u00eame temps, notre plage de sable sera disponible \u00e0 toutes sortes de jeux pour nos petit ainsi que pour les grands.<\/p>\n<p>Si vous pr\u00e9f\u00e9rez nous rejoindre apr\u00e8s le d\u00eener seulement pour compter les derni\u00e8res minutes de la fin d&#8217;ann\u00e9e, nous nous r\u00e9jouissons de vous ouvrir les portes et de vous souhaiter la bienvenue au BeachIN.<\/p>\n<p>Puisque le nombre des participants est limit\u00e9, n&#8217;h\u00e9site pas \u00e0 remplir le formulaire et \u00e0 inscrire-toi et ta famille\/tes amis au plus vite possible!<\/p>\n<p>&nbsp;<\/p>\n<h4><strong>Programme:<\/strong><\/h4>\n<p><strong>18.00 &#8211; 19.30 h <\/strong>| Ap\u00e9ro \/ jeux et plaisir dans le sable<strong><br \/>\n\u00e0 partir de 19.30 h <\/strong>| BBQ &#8211; buffet, dessert \/ jeux et plaisir dans le sable<strong><br \/>\n\u00e0 partir de 22.00 h <\/strong>| F\u00eate accessible au public dans le sable (Aucune inscription n&#8217;est exig\u00e9e!)<strong><br \/>\n00.00 &#8211; open end<\/strong> | Happy New Year! Toast de minuit et c\u00e9l\u00e9brer<\/p>\n<p>&nbsp;<\/p>\n<h4>Prix:<\/h4>\n<p><strong>Inclu dans le prix\u00a0<\/strong>| Ap\u00e9ro avec une boisson, plat principal (buffet barbecue et plat d&#8217;accompagnement), dessert et boisson de nouvel an<br \/>\n<strong>boissons suppl\u00e9mentaires\u00a0<\/strong>| \u00e0 carte<\/p>\n<p><strong>Prix forfaitaire par adulte<\/strong> | CHF 72.&#8211;<br \/>\n<strong>Prix forfaitaire par enfant (de 10 \u00e0 16 ans)<\/strong> | CHF 35.&#8211;<br \/>\n<strong>Prix forfaitaire par enfant (jusqu&#8217;\u00e0 10 ans)<\/strong> | CHF 20.&#8211; <a class=\"more-link\" href=\"https:\/\/beachin.ch\/fr\/produkt\/fete-du-nouvel-a-la-plage\/\">weiterlesen&#8230;<\/a><\/p>\n","protected":false},"featured_media":0,"template":"","meta":[],"yoast_head":"<!-- This site is optimized with the Yoast SEO plugin v14.4.1 - https:\/\/yoast.com\/wordpress\/plugins\/seo\/ -->\n<title>F\u00eate de Nouvel An \u00e0 la plage &ndash; BeachIN Sport, Bar &amp; Hotel<\/title>\n<meta name=\"robots\" content=\"index, follow\" \/>\n<meta name=\"googlebot\" content=\"index, follow, max-snippet:-1, max-image-preview:large, max-video-preview:-1\" \/>\n<meta name=\"bingbot\" content=\"index, follow, max-snippet:-1, max-image-preview:large, max-video-preview:-1\" \/>\n<link rel=\"canonical\" href=\"https:\/\/beachin.ch\/fr\/produkt\/fete-du-nouvel-a-la-plage\/\" \/>\n<meta property=\"og:locale\" content=\"fr_FR\" \/>\n<meta property=\"og:type\" content=\"article\" \/>\n<meta property=\"og:title\" content=\"F\u00eate de Nouvel An \u00e0 la plage &ndash; BeachIN Sport, Bar &amp; Hotel\" \/>\n<meta property=\"og:description\" content=\"Nous allons c\u00e9l\u00e9brer le Nouvel An tous ensemble bien nourris et en sentant le sable sous nos pieds! Apr\u00e9s un petit ap\u00e9ro, un buffet barbecue avec une grande s\u00e9lection de viandes \u00e0 la grillade accompagn\u00e9e d&#039;un choix de salades fra\u00eeches et du gratin dauphinois nous attend. En m\u00eame temps, notre plage de sable sera disponible \u00e0 toutes sortes de jeux pour nos petit ainsi que pour les grands.  Si vous pr\u00e9f\u00e9rez nous rejoindre apr\u00e8s le d\u00eener seulement pour compter les derni\u00e8res minutes de la fin d&#039;ann\u00e9e, nous nous r\u00e9jouissons de vous ouvrir les portes et de vous souhaiter la bienvenue au BeachIN.  Puisque le nombre des participants est limit\u00e9, n&#039;h\u00e9site pas \u00e0 remplir le formulaire et \u00e0 inscrire-toi et ta famille\/tes amis au plus vite possible!  &nbsp; Programme: 18.00 - 19.30 h | Ap\u00e9ro \/ jeux et plaisir dans le sable \u00e0 partir de 19.30 h | BBQ - buffet, dessert \/ jeux et plaisir dans le sable \u00e0 partir de 22.00 h | F\u00eate accessible au public dans le sable (Aucune inscription n&#039;est exig\u00e9e!) 00.00 - open end | Happy New Year! Toast de minuit et c\u00e9l\u00e9brer  &nbsp; Prix: Inclu dans le prix\u00a0| Ap\u00e9ro avec une boisson, plat principal (buffet barbecue et plat d&#039;accompagnement), dessert et boisson de nouvel an boissons suppl\u00e9mentaires\u00a0| \u00e0 carte  Prix forfaitaire par adulte | CHF 72.-- Prix forfaitaire par enfant (de 10 \u00e0 16 ans) | CHF 35.-- Prix forfaitaire par enfant (jusqu&#039;\u00e0 10 ans) | CHF 20.-- weiterlesen...\" \/>\n<meta property=\"og:url\" content=\"https:\/\/beachin.ch\/fr\/produkt\/fete-du-nouvel-a-la-plage\/\" \/>\n<meta property=\"og:site_name\" content=\"BeachIN Sport, Bar &amp; Hotel\" \/>\n<meta property=\"article:modified_time\" content=\"2019-12-21T10:40:04+00:00\" \/>\n<meta name=\"twitter:card\" content=\"summary_large_image\" \/>\n<script type=\"application\/ld+json\" class=\"yoast-schema-graph\">{\"@context\":\"https:\/\/schema.org\",\"@graph\":[{\"@type\":\"WebSite\",\"@id\":\"https:\/\/beachin.ch\/fr\/#website\",\"url\":\"https:\/\/beachin.ch\/fr\/\",\"name\":\"BeachIN Sport, Bar &amp; Hotel\",\"description\":\"Strandfeeling das ganze Jahr!\",\"potentialAction\":[{\"@type\":\"SearchAction\",\"target\":\"https:\/\/beachin.ch\/fr\/?s={search_term_string}\",\"query-input\":\"required name=search_term_string\"}],\"inLanguage\":\"fr-FR\"},{\"@type\":\"WebPage\",\"@id\":\"https:\/\/beachin.ch\/fr\/produkt\/fete-du-nouvel-a-la-plage\/#webpage\",\"url\":\"https:\/\/beachin.ch\/fr\/produkt\/fete-du-nouvel-a-la-plage\/\",\"name\":\"F\\u00eate de Nouvel An \\u00e0 la plage &ndash; BeachIN Sport, Bar &amp; Hotel\",\"isPartOf\":{\"@id\":\"https:\/\/beachin.ch\/fr\/#website\"},\"datePublished\":\"2019-11-28T13:38:31+00:00\",\"dateModified\":\"2019-12-21T10:40:04+00:00\",\"inLanguage\":\"fr-FR\",\"potentialAction\":[{\"@type\":\"ReadAction\",\"target\":[\"https:\/\/beachin.ch\/fr\/produkt\/fete-du-nouvel-a-la-plage\/\"]}]}]}<\/script>\n<!-- \/ Yoast SEO plugin. -->","_links":{"self":[{"href":"https:\/\/beachin.ch\/fr\/wp-json\/wp\/v2\/product\/8781"}],"collection":[{"href":"https:\/\/beachin.ch\/fr\/wp-json\/wp\/v2\/product"}],"about":[{"href":"https:\/\/beachin.ch\/fr\/wp-json\/wp\/v2\/types\/product"}],"wp:attachment":[{"href":"https:\/\/beachin.ch\/fr\/wp-json\/wp\/v2\/media?parent=8781"}],"curies":[{"name":"wp","href":"https:\/\/api.w.org\/{rel}","templated":true}]}}