{"id":8415,"date":"2019-11-05T08:44:37","date_gmt":"2019-11-05T07:44:37","guid":{"rendered":"https:\/\/beachin.ch\/produkt\/bon-cadeau\/"},"modified":"2019-11-22T17:25:31","modified_gmt":"2019-11-22T16:25:31","slug":"bon-cadeau","status":"publish","type":"product","link":"https:\/\/beachin.ch\/fr\/produkt\/bon-cadeau\/","title":{"rendered":"Bon-cadeau"},"content":{"rendered":"<p><strong>Fais un cadeau de chaleur estivale<\/strong><\/p>\n<p>Nos bons-cadeaux peuvent \u00eatre \u00e9chang\u00e9 pour des r\u00e9servations des terrains, dans le bar et m\u00eame pour l&#8217;h\u00f4tel. Le cadeau parfait pour les jeunes et les vieux.<\/p>\n","protected":false},"excerpt":{"rendered":"<p>Fais un cadeau de chaleur estivale Nos bons-cadeaux peuvent \u00eatre \u00e9chang\u00e9 pour des r\u00e9servations des terrains, dans le bar et m\u00eame pour l&#8217;h\u00f4tel. Le cadeau parfait pour les jeunes et les vieux.<\/p>\n","protected":false},"featured_media":8404,"template":"","meta":[],"yoast_head":"<!-- This site is optimized with the Yoast SEO plugin v14.4.1 - https:\/\/yoast.com\/wordpress\/plugins\/seo\/ -->\n<title>Bon-cadeau &ndash; BeachIN Sport, Bar &amp; Hotel<\/title>\n<meta name=\"robots\" content=\"index, follow\" \/>\n<meta name=\"googlebot\" content=\"index, follow, max-snippet:-1, max-image-preview:large, max-video-preview:-1\" \/>\n<meta name=\"bingbot\" content=\"index, follow, max-snippet:-1, max-image-preview:large, max-video-preview:-1\" \/>\n<link rel=\"canonical\" href=\"https:\/\/beachin.ch\/en\/?post_type=product&#038;p=30020\" \/>\n<meta property=\"og:locale\" content=\"fr_FR\" \/>\n<meta property=\"og:type\" content=\"article\" \/>\n<meta property=\"og:title\" content=\"Bon-cadeau &ndash; BeachIN Sport, Bar &amp; Hotel\" \/>\n<meta property=\"og:description\" content=\"Fais un cadeau de chaleur estivale Nos bons-cadeaux peuvent \u00eatre \u00e9chang\u00e9 pour des r\u00e9servations des terrains, dans le bar et m\u00eame pour l&#8217;h\u00f4tel. Le cadeau parfait pour les jeunes et les vieux.\" \/>\n<meta property=\"og:url\" content=\"https:\/\/beachin.ch\/en\/?post_type=product&amp;p=30020\" \/>\n<meta property=\"og:site_name\" content=\"BeachIN Sport, Bar &amp; Hotel\" \/>\n<meta property=\"article:modified_time\" content=\"2019-11-22T16:25:31+00:00\" \/>\n<meta property=\"og:image\" content=\"https:\/\/beachin.ch\/wp-content\/uploads\/2019\/11\/Gutschein.jpg\" \/>\n\t<meta property=\"og:image:width\" content=\"800\" \/>\n\t<meta property=\"og:image:height\" content=\"800\" \/>\n<meta name=\"twitter:card\" content=\"summary_large_image\" \/>\n<script type=\"application\/ld+json\" class=\"yoast-schema-graph\">{\"@context\":\"https:\/\/schema.org\",\"@graph\":[{\"@type\":\"WebSite\",\"@id\":\"https:\/\/beachin.ch\/fr\/#website\",\"url\":\"https:\/\/beachin.ch\/fr\/\",\"name\":\"BeachIN Sport, Bar &amp; Hotel\",\"description\":\"Strandfeeling das ganze Jahr!\",\"potentialAction\":[{\"@type\":\"SearchAction\",\"target\":\"https:\/\/beachin.ch\/fr\/?s={search_term_string}\",\"query-input\":\"required name=search_term_string\"}],\"inLanguage\":\"fr-FR\"},{\"@type\":\"ImageObject\",\"@id\":\"https:\/\/beachin.ch\/en\/?post_type=product&p=30020#primaryimage\",\"inLanguage\":\"fr-FR\",\"url\":\"https:\/\/beachin.ch\/wp-content\/uploads\/2019\/11\/Gutschein.jpg\",\"width\":800,\"height\":800},{\"@type\":\"WebPage\",\"@id\":\"https:\/\/beachin.ch\/en\/?post_type=product&p=30020#webpage\",\"url\":\"https:\/\/beachin.ch\/en\/?post_type=product&p=30020\",\"name\":\"Bon-cadeau &ndash; BeachIN Sport, Bar &amp; Hotel\",\"isPartOf\":{\"@id\":\"https:\/\/beachin.ch\/fr\/#website\"},\"primaryImageOfPage\":{\"@id\":\"https:\/\/beachin.ch\/en\/?post_type=product&p=30020#primaryimage\"},\"datePublished\":\"2019-11-05T07:44:37+00:00\",\"dateModified\":\"2019-11-22T16:25:31+00:00\",\"inLanguage\":\"fr-FR\",\"potentialAction\":[{\"@type\":\"ReadAction\",\"target\":[\"https:\/\/beachin.ch\/en\/?post_type=product&p=30020\"]}]}]}<\/script>\n<!-- \/ Yoast SEO plugin. -->","_links":{"self":[{"href":"https:\/\/beachin.ch\/fr\/wp-json\/wp\/v2\/product\/8415"}],"collection":[{"href":"https:\/\/beachin.ch\/fr\/wp-json\/wp\/v2\/product"}],"about":[{"href":"https:\/\/beachin.ch\/fr\/wp-json\/wp\/v2\/types\/product"}],"wp:featuredmedia":[{"embeddable":true,"href":"https:\/\/beachin.ch\/fr\/wp-json\/wp\/v2\/media\/8404"}],"wp:attachment":[{"href":"https:\/\/beachin.ch\/fr\/wp-json\/wp\/v2\/media?parent=8415"}],"curies":[{"name":"wp","href":"https:\/\/api.w.org\/{rel}","templated":true}]}}