{"id":18492,"date":"2022-03-21T14:25:31","date_gmt":"2022-03-21T13:25:31","guid":{"rendered":"https:\/\/beachin.ch\/produkt\/camp-de-plage-de-paques-ins\/"},"modified":"2022-03-22T12:07:34","modified_gmt":"2022-03-22T11:07:34","slug":"camp-de-paques-ins","status":"publish","type":"product","link":"https:\/\/beachin.ch\/fr\/produkt\/camp-de-paques-ins\/","title":{"rendered":"Camp de P\u00e2ques Ins"},"content":{"rendered":"<div class=\"wpb-content-wrapper\"><p>[bookly-cancellation-confirmat[vc_row][vc_column][vc_empty_space][vc_separator][vc_column_text]<\/p>\n<div class=\"wpb_text_column wpb_content_element \">\n<div class=\"wpb_wrapper\">\n<h2>R\u00e8glement des cours<\/h2>\n<p><strong>Lieu du cours:<\/strong><br \/>\nTous les cours ont g\u00e9n\u00e9ralement lieu au BeachIN, R\u00e4mismatte 7, en 3232 Ins. En fonction de la temp\u00e9rature et des conditions m\u00e9t\u00e9orologiques, les dates des cours peuvent \u00eatre d\u00e9plac\u00e9es \u00e0 court terme vers des courts ext\u00e9rieurs de la r\u00e9gion.<\/p>\n<p>Cours de formation:<br \/>\nLes cours se d\u00e9roulent dans toutes les conditions m\u00e9t\u00e9orologiques et ne sont g\u00e9n\u00e9ralement organis\u00e9s que si le nombre minimum de participants est atteint. La mise en \u0153uvre d\u00e9finitive du cours sera d\u00e9cid\u00e9e au moins une semaine avant le d\u00e9but du cours. Tous les participants inscrits seront inform\u00e9s par courrier \u00e9lectronique.<\/p>\n<p>Inscription aux cours:<br \/>\nL\u2019inscription aux cours est obligatoire et peut se faire \u00e0 <a href=\"http:\/\/www.beachin.ch\/\">www.beachin.ch<\/a> ou via le formulaire d\u2019inscription. Les inscriptions seront prises en compte dans l\u2019ordre de leur r\u00e9ception.<\/p>\n<p><strong>D\u00e9sinscription aux cours:<\/strong><br \/>\nEn cas d\u2019annulation non fond\u00e9e jusqu\u2019\u00e0 10 jours avant le d\u00e9but du cours, 25 CHF seront factur\u00e9s pour les frais administratifs. En cas d\u2019annulation de courte dur\u00e9e ou de non-pr\u00e9sentation, la totalit\u00e9 des frais de cours sera factur\u00e9e. En cas d\u2019annulation pour cause de maladie ou de blessure, le cours peut \u00eatre poursuivi ult\u00e9rieurement sur pr\u00e9sentation d\u2019un certificat m\u00e9dical. Les frais de cours peuvent \u00e9galement \u00eatre rembours\u00e9s en pr\u00e9sentant une demande \u00e9crite de remboursement. La direction de BeachIN GmbH prend la d\u00e9cision finale.<\/p>\n<p>Frais de cours:<br \/>\nLes frais de cours doivent \u00eatre pay\u00e9s au plus tard \u00e0 la date du premier cours. Les frais de cours sont normalement factur\u00e9s apr\u00e8s l\u2019inscription avec un d\u00e9lai de paiement de 10 jours. Les frais de cours peuvent \u00e9galement \u00eatre pay\u00e9s sur place, au BeachIN, en esp\u00e8ces, par carte ou par Twint.<\/p>\n<p><strong>Insurance:<\/strong><br \/>\nL\u2019assurance accident et l\u2019assurance responsabilit\u00e9 civile sont \u00e0 la charge des participants. Il faut \u00e9galement pr\u00e9ciser si les risques d\u00e9coulant du cours sont couverts par l\u2019assurance correspondante. Les actions en responsabilit\u00e9 contre BeachIN GmbH et son personnel sont exclues.<\/p>\n<p><strong>Beach-Bar:<\/strong><br \/>\nLes participants ont la possibilit\u00e9 de manger au Beach-Bar pendant le cours ou de r\u00e9server la restauration pour l\u2019ensemble du cours sous forme de forfait. Les boissons et la nourriture apport\u00e9es ne sont pas les bienvenues dans le bar.<\/p>\n<\/div>\n<\/div>\n<p>[\/vc_column_text][vc_separator][vc_btn title=&#8221;\u00bb Tous les cours&#8221; link=&#8221;url:https%3A%2F%2Fbeachin.ch%2Ffr%2Fsport-de-plage%2Fcours%2F|&#8221;][vc_empty_space][\/vc_column][\/vc_row]<\/p>\n<\/div>","protected":false},"excerpt":{"rendered":"<p>Le camp en salle est organis\u00e9 en collaboration avec notre partenaire Marco Bonaria &#8211; <a href=\"http:\/\/www.beachvolleycamps.ch\">www.beachvolleycamps.ch<\/a>.<\/p>\n<p>Ce qui vous attend :<\/p>\n<ul>\n<li>6 unit\u00e9s d&#8217;entra\u00eenement de 1.5 h chacune<\/li>\n<li>T-shirt du camp de plage<\/li>\n<li>Max. 8 joueurs\/joueuses par coach\/court<\/li>\n<li>Coachs sp\u00e9cialis\u00e9s<\/li>\n<li>Location de la salle<\/li>\n<li>Entra\u00eenement avec le ballon de plage original Mikasa VLS300<\/li>\n<li><em>En option : h\u00e9bergement avec petit d\u00e9jeuner, repas.<\/em><\/li>\n<\/ul>\n<p>Il reste \u00e9galement suffisamment de temps pour passer un moment agr\u00e9able ensemble et discuter de choses et d&#8217;autres. <a class=\"more-link\" href=\"https:\/\/beachin.ch\/fr\/produkt\/camp-de-paques-ins\/\">weiterlesen&#8230;<\/a><\/p>\n","protected":false},"featured_media":12909,"template":"","meta":[],"yoast_head":"<!-- This site is optimized with the Yoast SEO plugin v14.4.1 - https:\/\/yoast.com\/wordpress\/plugins\/seo\/ -->\n<title>Camp de P\u00e2ques Ins &ndash; BeachIN Sport, Bar &amp; Hotel<\/title>\n<meta name=\"robots\" content=\"index, follow\" \/>\n<meta name=\"googlebot\" content=\"index, follow, max-snippet:-1, max-image-preview:large, max-video-preview:-1\" \/>\n<meta name=\"bingbot\" content=\"index, follow, max-snippet:-1, max-image-preview:large, max-video-preview:-1\" \/>\n<link rel=\"canonical\" href=\"https:\/\/beachin.ch\/fr\/produkt\/camp-de-paques-ins\/\" \/>\n<meta property=\"og:locale\" content=\"fr_FR\" \/>\n<meta property=\"og:type\" content=\"article\" \/>\n<meta property=\"og:title\" content=\"Camp de P\u00e2ques Ins &ndash; BeachIN Sport, Bar &amp; Hotel\" \/>\n<meta property=\"og:description\" content=\"Le camp en salle est organis\u00e9 en collaboration avec notre partenaire Marco Bonaria - www.beachvolleycamps.ch.  Ce qui vous attend :   6 unit\u00e9s d&#039;entra\u00eenement de 1.5 h chacune  T-shirt du camp de plage  Max. 8 joueurs\/joueuses par coach\/court  Coachs sp\u00e9cialis\u00e9s  Location de la salle  Entra\u00eenement avec le ballon de plage original Mikasa VLS300  En option : h\u00e9bergement avec petit d\u00e9jeuner, repas.  Il reste \u00e9galement suffisamment de temps pour passer un moment agr\u00e9able ensemble et discuter de choses et d&#039;autres. weiterlesen...\" \/>\n<meta property=\"og:url\" content=\"https:\/\/beachin.ch\/fr\/produkt\/camp-de-paques-ins\/\" \/>\n<meta property=\"og:site_name\" content=\"BeachIN Sport, Bar &amp; Hotel\" \/>\n<meta property=\"article:modified_time\" content=\"2022-03-22T11:07:34+00:00\" \/>\n<meta property=\"og:image\" content=\"https:\/\/beachin.ch\/wp-content\/uploads\/2020\/10\/Team-Event_17092020_003.jpg\" \/>\n\t<meta property=\"og:image:width\" content=\"1000\" \/>\n\t<meta property=\"og:image:height\" content=\"622\" \/>\n<meta name=\"twitter:card\" content=\"summary_large_image\" \/>\n<script type=\"application\/ld+json\" class=\"yoast-schema-graph\">{\"@context\":\"https:\/\/schema.org\",\"@graph\":[{\"@type\":\"WebSite\",\"@id\":\"https:\/\/beachin.ch\/fr\/#website\",\"url\":\"https:\/\/beachin.ch\/fr\/\",\"name\":\"BeachIN Sport, Bar &amp; Hotel\",\"description\":\"Strandfeeling das ganze Jahr!\",\"potentialAction\":[{\"@type\":\"SearchAction\",\"target\":\"https:\/\/beachin.ch\/fr\/?s={search_term_string}\",\"query-input\":\"required name=search_term_string\"}],\"inLanguage\":\"fr-FR\"},{\"@type\":\"ImageObject\",\"@id\":\"https:\/\/beachin.ch\/fr\/produkt\/camp-de-paques-ins\/#primaryimage\",\"inLanguage\":\"fr-FR\",\"url\":\"https:\/\/beachin.ch\/wp-content\/uploads\/2020\/10\/Team-Event_17092020_003.jpg\",\"width\":1000,\"height\":622},{\"@type\":\"WebPage\",\"@id\":\"https:\/\/beachin.ch\/fr\/produkt\/camp-de-paques-ins\/#webpage\",\"url\":\"https:\/\/beachin.ch\/fr\/produkt\/camp-de-paques-ins\/\",\"name\":\"Camp de P\\u00e2ques Ins &ndash; BeachIN Sport, Bar &amp; Hotel\",\"isPartOf\":{\"@id\":\"https:\/\/beachin.ch\/fr\/#website\"},\"primaryImageOfPage\":{\"@id\":\"https:\/\/beachin.ch\/fr\/produkt\/camp-de-paques-ins\/#primaryimage\"},\"datePublished\":\"2022-03-21T13:25:31+00:00\",\"dateModified\":\"2022-03-22T11:07:34+00:00\",\"inLanguage\":\"fr-FR\",\"potentialAction\":[{\"@type\":\"ReadAction\",\"target\":[\"https:\/\/beachin.ch\/fr\/produkt\/camp-de-paques-ins\/\"]}]}]}<\/script>\n<!-- \/ Yoast SEO plugin. -->","_links":{"self":[{"href":"https:\/\/beachin.ch\/fr\/wp-json\/wp\/v2\/product\/18492"}],"collection":[{"href":"https:\/\/beachin.ch\/fr\/wp-json\/wp\/v2\/product"}],"about":[{"href":"https:\/\/beachin.ch\/fr\/wp-json\/wp\/v2\/types\/product"}],"wp:featuredmedia":[{"embeddable":true,"href":"https:\/\/beachin.ch\/fr\/wp-json\/wp\/v2\/media\/12909"}],"wp:attachment":[{"href":"https:\/\/beachin.ch\/fr\/wp-json\/wp\/v2\/media?parent=18492"}],"curies":[{"name":"wp","href":"https:\/\/api.w.org\/{rel}","templated":true}]}}