{"id":18419,"date":"2022-03-08T16:05:10","date_gmt":"2022-03-08T15:05:10","guid":{"rendered":"https:\/\/beachin.ch\/?post_type=product&#038;p=18419"},"modified":"2022-03-08T16:58:06","modified_gmt":"2022-03-08T15:58:06","slug":"camp-en-salle-2","status":"publish","type":"product","link":"https:\/\/beachin.ch\/fr\/produkt\/camp-en-salle-2\/","title":{"rendered":"Camp en salle"},"content":{"rendered":"<div class=\"wpb-content-wrapper\"><p>[bookly-cancellation-confirmat[vc_row][vc_column][vc_empty_space][vc_separator][vc_column_text]<\/p>\n<h2>R\u00e8glement des cours<\/h2>\n<p><strong>Lieu du cours:<\/strong><br \/>\nTous les cours ont g\u00e9n\u00e9ralement lieu au BeachIN, R\u00e4mismatte 7, en 3232 Ins. En fonction de la temp\u00e9rature et des conditions m\u00e9t\u00e9orologiques, les dates des cours peuvent \u00eatre d\u00e9plac\u00e9es \u00e0 court terme vers des courts ext\u00e9rieurs de la r\u00e9gion.<\/p>\n<p>Cours de formation:<br \/>\nLes cours se d\u00e9roulent dans toutes les conditions m\u00e9t\u00e9orologiques et ne sont g\u00e9n\u00e9ralement organis\u00e9s que si le nombre minimum de participants est atteint. La mise en \u0153uvre d\u00e9finitive du cours sera d\u00e9cid\u00e9e au moins une semaine avant le d\u00e9but du cours. Tous les participants inscrits seront inform\u00e9s par courrier \u00e9lectronique.<\/p>\n<p>Inscription aux cours:<br \/>\nL&#8217;inscription aux cours est obligatoire et peut se faire \u00e0 <a href=\"http:\/\/www.beachin.ch\/\">www.beachin.ch<\/a> ou via le formulaire d&#8217;inscription. Les inscriptions seront prises en compte dans l&#8217;ordre de leur r\u00e9ception.<\/p>\n<p><strong>D\u00e9sinscription aux cours:<\/strong><br \/>\nEn cas d&#8217;annulation non fond\u00e9e jusqu&#8217;\u00e0 10 jours avant le d\u00e9but du cours, 25 CHF seront factur\u00e9s pour les frais administratifs. En cas d&#8217;annulation de courte dur\u00e9e ou de non-pr\u00e9sentation, la totalit\u00e9 des frais de cours sera factur\u00e9e. En cas d&#8217;annulation pour cause de maladie ou de blessure, le cours peut \u00eatre poursuivi ult\u00e9rieurement sur pr\u00e9sentation d&#8217;un certificat m\u00e9dical. Les frais de cours peuvent \u00e9galement \u00eatre rembours\u00e9s en pr\u00e9sentant une demande \u00e9crite de remboursement. La direction de BeachIN GmbH prend la d\u00e9cision finale.<\/p>\n<p>Frais de cours:<br \/>\nLes frais de cours doivent \u00eatre pay\u00e9s au plus tard \u00e0 la date du premier cours. Les frais de cours sont normalement factur\u00e9s apr\u00e8s l&#8217;inscription avec un d\u00e9lai de paiement de 10 jours. Les frais de cours peuvent \u00e9galement \u00eatre pay\u00e9s sur place, au BeachIN, en esp\u00e8ces, par carte ou par Twint.<\/p>\n<p><strong>Insurance:<\/strong><br \/>\nL&#8217;assurance accident et l&#8217;assurance responsabilit\u00e9 civile sont \u00e0 la charge des participants. Il faut \u00e9galement pr\u00e9ciser si les risques d\u00e9coulant du cours sont couverts par l&#8217;assurance correspondante. Les actions en responsabilit\u00e9 contre BeachIN GmbH et son personnel sont exclues.<\/p>\n<p><strong>Beach-Bar:<\/strong><br \/>\nLes participants ont la possibilit\u00e9 de manger au Beach-Bar pendant le cours ou de r\u00e9server la restauration pour l&#8217;ensemble du cours sous forme de forfait. Les boissons et la nourriture apport\u00e9es ne sont pas les bienvenues dans le bar.[\/vc_column_text][vc_separator][vc_btn title=&#8221;\u00bb Tous les cours&#8221; link=&#8221;url:https%3A%2F%2Fbeachin.ch%2Ffr%2Fsport-de-plage%2Fcours%2F|&#8221;][vc_empty_space][\/vc_column][\/vc_row]<\/p>\n<\/div>","protected":false},"excerpt":{"rendered":"<p>Le camp en salle est organis\u00e9 en collaboration avec notre partenaire Marco Bonaria &#8211; www.beachvolleycamps.ch.<\/p>\n<p>Ce \u00e0 quoi il faut s&#8217;attendre :<\/p>\n<ul>\n<li>4 sessions de formation de 1,5 h chacune<\/li>\n<li>Chemise Beachcamp<\/li>\n<li>Max. 8 joueurs par entra\u00eeneur\/terrain<\/li>\n<li>Coachs experts<\/li>\n<li>Location de salle<\/li>\n<li>Entra\u00eenement avec le ballon de plage original Mikasa VLS300<\/li>\n<li>En option : Nuit\u00e9e avec petit-d\u00e9jeuner et restauration.<\/li>\n<\/ul>\n<p>Il y aura \u00e9galement beaucoup de temps pour se retrouver et parler boutique. <a class=\"more-link\" href=\"https:\/\/beachin.ch\/fr\/produkt\/camp-en-salle-2\/\">weiterlesen&#8230;<\/a><\/p>\n","protected":false},"featured_media":12909,"template":"","meta":[],"yoast_head":"<!-- This site is optimized with the Yoast SEO plugin v14.4.1 - https:\/\/yoast.com\/wordpress\/plugins\/seo\/ -->\n<title>Camp en salle &ndash; BeachIN Sport, Bar &amp; Hotel<\/title>\n<meta name=\"robots\" content=\"index, follow\" \/>\n<meta name=\"googlebot\" content=\"index, follow, max-snippet:-1, max-image-preview:large, max-video-preview:-1\" \/>\n<meta name=\"bingbot\" content=\"index, follow, max-snippet:-1, max-image-preview:large, max-video-preview:-1\" \/>\n<link rel=\"canonical\" href=\"https:\/\/beachin.ch\/fr\/produkt\/camp-en-salle-2\/\" \/>\n<meta property=\"og:locale\" content=\"fr_FR\" \/>\n<meta property=\"og:type\" content=\"article\" \/>\n<meta property=\"og:title\" content=\"Camp en salle &ndash; BeachIN Sport, Bar &amp; Hotel\" \/>\n<meta property=\"og:description\" content=\"Le camp en salle est organis\u00e9 en collaboration avec notre partenaire Marco Bonaria - www.beachvolleycamps.ch.  Ce \u00e0 quoi il faut s&#039;attendre :   4 sessions de formation de 1,5 h chacune  Chemise Beachcamp  Max. 8 joueurs par entra\u00eeneur\/terrain  Coachs experts  Location de salle  Entra\u00eenement avec le ballon de plage original Mikasa VLS300  En option : Nuit\u00e9e avec petit-d\u00e9jeuner et restauration.  Il y aura \u00e9galement beaucoup de temps pour se retrouver et parler boutique. weiterlesen...\" \/>\n<meta property=\"og:url\" content=\"https:\/\/beachin.ch\/fr\/produkt\/camp-en-salle-2\/\" \/>\n<meta property=\"og:site_name\" content=\"BeachIN Sport, Bar &amp; Hotel\" \/>\n<meta property=\"article:modified_time\" content=\"2022-03-08T15:58:06+00:00\" \/>\n<meta property=\"og:image\" content=\"https:\/\/beachin.ch\/wp-content\/uploads\/2020\/10\/Team-Event_17092020_003.jpg\" \/>\n\t<meta property=\"og:image:width\" content=\"1000\" \/>\n\t<meta property=\"og:image:height\" content=\"622\" \/>\n<meta name=\"twitter:card\" content=\"summary_large_image\" \/>\n<script type=\"application\/ld+json\" class=\"yoast-schema-graph\">{\"@context\":\"https:\/\/schema.org\",\"@graph\":[{\"@type\":\"WebSite\",\"@id\":\"https:\/\/beachin.ch\/fr\/#website\",\"url\":\"https:\/\/beachin.ch\/fr\/\",\"name\":\"BeachIN Sport, Bar &amp; Hotel\",\"description\":\"Strandfeeling das ganze Jahr!\",\"potentialAction\":[{\"@type\":\"SearchAction\",\"target\":\"https:\/\/beachin.ch\/fr\/?s={search_term_string}\",\"query-input\":\"required name=search_term_string\"}],\"inLanguage\":\"fr-FR\"},{\"@type\":\"ImageObject\",\"@id\":\"https:\/\/beachin.ch\/fr\/produkt\/camp-en-salle-2\/#primaryimage\",\"inLanguage\":\"fr-FR\",\"url\":\"https:\/\/beachin.ch\/wp-content\/uploads\/2020\/10\/Team-Event_17092020_003.jpg\",\"width\":1000,\"height\":622},{\"@type\":\"WebPage\",\"@id\":\"https:\/\/beachin.ch\/fr\/produkt\/camp-en-salle-2\/#webpage\",\"url\":\"https:\/\/beachin.ch\/fr\/produkt\/camp-en-salle-2\/\",\"name\":\"Camp en salle &ndash; BeachIN Sport, Bar &amp; Hotel\",\"isPartOf\":{\"@id\":\"https:\/\/beachin.ch\/fr\/#website\"},\"primaryImageOfPage\":{\"@id\":\"https:\/\/beachin.ch\/fr\/produkt\/camp-en-salle-2\/#primaryimage\"},\"datePublished\":\"2022-03-08T15:05:10+00:00\",\"dateModified\":\"2022-03-08T15:58:06+00:00\",\"inLanguage\":\"fr-FR\",\"potentialAction\":[{\"@type\":\"ReadAction\",\"target\":[\"https:\/\/beachin.ch\/fr\/produkt\/camp-en-salle-2\/\"]}]}]}<\/script>\n<!-- \/ Yoast SEO plugin. -->","_links":{"self":[{"href":"https:\/\/beachin.ch\/fr\/wp-json\/wp\/v2\/product\/18419"}],"collection":[{"href":"https:\/\/beachin.ch\/fr\/wp-json\/wp\/v2\/product"}],"about":[{"href":"https:\/\/beachin.ch\/fr\/wp-json\/wp\/v2\/types\/product"}],"wp:featuredmedia":[{"embeddable":true,"href":"https:\/\/beachin.ch\/fr\/wp-json\/wp\/v2\/media\/12909"}],"wp:attachment":[{"href":"https:\/\/beachin.ch\/fr\/wp-json\/wp\/v2\/media?parent=18419"}],"curies":[{"name":"wp","href":"https:\/\/api.w.org\/{rel}","templated":true}]}}