{"id":9767,"date":"2020-01-21T14:50:56","date_gmt":"2020-01-21T13:50:56","guid":{"rendered":"https:\/\/beachin.ch\/evenements\/archives-des-evenements\/"},"modified":"2025-08-12T16:04:46","modified_gmt":"2025-08-12T14:04:46","slug":"archives-des-evenements","status":"publish","type":"page","link":"https:\/\/beachin.ch\/fr\/evenements\/archives-des-evenements\/","title":{"rendered":"Impressions des \u00e9v\u00e9nements"},"content":{"rendered":"<div class=\"wpb-content-wrapper\"><p>[vc_row][vc_column][vc_column_text]<\/p>\n<h1>Impressions des \u00e9v\u00e9nements<\/h1>\n<p>Le BeachIN est un lieu \u00e9v\u00e9nementiel avec une garantie d\u2019ambiance estivale. F\u00eates d\u2019anniversaire, \u00e9v\u00e9nements d\u2019entreprise, team building, beach parties, anniversaires d\u2019enfants, s\u00e9minaires, ateliers et bien plus encore \u2014 notre lieu est unique et modulable. Laisse-toi inspirer par un retour en images sur les \u00e9v\u00e9nements pass\u00e9s au BeachIN.[\/vc_column_text][\/vc_column][\/vc_row][vc_row][vc_column][vc_btn title=&#8221;Contacte-nous pour une offre individuelle !&#8221; link=&#8221;url:https%3A%2F%2Fbeachin.ch%2Ffr%2Fcontact%2F|title:Contact|&#8221;][\/vc_column][\/vc_row][vc_row][vc_column][vc_media_grid grid_id=&#8221;vc_gid:1755007108412-6b121b38-5e4a-7&#8243; include=&#8221;20704,17888,17797,16152,11552,11546,10392,10333,10291,10022,9142,9124&#8243;][\/vc_column][\/vc_row][vc_row][vc_column width=&#8221;1\/6&#8243;][\/vc_column][vc_column width=&#8221;2\/3&#8243;][vc_images_carousel images=&#8221;20721,19164,19173,19179,16215,15044,12962,12875,11461,11455,10348,10288,10000,9130,9118,9045,8505,5163,2522,2444,2435,16430,16461,18319,17842,17770,17076,16468,13158,12937,12925,11590,10373,9115,8601&#8243; img_size=&#8221;1000&#215;500&#8243;][\/vc_column][vc_column width=&#8221;1\/6&#8243;][\/vc_column][\/vc_row][vc_row disable_element=&#8221;yes&#8221;][vc_column width=&#8221;1\/3&#8243;][vc_hoverbox image=&#8221;17752&#8243; primary_title=&#8221;F\u00eate d&#8217;anniversaire<br \/>\n65 personnes&#8221; hover_title=&#8221;11.12.2021&#8243; hover_background_color=&#8221;custom&#8221; hover_btn_title=&#8221;Revue&#8221; hover_add_button=&#8221;true&#8221; hover_custom_background=&#8221;#da0051&#8243; hover_btn_link=&#8221;url:https%3A%2F%2Fbeachin.ch%2Ffr%2Ffete-danniversaire-111221%2F&#8221;]La revue&#8230;<\/p>\n<p>&nbsp;<\/p>\n<p>[\/vc_hoverbox][vc_hoverbox image=&#8221;16443&#8243; primary_title=&#8221;Hammer-Party!&#8221; hover_title=&#8221;24.07.2021&#8243; hover_background_color=&#8221;custom&#8221; hover_btn_title=&#8221;Revue&#8221; hover_add_button=&#8221;true&#8221; hover_custom_background=&#8221;#da0051&#8243; hover_btn_link=&#8221;url:https%3A%2F%2Fbeachin.ch%2F24-07-21-hammer-party%2F|title:24.07.21%3A%20Hammer-Party&#8221;]La revue&#8230;<\/p>\n<p>&nbsp;<\/p>\n<p>[\/vc_hoverbox][\/vc_column][vc_column width=&#8221;1\/3&#8243;][vc_hoverbox image=&#8221;17799&#8243; primary_title=&#8221;\u00c9v\u00e9nement d&#8217;entreprise<br \/>\n200 personnes&#8221; hover_title=&#8221;27.11.2021&#8243; hover_background_color=&#8221;custom&#8221; hover_btn_title=&#8221;Revue&#8221; hover_add_button=&#8221;true&#8221; hover_custom_background=&#8221;#da0051&#8243; hover_btn_link=&#8221;url:https%3A%2F%2Fbeachin.ch%2Ffr%2Fevenement-dentreprise-271121%2F&#8221;]La revue&#8230;<\/p>\n<p>[\/vc_hoverbox][\/vc_column][vc_column width=&#8221;1\/3&#8243;][vc_hoverbox image=&#8221;17844&#8243; primary_title=&#8221;\u00c9v\u00e9nements divers&#8221; hover_title=&#8221;septembre &#8211;<br \/>\nnovembre&#8221; hover_background_color=&#8221;custom&#8221; hover_btn_title=&#8221;Revue&#8221; hover_add_button=&#8221;true&#8221; hover_custom_background=&#8221;#da0051&#8243; hover_btn_link=&#8221;url:https%3A%2F%2Fbeachin.ch%2Ffr%2Fevenements-divers%2F&#8221;]La revue&#8230;<\/p>\n<p>&nbsp;<\/p>\n<p>[\/vc_hoverbox][\/vc_column][\/vc_row][vc_row disable_element=&#8221;yes&#8221;][vc_column width=&#8221;1\/3&#8243;][vc_hoverbox image=&#8221;9636&#8243; primary_title=&#8221;F\u00eate d&#8217;anniversaire&#8221; hover_title=&#8221;04.01.2020&#8243; hover_background_color=&#8221;custom&#8221; hover_btn_title=&#8221;Revue&#8221; hover_add_button=&#8221;true&#8221; hover_custom_background=&#8221;#da0051&#8243; hover_btn_link=&#8221;url:https%3A%2F%2Fbeachin.ch%2Ffr%2Ffete-danniversaire-04-01-2020%2F|title:F%C3%AAte%20d%27anniversaire%20%E2%80%93%2004.01.2020|&#8221;]La revue&#8230;[\/vc_hoverbox][vc_hoverbox image=&#8221;10373&#8243; primary_title=&#8221;Soir\u00e9e de la compagnie&#8221; hover_title=&#8221;29.01.2020&#8243; hover_background_color=&#8221;custom&#8221; hover_btn_title=&#8221;Revue&#8221; hover_add_button=&#8221;true&#8221; hover_btn_link=&#8221;url:https%3A%2F%2Fbeachin.ch%2Ffr%2Fevenements%2Farchives-des-evenements%2Fsoiree-de-la-compagnie-29-01-2020%2F|title:Soir%C3%A9e%20de%20la%20compagnie%20%E2%80%93%2029.01.2020|&#8221; hover_custom_background=&#8221;#da0051&#8243;]La revue&#8230;[\/vc_hoverbox][vc_hoverbox image=&#8221;10376&#8243; primary_title=&#8221;Beachsoccer-Tournoi&#8221; hover_title=&#8221;08.02.2020&#8243; hover_background_color=&#8221;custom&#8221; hover_btn_title=&#8221;Revue&#8221; hover_add_button=&#8221;true&#8221; hover_btn_link=&#8221;url:https%3A%2F%2Fbeachin.ch%2Ffr%2Fevenements%2Farchives-des-evenements%2Fbeachsoccer-tournoi-fc-aarberg-08-02-2020%2F|title:Beachsoccer-Tournoi%20FC%20Aarberg%20%E2%80%93%2008.02.2020|&#8221; hover_custom_background=&#8221;#da0051&#8243;]La revue&#8230;[\/vc_hoverbox][vc_hoverbox image=&#8221;10978&#8243; primary_title=&#8221;F\u00eate d&#8217;anniversaire&#8221; hover_title=&#8221;22.02.2020&#8243; hover_background_color=&#8221;custom&#8221; hover_btn_title=&#8221;Revue&#8221; hover_add_button=&#8221;true&#8221; hover_btn_link=&#8221;url:%2F%3Fpage_id%3D10928|title:F%C3%AAte%20d%27anniversaire%20%E2%80%93%2022.02.2020|&#8221; hover_custom_background=&#8221;#da0051&#8243;]La revue&#8230;[\/vc_hoverbox][vc_hoverbox image=&#8221;13150&#8243; primary_title=&#8221;\u00c9v\u00e9nement d&#8217;\u00e9quipe&#8221; hover_title=&#8221;17.09.2020&#8243; hover_background_color=&#8221;custom&#8221; hover_btn_title=&#8221;Revue&#8221; hover_add_button=&#8221;true&#8221; hover_btn_link=&#8221;url:https%3A%2F%2Fbeachin.ch%2Ffr%2Fevenements%2Farchives-des-evenements%2Fevenement-dequipe-du-17-09-2020%2F|title:%C3%89v%C3%A9nement%20d&#8217;%C3%A9quipe%20%E2%80%93%2017.09.2020||&#8221; hover_custom_background=&#8221;#da0051&#8243;]La revue&#8230;<\/p>\n<p>&nbsp;<\/p>\n<p>[\/vc_hoverbox][\/vc_column][vc_column width=&#8221;1\/3&#8243;][vc_hoverbox image=&#8221;9599&#8243; primary_title=&#8221;Soir\u00e9e du personnel&#8221; hover_title=&#8221;16.01.2020&#8243; hover_background_color=&#8221;custom&#8221; hover_btn_title=&#8221;Revue&#8221; hover_add_button=&#8221;true&#8221; hover_btn_link=&#8221;url:https%3A%2F%2Fbeachin.ch%2Ffr%2Fsoiree-du-personnel-wohnguet-taeuffelen%2F|title:Soir%C3%A9e%20du%20personnel%20|&#8221; hover_custom_background=&#8221;#da0051&#8243;]La revue&#8230;[\/vc_hoverbox][vc_hoverbox image=&#8221;10198&#8243; primary_title=&#8221;F\u00eate d&#8217;anniversaire&#8221; hover_title=&#8221;02.02.2020&#8243; hover_background_color=&#8221;custom&#8221; hover_btn_title=&#8221;Revue&#8221; hover_add_button=&#8221;true&#8221; hover_btn_link=&#8221;url:https%3A%2F%2Fbeachin.ch%2Ffr%2Ffete-danniversaire-02-02-2020%2F|title:F%C3%AAte%20d%27anniversaire%20%E2%80%93%2002.02.2020|&#8221; hover_custom_background=&#8221;#da0051&#8243;]La revue&#8230;[\/vc_hoverbox][vc_hoverbox image=&#8221;10589&#8243; primary_title=&#8221;Team-Event \u00c9quipe masculine&#8221; hover_title=&#8221;12.02.2020&#8243; hover_background_color=&#8221;custom&#8221; hover_btn_title=&#8221;Revue&#8221; hover_add_button=&#8221;true&#8221; hover_btn_link=&#8221;url:https%3A%2F%2Fbeachin.ch%2Ffr%2Fevenements%2Farchives-des-evenements%2Fteam-event-equipe-masculine-12-02-20%2F|title:Team-Event%20%C3%89quipe%20masculine%2012.02.2020|&#8221; hover_custom_background=&#8221;#da0051&#8243;]La revue&#8230;[\/vc_hoverbox][vc_hoverbox image=&#8221;13144&#8243; primary_title=&#8221;F\u00eate d&#8217;anniversaire&#8221; hover_title=&#8221;22.08.2020&#8243; hover_background_color=&#8221;custom&#8221; hover_btn_title=&#8221;Revue&#8221; hover_add_button=&#8221;true&#8221; hover_btn_link=&#8221;url:https%3A%2F%2Fbeachin.ch%2Ffr%2Fevenements%2Farchives-des-evenements%2Ffete-danniversaire-du-22-08-2020%2F|title:F%C3%AAte%20d&#8217;anniversaire%20%E2%80%93%2022.08.2020||&#8221; hover_custom_background=&#8221;#da0051&#8243;]La revue&#8230;<\/p>\n<p>[\/vc_hoverbox][vc_hoverbox image=&#8221;13153&#8243; primary_title=&#8221;F\u00eate d&#8217;anniversaire&#8221; hover_title=&#8221;26.09.2020&#8243; hover_background_color=&#8221;custom&#8221; hover_btn_title=&#8221;Revue&#8221; hover_add_button=&#8221;true&#8221; hover_btn_link=&#8221;url:https%3A%2F%2Fbeachin.ch%2Ffr%2Fevenements%2Farchives-des-evenements%2Ffete-danniversaire-du-26-09-2020%2F|title:F%C3%AAte%20d&#8217;anniversaire%20%E2%80%93%2026.09.2020||&#8221; hover_custom_background=&#8221;#da0051&#8243;]La revue&#8230;<\/p>\n<p>&nbsp;<\/p>\n<p>[\/vc_hoverbox][\/vc_column][vc_column width=&#8221;1\/3&#8243;][vc_hoverbox image=&#8221;9991&#8243; primary_title=&#8221;F\u00eate du personnel&#8221; hover_title=&#8221;24.01.2020&#8243; hover_background_color=&#8221;custom&#8221; hover_btn_title=&#8221;Revue&#8221; hover_add_button=&#8221;true&#8221; hover_btn_link=&#8221;url:https%3A%2F%2Fbeachin.ch%2Ffr%2Fevenements%2Farchives-des-evenements%2Ffete-du-personnel-24-01-2020%2F|title:F%C3%AAte%20du%20personnel%20%E2%80%93%2024.01.2020|&#8221; hover_custom_background=&#8221;#da0051&#8243;]La revue&#8230;[\/vc_hoverbox][vc_hoverbox image=&#8221;10379&#8243; primary_title=&#8221;F\u00eate d&#8217;anniversaire&#8221; hover_title=&#8221;08.02.2020&#8243; hover_background_color=&#8221;custom&#8221; hover_btn_title=&#8221;Revue&#8221; hover_add_button=&#8221;true&#8221; hover_btn_link=&#8221;url:https%3A%2F%2Fbeachin.ch%2Ffr%2Fevenements%2Farchives-des-evenements%2Ffete-danniversaire-08-02-2020%2F|title:F%C3%AAte%20d%27anniversaire%20%E2%80%93%2008.02.2020|&#8221; hover_custom_background=&#8221;#da0051&#8243;]La revue&#8230;[\/vc_hoverbox][vc_hoverbox image=&#8221;10971&#8243; primary_title=&#8221;\u00c9v\u00e9nement d&#8217;entreprise&#8221; hover_title=&#8221;21.02.2020&#8243; hover_background_color=&#8221;custom&#8221; hover_btn_title=&#8221;Revue&#8221; hover_add_button=&#8221;true&#8221; hover_btn_link=&#8221;url:%2F%3Fpage_id%3D10927|title:%C3%89v%C3%A9nement%20d%27entreprise%20%E2%80%93%2021.02.2020|&#8221; hover_custom_background=&#8221;#da0051&#8243;]La revue&#8230;[\/vc_hoverbox][vc_hoverbox image=&#8221;13147&#8243; primary_title=&#8221;C\u00e9l\u00e9bration de mariage&#8221; hover_title=&#8221;05.09.2020&#8243; hover_background_color=&#8221;custom&#8221; hover_btn_title=&#8221;Revue&#8221; hover_add_button=&#8221;true&#8221; hover_btn_link=&#8221;url:https%3A%2F%2Fbeachin.ch%2Ffr%2Fevenements%2Farchives-des-evenements%2Fcelebration-de-mariage-du-05-09-2020%2F|title:C%C3%A9l%C3%A9bration%20de%20mariage%20-%2005.09.2020||&#8221; hover_custom_background=&#8221;#da0051&#8243;]La revue&#8230;<\/p>\n<p>[\/vc_hoverbox][vc_hoverbox image=&#8221;13156&#8243; primary_title=&#8221;F\u00eate d&#8217;anniversaire&#8221; hover_title=&#8221;03.10.2020&#8243; hover_background_color=&#8221;custom&#8221; hover_btn_title=&#8221;Revue&#8221; hover_add_button=&#8221;true&#8221; hover_btn_link=&#8221;url:https%3A%2F%2Fbeachin.ch%2Ffr%2Fevenements%2Farchives-des-evenements%2Ffete-danniversaire-du-03-10-2020%2F|title:F%C3%AAte%20d&#8217;anniversaire%20%E2%80%93%2003.10.2020||&#8221; hover_custom_background=&#8221;#da0051&#8243;]La revue&#8230;<\/p>\n<p>&nbsp;<\/p>\n<p>&nbsp;<\/p>\n<p>[\/vc_hoverbox][\/vc_column][\/vc_row][vc_row disable_element=&#8221;yes&#8221;][vc_column width=&#8221;1\/3&#8243;][vc_hoverbox image=&#8221;8454&#8243; primary_title=&#8221;Back to Summer Party&#8221; hover_title=&#8221;23.11.2019&#8243; hover_background_color=&#8221;custom&#8221; hover_btn_title=&#8221;Revue&#8221; hover_add_button=&#8221;true&#8221; hover_btn_link=&#8221;url:https%3A%2F%2Fbeachin.ch%2Ffr%2Fevenements%2Farchives-des-evenements%2Fback-to-summer-party-2%2F|title:Back%20to%20Summer%20Party|&#8221; hover_custom_background=&#8221;#da0051&#8243;]La revue&#8230;[\/vc_hoverbox][\/vc_column][vc_column width=&#8221;1\/3&#8243;][vc_hoverbox image=&#8221;9121&#8243; primary_title=&#8221;Soci\u00e9t\u00e9 ferm\u00e9e&#8221; hover_title=&#8221;29.11.2019&#8243; hover_background_color=&#8221;custom&#8221; hover_btn_title=&#8221;Revue&#8221; hover_add_button=&#8221;true&#8221; hover_custom_background=&#8221;#da0051&#8243; hover_btn_link=&#8221;url:https%3A%2F%2Fbeachin.ch%2Ffr%2Feventfabrique%2F|title:Beachparty|&#8221;]La revue&#8230;[\/vc_hoverbox][\/vc_column][vc_column width=&#8221;1\/3&#8243;][\/vc_column][\/vc_row][vc_row][vc_column][vc_separator][vc_column_text]Passez \u00e0&#8230;[\/vc_column_text][vc_btn title=&#8221;\u00bb Infrastructure&#8221; link=&#8221;url:https%3A%2F%2Fbeachin.ch%2Ffr%2Fevenements%2Finfrastructure%2F|title:Infrastructure&#8221; css=&#8221;.vc_custom_1755007202682{margin-right: 10px !important;}&#8221;][vc_btn title=&#8221;\u00bb Calendrier des \u00e9v\u00e9nements&#8221; link=&#8221;url:https%3A%2F%2Fbeachin.ch%2Ffr%2Fevents%2F|title:calendrier%20des%20%C3%A9v%C3%A9nements|&#8221;][vc_btn title=&#8221;\u00bb Shootings au BeachIN &#8221; link=&#8221;url:https%3A%2F%2Fbeachin.ch%2Ffr%2Fshootings%2F|title:shootings%20au%20BeachIN%20&#8243;][\/vc_column][\/vc_row]<\/p>\n<\/div>","protected":false},"excerpt":{"rendered":"<p>[vc_row][vc_column][vc_column_text] Impressions des \u00e9v\u00e9nements Le BeachIN est un lieu \u00e9v\u00e9nementiel avec une garantie d\u2019ambiance estivale. F\u00eates d\u2019anniversaire, \u00e9v\u00e9nements d\u2019entreprise, team building, beach parties, anniversaires d\u2019enfants, s\u00e9minaires, ateliers et bien plus encore \u2014 notre lieu est unique et modulable. Laisse-toi inspirer par un retour en images sur les \u00e9v\u00e9nements pass\u00e9s au BeachIN.[\/vc_column_text][\/vc_column][\/vc_row][vc_row][vc_column][vc_btn title=&#8221;Contacte-nous pour une offre <a class=\"more-link\" href=\"https:\/\/beachin.ch\/fr\/evenements\/archives-des-evenements\/\">weiterlesen&#8230;<\/a><\/p>\n","protected":false},"author":1,"featured_media":0,"parent":1216,"menu_order":0,"comment_status":"closed","ping_status":"closed","template":"","meta":{"footnotes":""},"yoast_head":"<!-- This site is optimized with the Yoast SEO plugin v14.4.1 - https:\/\/yoast.com\/wordpress\/plugins\/seo\/ -->\n<title>Impressions des \u00e9v\u00e9nements &ndash; BeachIN Sport, Bar &amp; Hotel<\/title>\n<meta name=\"robots\" content=\"index, follow\" \/>\n<meta name=\"googlebot\" content=\"index, follow, max-snippet:-1, max-image-preview:large, max-video-preview:-1\" \/>\n<meta name=\"bingbot\" content=\"index, follow, max-snippet:-1, max-image-preview:large, max-video-preview:-1\" \/>\n<link rel=\"canonical\" href=\"https:\/\/beachin.ch\/fr\/evenements\/archives-des-evenements\/\" \/>\n<meta property=\"og:locale\" content=\"fr_FR\" \/>\n<meta property=\"og:type\" content=\"article\" \/>\n<meta property=\"og:title\" content=\"Impressions des \u00e9v\u00e9nements &ndash; BeachIN Sport, Bar &amp; Hotel\" \/>\n<meta property=\"og:description\" content=\"[vc_row][vc_column][vc_column_text] Impressions des \u00e9v\u00e9nements Le BeachIN est un lieu \u00e9v\u00e9nementiel avec une garantie d\u2019ambiance estivale. F\u00eates d\u2019anniversaire, \u00e9v\u00e9nements d\u2019entreprise, team building, beach parties, anniversaires d\u2019enfants, s\u00e9minaires, ateliers et bien plus encore \u2014 notre lieu est unique et modulable. Laisse-toi inspirer par un retour en images sur les \u00e9v\u00e9nements pass\u00e9s au BeachIN.[\/vc_column_text][\/vc_column][\/vc_row][vc_row][vc_column][vc_btn title=&#8221;Contacte-nous pour une offre weiterlesen...\" \/>\n<meta property=\"og:url\" content=\"https:\/\/beachin.ch\/fr\/evenements\/archives-des-evenements\/\" \/>\n<meta property=\"og:site_name\" content=\"BeachIN Sport, Bar &amp; Hotel\" \/>\n<meta property=\"article:modified_time\" content=\"2025-08-12T14:04:46+00:00\" \/>\n<meta name=\"twitter:card\" content=\"summary_large_image\" \/>\n<script type=\"application\/ld+json\" class=\"yoast-schema-graph\">{\"@context\":\"https:\/\/schema.org\",\"@graph\":[{\"@type\":\"WebSite\",\"@id\":\"https:\/\/beachin.ch\/fr\/#website\",\"url\":\"https:\/\/beachin.ch\/fr\/\",\"name\":\"BeachIN Sport, Bar &amp; Hotel\",\"description\":\"Strandfeeling das ganze Jahr!\",\"potentialAction\":[{\"@type\":\"SearchAction\",\"target\":\"https:\/\/beachin.ch\/fr\/?s={search_term_string}\",\"query-input\":\"required name=search_term_string\"}],\"inLanguage\":\"fr-FR\"},{\"@type\":\"WebPage\",\"@id\":\"https:\/\/beachin.ch\/fr\/evenements\/archives-des-evenements\/#webpage\",\"url\":\"https:\/\/beachin.ch\/fr\/evenements\/archives-des-evenements\/\",\"name\":\"Impressions des \\u00e9v\\u00e9nements &ndash; BeachIN Sport, Bar &amp; Hotel\",\"isPartOf\":{\"@id\":\"https:\/\/beachin.ch\/fr\/#website\"},\"datePublished\":\"2020-01-21T13:50:56+00:00\",\"dateModified\":\"2025-08-12T14:04:46+00:00\",\"inLanguage\":\"fr-FR\",\"potentialAction\":[{\"@type\":\"ReadAction\",\"target\":[\"https:\/\/beachin.ch\/fr\/evenements\/archives-des-evenements\/\"]}]}]}<\/script>\n<!-- \/ Yoast SEO plugin. -->","_links":{"self":[{"href":"https:\/\/beachin.ch\/fr\/wp-json\/wp\/v2\/pages\/9767"}],"collection":[{"href":"https:\/\/beachin.ch\/fr\/wp-json\/wp\/v2\/pages"}],"about":[{"href":"https:\/\/beachin.ch\/fr\/wp-json\/wp\/v2\/types\/page"}],"author":[{"embeddable":true,"href":"https:\/\/beachin.ch\/fr\/wp-json\/wp\/v2\/users\/1"}],"replies":[{"embeddable":true,"href":"https:\/\/beachin.ch\/fr\/wp-json\/wp\/v2\/comments?post=9767"}],"version-history":[{"count":22,"href":"https:\/\/beachin.ch\/fr\/wp-json\/wp\/v2\/pages\/9767\/revisions"}],"predecessor-version":[{"id":30035,"href":"https:\/\/beachin.ch\/fr\/wp-json\/wp\/v2\/pages\/9767\/revisions\/30035"}],"up":[{"embeddable":true,"href":"https:\/\/beachin.ch\/fr\/wp-json\/wp\/v2\/pages\/1216"}],"wp:attachment":[{"href":"https:\/\/beachin.ch\/fr\/wp-json\/wp\/v2\/media?parent=9767"}],"curies":[{"name":"wp","href":"https:\/\/api.w.org\/{rel}","templated":true}]}}