{"id":9763,"date":"2020-01-21T14:33:40","date_gmt":"2020-01-21T13:33:40","guid":{"rendered":"https:\/\/beachin.ch\/fete-danniversaire-04-01-2020\/"},"modified":"2020-02-12T13:18:46","modified_gmt":"2020-02-12T12:18:46","slug":"fete-danniversaire-04-01-2020","status":"publish","type":"page","link":"https:\/\/beachin.ch\/fr\/evenements\/archives-des-evenements\/fete-danniversaire-04-01-2020\/","title":{"rendered":"F\u00eate d&#8217;anniversaire &#8211; 04.01.2020"},"content":{"rendered":"<div class=\"wpb-content-wrapper\"><p>[vc_row][vc_column][vc_column_text]<\/p>\n<h1>F\u00eate d&#8217;anniversaire le 04.01.2020<\/h1>\n<p><strong>45 personnes<\/strong><\/p>\n<p>Le 04.01.2020, Daniela et Simon ont f\u00eat\u00e9 leur anniversaire avec leur famille et leurs amis de 15 heures jusqu&#8217;aux premi\u00e8res heures du matin. Petit, fin et confortable avec des jeux, du divertissement, un ap\u00e9ritif, un buffet de barbecue et une f\u00eate sur la plage. Un grand merci \u00e0 tous les deux, en particulier pour l&#8217;aide rapide apport\u00e9e \u00e0 la construction et au d\u00e9mant\u00e8lement de l&#8217;infrastructure de l&#8217;\u00e9v\u00e9nement.<\/p>\n<p><strong>Feedback des clients :<\/strong><\/p>\n<p><em>Nous avons \u00e9t\u00e9 enti\u00e8rement satisfaits ! Merci beaucoup.<\/em>[\/vc_column_text][\/vc_column][\/vc_row][vc_row][vc_column][vc_media_grid grid_id=&#8221;vc_gid:1581505413916-89304321-db18-1&#8243; include=&#8221;9636,10460,10463&#8243;][\/vc_column][\/vc_row][vc_row][vc_column][vc_row_inner][vc_column_inner][vc_btn title=&#8221;Retour \u00e0 l&#8217;archive&#8221; link=&#8221;url:https%3A%2F%2Fbeachin.ch%2Ffr%2Fevenements%2Farchives-des-evenements%2F|title:Archives%20des%20%C3%A9v%C3%A9nements|&#8221;][vc_separator][vc_column_text]<\/p>\n<h3>Vous planifiez aussi un \u00e9v\u00e9nement ?<\/h3>\n<p>Nous nous ferons un plaisir de vous conseiller et de pr\u00e9parer votre offre individuelle et sans engagement.[\/vc_column_text][vc_btn title=&#8221;Demander une offre individuelle&#8221; link=&#8221;url:https%3A%2F%2Fbeachin.ch%2Ffr%2Fcontact%2F|title:Contact|&#8221;][vc_empty_space][\/vc_column_inner][\/vc_row_inner][\/vc_column][\/vc_row]<\/p>\n<\/div>","protected":false},"excerpt":{"rendered":"<p>[vc_row][vc_column][vc_column_text] F\u00eate d&#8217;anniversaire le 04.01.2020 45 personnes Le 04.01.2020, Daniela et Simon ont f\u00eat\u00e9 leur anniversaire avec leur famille et leurs amis de 15 heures jusqu&#8217;aux premi\u00e8res heures du matin. Petit, fin et confortable avec des jeux, du divertissement, un ap\u00e9ritif, un buffet de barbecue et une f\u00eate sur la plage. Un grand merci \u00e0 <a class=\"more-link\" href=\"https:\/\/beachin.ch\/fr\/evenements\/archives-des-evenements\/fete-danniversaire-04-01-2020\/\">weiterlesen&#8230;<\/a><\/p>\n","protected":false},"author":1,"featured_media":0,"parent":9767,"menu_order":0,"comment_status":"closed","ping_status":"closed","template":"","meta":{"footnotes":""},"yoast_head":"<!-- This site is optimized with the Yoast SEO plugin v14.4.1 - https:\/\/yoast.com\/wordpress\/plugins\/seo\/ -->\n<title>F\u00eate d&#039;anniversaire - 04.01.2020 &ndash; BeachIN Sport, Bar &amp; Hotel<\/title>\n<meta name=\"robots\" content=\"index, follow\" \/>\n<meta name=\"googlebot\" content=\"index, follow, max-snippet:-1, max-image-preview:large, max-video-preview:-1\" \/>\n<meta name=\"bingbot\" content=\"index, follow, max-snippet:-1, max-image-preview:large, max-video-preview:-1\" \/>\n<link rel=\"canonical\" href=\"https:\/\/beachin.ch\/fr\/evenements\/archives-des-evenements\/fete-danniversaire-04-01-2020\/\" \/>\n<meta property=\"og:locale\" content=\"fr_FR\" \/>\n<meta property=\"og:type\" content=\"article\" \/>\n<meta property=\"og:title\" content=\"F\u00eate d&#039;anniversaire - 04.01.2020 &ndash; BeachIN Sport, Bar &amp; Hotel\" \/>\n<meta property=\"og:description\" content=\"[vc_row][vc_column][vc_column_text] F\u00eate d&#8217;anniversaire le 04.01.2020 45 personnes Le 04.01.2020, Daniela et Simon ont f\u00eat\u00e9 leur anniversaire avec leur famille et leurs amis de 15 heures jusqu&#8217;aux premi\u00e8res heures du matin. Petit, fin et confortable avec des jeux, du divertissement, un ap\u00e9ritif, un buffet de barbecue et une f\u00eate sur la plage. Un grand merci \u00e0 weiterlesen...\" \/>\n<meta property=\"og:url\" content=\"https:\/\/beachin.ch\/fr\/evenements\/archives-des-evenements\/fete-danniversaire-04-01-2020\/\" \/>\n<meta property=\"og:site_name\" content=\"BeachIN Sport, Bar &amp; Hotel\" \/>\n<meta property=\"article:modified_time\" content=\"2020-02-12T12:18:46+00:00\" \/>\n<meta name=\"twitter:card\" content=\"summary_large_image\" \/>\n<script type=\"application\/ld+json\" class=\"yoast-schema-graph\">{\"@context\":\"https:\/\/schema.org\",\"@graph\":[{\"@type\":\"WebSite\",\"@id\":\"https:\/\/beachin.ch\/fr\/#website\",\"url\":\"https:\/\/beachin.ch\/fr\/\",\"name\":\"BeachIN Sport, Bar &amp; Hotel\",\"description\":\"Strandfeeling das ganze Jahr!\",\"potentialAction\":[{\"@type\":\"SearchAction\",\"target\":\"https:\/\/beachin.ch\/fr\/?s={search_term_string}\",\"query-input\":\"required name=search_term_string\"}],\"inLanguage\":\"fr-FR\"},{\"@type\":\"WebPage\",\"@id\":\"https:\/\/beachin.ch\/fr\/evenements\/archives-des-evenements\/fete-danniversaire-04-01-2020\/#webpage\",\"url\":\"https:\/\/beachin.ch\/fr\/evenements\/archives-des-evenements\/fete-danniversaire-04-01-2020\/\",\"name\":\"F\\u00eate d'anniversaire - 04.01.2020 &ndash; BeachIN Sport, Bar &amp; Hotel\",\"isPartOf\":{\"@id\":\"https:\/\/beachin.ch\/fr\/#website\"},\"datePublished\":\"2020-01-21T13:33:40+00:00\",\"dateModified\":\"2020-02-12T12:18:46+00:00\",\"inLanguage\":\"fr-FR\",\"potentialAction\":[{\"@type\":\"ReadAction\",\"target\":[\"https:\/\/beachin.ch\/fr\/evenements\/archives-des-evenements\/fete-danniversaire-04-01-2020\/\"]}]}]}<\/script>\n<!-- \/ Yoast SEO plugin. -->","_links":{"self":[{"href":"https:\/\/beachin.ch\/fr\/wp-json\/wp\/v2\/pages\/9763"}],"collection":[{"href":"https:\/\/beachin.ch\/fr\/wp-json\/wp\/v2\/pages"}],"about":[{"href":"https:\/\/beachin.ch\/fr\/wp-json\/wp\/v2\/types\/page"}],"author":[{"embeddable":true,"href":"https:\/\/beachin.ch\/fr\/wp-json\/wp\/v2\/users\/1"}],"replies":[{"embeddable":true,"href":"https:\/\/beachin.ch\/fr\/wp-json\/wp\/v2\/comments?post=9763"}],"version-history":[{"count":3,"href":"https:\/\/beachin.ch\/fr\/wp-json\/wp\/v2\/pages\/9763\/revisions"}],"predecessor-version":[{"id":10551,"href":"https:\/\/beachin.ch\/fr\/wp-json\/wp\/v2\/pages\/9763\/revisions\/10551"}],"up":[{"embeddable":true,"href":"https:\/\/beachin.ch\/fr\/wp-json\/wp\/v2\/pages\/9767"}],"wp:attachment":[{"href":"https:\/\/beachin.ch\/fr\/wp-json\/wp\/v2\/media?parent=9763"}],"curies":[{"name":"wp","href":"https:\/\/api.w.org\/{rel}","templated":true}]}}