{"id":9761,"date":"2020-01-21T14:30:10","date_gmt":"2020-01-21T13:30:10","guid":{"rendered":"https:\/\/beachin.ch\/soiree-du-personnel-wohnguet-taeuffelen\/"},"modified":"2020-02-12T12:06:04","modified_gmt":"2020-02-12T11:06:04","slug":"soiree-du-personnel-wohnguet-taeuffelen","status":"publish","type":"page","link":"https:\/\/beachin.ch\/fr\/evenements\/archives-des-evenements\/soiree-du-personnel-wohnguet-taeuffelen\/","title":{"rendered":"Soir\u00e9e du personnel"},"content":{"rendered":"<div class=\"wpb-content-wrapper\"><p>[vc_row][vc_column][vc_column_text]<\/p>\n<h1>Soir\u00e9e du personnel 16.01.2020<\/h1>\n<h4>96 personnes<\/h4>\n<p>Le jeudi 16.01.2020, une soir\u00e9e du personnel a eu lieu au BeachIN. 96 personnes ont pass\u00e9 une agr\u00e9able soir\u00e9e \u00e0 la plage avec des jeux, du plaisir, de la bonne nourriture et une f\u00eate avec un concert de demande. Un grand merci \u00e0 la direction et \u00e0 toute l&#8217;\u00e9quipe pour la r\u00e9servation et les excellents commentaires. L&#8217;ambiance \u00e9tait g\u00e9niale et c&#8217;\u00e9tait un \u00e9v\u00e9nement m\u00e9ga cool pour nous en tant qu&#8217;organisateurs.<\/p>\n<p>&nbsp;<\/p>\n<p><strong>Feedback directeur g\u00e9n\u00e9ral :<\/strong><\/p>\n<p><em>Cher Mike, nous aimerions te remercier encore une fois, ainsi que ton \u00e9quipe, pour cette grande soir\u00e9e ! Les r\u00e9actions ont \u00e9t\u00e9 TRES positives ! Nous sommes tr\u00e8s fatigu\u00e9s aujourd&#8217;hui, mais heureux d&#8217;\u00eatre au travail ! Meilleures salutations et \u00e0 une prochaine fois<\/em><\/p>\n<p>&nbsp;[\/vc_column_text][\/vc_column][\/vc_row][vc_row][vc_column][vc_media_grid grid_id=&#8221;vc_gid:1581504976184-f79f33a9-56f0-2&#8243; include=&#8221;9604,9599,9607&#8243;][\/vc_column][\/vc_row]<\/p>\n<\/div>","protected":false},"excerpt":{"rendered":"<p>[vc_row][vc_column][vc_column_text] Soir\u00e9e du personnel 16.01.2020 96 personnes Le jeudi 16.01.2020, une soir\u00e9e du personnel a eu lieu au BeachIN. 96 personnes ont pass\u00e9 une agr\u00e9able soir\u00e9e \u00e0 la plage avec des jeux, du plaisir, de la bonne nourriture et une f\u00eate avec un concert de demande. Un grand merci \u00e0 la direction et \u00e0 toute <a class=\"more-link\" href=\"https:\/\/beachin.ch\/fr\/evenements\/archives-des-evenements\/soiree-du-personnel-wohnguet-taeuffelen\/\">weiterlesen&#8230;<\/a><\/p>\n","protected":false},"author":1,"featured_media":0,"parent":9767,"menu_order":0,"comment_status":"closed","ping_status":"closed","template":"","meta":{"footnotes":""},"yoast_head":"<!-- This site is optimized with the Yoast SEO plugin v14.4.1 - https:\/\/yoast.com\/wordpress\/plugins\/seo\/ -->\n<title>Soir\u00e9e du personnel &ndash; BeachIN Sport, Bar &amp; Hotel<\/title>\n<meta name=\"robots\" content=\"index, follow\" \/>\n<meta name=\"googlebot\" content=\"index, follow, max-snippet:-1, max-image-preview:large, max-video-preview:-1\" \/>\n<meta name=\"bingbot\" content=\"index, follow, max-snippet:-1, max-image-preview:large, max-video-preview:-1\" \/>\n<link rel=\"canonical\" href=\"https:\/\/beachin.ch\/fr\/evenements\/archives-des-evenements\/soiree-du-personnel-wohnguet-taeuffelen\/\" \/>\n<meta property=\"og:locale\" content=\"fr_FR\" \/>\n<meta property=\"og:type\" content=\"article\" \/>\n<meta property=\"og:title\" content=\"Soir\u00e9e du personnel &ndash; BeachIN Sport, Bar &amp; Hotel\" \/>\n<meta property=\"og:description\" content=\"[vc_row][vc_column][vc_column_text] Soir\u00e9e du personnel 16.01.2020 96 personnes Le jeudi 16.01.2020, une soir\u00e9e du personnel a eu lieu au BeachIN. 96 personnes ont pass\u00e9 une agr\u00e9able soir\u00e9e \u00e0 la plage avec des jeux, du plaisir, de la bonne nourriture et une f\u00eate avec un concert de demande. Un grand merci \u00e0 la direction et \u00e0 toute weiterlesen...\" \/>\n<meta property=\"og:url\" content=\"https:\/\/beachin.ch\/fr\/evenements\/archives-des-evenements\/soiree-du-personnel-wohnguet-taeuffelen\/\" \/>\n<meta property=\"og:site_name\" content=\"BeachIN Sport, Bar &amp; Hotel\" \/>\n<meta property=\"article:modified_time\" content=\"2020-02-12T11:06:04+00:00\" \/>\n<meta name=\"twitter:card\" content=\"summary_large_image\" \/>\n<script type=\"application\/ld+json\" class=\"yoast-schema-graph\">{\"@context\":\"https:\/\/schema.org\",\"@graph\":[{\"@type\":\"WebSite\",\"@id\":\"https:\/\/beachin.ch\/fr\/#website\",\"url\":\"https:\/\/beachin.ch\/fr\/\",\"name\":\"BeachIN Sport, Bar &amp; Hotel\",\"description\":\"Strandfeeling das ganze Jahr!\",\"potentialAction\":[{\"@type\":\"SearchAction\",\"target\":\"https:\/\/beachin.ch\/fr\/?s={search_term_string}\",\"query-input\":\"required name=search_term_string\"}],\"inLanguage\":\"fr-FR\"},{\"@type\":\"WebPage\",\"@id\":\"https:\/\/beachin.ch\/fr\/evenements\/archives-des-evenements\/soiree-du-personnel-wohnguet-taeuffelen\/#webpage\",\"url\":\"https:\/\/beachin.ch\/fr\/evenements\/archives-des-evenements\/soiree-du-personnel-wohnguet-taeuffelen\/\",\"name\":\"Soir\\u00e9e du personnel &ndash; BeachIN Sport, Bar &amp; Hotel\",\"isPartOf\":{\"@id\":\"https:\/\/beachin.ch\/fr\/#website\"},\"datePublished\":\"2020-01-21T13:30:10+00:00\",\"dateModified\":\"2020-02-12T11:06:04+00:00\",\"inLanguage\":\"fr-FR\",\"potentialAction\":[{\"@type\":\"ReadAction\",\"target\":[\"https:\/\/beachin.ch\/fr\/evenements\/archives-des-evenements\/soiree-du-personnel-wohnguet-taeuffelen\/\"]}]}]}<\/script>\n<!-- \/ Yoast SEO plugin. -->","_links":{"self":[{"href":"https:\/\/beachin.ch\/fr\/wp-json\/wp\/v2\/pages\/9761"}],"collection":[{"href":"https:\/\/beachin.ch\/fr\/wp-json\/wp\/v2\/pages"}],"about":[{"href":"https:\/\/beachin.ch\/fr\/wp-json\/wp\/v2\/types\/page"}],"author":[{"embeddable":true,"href":"https:\/\/beachin.ch\/fr\/wp-json\/wp\/v2\/users\/1"}],"replies":[{"embeddable":true,"href":"https:\/\/beachin.ch\/fr\/wp-json\/wp\/v2\/comments?post=9761"}],"version-history":[{"count":7,"href":"https:\/\/beachin.ch\/fr\/wp-json\/wp\/v2\/pages\/9761\/revisions"}],"predecessor-version":[{"id":10547,"href":"https:\/\/beachin.ch\/fr\/wp-json\/wp\/v2\/pages\/9761\/revisions\/10547"}],"up":[{"embeddable":true,"href":"https:\/\/beachin.ch\/fr\/wp-json\/wp\/v2\/pages\/9767"}],"wp:attachment":[{"href":"https:\/\/beachin.ch\/fr\/wp-json\/wp\/v2\/media?parent=9761"}],"curies":[{"name":"wp","href":"https:\/\/api.w.org\/{rel}","templated":true}]}}