{"id":9213,"date":"2019-12-23T14:07:42","date_gmt":"2019-12-23T13:07:42","guid":{"rendered":"https:\/\/beachin.ch\/fete-du-nouvel-an-a-la-plage\/"},"modified":"2023-01-03T16:16:43","modified_gmt":"2023-01-03T15:16:43","slug":"silvester-im-sand","status":"publish","type":"page","link":"https:\/\/beachin.ch\/fr\/evenements\/silvester-im-sand\/","title":{"rendered":"Silvester \u2013 Beachfun 31.12.2022"},"content":{"rendered":"<div class=\"wpb-content-wrapper\"><p>[vc_row][vc_column][vc_column_text][\/vc_column_text][vc_empty_space][vc_column_text]<\/p>\n<h1>Nouvel An-Beachfun le 31.12.2022<\/h1>\n<p>Un groupe restreint mais illustre et mixte d&#8217;environ 50 personnes s&#8217;est gliss\u00e9 confortablement et avec contentement \u00e0 travers le sable de BeachIN en 2023. C&#8217;\u00e9tait confortable, amusant et tout sauf ennuyeux. Merci \u00e0 tous ceux qui ont c\u00e9l\u00e9br\u00e9 le Nouvel An avec nous!<\/p>\n<div style=\"width: 780px;\" class=\"wp-video\"><!--[if lt IE 9]><script>document.createElement('video');<\/script><![endif]-->\n<video class=\"wp-video-shortcode\" id=\"video-9213-1\" width=\"780\" height=\"439\" preload=\"metadata\" controls=\"controls\"><source type=\"video\/mp4\" src=\"https:\/\/beachin.ch\/wp-content\/uploads\/2023\/01\/silvesterbeachfun_video.mp4?_=1\" \/><a href=\"https:\/\/beachin.ch\/wp-content\/uploads\/2023\/01\/silvesterbeachfun_video.mp4\">https:\/\/beachin.ch\/wp-content\/uploads\/2023\/01\/silvesterbeachfun_video.mp4<\/a><\/video><\/div>\n<p>[\/vc_column_text][\/vc_column][\/vc_row][vc_row][vc_column][\/vc_column][\/vc_row]<\/p>\n<\/div>","protected":false},"excerpt":{"rendered":"<p>[vc_row][vc_column][vc_column_text][\/vc_column_text][vc_empty_space][vc_column_text] Nouvel An-Beachfun le 31.12.2022 Un groupe restreint mais illustre et mixte d&#8217;environ 50 personnes s&#8217;est gliss\u00e9 confortablement et avec contentement \u00e0 travers le sable de BeachIN en 2023. C&#8217;\u00e9tait confortable, amusant et tout sauf ennuyeux. Merci \u00e0 tous ceux qui ont c\u00e9l\u00e9br\u00e9 le Nouvel An avec nous! [\/vc_column_text][\/vc_column][\/vc_row][vc_row][vc_column][\/vc_column][\/vc_row]<\/p>\n","protected":false},"author":1,"featured_media":0,"parent":1216,"menu_order":0,"comment_status":"closed","ping_status":"closed","template":"","meta":{"footnotes":""},"yoast_head":"<!-- This site is optimized with the Yoast SEO plugin v14.4.1 - https:\/\/yoast.com\/wordpress\/plugins\/seo\/ -->\n<title>Silvester \u2013 Beachfun 31.12.2022 &ndash; BeachIN Sport, Bar &amp; Hotel<\/title>\n<meta name=\"robots\" content=\"index, follow\" \/>\n<meta name=\"googlebot\" content=\"index, follow, max-snippet:-1, max-image-preview:large, max-video-preview:-1\" \/>\n<meta name=\"bingbot\" content=\"index, follow, max-snippet:-1, max-image-preview:large, max-video-preview:-1\" \/>\n<link rel=\"canonical\" href=\"https:\/\/beachin.ch\/fr\/evenements\/silvester-im-sand\/\" \/>\n<meta property=\"og:locale\" content=\"fr_FR\" \/>\n<meta property=\"og:type\" content=\"article\" \/>\n<meta property=\"og:title\" content=\"Silvester \u2013 Beachfun 31.12.2022 &ndash; BeachIN Sport, Bar &amp; Hotel\" \/>\n<meta property=\"og:description\" content=\"[vc_row][vc_column][vc_column_text][\/vc_column_text][vc_empty_space][vc_column_text] Nouvel An-Beachfun le 31.12.2022 Un groupe restreint mais illustre et mixte d&#8217;environ 50 personnes s&#8217;est gliss\u00e9 confortablement et avec contentement \u00e0 travers le sable de BeachIN en 2023. C&#8217;\u00e9tait confortable, amusant et tout sauf ennuyeux. Merci \u00e0 tous ceux qui ont c\u00e9l\u00e9br\u00e9 le Nouvel An avec nous! [\/vc_column_text][\/vc_column][\/vc_row][vc_row][vc_column][\/vc_column][\/vc_row]\" \/>\n<meta property=\"og:url\" content=\"https:\/\/beachin.ch\/fr\/evenements\/silvester-im-sand\/\" \/>\n<meta property=\"og:site_name\" content=\"BeachIN Sport, Bar &amp; Hotel\" \/>\n<meta property=\"article:modified_time\" content=\"2023-01-03T15:16:43+00:00\" \/>\n<meta name=\"twitter:card\" content=\"summary_large_image\" \/>\n<script type=\"application\/ld+json\" class=\"yoast-schema-graph\">{\"@context\":\"https:\/\/schema.org\",\"@graph\":[{\"@type\":\"WebSite\",\"@id\":\"https:\/\/beachin.ch\/fr\/#website\",\"url\":\"https:\/\/beachin.ch\/fr\/\",\"name\":\"BeachIN Sport, Bar &amp; Hotel\",\"description\":\"Strandfeeling das ganze Jahr!\",\"potentialAction\":[{\"@type\":\"SearchAction\",\"target\":\"https:\/\/beachin.ch\/fr\/?s={search_term_string}\",\"query-input\":\"required name=search_term_string\"}],\"inLanguage\":\"fr-FR\"},{\"@type\":\"WebPage\",\"@id\":\"https:\/\/beachin.ch\/fr\/evenements\/silvester-im-sand\/#webpage\",\"url\":\"https:\/\/beachin.ch\/fr\/evenements\/silvester-im-sand\/\",\"name\":\"Silvester \\u2013 Beachfun 31.12.2022 &ndash; BeachIN Sport, Bar &amp; Hotel\",\"isPartOf\":{\"@id\":\"https:\/\/beachin.ch\/fr\/#website\"},\"datePublished\":\"2019-12-23T13:07:42+00:00\",\"dateModified\":\"2023-01-03T15:16:43+00:00\",\"inLanguage\":\"fr-FR\",\"potentialAction\":[{\"@type\":\"ReadAction\",\"target\":[\"https:\/\/beachin.ch\/fr\/evenements\/silvester-im-sand\/\"]}]}]}<\/script>\n<!-- \/ Yoast SEO plugin. -->","_links":{"self":[{"href":"https:\/\/beachin.ch\/fr\/wp-json\/wp\/v2\/pages\/9213"}],"collection":[{"href":"https:\/\/beachin.ch\/fr\/wp-json\/wp\/v2\/pages"}],"about":[{"href":"https:\/\/beachin.ch\/fr\/wp-json\/wp\/v2\/types\/page"}],"author":[{"embeddable":true,"href":"https:\/\/beachin.ch\/fr\/wp-json\/wp\/v2\/users\/1"}],"replies":[{"embeddable":true,"href":"https:\/\/beachin.ch\/fr\/wp-json\/wp\/v2\/comments?post=9213"}],"version-history":[{"count":27,"href":"https:\/\/beachin.ch\/fr\/wp-json\/wp\/v2\/pages\/9213\/revisions"}],"predecessor-version":[{"id":20804,"href":"https:\/\/beachin.ch\/fr\/wp-json\/wp\/v2\/pages\/9213\/revisions\/20804"}],"up":[{"embeddable":true,"href":"https:\/\/beachin.ch\/fr\/wp-json\/wp\/v2\/pages\/1216"}],"wp:attachment":[{"href":"https:\/\/beachin.ch\/fr\/wp-json\/wp\/v2\/media?parent=9213"}],"curies":[{"name":"wp","href":"https:\/\/api.w.org\/{rel}","templated":true}]}}