{"id":9091,"date":"2019-12-13T18:11:44","date_gmt":"2019-12-13T17:11:44","guid":{"rendered":"https:\/\/beachin.ch\/family-day\/"},"modified":"2019-12-24T17:13:52","modified_gmt":"2019-12-24T16:13:52","slug":"family-day","status":"publish","type":"page","link":"https:\/\/beachin.ch\/fr\/family-day\/","title":{"rendered":"Family Day"},"content":{"rendered":"<div class=\"wpb-content-wrapper\"><p>[vc_row][vc_column][vc_column_text]<\/p>\n<h1>Family Day, 09.00 &#8211; 18.00 h<\/h1>\n<p>Le 27 d\u00e9cembre 2019 notre plage de BeachIN sera r\u00e9serv\u00e9 exclusivement de 09.00 jusqu&#8217;\u00e0 18.00 h pour des familles &#8211; <strong>L&#8217;entr\u00e9e est gratuit! <\/strong>Tous les grand-parents, les tantes, les oncles, des autres apparent\u00e9s ou des amis seront aussi bienvenus. Les enfants doivent \u00eatre accompagn\u00e9 d&#8217;un adult au moins.<\/p>\n<p>Apr\u00e9s la p\u00e9riode de No\u00ebl chacun et chacune a besoin d&#8217;un peu de mouvement et du jeu. Et pour ceux qui veulent seulement observer il y a des boissons rafra\u00eechissant et des snacks d\u00e9licieux dans le bar!<\/p>\n<p>Passez une journ\u00e9e plain des jeux et de plaisir au beau millieu de l&#8217;hiver \u00e0 la plage de Ins:<\/p>\n<ul>\n<li>Mikado g\u00e9ant<\/li>\n<li>Chasse au tr\u00e9sor<\/li>\n<li>Boccia<\/li>\n<li>Volley de plage<\/li>\n<li>Football de plage<\/li>\n<li>G\u00e9ant table de sable<\/li>\n<li>et beaucoup plus&#8230;<\/li>\n<\/ul>\n<p>Vous aurez seulement besoin de bonne humeur et une tenue estivale. Pas d&#8217;inscription n\u00e9cessaire.<\/p>\n<p>Nous nous r\u00e9jouissons d&#8217;une journ\u00e9 vari\u00e9e et divertissant avec vous!<\/p>\n<p>[\/vc_column_text][\/vc_column][\/vc_row][vc_row][vc_column width=&#8221;1\/6&#8243;][\/vc_column][vc_column width=&#8221;4\/6&#8243;][vc_images_carousel images=&#8221;6418,6421,6424,6427&#8243; img_size=&#8221;780&#215;570&#8243; autoplay=&#8221;yes&#8221; wrap=&#8221;yes&#8221;][\/vc_column][vc_column width=&#8221;1\/6&#8243;][\/vc_column][\/vc_row][vc_column][vc_empty_space][\/vc_column][vc_row][vc_column][vc_empty_space][\/vc_column][\/vc_row]<\/p>\n<\/div>","protected":false},"excerpt":{"rendered":"<p>[vc_row][vc_column][vc_column_text] Family Day, 09.00 &#8211; 18.00 h Le 27 d\u00e9cembre 2019 notre plage de BeachIN sera r\u00e9serv\u00e9 exclusivement de 09.00 jusqu&#8217;\u00e0 18.00 h pour des familles &#8211; L&#8217;entr\u00e9e est gratuit! Tous les grand-parents, les tantes, les oncles, des autres apparent\u00e9s ou des amis seront aussi bienvenus. Les enfants doivent \u00eatre accompagn\u00e9 d&#8217;un adult au moins. <a class=\"more-link\" href=\"https:\/\/beachin.ch\/fr\/family-day\/\">weiterlesen&#8230;<\/a><\/p>\n","protected":false},"author":1,"featured_media":0,"parent":0,"menu_order":0,"comment_status":"closed","ping_status":"closed","template":"","meta":{"footnotes":""},"yoast_head":"<!-- This site is optimized with the Yoast SEO plugin v14.4.1 - https:\/\/yoast.com\/wordpress\/plugins\/seo\/ -->\n<title>Family Day &ndash; BeachIN Sport, Bar &amp; Hotel<\/title>\n<meta name=\"robots\" content=\"index, follow\" \/>\n<meta name=\"googlebot\" content=\"index, follow, max-snippet:-1, max-image-preview:large, max-video-preview:-1\" \/>\n<meta name=\"bingbot\" content=\"index, follow, max-snippet:-1, max-image-preview:large, max-video-preview:-1\" \/>\n<link rel=\"canonical\" href=\"https:\/\/beachin.ch\/fr\/family-day\/\" \/>\n<meta property=\"og:locale\" content=\"fr_FR\" \/>\n<meta property=\"og:type\" content=\"article\" \/>\n<meta property=\"og:title\" content=\"Family Day &ndash; BeachIN Sport, Bar &amp; Hotel\" \/>\n<meta property=\"og:description\" content=\"[vc_row][vc_column][vc_column_text] Family Day, 09.00 &#8211; 18.00 h Le 27 d\u00e9cembre 2019 notre plage de BeachIN sera r\u00e9serv\u00e9 exclusivement de 09.00 jusqu&#8217;\u00e0 18.00 h pour des familles &#8211; L&#8217;entr\u00e9e est gratuit! Tous les grand-parents, les tantes, les oncles, des autres apparent\u00e9s ou des amis seront aussi bienvenus. Les enfants doivent \u00eatre accompagn\u00e9 d&#8217;un adult au moins. weiterlesen...\" \/>\n<meta property=\"og:url\" content=\"https:\/\/beachin.ch\/fr\/family-day\/\" \/>\n<meta property=\"og:site_name\" content=\"BeachIN Sport, Bar &amp; Hotel\" \/>\n<meta property=\"article:modified_time\" content=\"2019-12-24T16:13:52+00:00\" \/>\n<meta name=\"twitter:card\" content=\"summary_large_image\" \/>\n<script type=\"application\/ld+json\" class=\"yoast-schema-graph\">{\"@context\":\"https:\/\/schema.org\",\"@graph\":[{\"@type\":\"WebSite\",\"@id\":\"https:\/\/beachin.ch\/fr\/#website\",\"url\":\"https:\/\/beachin.ch\/fr\/\",\"name\":\"BeachIN Sport, Bar &amp; Hotel\",\"description\":\"Strandfeeling das ganze Jahr!\",\"potentialAction\":[{\"@type\":\"SearchAction\",\"target\":\"https:\/\/beachin.ch\/fr\/?s={search_term_string}\",\"query-input\":\"required name=search_term_string\"}],\"inLanguage\":\"fr-FR\"},{\"@type\":\"WebPage\",\"@id\":\"https:\/\/beachin.ch\/fr\/family-day\/#webpage\",\"url\":\"https:\/\/beachin.ch\/fr\/family-day\/\",\"name\":\"Family Day &ndash; BeachIN Sport, Bar &amp; Hotel\",\"isPartOf\":{\"@id\":\"https:\/\/beachin.ch\/fr\/#website\"},\"datePublished\":\"2019-12-13T17:11:44+00:00\",\"dateModified\":\"2019-12-24T16:13:52+00:00\",\"inLanguage\":\"fr-FR\",\"potentialAction\":[{\"@type\":\"ReadAction\",\"target\":[\"https:\/\/beachin.ch\/fr\/family-day\/\"]}]}]}<\/script>\n<!-- \/ Yoast SEO plugin. -->","_links":{"self":[{"href":"https:\/\/beachin.ch\/fr\/wp-json\/wp\/v2\/pages\/9091"}],"collection":[{"href":"https:\/\/beachin.ch\/fr\/wp-json\/wp\/v2\/pages"}],"about":[{"href":"https:\/\/beachin.ch\/fr\/wp-json\/wp\/v2\/types\/page"}],"author":[{"embeddable":true,"href":"https:\/\/beachin.ch\/fr\/wp-json\/wp\/v2\/users\/1"}],"replies":[{"embeddable":true,"href":"https:\/\/beachin.ch\/fr\/wp-json\/wp\/v2\/comments?post=9091"}],"version-history":[{"count":2,"href":"https:\/\/beachin.ch\/fr\/wp-json\/wp\/v2\/pages\/9091\/revisions"}],"predecessor-version":[{"id":9268,"href":"https:\/\/beachin.ch\/fr\/wp-json\/wp\/v2\/pages\/9091\/revisions\/9268"}],"wp:attachment":[{"href":"https:\/\/beachin.ch\/fr\/wp-json\/wp\/v2\/media?parent=9091"}],"curies":[{"name":"wp","href":"https:\/\/api.w.org\/{rel}","templated":true}]}}