{"id":8866,"date":"2019-12-03T11:45:40","date_gmt":"2019-12-03T10:45:40","guid":{"rendered":"https:\/\/beachin.ch\/bon-cadeau\/"},"modified":"2019-12-03T11:53:06","modified_gmt":"2019-12-03T10:53:06","slug":"bon-cadeau","status":"publish","type":"page","link":"https:\/\/beachin.ch\/fr\/bon-cadeau\/","title":{"rendered":"Bons-cadeaux"},"content":{"rendered":"<div class=\"wpb-content-wrapper\"><p>[vc_row][vc_column][vc_column_text]Est-ce que tu cherches encore un cadeau de No\u00ebl? Tu le trouveras chez nous! Les bons-cadeaux de BeachIN peuvent \u00eatre utilis\u00e9s pour l&#8217;h\u00f4tel, le loyer des terrains, dans le bar ou m\u00eame pour un \u00e9v\u00e9nement.<\/p>\n<p>Tu peux maintenant commander ton bon-cadeau en ligne.[\/vc_column_text]<div class=\"woocommerce columns-4 \"><ul class=\"products columns-4\">\n<li class=\"tm-no-options product type-product post-8415 status-publish first instock product_cat-merchandise-fr has-post-thumbnail purchasable product-type-pw-gift-card\">\n\t<div class=\"vc_btn3-container\"><a href=\"https:\/\/beachin.ch\/fr\/produkt\/bon-cadeau\/\" class=\"vc_general vc_btn3 vc_btn3-size-md vc_btn3-shape-rounded vc_btn3-style-modern vc_btn3-color-grey\">\u00bb Details<\/a><\/div><a href=\"https:\/\/beachin.ch\/fr\/produkt\/bon-cadeau\/\" rel=\"nofollow\" data-product_id=\"8415\" data-product_sku=\"\" class=\"button add_to_cart_button product_type_pw-gift-card\">S\u00e9lectionnez le montant<\/a><\/li>\n<\/ul>\n<\/div>[\/vc_column][\/vc_row]<\/p>\n<\/div>","protected":false},"excerpt":{"rendered":"<p>[vc_row][vc_column][vc_column_text]Est-ce que tu cherches encore un cadeau de No\u00ebl? Tu le trouveras chez nous! Les bons-cadeaux de BeachIN peuvent \u00eatre utilis\u00e9s pour l&#8217;h\u00f4tel, le loyer des terrains, dans le bar ou m\u00eame pour un \u00e9v\u00e9nement. Tu peux maintenant commander ton bon-cadeau en ligne.[\/vc_column_text][\/vc_column][\/vc_row]<\/p>\n","protected":false},"author":1,"featured_media":0,"parent":0,"menu_order":0,"comment_status":"closed","ping_status":"closed","template":"","meta":{"footnotes":""},"yoast_head":"<!-- This site is optimized with the Yoast SEO plugin v14.4.1 - https:\/\/yoast.com\/wordpress\/plugins\/seo\/ -->\n<title>Bons-cadeaux &ndash; BeachIN Sport, Bar &amp; Hotel<\/title>\n<meta name=\"robots\" content=\"index, follow\" \/>\n<meta name=\"googlebot\" content=\"index, follow, max-snippet:-1, max-image-preview:large, max-video-preview:-1\" \/>\n<meta name=\"bingbot\" content=\"index, follow, max-snippet:-1, max-image-preview:large, max-video-preview:-1\" \/>\n<link rel=\"canonical\" href=\"https:\/\/beachin.ch\/fr\/bon-cadeau\/\" \/>\n<meta property=\"og:locale\" content=\"fr_FR\" \/>\n<meta property=\"og:type\" content=\"article\" \/>\n<meta property=\"og:title\" content=\"Bons-cadeaux &ndash; BeachIN Sport, Bar &amp; Hotel\" \/>\n<meta property=\"og:description\" content=\"[vc_row][vc_column][vc_column_text]Est-ce que tu cherches encore un cadeau de No\u00ebl? Tu le trouveras chez nous! Les bons-cadeaux de BeachIN peuvent \u00eatre utilis\u00e9s pour l&#8217;h\u00f4tel, le loyer des terrains, dans le bar ou m\u00eame pour un \u00e9v\u00e9nement. Tu peux maintenant commander ton bon-cadeau en ligne.[\/vc_column_text][\/vc_column][\/vc_row]\" \/>\n<meta property=\"og:url\" content=\"https:\/\/beachin.ch\/fr\/bon-cadeau\/\" \/>\n<meta property=\"og:site_name\" content=\"BeachIN Sport, Bar &amp; Hotel\" \/>\n<meta property=\"article:modified_time\" content=\"2019-12-03T10:53:06+00:00\" \/>\n<meta name=\"twitter:card\" content=\"summary_large_image\" \/>\n<script type=\"application\/ld+json\" class=\"yoast-schema-graph\">{\"@context\":\"https:\/\/schema.org\",\"@graph\":[{\"@type\":\"WebSite\",\"@id\":\"https:\/\/beachin.ch\/fr\/#website\",\"url\":\"https:\/\/beachin.ch\/fr\/\",\"name\":\"BeachIN Sport, Bar &amp; Hotel\",\"description\":\"Strandfeeling das ganze Jahr!\",\"potentialAction\":[{\"@type\":\"SearchAction\",\"target\":\"https:\/\/beachin.ch\/fr\/?s={search_term_string}\",\"query-input\":\"required name=search_term_string\"}],\"inLanguage\":\"fr-FR\"},{\"@type\":\"WebPage\",\"@id\":\"https:\/\/beachin.ch\/fr\/bon-cadeau\/#webpage\",\"url\":\"https:\/\/beachin.ch\/fr\/bon-cadeau\/\",\"name\":\"Bons-cadeaux &ndash; BeachIN Sport, Bar &amp; Hotel\",\"isPartOf\":{\"@id\":\"https:\/\/beachin.ch\/fr\/#website\"},\"datePublished\":\"2019-12-03T10:45:40+00:00\",\"dateModified\":\"2019-12-03T10:53:06+00:00\",\"inLanguage\":\"fr-FR\",\"potentialAction\":[{\"@type\":\"ReadAction\",\"target\":[\"https:\/\/beachin.ch\/fr\/bon-cadeau\/\"]}]}]}<\/script>\n<!-- \/ Yoast SEO plugin. -->","_links":{"self":[{"href":"https:\/\/beachin.ch\/fr\/wp-json\/wp\/v2\/pages\/8866"}],"collection":[{"href":"https:\/\/beachin.ch\/fr\/wp-json\/wp\/v2\/pages"}],"about":[{"href":"https:\/\/beachin.ch\/fr\/wp-json\/wp\/v2\/types\/page"}],"author":[{"embeddable":true,"href":"https:\/\/beachin.ch\/fr\/wp-json\/wp\/v2\/users\/1"}],"replies":[{"embeddable":true,"href":"https:\/\/beachin.ch\/fr\/wp-json\/wp\/v2\/comments?post=8866"}],"version-history":[{"count":6,"href":"https:\/\/beachin.ch\/fr\/wp-json\/wp\/v2\/pages\/8866\/revisions"}],"predecessor-version":[{"id":8872,"href":"https:\/\/beachin.ch\/fr\/wp-json\/wp\/v2\/pages\/8866\/revisions\/8872"}],"wp:attachment":[{"href":"https:\/\/beachin.ch\/fr\/wp-json\/wp\/v2\/media?parent=8866"}],"curies":[{"name":"wp","href":"https:\/\/api.w.org\/{rel}","templated":true}]}}