{"id":8073,"date":"2019-11-14T12:05:10","date_gmt":"2019-11-14T11:05:10","guid":{"rendered":"https:\/\/beachin.ch\/beach-bar\/infrastructure\/"},"modified":"2020-01-22T12:51:46","modified_gmt":"2020-01-22T11:51:46","slug":"infrastructure","status":"publish","type":"page","link":"https:\/\/beachin.ch\/fr\/beach-bar\/infrastructure\/","title":{"rendered":"Infrastructure"},"content":{"rendered":"<div class=\"wpb-content-wrapper\"><p>[vc_row][vc_column][vc_column_text]<\/p>\n<h1><\/h1>\n<h1>Infrastructure<\/h1>\n<p>Le bar de BeachIN est s\u00e9par\u00e9 de notre hall de plage avec une fa\u00e7ade en verre et a 40 places assises dans le bar sans sable et 15 places assises dans le bar du sable. Dans le bar et dans le bistro il y a une t\u00e9l\u00e9vision \u00e0 \u00e9cran plat et un syst\u00e8me audio qui peut se connecter par bluetooth. Le plan de table peut \u00eatre modifi\u00e9 suivant besoins.<\/p>\n<p>Le bar contient:<\/p>\n<ul>\n<li>une cafeti\u00e8re<\/li>\n<li>un lave-vaisselle<\/li>\n<li>un frigo<\/li>\n<li>un bar \u00e0 bi\u00e8re<\/li>\n<li>de la vaisselle pour environ 200 personnes (sur demande on peut organiser de la vaisselle suppl\u00e9mentaire)<\/li>\n<\/ul>\n<p>La cuisine contient:<\/p>\n<ul>\n<li>une saladettes<\/li>\n<li>deux frigos<\/li>\n<li>deux cong\u00e9lateurs<\/li>\n<li>deux friteuses (une troisi\u00e8me peut \u00eatre ajout\u00e9 sur demande)<\/li>\n<li>un micro-ondes<\/li>\n<li>un autocuiseur<\/li>\n<li>un four \u00e9lectrique avec quatre plaques de cuisson<\/li>\n<li>\n<p class=\"bold\"><span class=\"ng-binding\">une lave-vaisselle de capot<\/span><\/p>\n<\/li>\n<\/ul>\n<p>Notre bar peut \u00eatre lou\u00e9e. Contacte-nous si tu as des questions ou si tu veux demander une offre.[\/vc_column_text][\/vc_column][\/vc_row]<\/p>\n<\/div>","protected":false},"excerpt":{"rendered":"<p>[vc_row][vc_column][vc_column_text] Infrastructure Le bar de BeachIN est s\u00e9par\u00e9 de notre hall de plage avec une fa\u00e7ade en verre et a 40 places assises dans le bar sans sable et 15 places assises dans le bar du sable. Dans le bar et dans le bistro il y a une t\u00e9l\u00e9vision \u00e0 \u00e9cran plat et un syst\u00e8me <a class=\"more-link\" href=\"https:\/\/beachin.ch\/fr\/beach-bar\/infrastructure\/\">weiterlesen&#8230;<\/a><\/p>\n","protected":false},"author":1,"featured_media":0,"parent":1258,"menu_order":0,"comment_status":"closed","ping_status":"closed","template":"","meta":{"footnotes":""},"yoast_head":"<!-- This site is optimized with the Yoast SEO plugin v14.4.1 - https:\/\/yoast.com\/wordpress\/plugins\/seo\/ -->\n<title>Infrastructure Beachbar &ndash; BeachIN Sport, Bar &amp; Hotel<\/title>\n<meta name=\"description\" content=\"Notre bar offre des diverses boissons et plats pour chacun et chacune!\" \/>\n<meta name=\"robots\" content=\"index, follow\" \/>\n<meta name=\"googlebot\" content=\"index, follow, max-snippet:-1, max-image-preview:large, max-video-preview:-1\" \/>\n<meta name=\"bingbot\" content=\"index, follow, max-snippet:-1, max-image-preview:large, max-video-preview:-1\" \/>\n<link rel=\"canonical\" href=\"https:\/\/beachin.ch\/fr\/beach-bar\/infrastructure\/\" \/>\n<meta property=\"og:locale\" content=\"fr_FR\" \/>\n<meta property=\"og:type\" content=\"article\" \/>\n<meta property=\"og:title\" content=\"Infrastructure Beachbar &ndash; BeachIN Sport, Bar &amp; Hotel\" \/>\n<meta property=\"og:description\" content=\"Notre bar offre des diverses boissons et plats pour chacun et chacune!\" \/>\n<meta property=\"og:url\" content=\"https:\/\/beachin.ch\/fr\/beach-bar\/infrastructure\/\" \/>\n<meta property=\"og:site_name\" content=\"BeachIN Sport, Bar &amp; Hotel\" \/>\n<meta property=\"article:modified_time\" content=\"2020-01-22T11:51:46+00:00\" \/>\n<meta name=\"twitter:card\" content=\"summary_large_image\" \/>\n<script type=\"application\/ld+json\" class=\"yoast-schema-graph\">{\"@context\":\"https:\/\/schema.org\",\"@graph\":[{\"@type\":\"WebSite\",\"@id\":\"https:\/\/beachin.ch\/fr\/#website\",\"url\":\"https:\/\/beachin.ch\/fr\/\",\"name\":\"BeachIN Sport, Bar &amp; Hotel\",\"description\":\"Strandfeeling das ganze Jahr!\",\"potentialAction\":[{\"@type\":\"SearchAction\",\"target\":\"https:\/\/beachin.ch\/fr\/?s={search_term_string}\",\"query-input\":\"required name=search_term_string\"}],\"inLanguage\":\"fr-FR\"},{\"@type\":\"WebPage\",\"@id\":\"https:\/\/beachin.ch\/fr\/beach-bar\/infrastructure\/#webpage\",\"url\":\"https:\/\/beachin.ch\/fr\/beach-bar\/infrastructure\/\",\"name\":\"Infrastructure Beachbar &ndash; BeachIN Sport, Bar &amp; Hotel\",\"isPartOf\":{\"@id\":\"https:\/\/beachin.ch\/fr\/#website\"},\"datePublished\":\"2019-11-14T11:05:10+00:00\",\"dateModified\":\"2020-01-22T11:51:46+00:00\",\"description\":\"Notre bar offre des diverses boissons et plats pour chacun et chacune!\",\"inLanguage\":\"fr-FR\",\"potentialAction\":[{\"@type\":\"ReadAction\",\"target\":[\"https:\/\/beachin.ch\/fr\/beach-bar\/infrastructure\/\"]}]}]}<\/script>\n<!-- \/ Yoast SEO plugin. -->","_links":{"self":[{"href":"https:\/\/beachin.ch\/fr\/wp-json\/wp\/v2\/pages\/8073"}],"collection":[{"href":"https:\/\/beachin.ch\/fr\/wp-json\/wp\/v2\/pages"}],"about":[{"href":"https:\/\/beachin.ch\/fr\/wp-json\/wp\/v2\/types\/page"}],"author":[{"embeddable":true,"href":"https:\/\/beachin.ch\/fr\/wp-json\/wp\/v2\/users\/1"}],"replies":[{"embeddable":true,"href":"https:\/\/beachin.ch\/fr\/wp-json\/wp\/v2\/comments?post=8073"}],"version-history":[{"count":2,"href":"https:\/\/beachin.ch\/fr\/wp-json\/wp\/v2\/pages\/8073\/revisions"}],"predecessor-version":[{"id":9815,"href":"https:\/\/beachin.ch\/fr\/wp-json\/wp\/v2\/pages\/8073\/revisions\/9815"}],"up":[{"embeddable":true,"href":"https:\/\/beachin.ch\/fr\/wp-json\/wp\/v2\/pages\/1258"}],"wp:attachment":[{"href":"https:\/\/beachin.ch\/fr\/wp-json\/wp\/v2\/media?parent=8073"}],"curies":[{"name":"wp","href":"https:\/\/api.w.org\/{rel}","templated":true}]}}