{"id":8070,"date":"2019-11-14T09:20:08","date_gmt":"2019-11-14T08:20:08","guid":{"rendered":"https:\/\/beachin.ch\/seminaire\/infrastructure\/"},"modified":"2021-06-16T12:24:48","modified_gmt":"2021-06-16T10:24:48","slug":"infrastructure","status":"publish","type":"page","link":"https:\/\/beachin.ch\/fr\/seminaire\/infrastructure\/","title":{"rendered":"Infrastructure"},"content":{"rendered":"<div class=\"wpb-content-wrapper\"><p>[vc_row][vc_column][vc_column_text]<\/p>\n<h1>Infrastructure<\/h1>\n<p>L&#8217;infrastructure de la salle de s\u00e9minaire de BeachIN a beaucoup \u00e0 offrir. Le grand tableau blanc (tableau interactif) combin\u00e9 avec le syst\u00e8me \u00abClickshare\u00bb (connexion de plusieurs ordinateurs), l&#8217;acc\u00e8s \u00e0 internet, le r\u00e9seau sans fil, le tableau \u00e0 feuilles, la lumi\u00e8res tamis\u00e9es et les volets roulant \u00e9lectriques, la cuisine \u00e9quip\u00e9 de la salle de s\u00e9minaire est tous ce qu&#8217;on a besoin pour une r\u00e9union r\u00e9ussie. Si d\u00e9sir\u00e9 une deuxi\u00e8me salle serait \u00e0 disposition. Il y a assez d&#8217;espace pour parquer devant le b\u00e2timent et si il fait beau temps on peut faire des petits pauses sur notre mobilier de jardin confortable dehors. Nous vous servons volontier avant, pendant ou apr\u00e8s le s\u00e9minaire.<\/p>\n<p>Nombre des personnes &#8211; configuration concert: max. 32<br \/>\nNombre des personnes &#8211; configuration s\u00e9minaire (rang\u00e9e de table): max. 24<br \/>\nNombre des personnes &#8211; configuration conf\u00e9rence (une grande table): max. 24[\/vc_column_text][vc_btn title=&#8221;R\u00e9server la salle de s\u00e9minaire&#8221; link=&#8221;url:https%3A%2F%2Fbeachin.ch%2Ffr%2Fseminaire%2Freserver-une-salle-de-seminaire%2F|title:R%C3%A9server%20la%20salle%20de%20s%C3%A9minaire|&#8221;][vc_images_carousel images=&#8221;6649,6652,6655&#8243; img_size=&#8221;700X470&#8243; wrap=&#8221;yes&#8221;][vc_row_inner][vc_column_inner][vc_column_text]Plus d&#8217;informations:<br \/>\n<a href=\"https:\/\/beachin.ch\/fr\/seminaire\/reserver-une-salle-de-seminaire\/\">R\u00e9server en ligne<\/a><br \/>\n<a href=\"https:\/\/beachin.ch\/fr\/seminaire\/tarifs\/\">Tarifs<\/a>[\/vc_column_text][\/vc_column_inner][\/vc_row_inner][\/vc_column][\/vc_row]<\/p>\n<\/div>","protected":false},"excerpt":{"rendered":"<p>[vc_row][vc_column][vc_column_text] Infrastructure L&#8217;infrastructure de la salle de s\u00e9minaire de BeachIN a beaucoup \u00e0 offrir. Le grand tableau blanc (tableau interactif) combin\u00e9 avec le syst\u00e8me \u00abClickshare\u00bb (connexion de plusieurs ordinateurs), l&#8217;acc\u00e8s \u00e0 internet, le r\u00e9seau sans fil, le tableau \u00e0 feuilles, la lumi\u00e8res tamis\u00e9es et les volets roulant \u00e9lectriques, la cuisine \u00e9quip\u00e9 de la salle de <a class=\"more-link\" href=\"https:\/\/beachin.ch\/fr\/seminaire\/infrastructure\/\">weiterlesen&#8230;<\/a><\/p>\n","protected":false},"author":1,"featured_media":0,"parent":1223,"menu_order":0,"comment_status":"closed","ping_status":"closed","template":"","meta":{"footnotes":""},"yoast_head":"<!-- This site is optimized with the Yoast SEO plugin v14.4.1 - https:\/\/yoast.com\/wordpress\/plugins\/seo\/ -->\n<title>Moderner Seminarraum &ndash; BeachIN Sport, Bar &amp; Hotel<\/title>\n<meta name=\"description\" content=\"Loue notre salle de s\u00e9minaire lumineuse pour des r\u00e9unions, des conf\u00e9rences et des meetings. La salle offre un \u00e9cran interactif, Clickshare, une cuisine et beaucoup des extras.\" \/>\n<meta name=\"robots\" content=\"index, follow\" \/>\n<meta name=\"googlebot\" content=\"index, follow, max-snippet:-1, max-image-preview:large, max-video-preview:-1\" \/>\n<meta name=\"bingbot\" content=\"index, follow, max-snippet:-1, max-image-preview:large, max-video-preview:-1\" \/>\n<link rel=\"canonical\" href=\"https:\/\/beachin.ch\/fr\/seminaire\/infrastructure\/\" \/>\n<meta property=\"og:locale\" content=\"fr_FR\" \/>\n<meta property=\"og:type\" content=\"article\" \/>\n<meta property=\"og:title\" content=\"Moderner Seminarraum &ndash; BeachIN Sport, Bar &amp; Hotel\" \/>\n<meta property=\"og:description\" content=\"Loue notre salle de s\u00e9minaire lumineuse pour des r\u00e9unions, des conf\u00e9rences et des meetings. La salle offre un \u00e9cran interactif, Clickshare, une cuisine et beaucoup des extras.\" \/>\n<meta property=\"og:url\" content=\"https:\/\/beachin.ch\/fr\/seminaire\/infrastructure\/\" \/>\n<meta property=\"og:site_name\" content=\"BeachIN Sport, Bar &amp; Hotel\" \/>\n<meta property=\"article:modified_time\" content=\"2021-06-16T10:24:48+00:00\" \/>\n<meta name=\"twitter:card\" content=\"summary_large_image\" \/>\n<script type=\"application\/ld+json\" class=\"yoast-schema-graph\">{\"@context\":\"https:\/\/schema.org\",\"@graph\":[{\"@type\":\"WebSite\",\"@id\":\"https:\/\/beachin.ch\/fr\/#website\",\"url\":\"https:\/\/beachin.ch\/fr\/\",\"name\":\"BeachIN Sport, Bar &amp; Hotel\",\"description\":\"Strandfeeling das ganze Jahr!\",\"potentialAction\":[{\"@type\":\"SearchAction\",\"target\":\"https:\/\/beachin.ch\/fr\/?s={search_term_string}\",\"query-input\":\"required name=search_term_string\"}],\"inLanguage\":\"fr-FR\"},{\"@type\":\"WebPage\",\"@id\":\"https:\/\/beachin.ch\/fr\/seminaire\/infrastructure\/#webpage\",\"url\":\"https:\/\/beachin.ch\/fr\/seminaire\/infrastructure\/\",\"name\":\"Moderner Seminarraum &ndash; BeachIN Sport, Bar &amp; Hotel\",\"isPartOf\":{\"@id\":\"https:\/\/beachin.ch\/fr\/#website\"},\"datePublished\":\"2019-11-14T08:20:08+00:00\",\"dateModified\":\"2021-06-16T10:24:48+00:00\",\"description\":\"Loue notre salle de s\\u00e9minaire lumineuse pour des r\\u00e9unions, des conf\\u00e9rences et des meetings. La salle offre un \\u00e9cran interactif, Clickshare, une cuisine et beaucoup des extras.\",\"inLanguage\":\"fr-FR\",\"potentialAction\":[{\"@type\":\"ReadAction\",\"target\":[\"https:\/\/beachin.ch\/fr\/seminaire\/infrastructure\/\"]}]}]}<\/script>\n<!-- \/ Yoast SEO plugin. -->","_links":{"self":[{"href":"https:\/\/beachin.ch\/fr\/wp-json\/wp\/v2\/pages\/8070"}],"collection":[{"href":"https:\/\/beachin.ch\/fr\/wp-json\/wp\/v2\/pages"}],"about":[{"href":"https:\/\/beachin.ch\/fr\/wp-json\/wp\/v2\/types\/page"}],"author":[{"embeddable":true,"href":"https:\/\/beachin.ch\/fr\/wp-json\/wp\/v2\/users\/1"}],"replies":[{"embeddable":true,"href":"https:\/\/beachin.ch\/fr\/wp-json\/wp\/v2\/comments?post=8070"}],"version-history":[{"count":1,"href":"https:\/\/beachin.ch\/fr\/wp-json\/wp\/v2\/pages\/8070\/revisions"}],"predecessor-version":[{"id":8071,"href":"https:\/\/beachin.ch\/fr\/wp-json\/wp\/v2\/pages\/8070\/revisions\/8071"}],"up":[{"embeddable":true,"href":"https:\/\/beachin.ch\/fr\/wp-json\/wp\/v2\/pages\/1223"}],"wp:attachment":[{"href":"https:\/\/beachin.ch\/fr\/wp-json\/wp\/v2\/media?parent=8070"}],"curies":[{"name":"wp","href":"https:\/\/api.w.org\/{rel}","templated":true}]}}