{"id":8066,"date":"2019-11-13T18:06:28","date_gmt":"2019-11-13T17:06:28","guid":{"rendered":"https:\/\/beachin.ch\/hotel\/informations-dhotel\/"},"modified":"2021-12-23T14:06:39","modified_gmt":"2021-12-23T13:06:39","slug":"informations-dhotel","status":"publish","type":"page","link":"https:\/\/beachin.ch\/fr\/hotel\/informations-dhotel\/","title":{"rendered":"Informations d&#8217;h\u00f4tel"},"content":{"rendered":"<div class=\"wpb-content-wrapper\"><p>[vc_row][vc_column][vc_column_text]<\/p>\n<h2>Toutes les informations d&#8217;h\u00f4tel r\u00e9sum\u00e9 de A \u00e0 Z<\/h2>\n<h2><a href=\"#a\">A<\/a> <a href=\"#b\">B<\/a> <a href=\"#c\">C<\/a> <a href=\"#f\">F<\/a> <a href=\"#g\">G<\/a> <a href=\"#h\">H<\/a><a href=\"#i\"> I<\/a> <a href=\"#k\">K<\/a><a href=\"#l\"> L<\/a> <a href=\"#m\">M<\/a> <a href=\"#p\">P<\/a> <a href=\"#r\">R<\/a> <a href=\"#s\">S<\/a> <a href=\"#t\">T<\/a> <a href=\"#w\">W<\/a> <a href=\"#x\">X<\/a> <a href=\"#y\">Y<\/a> <a href=\"#z\">Z<\/a><\/h2>\n<p>&nbsp;<\/p>\n<h1 id=\"a\">A<\/h1>\n<p><strong>Allergies<\/strong><br \/>\nSi tu as des allergies, fais-nous savoir aussi t\u00f4t que possible, ainsi que nous pouvons adapter ton petit d\u00e9jeuner individuellement. Lors des allergies inconnus, nous ne pouvons pas garantir d&#8217;avoir les aliments correspondants en stock.<\/p>\n<p><strong>Adresse<\/strong><br \/>\nBeachIN GmbH<br \/>\nR\u00e4mismatte 7<br \/>\n3232 Ins<\/p>\n<p><strong>Ascenseur\u00a0<\/strong><br \/>\nIl n&#8217;y a bas d&#8217;ascenseur dans le b\u00e2timent. Les chambres de l&#8217;h\u00f4tel sont au deuxi\u00e8me \u00e9tage et sont facilement accessible par les escaliers.<\/p>\n<p><strong>Animaux domestiques<\/strong><br \/>\nDes animaux domestiques sont interdit dans dans tout le b\u00e2timent. La direction h\u00f4teli\u00e8re peut toutefois autoriser des exceptions.<\/p>\n<h1 id=\"b\">B<\/h1>\n<p><strong>Bons<\/strong><br \/>\nNous ferions volontiers des bons \u00e0 tes go\u00fbts individuelles.<\/p>\n<p><strong>Caf\u00e9 et th\u00e9<\/strong><br \/>\nAu couloir il se trouve une cafeti\u00e8re et une bouilloire qui sont \u00e0 la libre disposition pour tous les clients d&#8217;h\u00f4tel.<\/p>\n<p><strong>Charger les E-Cars<\/strong><br \/>\nDes v\u00e9hicules \u00e9lectriques peuvent \u00eatre charg\u00e9s chez nous sur demande.<\/p>\n<p><strong>Check in (arriv\u00e9e)<\/strong><br \/>\nLes chambres sont pr\u00eats \u00e0 partir de 12.00 h.<\/p>\n<p><strong>Check out (d\u00e9part)<\/strong><br \/>\nLe check out est \u00e0 10.00 h.<\/p>\n<p><strong>Conditions d&#8217;annulation<\/strong><br \/>\nDes r\u00e9servations qui sont annul\u00e9es jusqu&#8217;\u00e0 7 jours avant l&#8217;arriv\u00e9e sont gratuites. Apr\u00e8s cette date limite, le prix de la premi\u00e8re nuit sera mis en compensation.<\/p>\n<h1>D<\/h1>\n<p><strong>D\u00e9jeuner<\/strong><br \/>\nNotre bar est ferm\u00e9 \u00e0 midi, mais dans un rayon de 5km il y a beaucoup des restaurants diff\u00e9rents.<\/p>\n<p><strong>Familles<\/strong><br \/>\nL&#8217; appartement \u00abAngaga\u00bb et le studio \u00abSoneva\u00bb est adapt\u00e9 parfaitement pour des familles. Le beau Seeland vert invite \u00e0 beaucoup des activit\u00e9s en famille.<\/p>\n<p><strong>Fitness<\/strong><br \/>\nUn <a href=\"http:\/\/insgym.ch\/fr\/home-fr\/\" target=\"_blank\" rel=\"noopener noreferrer\">centre fitness<\/a> (l&#8217;utilisation n&#8217;est pas inclue) se trouve environ 50 m\u00e8tres \u00e0 c\u00f4t\u00e9 de l&#8217;h\u00f4tel BeachIN.<\/p>\n<p><strong>Fumer<\/strong><br \/>\nIl est interdit de fumer dans tout le b\u00e2timent.<\/p>\n<p><strong>Golf<\/strong><br \/>\n<a href=\"https:\/\/www.swin-golf.ch\/index.php?id=23&amp;L=1\" target=\"_blank\" rel=\"noopener noreferrer\">Swin-Golf Tschugg:<\/a> \u00e0 environ 6 minutes en voiture, facilement accessible en transports publics. (Arr\u00eat: Tschugg, Post).<br \/>\n<a href=\"https:\/\/www.regionmurtensee.ch\/fr\/P6209\/minigolf-ag\" target=\"_blank\" rel=\"noopener noreferrer\">Mini-golf Morat:\u00a0<\/a>environ 10 minutes en voiture, facilement accessible par les transports publics (gare de Morat).<\/p>\n<h1 id=\"h\">H<\/h1>\n<p><strong>Hall du sable<\/strong><br \/>\nNotre hall peut \u00eatre r\u00e9serv\u00e9 n&#8217;importe quand. <a href=\"https:\/\/beachin.ch\/fr\/sport-de-plage\/onlinereservation-kleinfeld\/\" target=\"_blank\" rel=\"noopener noreferrer\">\u00bb Plus d&#8217;informations<\/a><\/p>\n<h1 id=\"i\">I<\/h1>\n<p><b>Infrastructure<\/b><br \/>\nNos chambres sont individuellement meubl\u00e9es dans un stil \u201cbeach\u201d et sont \u00e9quip\u00e9e d\u2019 un am\u00e9nagement int\u00e9rieur moderne (un grand t\u00e9l\u00e9, une salle de bain priv\u00e9e, une cl\u00e9 \u00e9lectronique, WLAN, une station de recharge USB, climatisation et ventilation, des stores \u00e9lectrique, un vestiaire\u2026).<br \/>\n<a href=\"https:\/\/beachin.ch\/fr\/hotel\/infrastructure\/\" target=\"_blank\" rel=\"noopener noreferrer\">\u00bb Plus d&#8217; informations<\/a><\/p>\n<p><strong>Internet<\/strong><br \/>\nLe WIFI dans tout le b\u00e2timent est un des plusieurs services gratuites inclus pour nos clients.<\/p>\n<h1 id=\"l\">L<\/h1>\n<p><strong>Lit d&#8217;enfant<\/strong><br \/>\nSi souhait\u00e9, nous installerons un lit d&#8217;enfant avec plaisi.<\/p>\n<h1><span style=\"font-family: 'Droid Sans', sans-serif; font-size: 30px;\">P<\/span><\/h1>\n<p><strong>Parking<\/strong><br \/>\nLe parking juste devant l&#8217;h\u00f4tel est gratuit pour tous les visiteurs.<\/p>\n<p><strong>Paiement\u00a0<\/strong><br \/>\nPaiement comptant, PayPal, Twint, Visa, VPay, Mastercard, Maestro, American Express, Discover, Diners Club ou Union Pay, aussi bien que des payements sans contacte NFC par Google Pay et Apple Pay sont accept\u00e9s. A l&#8217;exception de la carte Postale.<\/p>\n<p><strong>Petit d\u00e9jeuner <\/strong><br \/>\nPour CHF 12.&#8211; par personne nous servons volontier un grand petit-d\u00e9jeuner dans notre bar entre 7.00 h et 10.00 h du matin.<\/p>\n<p><strong>R\u00e9servations ou demandes de r\u00e9servation\u00a0<\/strong><br \/>\nNotre r\u00e9ception est disponible entre 7.00 h et 23.00 h pour des r\u00e9servations. Tu peux nous joindre par t\u00e9l\u00e9phone sur: +41 (0) 32 312 00 66. Par courriel nous attendons ta demande sur: sonne@beachin.ch. Tu peux aussi r\u00e9server des chambres vingt-quatre heures sur vingt-quatre <a href=\"https:\/\/beachin.ch\/fr\/reserver-une-chambre\/\" target=\"_blank\" rel=\"noopener noreferrer\">en ligne<\/a>.<\/p>\n<p><strong>R\u00e9seaux sociaux<\/strong><br \/>\nSuive-nous sur <a href=\"https:\/\/www.instagram.com\/beachin.ins\/\" target=\"_blank\" rel=\"noopener noreferrer\">Instagram<\/a>, <a href=\"https:\/\/www.facebook.com\/beachinins\/\" target=\"_blank\" rel=\"noopener noreferrer\">Facebook<\/a>, <a href=\"https:\/\/twitter.com\/BeachinE\" target=\"_blank\" rel=\"noopener noreferrer\">Twitter<\/a> ou abonnes-toi \u00e0 notre <a href=\"https:\/\/beachin.ch\/fr\/newsletter\/\" target=\"_blank\" rel=\"noopener noreferrer\">Newsletter<\/a>!<\/p>\n<p><strong>R\u00e9unions<\/strong><br \/>\nOrganise des r\u00e9unions dans notre <a href=\"https:\/\/beachin.ch\/fr\/seminaire\/\" target=\"_blank\" rel=\"noopener noreferrer\">salle s\u00e9minaire<\/a>!<\/p>\n<h1 id=\"s\">S<\/h1>\n<p><strong>Spa\u00a0<\/strong><br \/>\n<a href=\"https:\/\/beachin.ch\/fr\/spa\/\" target=\"_blank\" rel=\"noopener noreferrer\">Le spa<\/a> de BeachIN sera pr\u00eat prochainement. Nous sommes \u00e0 ta dispositions pour des r\u00e9servations ou des questions.<\/p>\n<p><strong>S\u00e9choir<\/strong><br \/>\nIl se trouve un s\u00e9choir dans chaque salle de bain.<\/p>\n<h1>W<\/h1>\n<p><strong>WIFI<\/strong><br \/>\nLe WIFI est gratuit. Chaque client recevra un code WIFI au check in.[\/vc_column_text][\/vc_column][\/vc_row][vc_row][vc_column][vc_column_text]<strong>Continuer&#8230;\u00a0<\/strong>[\/vc_column_text][vc_btn title=&#8221;\u00bb Nos chambres en r\u00e9sum\u00e9&#8221; link=&#8221;url:https%3A%2F%2Fbeachin.ch%2Ffr%2Fhotel%2Finfrastructure%2F|||&#8221; css=&#8221;.vc_custom_1640264783625{margin-right: 10px !important;}&#8221;][vc_btn title=&#8221;\u00bb R\u00e9server une chambre&#8221; link=&#8221;url:https%3A%2F%2Fbeachin.ch%2Ffr%2Freserver-une-chambre%2F|||&#8221; css=&#8221;.vc_custom_1640264790097{margin-right: 10px !important;}&#8221;][vc_btn title=&#8221;\u00bb Informations d&#8217;h\u00f4tel&#8221; link=&#8221;url:https%3A%2F%2Fbeachin.ch%2Ffr%2Fhotel%2Finformations-dhotel%2F|||&#8221; css=&#8221;.vc_custom_1640264796067{margin-right: 10px !important;}&#8221;][vc_btn title=&#8221;\u00bb Tarifs d&#8217;h\u00f4tel&#8221; link=&#8221;url:https%3A%2F%2Fbeachin.ch%2Ffr%2Fhotel%2Ftarifs%2F|||&#8221;][vc_empty_space][\/vc_column][\/vc_row]<\/p>\n<\/div>","protected":false},"excerpt":{"rendered":"<p>[vc_row][vc_column][vc_column_text] Toutes les informations d&#8217;h\u00f4tel r\u00e9sum\u00e9 de A \u00e0 Z A B C F G H I K L M P R S T W X Y Z &nbsp; A Allergies Si tu as des allergies, fais-nous savoir aussi t\u00f4t que possible, ainsi que nous pouvons adapter ton petit d\u00e9jeuner individuellement. Lors des allergies inconnus, <a class=\"more-link\" href=\"https:\/\/beachin.ch\/fr\/hotel\/informations-dhotel\/\">weiterlesen&#8230;<\/a><\/p>\n","protected":false},"author":1,"featured_media":0,"parent":1247,"menu_order":0,"comment_status":"closed","ping_status":"closed","template":"","meta":{"footnotes":""},"yoast_head":"<!-- This site is optimized with the Yoast SEO plugin v14.4.1 - https:\/\/yoast.com\/wordpress\/plugins\/seo\/ -->\n<title>Informations d&#039;h\u00f4tel &ndash; BeachIN Sport, Bar &amp; Hotel<\/title>\n<meta name=\"description\" content=\"Voici tu trouves toutes les informations de A \u00e0 Z sur l&#039;h\u00f4tel BeachIN, l&#039;h\u00f4tel de plage unique au milieu du beau Seeland.\" \/>\n<meta name=\"robots\" content=\"index, follow\" \/>\n<meta name=\"googlebot\" content=\"index, follow, max-snippet:-1, max-image-preview:large, max-video-preview:-1\" \/>\n<meta name=\"bingbot\" content=\"index, follow, max-snippet:-1, max-image-preview:large, max-video-preview:-1\" \/>\n<link rel=\"canonical\" href=\"https:\/\/beachin.ch\/fr\/hotel\/informations-dhotel\/\" \/>\n<meta property=\"og:locale\" content=\"fr_FR\" \/>\n<meta property=\"og:type\" content=\"article\" \/>\n<meta property=\"og:title\" content=\"Informations d&#039;h\u00f4tel &ndash; BeachIN Sport, Bar &amp; Hotel\" \/>\n<meta property=\"og:description\" content=\"Voici tu trouves toutes les informations de A \u00e0 Z sur l&#039;h\u00f4tel BeachIN, l&#039;h\u00f4tel de plage unique au milieu du beau Seeland.\" \/>\n<meta property=\"og:url\" content=\"https:\/\/beachin.ch\/fr\/hotel\/informations-dhotel\/\" \/>\n<meta property=\"og:site_name\" content=\"BeachIN Sport, Bar &amp; Hotel\" \/>\n<meta property=\"article:modified_time\" content=\"2021-12-23T13:06:39+00:00\" \/>\n<meta name=\"twitter:card\" content=\"summary_large_image\" \/>\n<script type=\"application\/ld+json\" class=\"yoast-schema-graph\">{\"@context\":\"https:\/\/schema.org\",\"@graph\":[{\"@type\":\"WebSite\",\"@id\":\"https:\/\/beachin.ch\/fr\/#website\",\"url\":\"https:\/\/beachin.ch\/fr\/\",\"name\":\"BeachIN Sport, Bar &amp; Hotel\",\"description\":\"Strandfeeling das ganze Jahr!\",\"potentialAction\":[{\"@type\":\"SearchAction\",\"target\":\"https:\/\/beachin.ch\/fr\/?s={search_term_string}\",\"query-input\":\"required name=search_term_string\"}],\"inLanguage\":\"fr-FR\"},{\"@type\":\"WebPage\",\"@id\":\"https:\/\/beachin.ch\/fr\/hotel\/informations-dhotel\/#webpage\",\"url\":\"https:\/\/beachin.ch\/fr\/hotel\/informations-dhotel\/\",\"name\":\"Informations d'h\\u00f4tel &ndash; BeachIN Sport, Bar &amp; Hotel\",\"isPartOf\":{\"@id\":\"https:\/\/beachin.ch\/fr\/#website\"},\"datePublished\":\"2019-11-13T17:06:28+00:00\",\"dateModified\":\"2021-12-23T13:06:39+00:00\",\"description\":\"Voici tu trouves toutes les informations de A \\u00e0 Z sur l'h\\u00f4tel BeachIN, l'h\\u00f4tel de plage unique au milieu du beau Seeland.\",\"inLanguage\":\"fr-FR\",\"potentialAction\":[{\"@type\":\"ReadAction\",\"target\":[\"https:\/\/beachin.ch\/fr\/hotel\/informations-dhotel\/\"]}]}]}<\/script>\n<!-- \/ Yoast SEO plugin. -->","_links":{"self":[{"href":"https:\/\/beachin.ch\/fr\/wp-json\/wp\/v2\/pages\/8066"}],"collection":[{"href":"https:\/\/beachin.ch\/fr\/wp-json\/wp\/v2\/pages"}],"about":[{"href":"https:\/\/beachin.ch\/fr\/wp-json\/wp\/v2\/types\/page"}],"author":[{"embeddable":true,"href":"https:\/\/beachin.ch\/fr\/wp-json\/wp\/v2\/users\/1"}],"replies":[{"embeddable":true,"href":"https:\/\/beachin.ch\/fr\/wp-json\/wp\/v2\/comments?post=8066"}],"version-history":[{"count":6,"href":"https:\/\/beachin.ch\/fr\/wp-json\/wp\/v2\/pages\/8066\/revisions"}],"predecessor-version":[{"id":17629,"href":"https:\/\/beachin.ch\/fr\/wp-json\/wp\/v2\/pages\/8066\/revisions\/17629"}],"up":[{"embeddable":true,"href":"https:\/\/beachin.ch\/fr\/wp-json\/wp\/v2\/pages\/1247"}],"wp:attachment":[{"href":"https:\/\/beachin.ch\/fr\/wp-json\/wp\/v2\/media?parent=8066"}],"curies":[{"name":"wp","href":"https:\/\/api.w.org\/{rel}","templated":true}]}}