{"id":7982,"date":"2019-11-13T12:14:50","date_gmt":"2019-11-13T11:14:50","guid":{"rendered":"https:\/\/beachin.ch\/hotel\/infrastructure\/"},"modified":"2022-07-21T09:37:40","modified_gmt":"2022-07-21T07:37:40","slug":"infrastructure","status":"publish","type":"page","link":"https:\/\/beachin.ch\/fr\/hotel\/infrastructure\/","title":{"rendered":"Infrastructure"},"content":{"rendered":"<div class=\"wpb-content-wrapper\"><p>[vc_row][vc_column][vc_column_text]<\/p>\n<h1>Infrastructure<\/h1>\n<p>Nos chambres sont individuellement meubl\u00e9es dans un stil &#8220;beach&#8221; et sont \u00e9quip\u00e9e d&#8217; un am\u00e9nagement int\u00e9rieur moderne (un grand t\u00e9l\u00e9, une salle de bain priv\u00e9e, une cl\u00e9 \u00e9lectronique, WLAN, une station de recharge USB, climatisation et ventilation, des stores \u00e9lectrique, un vestiaire&#8230;). Chaque chambre est nomm\u00e9 d&#8217;apr\u00e8s des \u00eeles Maledives magnifiques et\u00a0 offre une tr\u00e8s belle vue sur le beau &#8220;Seeland&#8221;. L&#8217; h\u00f4tel BeachIN est petit mais remarquable et est situ\u00e9 centralement, mais n\u00e9anmoins dans un environnement calme et idyllique.<\/p>\n<h1><\/h1>\n<p>&nbsp;<\/p>\n<h1>Nos chambres en un coup d&#8217;oeil&#8230;<\/h1>\n<p>[\/vc_column_text][\/vc_column][\/vc_row][vc_row][vc_column width=&#8221;1\/3&#8243;][vc_hoverbox image=&#8221;3927&#8243; primary_title=&#8221;Chambre \u00abBandos\u00bb&#8221; hover_title=&#8221;Chambre \u00abBandos\u00bb&#8221; hover_background_color=&#8221;custom&#8221; hover_add_button=&#8221;true&#8221; hover_custom_background=&#8221;#235773&#8243; hover_btn_link=&#8221;url:https%3A%2F%2Fbeachin.ch%2Ffr%2Fhotel%2Fchambre-bandos%2F|&#8221;]\u00abBandos\u00bb est une \u00eele pittoresque dans l&#8217;Oc\u00e9an indien et fait partie des Maledives au l&#8217;atoll nord.<\/p>\n<p>&nbsp;<\/p>\n<p>[\/vc_hoverbox][\/vc_column][vc_column width=&#8221;1\/3&#8243;][vc_hoverbox image=&#8221;3970&#8243; primary_title=&#8221;Chambre \u00abEmbudu\u00bb&#8221; hover_title=&#8221;Chambre \u00abEmbudu\u00bb&#8221; hover_background_color=&#8221;custom&#8221; hover_add_button=&#8221;true&#8221; hover_custom_background=&#8221;#235773&#8243; hover_btn_link=&#8221;url:https%3A%2F%2Fbeachin.ch%2Ffr%2Fhotel%2Fhotel-chambre-embudu%2F|&#8221;]\u00abEmbudu\u00bb est une petite \u00eele paradisiaque au nord de l&#8217;atoll sud des Maledives.[\/vc_hoverbox][\/vc_column][vc_column width=&#8221;1\/3&#8243;][vc_hoverbox image=&#8221;4269&#8243; primary_title=&#8221;Chambre \u00abKuredu\u00bb&#8221; hover_title=&#8221;Chambre \u00abKuredu\u00bb&#8221; hover_background_color=&#8221;custom&#8221; hover_add_button=&#8221;true&#8221; hover_custom_background=&#8221;#235773&#8243; hover_btn_link=&#8221;url:https%3A%2F%2Fbeachin.ch%2Ffr%2Fhotel%2Fhotel-chambre-kuredu%2F|&#8221;]L&#8217;\u00eele \u00abKuredu\u00bb se trouve au nord de l&#8217;atoll \u00abLhaviyani\u00bb dans les Maledives et est renomm\u00e9e pour sa longue plage.[\/vc_hoverbox][\/vc_column][\/vc_row][vc_row][vc_column width=&#8221;1\/3&#8243;][vc_hoverbox image=&#8221;3980&#8243; primary_title=&#8221;Chambre \u00abNiyama\u00bb&#8221; hover_title=&#8221;Chambre \u00abNiyama\u00bb&#8221; hover_background_color=&#8221;custom&#8221; hover_add_button=&#8221;true&#8221; hover_custom_background=&#8221;#235773&#8243; hover_btn_link=&#8221;url:https%3A%2F%2Fbeachin.ch%2Ffr%2Fhotel%2Fchambre-niyama%2F|&#8221;]\u00abNiyama\u00bb est une \u00eele grande et un resort au sud-ouest de l&#8217;atoll \u00abDhaalu\u00bb dans les Maledives au l&#8217;Oc\u00e9an indien.[\/vc_hoverbox][\/vc_column][vc_column width=&#8221;1\/3&#8243;][vc_hoverbox image=&#8221;4183&#8243; primary_title=&#8221;Studio \u00abSoneva\u00bb&#8221; hover_title=&#8221;Studio \u00abSoneva\u00bb&#8221; hover_background_color=&#8221;custom&#8221; hover_add_button=&#8221;true&#8221; hover_custom_background=&#8221;#235773&#8243; hover_btn_link=&#8221;url:https%3A%2F%2Fbeachin.ch%2Ffr%2Fhotel%2Fhotel-studio-soneva%2F|&#8221;]L&#8217;\u00eele \u00abSoneva\u00bb se trouve au sud de l&#8217;atoll \u00abBaa\u00bb. Elle est surtout tr\u00e8s populaire pour des f\u00eates de mariage.[\/vc_hoverbox][\/vc_column][vc_column width=&#8221;1\/3&#8243;][vc_hoverbox image=&#8221;4165&#8243; primary_title=&#8221;Appartement \u00abAngaga\u00bb&#8221; hover_title=&#8221;Appartement \u00abAngaga\u00bb&#8221; hover_background_color=&#8221;custom&#8221; hover_add_button=&#8221;true&#8221; hover_custom_background=&#8221;#235773&#8243; hover_btn_link=&#8221;url:https%3A%2F%2Fbeachin.ch%2Ffr%2Fhotel%2F1-wohnung%2F|&#8221;]Le nom \u00abAngaga\u00bb vient d&#8217; une \u00eele plain des plages magnifiques dans l&#8217;atoll \u00abAri\u00bb dans les Maledives.[\/vc_hoverbox][\/vc_column][\/vc_row][vc_row][vc_column width=&#8221;1\/3&#8243;][vc_hoverbox image=&#8221;19389&#8243; primary_title=&#8221;Chambre \u00abAyada\u00bb&#8221; hover_title=&#8221;Chambre \u00abAyada\u00bb&#8221; hover_background_color=&#8221;custom&#8221; hover_add_button=&#8221;true&#8221; hover_custom_background=&#8221;#235773&#8243; hover_btn_link=&#8221;url:https%3A%2F%2Fbeachin.ch%2Ffr%2Fhotel%2Fchambre-ayada%2F|title:Chambre%20%C2%ABAyada%C2%BB&#8221;][\/vc_hoverbox][\/vc_column][vc_column width=&#8221;1\/3&#8243;][vc_hoverbox image=&#8221;19359&#8243; primary_title=&#8221;Chambre \u00abKurumba\u00bb&#8221; hover_title=&#8221;Chambre \u00abKurumba\u00bb&#8221; hover_background_color=&#8221;custom&#8221; hover_add_button=&#8221;true&#8221; hover_custom_background=&#8221;#235773&#8243; hover_btn_link=&#8221;url:https%3A%2F%2Fbeachin.ch%2Ffr%2Fhotel%2Fzimmer-kurumba%2F|title:Chambre%20%C2%ABAyada%C2%BB&#8221;]Chambre \u00e0 plusieurs lits jusqu&#8217;\u00e0 6 personnes[\/vc_hoverbox][\/vc_column][vc_column width=&#8221;1\/3&#8243;][vc_hoverbox image=&#8221;19365&#8243; primary_title=&#8221;Chambre \u00abMeeru\u00bb&#8221; hover_title=&#8221;Chambre \u00abMeeru\u00bb&#8221; hover_background_color=&#8221;custom&#8221; hover_add_button=&#8221;true&#8221; hover_custom_background=&#8221;#235773&#8243; hover_btn_link=&#8221;url:https%3A%2F%2Fbeachin.ch%2Ffr%2Fhotel%2Fzimmer-meeru%2F|title:Chambre%20%C2%ABAyada%C2%BB&#8221;]Chambre \u00e0 plusieurs lits jusqu&#8217;\u00e0 6 personnes[\/vc_hoverbox][\/vc_column][\/vc_row][vc_row][vc_column][vc_btn title=&#8221;\u00bb R\u00e9serve ta chambre!&#8221; link=&#8221;url:https%3A%2F%2Fbeachin.ch%2Ffr%2Freserver-une-chambre%2F|&#8221;][\/vc_column][\/vc_row][vc_row][vc_column width=&#8221;1\/12&#8243;][vc_gallery interval=&#8221;3&#8243; images=&#8221;7468&#8243; img_size=&#8221;102&#215;96&#8243;][\/vc_column][vc_column width=&#8221;11\/12&#8243;][vc_column_text]Nous sommes heureux d&#8217;avoir une note de 8.9 sur Booking.com. Le BeachIN est un des h\u00f4tels les mieux cot\u00e9s de la r\u00e9gion.[\/vc_column_text][\/vc_column][\/vc_row][vc_row][vc_column][vc_separator][vc_column_text]<strong>Plus d&#8217;informations&#8230;\u00a0<\/strong>[\/vc_column_text][vc_btn title=&#8221;\u00bb R\u00e9server une chambre&#8221; link=&#8221;url:https%3A%2F%2Fbeachin.ch%2Ffr%2Freserver-une-chambre%2F|&#8221; css=&#8221;.vc_custom_1640264884543{margin-right: 10px !important;}&#8221;][vc_btn title=&#8221;\u00bb Informations d&#8217;h\u00f4tel&#8221; link=&#8221;url:https%3A%2F%2Fbeachin.ch%2Ffr%2Fhotel%2Finformations-dhotel%2F|&#8221; css=&#8221;.vc_custom_1640264890754{margin-right: 10px !important;}&#8221;][vc_btn title=&#8221;\u00bb Tarifs d&#8217;h\u00f4tel&#8221; link=&#8221;url:https%3A%2F%2Fbeachin.ch%2Ffr%2Fhotel%2Ftarifs%2F|&#8221;][vc_empty_space][\/vc_column][\/vc_row]<\/p>\n<\/div>","protected":false},"excerpt":{"rendered":"<p>[vc_row][vc_column][vc_column_text] Infrastructure Nos chambres sont individuellement meubl\u00e9es dans un stil &#8220;beach&#8221; et sont \u00e9quip\u00e9e d&#8217; un am\u00e9nagement int\u00e9rieur moderne (un grand t\u00e9l\u00e9, une salle de bain priv\u00e9e, une cl\u00e9 \u00e9lectronique, WLAN, une station de recharge USB, climatisation et ventilation, des stores \u00e9lectrique, un vestiaire&#8230;). Chaque chambre est nomm\u00e9 d&#8217;apr\u00e8s des \u00eeles Maledives magnifiques et\u00a0 offre <a class=\"more-link\" href=\"https:\/\/beachin.ch\/fr\/hotel\/infrastructure\/\">weiterlesen&#8230;<\/a><\/p>\n","protected":false},"author":1,"featured_media":0,"parent":1247,"menu_order":0,"comment_status":"closed","ping_status":"closed","template":"","meta":{"footnotes":""},"yoast_head":"<!-- This site is optimized with the Yoast SEO plugin v14.4.1 - https:\/\/yoast.com\/wordpress\/plugins\/seo\/ -->\n<title>Infrastructure &ndash; BeachIN Sport, Bar &amp; Hotel<\/title>\n<meta name=\"robots\" content=\"index, follow\" \/>\n<meta name=\"googlebot\" content=\"index, follow, max-snippet:-1, max-image-preview:large, max-video-preview:-1\" \/>\n<meta name=\"bingbot\" content=\"index, follow, max-snippet:-1, max-image-preview:large, max-video-preview:-1\" \/>\n<link rel=\"canonical\" href=\"https:\/\/beachin.ch\/fr\/hotel\/infrastructure\/\" \/>\n<meta property=\"og:locale\" content=\"fr_FR\" \/>\n<meta property=\"og:type\" content=\"article\" \/>\n<meta property=\"og:title\" content=\"Infrastructure &ndash; BeachIN Sport, Bar &amp; Hotel\" \/>\n<meta property=\"og:description\" content=\"[vc_row][vc_column][vc_column_text] Infrastructure Nos chambres sont individuellement meubl\u00e9es dans un stil &#8220;beach&#8221; et sont \u00e9quip\u00e9e d&#8217; un am\u00e9nagement int\u00e9rieur moderne (un grand t\u00e9l\u00e9, une salle de bain priv\u00e9e, une cl\u00e9 \u00e9lectronique, WLAN, une station de recharge USB, climatisation et ventilation, des stores \u00e9lectrique, un vestiaire&#8230;). Chaque chambre est nomm\u00e9 d&#8217;apr\u00e8s des \u00eeles Maledives magnifiques et\u00a0 offre weiterlesen...\" \/>\n<meta property=\"og:url\" content=\"https:\/\/beachin.ch\/fr\/hotel\/infrastructure\/\" \/>\n<meta property=\"og:site_name\" content=\"BeachIN Sport, Bar &amp; Hotel\" \/>\n<meta property=\"article:modified_time\" content=\"2022-07-21T07:37:40+00:00\" \/>\n<meta name=\"twitter:card\" content=\"summary_large_image\" \/>\n<script type=\"application\/ld+json\" class=\"yoast-schema-graph\">{\"@context\":\"https:\/\/schema.org\",\"@graph\":[{\"@type\":\"WebSite\",\"@id\":\"https:\/\/beachin.ch\/fr\/#website\",\"url\":\"https:\/\/beachin.ch\/fr\/\",\"name\":\"BeachIN Sport, Bar &amp; Hotel\",\"description\":\"Strandfeeling das ganze Jahr!\",\"potentialAction\":[{\"@type\":\"SearchAction\",\"target\":\"https:\/\/beachin.ch\/fr\/?s={search_term_string}\",\"query-input\":\"required name=search_term_string\"}],\"inLanguage\":\"fr-FR\"},{\"@type\":\"WebPage\",\"@id\":\"https:\/\/beachin.ch\/fr\/hotel\/infrastructure\/#webpage\",\"url\":\"https:\/\/beachin.ch\/fr\/hotel\/infrastructure\/\",\"name\":\"Infrastructure &ndash; BeachIN Sport, Bar &amp; Hotel\",\"isPartOf\":{\"@id\":\"https:\/\/beachin.ch\/fr\/#website\"},\"datePublished\":\"2019-11-13T11:14:50+00:00\",\"dateModified\":\"2022-07-21T07:37:40+00:00\",\"inLanguage\":\"fr-FR\",\"potentialAction\":[{\"@type\":\"ReadAction\",\"target\":[\"https:\/\/beachin.ch\/fr\/hotel\/infrastructure\/\"]}]}]}<\/script>\n<!-- \/ Yoast SEO plugin. -->","_links":{"self":[{"href":"https:\/\/beachin.ch\/fr\/wp-json\/wp\/v2\/pages\/7982"}],"collection":[{"href":"https:\/\/beachin.ch\/fr\/wp-json\/wp\/v2\/pages"}],"about":[{"href":"https:\/\/beachin.ch\/fr\/wp-json\/wp\/v2\/types\/page"}],"author":[{"embeddable":true,"href":"https:\/\/beachin.ch\/fr\/wp-json\/wp\/v2\/users\/1"}],"replies":[{"embeddable":true,"href":"https:\/\/beachin.ch\/fr\/wp-json\/wp\/v2\/comments?post=7982"}],"version-history":[{"count":11,"href":"https:\/\/beachin.ch\/fr\/wp-json\/wp\/v2\/pages\/7982\/revisions"}],"predecessor-version":[{"id":19433,"href":"https:\/\/beachin.ch\/fr\/wp-json\/wp\/v2\/pages\/7982\/revisions\/19433"}],"up":[{"embeddable":true,"href":"https:\/\/beachin.ch\/fr\/wp-json\/wp\/v2\/pages\/1247"}],"wp:attachment":[{"href":"https:\/\/beachin.ch\/fr\/wp-json\/wp\/v2\/media?parent=7982"}],"curies":[{"name":"wp","href":"https:\/\/api.w.org\/{rel}","templated":true}]}}