{"id":7611,"date":"2019-11-08T15:11:24","date_gmt":"2019-11-08T14:11:24","guid":{"rendered":"https:\/\/beachin.ch\/sport-de-plage\/infrastructure\/"},"modified":"2019-11-12T14:41:24","modified_gmt":"2019-11-12T13:41:24","slug":"infrastructure","status":"publish","type":"page","link":"https:\/\/beachin.ch\/fr\/sport-de-plage\/infrastructure\/","title":{"rendered":"Infrastructure"},"content":{"rendered":"<div class=\"wpb-content-wrapper\"><p>[vc_row][vc_column][vc_column_text]<\/p>\n<h1>Infrastructure du BeachIN<\/h1>\n<p>Le hall de BeachIN est rempli de 500 tonnes du sable quartzeux sur 630 m\u00e8tres carr\u00e9s (23 m\u00e8tres sur 27 m\u00e8tres) surface et est capable de se transformer en plusieurs terrains pour plusieurs des sports de beach diff\u00e9rentes. Normalement deux terrains de sport (8 m\u00e8tres sur 16 m\u00e8tres) se trouvent sur le sable, mais des autres constellations (trois terrains, un terrains centr\u00e9 dans le hall ou toute le hall pour football de plage, tennis de plage, badminton de plage, volley au foot, handball de plage&#8230;) sont bien s\u00fbr aussi possible. En cas besoin, des ballons, des raquettes etc. sont disponibles. Les terrains peuvent \u00eatre lou\u00e9s 24 heures sur 24 et la dur\u00e9e minimale de location sont 90 minutes.<\/p>\n<p>Jette un oeil sur le hall dans notre <a href=\"https:\/\/beachin.ch\/fr\/webcam\/\">Live Stream.<\/a>[\/vc_column_text][vc_btn title=&#8221;R\u00e9serve terrain en ligne &#8221; align=&#8221;left&#8221; link=&#8221;url:https%3A%2F%2Fbeachin.ch%2Ffr%2Fsport-de-plage%2F|&#8221;][vc_column_text]Nous sommes \u00e0 ta compl\u00e8te disposition si tu as des questions ou si tu veux r\u00e9server par t\u00e9l\u00e9phone (lundi au samedi de 08.00 h jusqu&#8217;\u00e0 18.00 h: 032 312 00 66).[\/vc_column_text][vc_separator][vc_column_text]Plusieurs sports de plage (football de plage, handball de plage, badminton, beachfungames etc.) qui ont besoin de 3 terrains ou seulement de un terrain au lieu de 2 peuvent bien s\u00fbr aussi \u00eatre lou\u00e9 toujours mais ont aussi besoin d&#8217;une petit &#8220;phase de transformation&#8221; (environ 1 jusqu&#8217;\u00e0 2 heures). Des r\u00e9servations doivent donc \u00eatre fait au moins 72 heures avant le temps de la r\u00e9servation. Tu peux nous contacter en utilisant notre formulaire de contacte pour des &#8220;r\u00e9servations \u00e0 jouer&#8221; ou en nous appelant sur: 032 312 00 66.[\/vc_column_text][vc_btn title=&#8221;R\u00e9servation \u00e0 jouer&#8221; link=&#8221;url:%2F%3Fpage_id%3D1559|&#8221;][\/vc_column][\/vc_row]<\/p>\n<\/div>","protected":false},"excerpt":{"rendered":"<p>[vc_row][vc_column][vc_column_text] Infrastructure du BeachIN Le hall de BeachIN est rempli de 500 tonnes du sable quartzeux sur 630 m\u00e8tres carr\u00e9s (23 m\u00e8tres sur 27 m\u00e8tres) surface et est capable de se transformer en plusieurs terrains pour plusieurs des sports de beach diff\u00e9rentes. Normalement deux terrains de sport (8 m\u00e8tres sur 16 m\u00e8tres) se trouvent sur <a class=\"more-link\" href=\"https:\/\/beachin.ch\/fr\/sport-de-plage\/infrastructure\/\">weiterlesen&#8230;<\/a><\/p>\n","protected":false},"author":1,"featured_media":0,"parent":1229,"menu_order":0,"comment_status":"closed","ping_status":"closed","template":"","meta":{"footnotes":""},"yoast_head":"<!-- This site is optimized with the Yoast SEO plugin v14.4.1 - https:\/\/yoast.com\/wordpress\/plugins\/seo\/ -->\n<title>Infrastructure Beachhalle &ndash; BeachIN Sport, Bar &amp; Hotel<\/title>\n<meta name=\"description\" content=\"Jouer au volley de plage, au beach tennis et au football de plage par mauvais temps? Chez nous c&#039;est possible!\" \/>\n<meta name=\"robots\" content=\"index, follow\" \/>\n<meta name=\"googlebot\" content=\"index, follow, max-snippet:-1, max-image-preview:large, max-video-preview:-1\" \/>\n<meta name=\"bingbot\" content=\"index, follow, max-snippet:-1, max-image-preview:large, max-video-preview:-1\" \/>\n<link rel=\"canonical\" href=\"https:\/\/beachin.ch\/fr\/sport-de-plage\/infrastructure\/\" \/>\n<meta property=\"og:locale\" content=\"fr_FR\" \/>\n<meta property=\"og:type\" content=\"article\" \/>\n<meta property=\"og:title\" content=\"Infrastructure Beachhalle &ndash; BeachIN Sport, Bar &amp; Hotel\" \/>\n<meta property=\"og:description\" content=\"Jouer au volley de plage, au beach tennis et au football de plage par mauvais temps? Chez nous c&#039;est possible!\" \/>\n<meta property=\"og:url\" content=\"https:\/\/beachin.ch\/fr\/sport-de-plage\/infrastructure\/\" \/>\n<meta property=\"og:site_name\" content=\"BeachIN Sport, Bar &amp; Hotel\" \/>\n<meta property=\"article:modified_time\" content=\"2019-11-12T13:41:24+00:00\" \/>\n<meta name=\"twitter:card\" content=\"summary_large_image\" \/>\n<script type=\"application\/ld+json\" class=\"yoast-schema-graph\">{\"@context\":\"https:\/\/schema.org\",\"@graph\":[{\"@type\":\"WebSite\",\"@id\":\"https:\/\/beachin.ch\/fr\/#website\",\"url\":\"https:\/\/beachin.ch\/fr\/\",\"name\":\"BeachIN Sport, Bar &amp; Hotel\",\"description\":\"Strandfeeling das ganze Jahr!\",\"potentialAction\":[{\"@type\":\"SearchAction\",\"target\":\"https:\/\/beachin.ch\/fr\/?s={search_term_string}\",\"query-input\":\"required name=search_term_string\"}],\"inLanguage\":\"fr-FR\"},{\"@type\":\"WebPage\",\"@id\":\"https:\/\/beachin.ch\/fr\/sport-de-plage\/infrastructure\/#webpage\",\"url\":\"https:\/\/beachin.ch\/fr\/sport-de-plage\/infrastructure\/\",\"name\":\"Infrastructure Beachhalle &ndash; BeachIN Sport, Bar &amp; Hotel\",\"isPartOf\":{\"@id\":\"https:\/\/beachin.ch\/fr\/#website\"},\"datePublished\":\"2019-11-08T14:11:24+00:00\",\"dateModified\":\"2019-11-12T13:41:24+00:00\",\"description\":\"Jouer au volley de plage, au beach tennis et au football de plage par mauvais temps? Chez nous c'est possible!\",\"inLanguage\":\"fr-FR\",\"potentialAction\":[{\"@type\":\"ReadAction\",\"target\":[\"https:\/\/beachin.ch\/fr\/sport-de-plage\/infrastructure\/\"]}]}]}<\/script>\n<!-- \/ Yoast SEO plugin. -->","_links":{"self":[{"href":"https:\/\/beachin.ch\/fr\/wp-json\/wp\/v2\/pages\/7611"}],"collection":[{"href":"https:\/\/beachin.ch\/fr\/wp-json\/wp\/v2\/pages"}],"about":[{"href":"https:\/\/beachin.ch\/fr\/wp-json\/wp\/v2\/types\/page"}],"author":[{"embeddable":true,"href":"https:\/\/beachin.ch\/fr\/wp-json\/wp\/v2\/users\/1"}],"replies":[{"embeddable":true,"href":"https:\/\/beachin.ch\/fr\/wp-json\/wp\/v2\/comments?post=7611"}],"version-history":[{"count":1,"href":"https:\/\/beachin.ch\/fr\/wp-json\/wp\/v2\/pages\/7611\/revisions"}],"predecessor-version":[{"id":7612,"href":"https:\/\/beachin.ch\/fr\/wp-json\/wp\/v2\/pages\/7611\/revisions\/7612"}],"up":[{"embeddable":true,"href":"https:\/\/beachin.ch\/fr\/wp-json\/wp\/v2\/pages\/1229"}],"wp:attachment":[{"href":"https:\/\/beachin.ch\/fr\/wp-json\/wp\/v2\/media?parent=7611"}],"curies":[{"name":"wp","href":"https:\/\/api.w.org\/{rel}","templated":true}]}}