{"id":7594,"date":"2019-11-08T13:20:31","date_gmt":"2019-11-08T12:20:31","guid":{"rendered":"https:\/\/beachin.ch\/evenements\/infrastructure\/"},"modified":"2025-08-12T16:20:50","modified_gmt":"2025-08-12T14:20:50","slug":"infrastructure","status":"publish","type":"page","link":"https:\/\/beachin.ch\/fr\/evenements\/infrastructure\/","title":{"rendered":"Infrastructure"},"content":{"rendered":"<div class=\"wpb-content-wrapper\"><p>[vc_row][vc_column][vc_column_text css=&#8221;.vc_custom_1755007713205{margin-top: 10px !important;}&#8221;]<\/p>\n<h1>Infrastructure<\/h1>\n<p>L\u2019infrastructure du BeachIN est multifonctionnelle. La salle peut \u00eatre transform\u00e9e d\u2019une installation de sports de plage en un lieu \u00e9v\u00e9nementiel en un temps record. Diverses manifestations publiques ont r\u00e9guli\u00e8rement lieu au BeachIN. De plus, le BeachIN peut \u00e9galement \u00eatre lou\u00e9 pour des manifestations priv\u00e9es et\/ou d\u2019affaires.<\/p>\n<p>L\u2019infrastructure de base permet de sustenter copieusement et sans probl\u00e8me jusqu\u2019\u00e0 500 personnes. Surprends tes invit\u00e9s dans un endroit hors du commun, dans l\u2019ambiance particuli\u00e8re du BeachIN. Les possibilit\u00e9s sont illimit\u00e9es. Les \u00e9crans g\u00e9ants, l&#8217;\u00e9clairages de f\u00eate et l\u2019installation audio sont fermement install\u00e9s et sont librement disponible. Nous pr\u00e9parerons volontiers des lounges de beach confortable, des bars dans le sable, un DJ booth etc. pour ta f\u00eate parfait. Nous essayons de satisfaire tous tes souhaits pour cr\u00e9er une f\u00eate parfait pour toi![\/vc_column_text][\/vc_column][\/vc_row][vc_row][vc_column][vc_empty_space][vc_images_carousel images=&#8221;6107,6074,6077,6080,6083,6086,6089&#8243; img_size=&#8221;700&#215;467&#8243; autoplay=&#8221;yes&#8221; wrap=&#8221;yes&#8221;][vc_empty_space][vc_separator][vc_column_text]<strong>Continuer&#8230;\u00a0<\/strong>[\/vc_column_text][vc_row_inner][vc_column_inner][vc_btn title=&#8221;\u00bb Calendrier des \u00e9v\u00e9nements&#8221; link=&#8221;url:https%3A%2F%2Fbeachin.ch%2Ffr%2Fevenements%2Fcalendrier-des-evenements%2F|title:Calendrier%20des%20%C3%A9v%C3%A9nements&#8221; css=&#8221;.vc_custom_1755008099894{margin-right: 10px !important;}&#8221;][vc_btn title=&#8221;\u00bb Impressions des \u00e9v\u00e9nements&#8221; link=&#8221;url:https%3A%2F%2Fbeachin.ch%2Ffr%2Fevenements%2Farchives-des-evenements%2F|title:Impressions%20des%20%C3%A9v%C3%A9nements&#8221; css=&#8221;.vc_custom_1755008046870{margin-right: 10px !important;}&#8221;][vc_btn title=&#8221;\u00bb Shootings au BeachIN &#8221; link=&#8221;url:https%3A%2F%2Fbeachin.ch%2Ffr%2Fshootings%2F|title:Shootings%20au%20BeachIN&#8221;][\/vc_column_inner][\/vc_row_inner][vc_empty_space][vc_row_inner][vc_column_inner][\/vc_column_inner][\/vc_row_inner][\/vc_column][\/vc_row]<\/p>\n<\/div>","protected":false},"excerpt":{"rendered":"<p>[vc_row][vc_column][vc_column_text css=&#8221;.vc_custom_1755007713205{margin-top: 10px !important;}&#8221;] Infrastructure L\u2019infrastructure du BeachIN est multifonctionnelle. La salle peut \u00eatre transform\u00e9e d\u2019une installation de sports de plage en un lieu \u00e9v\u00e9nementiel en un temps record. Diverses manifestations publiques ont r\u00e9guli\u00e8rement lieu au BeachIN. De plus, le BeachIN peut \u00e9galement \u00eatre lou\u00e9 pour des manifestations priv\u00e9es et\/ou d\u2019affaires. L\u2019infrastructure de base permet <a class=\"more-link\" href=\"https:\/\/beachin.ch\/fr\/evenements\/infrastructure\/\">weiterlesen&#8230;<\/a><\/p>\n","protected":false},"author":1,"featured_media":0,"parent":1216,"menu_order":0,"comment_status":"closed","ping_status":"closed","template":"","meta":{"footnotes":""},"yoast_head":"<!-- This site is optimized with the Yoast SEO plugin v14.4.1 - https:\/\/yoast.com\/wordpress\/plugins\/seo\/ -->\n<title>Infrastructure &ndash; BeachIN Sport, Bar &amp; Hotel<\/title>\n<meta name=\"description\" content=\"Le hall de BeachIN est multifunctionel! Il peut se transformer dans quelques secondes des terrains de sport \u00e0 une manifestation formidable!\" \/>\n<meta name=\"robots\" content=\"index, follow\" \/>\n<meta name=\"googlebot\" content=\"index, follow, max-snippet:-1, max-image-preview:large, max-video-preview:-1\" \/>\n<meta name=\"bingbot\" content=\"index, follow, max-snippet:-1, max-image-preview:large, max-video-preview:-1\" \/>\n<link rel=\"canonical\" href=\"https:\/\/beachin.ch\/fr\/evenements\/infrastructure\/\" \/>\n<meta property=\"og:locale\" content=\"fr_FR\" \/>\n<meta property=\"og:type\" content=\"article\" \/>\n<meta property=\"og:title\" content=\"Infrastructure &ndash; BeachIN Sport, Bar &amp; Hotel\" \/>\n<meta property=\"og:description\" content=\"Le hall de BeachIN est multifunctionel! Il peut se transformer dans quelques secondes des terrains de sport \u00e0 une manifestation formidable!\" \/>\n<meta property=\"og:url\" content=\"https:\/\/beachin.ch\/fr\/evenements\/infrastructure\/\" \/>\n<meta property=\"og:site_name\" content=\"BeachIN Sport, Bar &amp; Hotel\" \/>\n<meta property=\"article:modified_time\" content=\"2025-08-12T14:20:50+00:00\" \/>\n<meta name=\"twitter:card\" content=\"summary_large_image\" \/>\n<script type=\"application\/ld+json\" class=\"yoast-schema-graph\">{\"@context\":\"https:\/\/schema.org\",\"@graph\":[{\"@type\":\"WebSite\",\"@id\":\"https:\/\/beachin.ch\/fr\/#website\",\"url\":\"https:\/\/beachin.ch\/fr\/\",\"name\":\"BeachIN Sport, Bar &amp; Hotel\",\"description\":\"Strandfeeling das ganze Jahr!\",\"potentialAction\":[{\"@type\":\"SearchAction\",\"target\":\"https:\/\/beachin.ch\/fr\/?s={search_term_string}\",\"query-input\":\"required name=search_term_string\"}],\"inLanguage\":\"fr-FR\"},{\"@type\":\"WebPage\",\"@id\":\"https:\/\/beachin.ch\/fr\/evenements\/infrastructure\/#webpage\",\"url\":\"https:\/\/beachin.ch\/fr\/evenements\/infrastructure\/\",\"name\":\"Infrastructure &ndash; BeachIN Sport, Bar &amp; Hotel\",\"isPartOf\":{\"@id\":\"https:\/\/beachin.ch\/fr\/#website\"},\"datePublished\":\"2019-11-08T12:20:31+00:00\",\"dateModified\":\"2025-08-12T14:20:50+00:00\",\"description\":\"Le hall de BeachIN est multifunctionel! Il peut se transformer dans quelques secondes des terrains de sport \\u00e0 une manifestation formidable!\",\"inLanguage\":\"fr-FR\",\"potentialAction\":[{\"@type\":\"ReadAction\",\"target\":[\"https:\/\/beachin.ch\/fr\/evenements\/infrastructure\/\"]}]}]}<\/script>\n<!-- \/ Yoast SEO plugin. -->","_links":{"self":[{"href":"https:\/\/beachin.ch\/fr\/wp-json\/wp\/v2\/pages\/7594"}],"collection":[{"href":"https:\/\/beachin.ch\/fr\/wp-json\/wp\/v2\/pages"}],"about":[{"href":"https:\/\/beachin.ch\/fr\/wp-json\/wp\/v2\/types\/page"}],"author":[{"embeddable":true,"href":"https:\/\/beachin.ch\/fr\/wp-json\/wp\/v2\/users\/1"}],"replies":[{"embeddable":true,"href":"https:\/\/beachin.ch\/fr\/wp-json\/wp\/v2\/comments?post=7594"}],"version-history":[{"count":7,"href":"https:\/\/beachin.ch\/fr\/wp-json\/wp\/v2\/pages\/7594\/revisions"}],"predecessor-version":[{"id":30043,"href":"https:\/\/beachin.ch\/fr\/wp-json\/wp\/v2\/pages\/7594\/revisions\/30043"}],"up":[{"embeddable":true,"href":"https:\/\/beachin.ch\/fr\/wp-json\/wp\/v2\/pages\/1216"}],"wp:attachment":[{"href":"https:\/\/beachin.ch\/fr\/wp-json\/wp\/v2\/media?parent=7594"}],"curies":[{"name":"wp","href":"https:\/\/api.w.org\/{rel}","templated":true}]}}