{"id":7576,"date":"2019-11-07T17:20:18","date_gmt":"2019-11-07T16:20:18","guid":{"rendered":"https:\/\/beachin.ch\/fetes-des-enfants\/"},"modified":"2020-09-01T16:48:45","modified_gmt":"2020-09-01T14:48:45","slug":"fetes-des-enfants","status":"publish","type":"page","link":"https:\/\/beachin.ch\/fr\/evenements\/paquets-devenement\/fetes-des-enfants\/","title":{"rendered":"F\u00eates des enfants"},"content":{"rendered":"<div class=\"wpb-content-wrapper\"><p>[vc_row][vc_column][vc_column_text]<\/p>\n<h1>F\u00eates des enfants \u00e0 la plage<\/h1>\n<p>Le BeachIN c&#8217;est pas uniquement pour &#8220;les grandes&#8221;,\u00a0 les enfants peuvent bien s\u00fbr aussi c\u00e9l\u00e9brer leur f\u00eate (d&#8217;anniversaire) dans notre hall.<br \/>\nNous aimerions bien soutenir vous parents en planifier des chasses au tr\u00e9sor pour les petits pirates, un buffet des snacks (par exemple des chicken nuggets avec des frites, du g\u00e2teau, des jeux d&#8217;anniversaire pour les enfants ou\/et une mini disco sur le sable.<\/p>\n<p>Pour te donner une meilleur id\u00e9e, on a cr\u00e9e quelques paquets des f\u00eates d enfants comme exemple. Les paquets peuvent \u00eatre r\u00e9serv\u00e9s a partir d&#8217; une group de 8 enfants.<\/p>\n<p>\u00c9videmment nous sommes \u00e0 ta disposition pour des questions ou des souhaits personnels.[\/vc_column_text][vc_separator][\/vc_column][\/vc_row][vc_row][vc_column width=&#8221;1\/5&#8243;][vc_icon icon_fontawesome=&#8221;fa fa-gift&#8221; color=&#8221;white&#8221; size=&#8221;xl&#8221; align=&#8221;center&#8221;][\/vc_column][vc_column width=&#8221;1\/5&#8243;][vc_column_text]<strong>Paquet 1: F\u00eate &#8220;mini&#8221; (1.5h)\u00a0<\/strong>[\/vc_column_text][\/vc_column][vc_column width=&#8221;1\/5&#8243;][vc_column_text]CHF 18.&#8211; par enfant[\/vc_column_text][\/vc_column][vc_column width=&#8221;1\/3&#8243;][vc_column_text]<\/p>\n<ul>\n<li>R\u00e9servation d&#8217;un terrain pendant 90 minutes\u00a0 (football, volley, badminton, boule, mikado etc.)<\/li>\n<li>1 boisson par enfant<\/li>\n<li>Snacks (chips, cacahu\u00e8tes, biscuits sal\u00e9s)<\/li>\n<li>R\u00e9servation de la Beach Lounge<\/li>\n<li>D\u00e9coration\u00a0 d&#8217;anniversaire, bombe de table<\/li>\n<\/ul>\n<p>[\/vc_column_text][\/vc_column][\/vc_row][vc_row][vc_column width=&#8221;1\/5&#8243;][vc_icon icon_fontawesome=&#8221;fa fa-gift&#8221; color=&#8221;white&#8221; size=&#8221;xl&#8221; align=&#8221;center&#8221;][\/vc_column][vc_column width=&#8221;1\/5&#8243;][vc_column_text]<strong>Paquet 2: Grande f\u00eate (2h)<\/strong>[\/vc_column_text][\/vc_column][vc_column width=&#8221;1\/5&#8243;][vc_column_text]CHF 28.&#8211; par enfant[\/vc_column_text][\/vc_column][vc_column width=&#8221;1\/3&#8243;][vc_column_text]<\/p>\n<ul>\n<li>R\u00e9servation d&#8217;un terrain pendant 90 minutes (football, volley, badminton, boule, mikado etc.)<\/li>\n<li>2 boisson par enfant<\/li>\n<li>1 portion des chicken nuggets et 1 portion des frites pour 2 enfants<\/li>\n<li>R\u00e9servation de la Beach Lounge<\/li>\n<li>D\u00e9coration\u00a0 d&#8217;anniversaire, bombe de table<\/li>\n<\/ul>\n<p>[\/vc_column_text][\/vc_column][\/vc_row][vc_row][vc_column width=&#8221;1\/5&#8243;][vc_icon icon_fontawesome=&#8221;fa fa-gift&#8221; color=&#8221;white&#8221; size=&#8221;xl&#8221; align=&#8221;center&#8221;][\/vc_column][vc_column width=&#8221;1\/5&#8243;][vc_column_text]<strong>Paquet 3: F\u00eate des pirates (3h) <\/strong>[\/vc_column_text][\/vc_column][vc_column width=&#8221;1\/5&#8243;][vc_column_text]CHF 45.&#8211; par enfant \/ (R\u00e9servation du terrain pour 90 minutes: CHF 38.&#8211; par enfant)[\/vc_column_text][\/vc_column][vc_column width=&#8221;1\/3&#8243;][vc_column_text]<strong>Th\u00e8me: Pirates<\/strong><\/p>\n<ul>\n<li>R\u00e9servation d&#8217;un terrain pendant 180 minutes (football, volley, badminton, boule, mikado etc.)<\/li>\n<li>Organisation des jeux des pirates (chasse au tr\u00e9sor pour les petits pirates, renverser des bo\u00eetes etc.) &#8211; Des prix pour les gagnants (friandises etc.) sont inclus<\/li>\n<li>2 boissons par enfant<\/li>\n<li>1 portion des chicken nuggets et 1 portion des frites pour 2 enfants\u00a0 <strong>ou<\/strong> 1 hot-dog par enfant<\/li>\n<li>G\u00e2teau d&#8217;anniversaire<\/li>\n<li>R\u00e9servation de la Beach Lounge<\/li>\n<li>D\u00e9coration\u00a0 d&#8217;anniversaire \/ de pirate, bombe de table de pirate, des caches d&#8217;oeil, des chapeaux de pirate<\/li>\n<\/ul>\n<p>[\/vc_column_text][\/vc_column][\/vc_row][vc_row][vc_column width=&#8221;1\/5&#8243;][vc_icon icon_fontawesome=&#8221;fa fa-gift&#8221; color=&#8221;white&#8221; size=&#8221;xl&#8221; align=&#8221;center&#8221;][\/vc_column][vc_column width=&#8221;1\/5&#8243;][vc_column_text]<strong>Paquet 4: Mini disco sur le sable (3h)<\/strong>[\/vc_column_text][\/vc_column][vc_column width=&#8221;1\/5&#8243;][vc_column_text]CHF 45.&#8211; par enfant \/ (R\u00e9servation du terrain de 90 minutes: CHF 40.&#8211; par enfant)[\/vc_column_text][\/vc_column][vc_column width=&#8221;1\/3&#8243;][vc_column_text]<strong>Th\u00e8me: Peut \u00eatre choisi librement<\/strong><\/p>\n<ul>\n<li>R\u00e9servation d&#8217;un terrain pendant 180 minutes (football, volley, badminton, boule, mikado etc.)<\/li>\n<li>4 boissons par enfant<\/li>\n<li>1 portion des chicken nuggets \/ des ailerons de\u00a0poulet et 1 portion des frites pour 2 enfants\u00a0 <strong>ou<\/strong> 1 hot-dog par enfant<\/li>\n<li>G\u00e2teau d&#8217;anniversaire<\/li>\n<li>Organisation et r\u00e9alisation des jeux des enfants, les\u00a0prix pour les gagnants (friandises etc.) sont inclus<\/li>\n<li>Mini disco (musique, mini-jeux, \u00e9clairage)<\/li>\n<li>R\u00e9servation de la Beach Lounge<\/li>\n<li>D\u00e9coration\u00a0 du th\u00e8me, bombe de table etc.<\/li>\n<\/ul>\n<p>[\/vc_column_text][\/vc_column][\/vc_row][vc_row][vc_column width=&#8221;1\/5&#8243;][vc_icon icon_fontawesome=&#8221;fa fa-gift&#8221; color=&#8221;white&#8221; size=&#8221;xl&#8221; align=&#8221;center&#8221;][\/vc_column][vc_column width=&#8221;1\/5&#8243;][vc_row_inner][vc_column_inner][vc_column_text]<strong>Paquet compl\u00e9ment: Vacances \u00e0 la plage sans souci\u00a0<\/strong>[\/vc_column_text][\/vc_column_inner][\/vc_row_inner][\/vc_column][vc_column width=&#8221;1\/5&#8243;][vc_column_text]+ CHF 10.&#8211; par enfant et par 2h \/ par prise en charge des enfants et animation[\/vc_column_text][\/vc_column][vc_column width=&#8221;1\/3&#8243;][vc_column_text]Ch\u00e8res mamans, chers papas, vous avez aussi bien m\u00e9rit\u00e9 une pause! Asseyez-vous dans notre bar et prenez un verre et nous prenons en charge l&#8217;animation et l&#8217;organisation de l&#8217;enti\u00e8re f\u00eate de votre enfant (enfants de plus de 4 ans)![\/vc_column_text][\/vc_column][\/vc_row][vc_row][vc_column][vc_row_inner][vc_column_inner][vc_separator][\/vc_column_inner][\/vc_row_inner][\/vc_column][\/vc_row][vc_row][vc_column width=&#8221;1\/6&#8243;][\/vc_column][vc_column width=&#8221;4\/6&#8243;][vc_images_carousel images=&#8221;6418,6421,6424,6427&#8243; img_size=&#8221;780&#215;570&#8243; autoplay=&#8221;yes&#8221; wrap=&#8221;yes&#8221;][\/vc_column][vc_column width=&#8221;1\/6&#8243;][\/vc_column][\/vc_row][vc_row][vc_column][vc_column_text]Est-ce qu&#8217;on a pu t&#8217;inspirer? Contacte-nous par notre formulaire contact, par t\u00e9l\u00e9phone (032 312 00 66), nous aimerions bien t&#8217;aider et nous r\u00e9jouissons \u00e0 ta visite chez BeachIN![\/vc_column_text][vc_btn title=&#8221;\u00bb Formulaire de contact&#8221; color=&#8221;success&#8221; align=&#8221;left&#8221; link=&#8221;url:https%3A%2F%2Fbeachin.ch%2Ffr%2Fcontact%2F|&#8221;][\/vc_column][\/vc_row]<\/p>\n<\/div>","protected":false},"excerpt":{"rendered":"<p>[vc_row][vc_column][vc_column_text] F\u00eates des enfants \u00e0 la plage Le BeachIN c&#8217;est pas uniquement pour &#8220;les grandes&#8221;,\u00a0 les enfants peuvent bien s\u00fbr aussi c\u00e9l\u00e9brer leur f\u00eate (d&#8217;anniversaire) dans notre hall. Nous aimerions bien soutenir vous parents en planifier des chasses au tr\u00e9sor pour les petits pirates, un buffet des snacks (par exemple des chicken nuggets avec des <a class=\"more-link\" href=\"https:\/\/beachin.ch\/fr\/evenements\/paquets-devenement\/fetes-des-enfants\/\">weiterlesen&#8230;<\/a><\/p>\n","protected":false},"author":1,"featured_media":0,"parent":6555,"menu_order":0,"comment_status":"closed","ping_status":"closed","template":"","meta":{"footnotes":""},"yoast_head":"<!-- This site is optimized with the Yoast SEO plugin v14.4.1 - https:\/\/yoast.com\/wordpress\/plugins\/seo\/ -->\n<title>F\u00eates des enfants im Sand &ndash; BeachIN Sport, Bar &amp; Hotel<\/title>\n<meta name=\"description\" content=\"Est-ce que tu es lasse de planifier et organiser l&#039;anniversaire de ton enfant chaque ann\u00e9e de nouveau? Nous nous en occupons avec plaisir!\" \/>\n<meta name=\"robots\" content=\"index, follow\" \/>\n<meta name=\"googlebot\" content=\"index, follow, max-snippet:-1, max-image-preview:large, max-video-preview:-1\" \/>\n<meta name=\"bingbot\" content=\"index, follow, max-snippet:-1, max-image-preview:large, max-video-preview:-1\" \/>\n<link rel=\"canonical\" href=\"https:\/\/beachin.ch\/fr\/evenements\/paquets-devenement\/fetes-des-enfants\/\" \/>\n<meta property=\"og:locale\" content=\"fr_FR\" \/>\n<meta property=\"og:type\" content=\"article\" \/>\n<meta property=\"og:title\" content=\"F\u00eates des enfants im Sand &ndash; BeachIN Sport, Bar &amp; Hotel\" \/>\n<meta property=\"og:description\" content=\"Est-ce que tu es lasse de planifier et organiser l&#039;anniversaire de ton enfant chaque ann\u00e9e de nouveau? Nous nous en occupons avec plaisir!\" \/>\n<meta property=\"og:url\" content=\"https:\/\/beachin.ch\/fr\/evenements\/paquets-devenement\/fetes-des-enfants\/\" \/>\n<meta property=\"og:site_name\" content=\"BeachIN Sport, Bar &amp; Hotel\" \/>\n<meta property=\"article:modified_time\" content=\"2020-09-01T14:48:45+00:00\" \/>\n<meta name=\"twitter:card\" content=\"summary_large_image\" \/>\n<script type=\"application\/ld+json\" class=\"yoast-schema-graph\">{\"@context\":\"https:\/\/schema.org\",\"@graph\":[{\"@type\":\"WebSite\",\"@id\":\"https:\/\/beachin.ch\/fr\/#website\",\"url\":\"https:\/\/beachin.ch\/fr\/\",\"name\":\"BeachIN Sport, Bar &amp; Hotel\",\"description\":\"Strandfeeling das ganze Jahr!\",\"potentialAction\":[{\"@type\":\"SearchAction\",\"target\":\"https:\/\/beachin.ch\/fr\/?s={search_term_string}\",\"query-input\":\"required name=search_term_string\"}],\"inLanguage\":\"fr-FR\"},{\"@type\":\"WebPage\",\"@id\":\"https:\/\/beachin.ch\/fr\/evenements\/paquets-devenement\/fetes-des-enfants\/#webpage\",\"url\":\"https:\/\/beachin.ch\/fr\/evenements\/paquets-devenement\/fetes-des-enfants\/\",\"name\":\"F\\u00eates des enfants im Sand &ndash; BeachIN Sport, Bar &amp; Hotel\",\"isPartOf\":{\"@id\":\"https:\/\/beachin.ch\/fr\/#website\"},\"datePublished\":\"2019-11-07T16:20:18+00:00\",\"dateModified\":\"2020-09-01T14:48:45+00:00\",\"description\":\"Est-ce que tu es lasse de planifier et organiser l'anniversaire de ton enfant chaque ann\\u00e9e de nouveau? Nous nous en occupons avec plaisir!\",\"inLanguage\":\"fr-FR\",\"potentialAction\":[{\"@type\":\"ReadAction\",\"target\":[\"https:\/\/beachin.ch\/fr\/evenements\/paquets-devenement\/fetes-des-enfants\/\"]}]}]}<\/script>\n<!-- \/ Yoast SEO plugin. -->","_links":{"self":[{"href":"https:\/\/beachin.ch\/fr\/wp-json\/wp\/v2\/pages\/7576"}],"collection":[{"href":"https:\/\/beachin.ch\/fr\/wp-json\/wp\/v2\/pages"}],"about":[{"href":"https:\/\/beachin.ch\/fr\/wp-json\/wp\/v2\/types\/page"}],"author":[{"embeddable":true,"href":"https:\/\/beachin.ch\/fr\/wp-json\/wp\/v2\/users\/1"}],"replies":[{"embeddable":true,"href":"https:\/\/beachin.ch\/fr\/wp-json\/wp\/v2\/comments?post=7576"}],"version-history":[{"count":6,"href":"https:\/\/beachin.ch\/fr\/wp-json\/wp\/v2\/pages\/7576\/revisions"}],"predecessor-version":[{"id":12516,"href":"https:\/\/beachin.ch\/fr\/wp-json\/wp\/v2\/pages\/7576\/revisions\/12516"}],"up":[{"embeddable":true,"href":"https:\/\/beachin.ch\/fr\/wp-json\/wp\/v2\/pages\/6555"}],"wp:attachment":[{"href":"https:\/\/beachin.ch\/fr\/wp-json\/wp\/v2\/media?parent=7576"}],"curies":[{"name":"wp","href":"https:\/\/api.w.org\/{rel}","templated":true}]}}