{"id":7514,"date":"2019-11-07T14:39:08","date_gmt":"2019-11-07T13:39:08","guid":{"rendered":"https:\/\/beachin.ch\/evenements\/paquets-devenement\/seminaire-a-la-plage\/"},"modified":"2020-02-04T14:10:02","modified_gmt":"2020-02-04T13:10:02","slug":"seminaire-a-la-plage","status":"publish","type":"page","link":"https:\/\/beachin.ch\/fr\/evenements\/paquets-devenement\/seminaire-a-la-plage\/","title":{"rendered":"S\u00e9minaire \u00e0 la plage"},"content":{"rendered":"<div class=\"wpb-content-wrapper\"><p>[vc_row][vc_column][vc_column_text]<\/p>\n<h2>Voici \u00e0 quoi pourrait ressembler votre s\u00e9minaire sur la plage&#8230;<\/h2>\n<p><strong>Nombre de personnes dans cet exemple :<\/strong> environ 40<\/p>\n<h3>Programme<\/h3>\n<p><strong>Pendant la journ\u00e9e<\/strong> la construction d&#8217;infrastructures<br \/>\n<strong>07.50<\/strong> Arriv\u00e9e des invit\u00e9s<br \/>\n<strong>08.00 &#8211; 10.00<\/strong> S\u00e9minaire (avec service \u00e0 la carte ou forfait de restauration)<br \/>\n<strong>10.00 &#8211; 12.00<\/strong> Ap\u00e9ro dans le sable \/ Jeux et plaisir dans le sable (Jeux Olympiques) \/ Volley-ball de plage<br \/>\n<strong>12.00 &#8211; open end<\/strong> d\u00e9jeuner libre dans le sable, beach volley \u00e0 votre guise<br \/>\n[\/vc_column_text][vc_single_image image=&#8221;6318&#8243; img_size=&#8221;large&#8221; title=&#8221;Structure du hall &#8220;][vc_column_text]<\/p>\n<h2>Prix<\/h2>\n<p>Inclus dans le prix :<\/p>\n<p><em>Version 1<\/em><\/p>\n<ul>\n<li>Loyer pour toute la salle (environ 8h)<\/li>\n<li>Location d&#8217;infrastructures (tables, chaises, salons, terrain de beach-volley, jeux, \u00e9cran LED, etc.)<\/li>\n<li>Personnel de service pendant l&#8217;\u00e9v\u00e9nement<\/li>\n<li>Ap\u00e9ro<\/li>\n<li>D\u00e9jeuner avec dessert<\/li>\n<\/ul>\n<p>Le co\u00fbt de cet exemple d&#8217;\u00e9v\u00e9nement est d&#8217;environ <strong>90 CHF par personne<\/strong>.<\/p>\n<p><em>Version 2<\/em><\/p>\n<ul>\n<li>Loyer pour toute la salle (environ 8h)<\/li>\n<li>Location d&#8217;infrastructures (tables, chaises, salons, terrain de beach-volley, jeux, \u00e9cran LED, etc.)<\/li>\n<li>Personnel de service pendant l&#8217;\u00e9v\u00e9nement<\/li>\n<li>Ap\u00e9ro<\/li>\n<\/ul>\n<p>Le co\u00fbt de cet exemple d&#8217;\u00e9v\u00e9nement est d&#8217;environ<strong> 60 CHF par personne<\/strong>.[\/vc_column_text][vc_separator][vc_column_text]Les prix sont uniquement destin\u00e9s \u00e0 vous donner une id\u00e9e approximative. Ils d\u00e9pendent de diverses variables (menu, dur\u00e9e du s\u00e9jour, nombre de personnes, etc.).<\/p>\n<p>Appelez-nous ou \u00e9crivez-nous, nous serons heureux de vous faire une offre gratuite, sans engagement et individuelle pour votre \u00e9v\u00e9nement ![\/vc_column_text][vc_btn title=&#8221;Contact&#8221; link=&#8221;url:https%3A%2F%2Fbeachin.ch%2Ffr%2Fcontact%2F|&#8221;][\/vc_column][\/vc_row][vc_row][vc_column][vc_empty_space][\/vc_column][\/vc_row]<\/p>\n<\/div>","protected":false},"excerpt":{"rendered":"<p>[vc_row][vc_column][vc_column_text] Voici \u00e0 quoi pourrait ressembler votre s\u00e9minaire sur la plage&#8230; Nombre de personnes dans cet exemple : environ 40 Programme Pendant la journ\u00e9e la construction d&#8217;infrastructures 07.50 Arriv\u00e9e des invit\u00e9s 08.00 &#8211; 10.00 S\u00e9minaire (avec service \u00e0 la carte ou forfait de restauration) 10.00 &#8211; 12.00 Ap\u00e9ro dans le sable \/ Jeux et plaisir <a class=\"more-link\" href=\"https:\/\/beachin.ch\/fr\/evenements\/paquets-devenement\/seminaire-a-la-plage\/\">weiterlesen&#8230;<\/a><\/p>\n","protected":false},"author":1,"featured_media":0,"parent":6555,"menu_order":0,"comment_status":"closed","ping_status":"closed","template":"","meta":{"footnotes":""},"yoast_head":"<!-- This site is optimized with the Yoast SEO plugin v14.4.1 - https:\/\/yoast.com\/wordpress\/plugins\/seo\/ -->\n<title>S\u00e9minaire \u00e0 la plage &ndash; BeachIN Sport, Bar &amp; Hotel<\/title>\n<meta name=\"description\" content=\"Assieds-toi dans un s\u00e9minaire different \u00e0 la plage et en v\u00eatements estivaux!\" \/>\n<meta name=\"robots\" content=\"index, follow\" \/>\n<meta name=\"googlebot\" content=\"index, follow, max-snippet:-1, max-image-preview:large, max-video-preview:-1\" \/>\n<meta name=\"bingbot\" content=\"index, follow, max-snippet:-1, max-image-preview:large, max-video-preview:-1\" \/>\n<link rel=\"canonical\" href=\"https:\/\/beachin.ch\/fr\/evenements\/paquets-devenement\/seminaire-a-la-plage\/\" \/>\n<meta property=\"og:locale\" content=\"fr_FR\" \/>\n<meta property=\"og:type\" content=\"article\" \/>\n<meta property=\"og:title\" content=\"S\u00e9minaire \u00e0 la plage &ndash; BeachIN Sport, Bar &amp; Hotel\" \/>\n<meta property=\"og:description\" content=\"Assieds-toi dans un s\u00e9minaire different \u00e0 la plage et en v\u00eatements estivaux!\" \/>\n<meta property=\"og:url\" content=\"https:\/\/beachin.ch\/fr\/evenements\/paquets-devenement\/seminaire-a-la-plage\/\" \/>\n<meta property=\"og:site_name\" content=\"BeachIN Sport, Bar &amp; Hotel\" \/>\n<meta property=\"article:modified_time\" content=\"2020-02-04T13:10:02+00:00\" \/>\n<meta name=\"twitter:card\" content=\"summary_large_image\" \/>\n<script type=\"application\/ld+json\" class=\"yoast-schema-graph\">{\"@context\":\"https:\/\/schema.org\",\"@graph\":[{\"@type\":\"WebSite\",\"@id\":\"https:\/\/beachin.ch\/fr\/#website\",\"url\":\"https:\/\/beachin.ch\/fr\/\",\"name\":\"BeachIN Sport, Bar &amp; Hotel\",\"description\":\"Strandfeeling das ganze Jahr!\",\"potentialAction\":[{\"@type\":\"SearchAction\",\"target\":\"https:\/\/beachin.ch\/fr\/?s={search_term_string}\",\"query-input\":\"required name=search_term_string\"}],\"inLanguage\":\"fr-FR\"},{\"@type\":\"WebPage\",\"@id\":\"https:\/\/beachin.ch\/fr\/evenements\/paquets-devenement\/seminaire-a-la-plage\/#webpage\",\"url\":\"https:\/\/beachin.ch\/fr\/evenements\/paquets-devenement\/seminaire-a-la-plage\/\",\"name\":\"S\\u00e9minaire \\u00e0 la plage &ndash; BeachIN Sport, Bar &amp; Hotel\",\"isPartOf\":{\"@id\":\"https:\/\/beachin.ch\/fr\/#website\"},\"datePublished\":\"2019-11-07T13:39:08+00:00\",\"dateModified\":\"2020-02-04T13:10:02+00:00\",\"description\":\"Assieds-toi dans un s\\u00e9minaire different \\u00e0 la plage et en v\\u00eatements estivaux!\",\"inLanguage\":\"fr-FR\",\"potentialAction\":[{\"@type\":\"ReadAction\",\"target\":[\"https:\/\/beachin.ch\/fr\/evenements\/paquets-devenement\/seminaire-a-la-plage\/\"]}]}]}<\/script>\n<!-- \/ Yoast SEO plugin. -->","_links":{"self":[{"href":"https:\/\/beachin.ch\/fr\/wp-json\/wp\/v2\/pages\/7514"}],"collection":[{"href":"https:\/\/beachin.ch\/fr\/wp-json\/wp\/v2\/pages"}],"about":[{"href":"https:\/\/beachin.ch\/fr\/wp-json\/wp\/v2\/types\/page"}],"author":[{"embeddable":true,"href":"https:\/\/beachin.ch\/fr\/wp-json\/wp\/v2\/users\/1"}],"replies":[{"embeddable":true,"href":"https:\/\/beachin.ch\/fr\/wp-json\/wp\/v2\/comments?post=7514"}],"version-history":[{"count":5,"href":"https:\/\/beachin.ch\/fr\/wp-json\/wp\/v2\/pages\/7514\/revisions"}],"predecessor-version":[{"id":10117,"href":"https:\/\/beachin.ch\/fr\/wp-json\/wp\/v2\/pages\/7514\/revisions\/10117"}],"up":[{"embeddable":true,"href":"https:\/\/beachin.ch\/fr\/wp-json\/wp\/v2\/pages\/6555"}],"wp:attachment":[{"href":"https:\/\/beachin.ch\/fr\/wp-json\/wp\/v2\/media?parent=7514"}],"curies":[{"name":"wp","href":"https:\/\/api.w.org\/{rel}","templated":true}]}}