{"id":7511,"date":"2019-11-07T13:59:36","date_gmt":"2019-11-07T12:59:36","guid":{"rendered":"https:\/\/beachin.ch\/evenements\/olympiade-des-jeux\/"},"modified":"2019-11-07T14:03:21","modified_gmt":"2019-11-07T13:03:21","slug":"olympiade-des-jeux","status":"publish","type":"page","link":"https:\/\/beachin.ch\/fr\/evenements\/olympiade-des-jeux\/","title":{"rendered":"Olympiade des jeux"},"content":{"rendered":"<div class=\"wpb-content-wrapper\"><p>[vc_row][vc_column][vc_column_text]<\/p>\n<h1><\/h1>\n<p>&nbsp;<\/p>\n<p>&nbsp;<\/p>\n<p>&nbsp;<\/p>\n<h1>Olympiade des jeux<\/h1>\n<p>Renforcez votre esprit d&#8217;\u00e9quipe avec un tournoi (volley de plage, balle aux prisonniers, handball, badminton, football de plage..) et\/ou une olympiade des jeux.<br \/>\nCelle-ci peut contenir les disciplines suivantes:<br \/>\n&nbsp;[\/vc_column_text][\/vc_column][\/vc_row][vc_row][vc_column][vc_tta_accordion color=&#8221;white&#8221; c_icon=&#8221;triangle&#8221; active_section=&#8221;1&#8243; no_fill=&#8221;true&#8221;][vc_tta_section title=&#8221;Bataille des ballons &#8221; tab_id=&#8221;1565702366766-e0beac77-0ca3&#8243;][vc_column_text]Deux \u00e9quipes concourent sur deux terrains. Chaque \u00e9quipe a pour objectif d&#8217;avoir moins ballons que leur opposant. Le jeu a une limite de temps, qui reste inconnue. Cela veut dire que d\u00e8s que la musique s&#8217;arr\u00eate, on ne peut plus lancer des ballons.[\/vc_column_text][\/vc_tta_section][vc_tta_section title=&#8221;Le tir \u00e0 la serviette de plage&#8221; tab_id=&#8221;1565703058437-b4e1db96-1fd2&#8243;][vc_column_text]Le tir \u00e0 la corde, un sport typiquement suisse classique &#8211; diff\u00e9rent pour une fois!<\/p>\n<p>&nbsp;[\/vc_column_text][\/vc_tta_section][vc_tta_section title=&#8221;Cours de relais&#8221; tab_id=&#8221;1565702366805-4eab728e-a1ea&#8221;][vc_column_text]Voyagez retour vers votre enfance avec des differentes types des cours de relais.[\/vc_column_text][\/vc_tta_section][vc_tta_section title=&#8221;Rallye de noix de coco&#8221; tab_id=&#8221;1565703636666-ec2e9c83-4204&#8243;][vc_row_inner][vc_column_inner][vc_column_text]Faites la course en palmes et en lunettes de plong\u00e9e contre votre opposant et balancez une noix de coco simultan\u00e9ment. La doit naturellement arriver dans le but sans \u00eatre laiss\u00e9 tomb\u00e9.[\/vc_column_text][\/vc_column_inner][\/vc_row_inner][\/vc_tta_section][vc_tta_section title=&#8221;Sensation d&#8217;espace&#8221; tab_id=&#8221;1565711266370-63b51521-84e3&#8243;][vc_column_text]Les yeux de chaque membre de l&#8217;\u00e9quipe sont band\u00e9s. L&#8217;objectif des \u00e9quipes est de former une certain forme (par exemple une carr\u00e9e, une \u00e9toile&#8230;) avec une corde \u00e0 12 m\u00e8tres. La communication et la sensibilit\u00e9 sont vraiment importantes pendant ce jeu.[\/vc_column_text][\/vc_tta_section][vc_tta_section title=&#8221;Boccia des noix de coco&#8221; tab_id=&#8221;1565703710973-ad72130f-912e&#8221;][vc_column_text]Ce jeu ressemble le jeu &#8220;Boccia&#8221;. La seule diff\u00e9rence sont les noix de coco qui remplacent les boules de boccia qui font le jeu beaucoup plus difficile.[\/vc_column_text][\/vc_tta_section][vc_tta_section title=&#8221;Volleyball de plage aveugle &#8221; tab_id=&#8221;1565703790187-87be9b0f-a076&#8243;][vc_column_text]Une autre mani\u00e8re de volleyball de plage! Le filet du volley sera couvert avec \u00e9toffe: Les joueurs ne peuvent donc pas savoir les activit\u00e9s de leur opposants.[\/vc_column_text][\/vc_tta_section][vc_tta_section title=&#8221;Radeau de survie &#8221; tab_id=&#8221;1565704153279-90929914-fbe6&#8243;][vc_column_text]Une matelas pneumatique sur laquelle tous les membres de l&#8217;\u00e9quipe doivent trouver d&#8217;espace sans tomber! Quelle \u00e9quipe est la plus vite?[\/vc_column_text][\/vc_tta_section][vc_tta_section title=&#8221;Photo de plage &#8221; tab_id=&#8221;1565704420114-28fadc1e-910e&#8221;][vc_column_text]Quelle \u00e9quipe fait la plus cr\u00e9ative photo \u00e0 la plage dans 5 minutes? Chaque part de notre infrastructure sera disponible pour les \u00e9quipes.[\/vc_column_text][\/vc_tta_section][\/vc_tta_accordion][vc_column_text]<\/p>\n<p>Toute l&#8217;\u00e9v\u00e9nement peut bien s\u00fbr \u00eatre accompagn\u00e9 de n\u00f4tre photographe sur demande. Les photos souvenirs peuvent \u00eatre livr\u00e9es par CD ou cl\u00e9 USB ou peuvent \u00eatre r\u00e9cup\u00e9r\u00e9s sur nos r\u00e9seaux sociaux quelques jours plus tard.<\/p>\n<p>Le BeachIN peut \u00e9galement \u00eatre lou\u00e9 pour des manifestations priv\u00e9es et\/ou d\u2019affaires. L\u2019infrastructure de base permet de sustenter copieusement et sans probl\u00e8me jusqu\u2019\u00e0 400 personnes. Surprends tes invit\u00e9s dans un endroit hors du commun, dans l\u2019ambiance particuli\u00e8re du BeachIN. Les possibilit\u00e9s sont illimit\u00e9es. Des \u00e9crans g\u00e9ants, des \u00e9clairages de f\u00eate, l\u2019installation audio, etc. sont fermement install\u00e9s.[\/vc_column_text][\/vc_column][\/vc_row]<\/p>\n<\/div>","protected":false},"excerpt":{"rendered":"<p>[vc_row][vc_column][vc_column_text] &nbsp; &nbsp; &nbsp; Olympiade des jeux Renforcez votre esprit d&#8217;\u00e9quipe avec un tournoi (volley de plage, balle aux prisonniers, handball, badminton, football de plage..) et\/ou une olympiade des jeux. Celle-ci peut contenir les disciplines suivantes: &nbsp;[\/vc_column_text][\/vc_column][\/vc_row][vc_row][vc_column][vc_tta_accordion color=&#8221;white&#8221; c_icon=&#8221;triangle&#8221; active_section=&#8221;1&#8243; no_fill=&#8221;true&#8221;][vc_tta_section title=&#8221;Bataille des ballons &#8221; tab_id=&#8221;1565702366766-e0beac77-0ca3&#8243;][vc_column_text]Deux \u00e9quipes concourent sur deux terrains. Chaque \u00e9quipe a pour <a class=\"more-link\" href=\"https:\/\/beachin.ch\/fr\/evenements\/olympiade-des-jeux\/\">weiterlesen&#8230;<\/a><\/p>\n","protected":false},"author":1,"featured_media":0,"parent":1216,"menu_order":0,"comment_status":"closed","ping_status":"closed","template":"","meta":{"footnotes":""},"yoast_head":"<!-- This site is optimized with the Yoast SEO plugin v14.4.1 - https:\/\/yoast.com\/wordpress\/plugins\/seo\/ -->\n<title>Olympiade des jeux &ndash; BeachIN Sport, Bar &amp; Hotel<\/title>\n<meta name=\"description\" content=\"Renforcez votre esprit d&#039;\u00e9quipe en jouant notre olympiade des jeux \u00e0 notre plage!\" \/>\n<meta name=\"robots\" content=\"index, follow\" \/>\n<meta name=\"googlebot\" content=\"index, follow, max-snippet:-1, max-image-preview:large, max-video-preview:-1\" \/>\n<meta name=\"bingbot\" content=\"index, follow, max-snippet:-1, max-image-preview:large, max-video-preview:-1\" \/>\n<link rel=\"canonical\" href=\"https:\/\/beachin.ch\/fr\/evenements\/olympiade-des-jeux\/\" \/>\n<meta property=\"og:locale\" content=\"fr_FR\" \/>\n<meta property=\"og:type\" content=\"article\" \/>\n<meta property=\"og:title\" content=\"Olympiade des jeux &ndash; BeachIN Sport, Bar &amp; Hotel\" \/>\n<meta property=\"og:description\" content=\"Renforcez votre esprit d&#039;\u00e9quipe en jouant notre olympiade des jeux \u00e0 notre plage!\" \/>\n<meta property=\"og:url\" content=\"https:\/\/beachin.ch\/fr\/evenements\/olympiade-des-jeux\/\" \/>\n<meta property=\"og:site_name\" content=\"BeachIN Sport, Bar &amp; Hotel\" \/>\n<meta property=\"article:modified_time\" content=\"2019-11-07T13:03:21+00:00\" \/>\n<meta name=\"twitter:card\" content=\"summary_large_image\" \/>\n<script type=\"application\/ld+json\" class=\"yoast-schema-graph\">{\"@context\":\"https:\/\/schema.org\",\"@graph\":[{\"@type\":\"WebSite\",\"@id\":\"https:\/\/beachin.ch\/fr\/#website\",\"url\":\"https:\/\/beachin.ch\/fr\/\",\"name\":\"BeachIN Sport, Bar &amp; Hotel\",\"description\":\"Strandfeeling das ganze Jahr!\",\"potentialAction\":[{\"@type\":\"SearchAction\",\"target\":\"https:\/\/beachin.ch\/fr\/?s={search_term_string}\",\"query-input\":\"required name=search_term_string\"}],\"inLanguage\":\"fr-FR\"},{\"@type\":\"WebPage\",\"@id\":\"https:\/\/beachin.ch\/fr\/evenements\/olympiade-des-jeux\/#webpage\",\"url\":\"https:\/\/beachin.ch\/fr\/evenements\/olympiade-des-jeux\/\",\"name\":\"Olympiade des jeux &ndash; BeachIN Sport, Bar &amp; Hotel\",\"isPartOf\":{\"@id\":\"https:\/\/beachin.ch\/fr\/#website\"},\"datePublished\":\"2019-11-07T12:59:36+00:00\",\"dateModified\":\"2019-11-07T13:03:21+00:00\",\"description\":\"Renforcez votre esprit d'\\u00e9quipe en jouant notre olympiade des jeux \\u00e0 notre plage!\",\"inLanguage\":\"fr-FR\",\"potentialAction\":[{\"@type\":\"ReadAction\",\"target\":[\"https:\/\/beachin.ch\/fr\/evenements\/olympiade-des-jeux\/\"]}]}]}<\/script>\n<!-- \/ Yoast SEO plugin. -->","_links":{"self":[{"href":"https:\/\/beachin.ch\/fr\/wp-json\/wp\/v2\/pages\/7511"}],"collection":[{"href":"https:\/\/beachin.ch\/fr\/wp-json\/wp\/v2\/pages"}],"about":[{"href":"https:\/\/beachin.ch\/fr\/wp-json\/wp\/v2\/types\/page"}],"author":[{"embeddable":true,"href":"https:\/\/beachin.ch\/fr\/wp-json\/wp\/v2\/users\/1"}],"replies":[{"embeddable":true,"href":"https:\/\/beachin.ch\/fr\/wp-json\/wp\/v2\/comments?post=7511"}],"version-history":[{"count":1,"href":"https:\/\/beachin.ch\/fr\/wp-json\/wp\/v2\/pages\/7511\/revisions"}],"predecessor-version":[{"id":7512,"href":"https:\/\/beachin.ch\/fr\/wp-json\/wp\/v2\/pages\/7511\/revisions\/7512"}],"up":[{"embeddable":true,"href":"https:\/\/beachin.ch\/fr\/wp-json\/wp\/v2\/pages\/1216"}],"wp:attachment":[{"href":"https:\/\/beachin.ch\/fr\/wp-json\/wp\/v2\/media?parent=7511"}],"curies":[{"name":"wp","href":"https:\/\/api.w.org\/{rel}","templated":true}]}}