{"id":7455,"date":"2019-11-06T16:56:36","date_gmt":"2019-11-06T15:56:36","guid":{"rendered":"https:\/\/beachin.ch\/evenements\/tarifs\/"},"modified":"2021-12-23T08:55:43","modified_gmt":"2021-12-23T07:55:43","slug":"tarifs","status":"publish","type":"page","link":"https:\/\/beachin.ch\/fr\/evenements\/tarifs\/","title":{"rendered":"tarifs"},"content":{"rendered":"<div class=\"wpb-content-wrapper\"><p>[vc_row][vc_column][vc_column_text]<\/p>\n<h1>Tarifs<\/h1>\n<p>Tous les prix pour r\u00e9server votre \u00e9v\u00e9nement et les forfaits correspondants peuvent \u00eatre trouv\u00e9s ici. Si vous avez des questions, veuillez utiliser le <a href=\"https:\/\/beachin.ch\/fr\/contact\/\">formulaire de contact<\/a>. Nous sommes \u00e0 votre disposition pour de plus amples informations.[\/vc_column_text][vc_btn title=&#8221;Tarifs PDF (allemand)&#8221; link=&#8221;url:https%3A%2F%2Fbeachin.ch%2Fwp-content%2Fuploads%2F2021%2F12%2Fpreisbeispiele_events_beachin.pdf|target:_blank&#8221;][vc_separator][vc_column_text]<strong>plus d&#8217;informations&#8230;<\/strong>[\/vc_column_text][vc_btn title=&#8221;\u00bb infrastructure&#8221; link=&#8221;url:https%3A%2F%2Fbeachin.ch%2Ffr%2Fevenements%2Finfrastructure%2F|&#8221; css=&#8221;.vc_custom_1640246134554{margin-right: 20px !important;}&#8221;][vc_btn title=&#8221;\u00bb paquets d&#8217; \u00e9v\u00e9nements&#8221; link=&#8221;url:https%3A%2F%2Fbeachin.ch%2Ffr%2Fevenements%2Fpaquets-devenement%2F|title:Paquets%20d%27%C3%A9v%C3%A9nement|&#8221; css=&#8221;.vc_custom_1640246140463{margin-right: 20px !important;}&#8221;][vc_btn title=&#8221;\u00bb calendre&#8221; link=&#8221;url:https%3A%2F%2Fbeachin.ch%2Ffr%2Fevents%2F|target:_blank&#8221;][vc_empty_space height=&#8221;64px&#8221;][\/vc_column][vc_column][\/vc_column][\/vc_row]<\/p>\n<\/div>","protected":false},"excerpt":{"rendered":"<p>[vc_row][vc_column][vc_column_text] Tarifs Tous les prix pour r\u00e9server votre \u00e9v\u00e9nement et les forfaits correspondants peuvent \u00eatre trouv\u00e9s ici. Si vous avez des questions, veuillez utiliser le formulaire de contact. Nous sommes \u00e0 votre disposition pour de plus amples informations.[\/vc_column_text][vc_btn title=&#8221;Tarifs PDF (allemand)&#8221; link=&#8221;url:https%3A%2F%2Fbeachin.ch%2Fwp-content%2Fuploads%2F2021%2F12%2Fpreisbeispiele_events_beachin.pdf|target:_blank&#8221;][vc_separator][vc_column_text]plus d&#8217;informations&#8230;[\/vc_column_text][vc_btn title=&#8221;\u00bb infrastructure&#8221; link=&#8221;url:https%3A%2F%2Fbeachin.ch%2Ffr%2Fevenements%2Finfrastructure%2F|&#8221; css=&#8221;.vc_custom_1640246134554{margin-right: 20px !important;}&#8221;][vc_btn title=&#8221;\u00bb paquets d&#8217; \u00e9v\u00e9nements&#8221; link=&#8221;url:https%3A%2F%2Fbeachin.ch%2Ffr%2Fevenements%2Fpaquets-devenement%2F|title:Paquets%20d%27%C3%A9v%C3%A9nement|&#8221; css=&#8221;.vc_custom_1640246140463{margin-right: <a class=\"more-link\" href=\"https:\/\/beachin.ch\/fr\/evenements\/tarifs\/\">weiterlesen&#8230;<\/a><\/p>\n","protected":false},"author":1,"featured_media":0,"parent":1216,"menu_order":0,"comment_status":"closed","ping_status":"closed","template":"","meta":{"footnotes":""},"yoast_head":"<!-- This site is optimized with the Yoast SEO plugin v14.4.1 - https:\/\/yoast.com\/wordpress\/plugins\/seo\/ -->\n<title>tarifs &ndash; BeachIN Sport, Bar &amp; Hotel<\/title>\n<meta name=\"robots\" content=\"index, follow\" \/>\n<meta name=\"googlebot\" content=\"index, follow, max-snippet:-1, max-image-preview:large, max-video-preview:-1\" \/>\n<meta name=\"bingbot\" content=\"index, follow, max-snippet:-1, max-image-preview:large, max-video-preview:-1\" \/>\n<link rel=\"canonical\" href=\"https:\/\/beachin.ch\/fr\/evenements\/tarifs\/\" \/>\n<meta property=\"og:locale\" content=\"fr_FR\" \/>\n<meta property=\"og:type\" content=\"article\" \/>\n<meta property=\"og:title\" content=\"tarifs &ndash; BeachIN Sport, Bar &amp; Hotel\" \/>\n<meta property=\"og:description\" content=\"[vc_row][vc_column][vc_column_text] Tarifs Tous les prix pour r\u00e9server votre \u00e9v\u00e9nement et les forfaits correspondants peuvent \u00eatre trouv\u00e9s ici. Si vous avez des questions, veuillez utiliser le formulaire de contact. Nous sommes \u00e0 votre disposition pour de plus amples informations.[\/vc_column_text][vc_btn title=&#8221;Tarifs PDF (allemand)&#8221; link=&#8221;url:https%3A%2F%2Fbeachin.ch%2Fwp-content%2Fuploads%2F2021%2F12%2Fpreisbeispiele_events_beachin.pdf|target:_blank&#8221;][vc_separator][vc_column_text]plus d&#8217;informations&#8230;[\/vc_column_text][vc_btn title=&#8221;\u00bb infrastructure&#8221; link=&#8221;url:https%3A%2F%2Fbeachin.ch%2Ffr%2Fevenements%2Finfrastructure%2F|&#8221; css=&#8221;.vc_custom_1640246134554{margin-right: 20px !important;}&#8221;][vc_btn title=&#8221;\u00bb paquets d&#8217; \u00e9v\u00e9nements&#8221; link=&#8221;url:https%3A%2F%2Fbeachin.ch%2Ffr%2Fevenements%2Fpaquets-devenement%2F|title:Paquets%20d%27%C3%A9v%C3%A9nement|&#8221; css=&#8221;.vc_custom_1640246140463{margin-right: weiterlesen...\" \/>\n<meta property=\"og:url\" content=\"https:\/\/beachin.ch\/fr\/evenements\/tarifs\/\" \/>\n<meta property=\"og:site_name\" content=\"BeachIN Sport, Bar &amp; Hotel\" \/>\n<meta property=\"article:modified_time\" content=\"2021-12-23T07:55:43+00:00\" \/>\n<meta name=\"twitter:card\" content=\"summary_large_image\" \/>\n<script type=\"application\/ld+json\" class=\"yoast-schema-graph\">{\"@context\":\"https:\/\/schema.org\",\"@graph\":[{\"@type\":\"WebSite\",\"@id\":\"https:\/\/beachin.ch\/fr\/#website\",\"url\":\"https:\/\/beachin.ch\/fr\/\",\"name\":\"BeachIN Sport, Bar &amp; Hotel\",\"description\":\"Strandfeeling das ganze Jahr!\",\"potentialAction\":[{\"@type\":\"SearchAction\",\"target\":\"https:\/\/beachin.ch\/fr\/?s={search_term_string}\",\"query-input\":\"required name=search_term_string\"}],\"inLanguage\":\"fr-FR\"},{\"@type\":\"WebPage\",\"@id\":\"https:\/\/beachin.ch\/fr\/evenements\/tarifs\/#webpage\",\"url\":\"https:\/\/beachin.ch\/fr\/evenements\/tarifs\/\",\"name\":\"tarifs &ndash; BeachIN Sport, Bar &amp; Hotel\",\"isPartOf\":{\"@id\":\"https:\/\/beachin.ch\/fr\/#website\"},\"datePublished\":\"2019-11-06T15:56:36+00:00\",\"dateModified\":\"2021-12-23T07:55:43+00:00\",\"inLanguage\":\"fr-FR\",\"potentialAction\":[{\"@type\":\"ReadAction\",\"target\":[\"https:\/\/beachin.ch\/fr\/evenements\/tarifs\/\"]}]}]}<\/script>\n<!-- \/ Yoast SEO plugin. -->","_links":{"self":[{"href":"https:\/\/beachin.ch\/fr\/wp-json\/wp\/v2\/pages\/7455"}],"collection":[{"href":"https:\/\/beachin.ch\/fr\/wp-json\/wp\/v2\/pages"}],"about":[{"href":"https:\/\/beachin.ch\/fr\/wp-json\/wp\/v2\/types\/page"}],"author":[{"embeddable":true,"href":"https:\/\/beachin.ch\/fr\/wp-json\/wp\/v2\/users\/1"}],"replies":[{"embeddable":true,"href":"https:\/\/beachin.ch\/fr\/wp-json\/wp\/v2\/comments?post=7455"}],"version-history":[{"count":9,"href":"https:\/\/beachin.ch\/fr\/wp-json\/wp\/v2\/pages\/7455\/revisions"}],"predecessor-version":[{"id":17572,"href":"https:\/\/beachin.ch\/fr\/wp-json\/wp\/v2\/pages\/7455\/revisions\/17572"}],"up":[{"embeddable":true,"href":"https:\/\/beachin.ch\/fr\/wp-json\/wp\/v2\/pages\/1216"}],"wp:attachment":[{"href":"https:\/\/beachin.ch\/fr\/wp-json\/wp\/v2\/media?parent=7455"}],"curies":[{"name":"wp","href":"https:\/\/api.w.org\/{rel}","templated":true}]}}