{"id":6568,"date":"2019-10-03T09:26:01","date_gmt":"2019-10-03T07:26:01","guid":{"rendered":"https:\/\/beachin.ch\/evenements\/paquets-devenement\/fete-danniversaire\/"},"modified":"2020-02-04T13:39:15","modified_gmt":"2020-02-04T12:39:15","slug":"fete-danniversaire","status":"publish","type":"page","link":"https:\/\/beachin.ch\/fr\/evenements\/paquets-devenement\/fete-danniversaire\/","title":{"rendered":"F\u00eate d&#8217;anniversaire"},"content":{"rendered":"<div class=\"wpb-content-wrapper\"><p>[vc_row][vc_column][vc_column_text]<\/p>\n<h1><strong>Notre suggestion pour une f\u00eate d&#8217;anniversaire\u2026<\/strong><\/h1>\n<p><strong>Nombre des personnes dans cet exemple\u00a0\u00a0<\/strong>environ 40<\/p>\n<h1>Programme<\/h1>\n<p><strong>Pendant la journ\u00e9e<\/strong>\u00a0 \u00a0construction de l&#8217;infrastructure<br \/>\n<strong>18.00<\/strong>\u00a0 \u00a0Arriv\u00e9e des h\u00f4tes<br \/>\n<strong>18.00 &#8211; 19.00<\/strong>\u00a0 \u00a0Ap\u00e9ro dans le sable ou dans le bar<br \/>\n<strong>19.00 &#8211; 21.00<\/strong>\u00a0 \u00a0D\u00eener dans le bar, jouer au volley\/au badminton\/au foot&#8230; dans le sable<br \/>\n<strong>21.00 &#8211; open end<\/strong>\u00a0 \u00a0Buffet de desserts dans le bar ou dans le sable[\/vc_column_text][vc_single_image image=&#8221;6448&#8243; img_size=&#8221;large&#8221; title=&#8221;Structure du hall &#8220;][vc_column_text]<\/p>\n<h3>Prix<\/h3>\n<p>Inclus:<\/p>\n<ul>\n<li>Frais de location du bar &#8211; exclusive (environ 8h)<\/li>\n<li>Frais de location d&#8217;un terrain (environ 8h)<\/li>\n<li>Frais de location de l\u2019infrastructure (tables, chaises, lounges, bar, \u00e9cran LED, jeux etc.)<\/li>\n<li>Personnel de service et de soutien pendant tout l\u2019\u00e9v\u00e9nement<\/li>\n<li>Ap\u00e9ro<\/li>\n<li>D\u00eener avec dessert<\/li>\n<li>Prix forfaitaire pour les boissons<\/li>\n<\/ul>\n<p>Les co\u00fbts dans cette exemple s\u2019\u00e9l\u00e8vent \u00e0 environ\u00a0<strong>CHF 130.\u2013 par personne<\/strong>.[\/vc_column_text][vc_images_carousel images=&#8221;6394,6397,6400,6391&#8243; img_size=&#8221;780&#215;570&#8243; autoplay=&#8221;yes&#8221; hide_pagination_control=&#8221;yes&#8221; wrap=&#8221;yes&#8221;][vc_separator][vc_column_text]Les prix indiqu\u00e9 sert uniquement comme exemple. Les prix d\u00e9pendent de plusieurs variables (le menu, la dur\u00e9e, le nombre de personnes&#8230;).<\/p>\n<p>Appelle-nous ou envoie-nous un email et fais-toi \u00e9tablir une offre individuelle et sans engagement![\/vc_column_text][vc_btn title=&#8221;Contact&#8221; link=&#8221;url:https%3A%2F%2Fbeachin.ch%2Ffr%2Fcontact%2F|&#8221;][\/vc_column][\/vc_row][vc_row][vc_column][\/vc_column][\/vc_row]<\/p>\n<\/div>","protected":false},"excerpt":{"rendered":"<p>[vc_row][vc_column][vc_column_text] Notre suggestion pour une f\u00eate d&#8217;anniversaire\u2026 Nombre des personnes dans cet exemple\u00a0\u00a0environ 40 Programme Pendant la journ\u00e9e\u00a0 \u00a0construction de l&#8217;infrastructure 18.00\u00a0 \u00a0Arriv\u00e9e des h\u00f4tes 18.00 &#8211; 19.00\u00a0 \u00a0Ap\u00e9ro dans le sable ou dans le bar 19.00 &#8211; 21.00\u00a0 \u00a0D\u00eener dans le bar, jouer au volley\/au badminton\/au foot&#8230; dans le sable 21.00 &#8211; open end\u00a0 <a class=\"more-link\" href=\"https:\/\/beachin.ch\/fr\/evenements\/paquets-devenement\/fete-danniversaire\/\">weiterlesen&#8230;<\/a><\/p>\n","protected":false},"author":1,"featured_media":0,"parent":6555,"menu_order":0,"comment_status":"closed","ping_status":"closed","template":"","meta":{"footnotes":""},"yoast_head":"<!-- This site is optimized with the Yoast SEO plugin v14.4.1 - https:\/\/yoast.com\/wordpress\/plugins\/seo\/ -->\n<title>F\u00eate d&#039;anniversaire avec une atmosph\u00e8re de plage &ndash; BeachIN Sport, Bar &amp; Hotel<\/title>\n<meta name=\"description\" content=\"F\u00eate ton anniversaire dans l&#039;ambiance chaleureuse et douillet de BeachIN et profite de ta soir\u00e9e en jouant du beach avec ta famille et tes amies!\" \/>\n<meta name=\"robots\" content=\"index, follow\" \/>\n<meta name=\"googlebot\" content=\"index, follow, max-snippet:-1, max-image-preview:large, max-video-preview:-1\" \/>\n<meta name=\"bingbot\" content=\"index, follow, max-snippet:-1, max-image-preview:large, max-video-preview:-1\" \/>\n<link rel=\"canonical\" href=\"https:\/\/beachin.ch\/fr\/evenements\/paquets-devenement\/fete-danniversaire\/\" \/>\n<meta property=\"og:locale\" content=\"fr_FR\" \/>\n<meta property=\"og:type\" content=\"article\" \/>\n<meta property=\"og:title\" content=\"F\u00eate d&#039;anniversaire avec une atmosph\u00e8re de plage &ndash; BeachIN Sport, Bar &amp; Hotel\" \/>\n<meta property=\"og:description\" content=\"F\u00eate ton anniversaire dans l&#039;ambiance chaleureuse et douillet de BeachIN et profite de ta soir\u00e9e en jouant du beach avec ta famille et tes amies!\" \/>\n<meta property=\"og:url\" content=\"https:\/\/beachin.ch\/fr\/evenements\/paquets-devenement\/fete-danniversaire\/\" \/>\n<meta property=\"og:site_name\" content=\"BeachIN Sport, Bar &amp; Hotel\" \/>\n<meta property=\"article:modified_time\" content=\"2020-02-04T12:39:15+00:00\" \/>\n<meta name=\"twitter:card\" content=\"summary_large_image\" \/>\n<script type=\"application\/ld+json\" class=\"yoast-schema-graph\">{\"@context\":\"https:\/\/schema.org\",\"@graph\":[{\"@type\":\"WebSite\",\"@id\":\"https:\/\/beachin.ch\/fr\/#website\",\"url\":\"https:\/\/beachin.ch\/fr\/\",\"name\":\"BeachIN Sport, Bar &amp; Hotel\",\"description\":\"Strandfeeling das ganze Jahr!\",\"potentialAction\":[{\"@type\":\"SearchAction\",\"target\":\"https:\/\/beachin.ch\/fr\/?s={search_term_string}\",\"query-input\":\"required name=search_term_string\"}],\"inLanguage\":\"fr-FR\"},{\"@type\":\"WebPage\",\"@id\":\"https:\/\/beachin.ch\/fr\/evenements\/paquets-devenement\/fete-danniversaire\/#webpage\",\"url\":\"https:\/\/beachin.ch\/fr\/evenements\/paquets-devenement\/fete-danniversaire\/\",\"name\":\"F\\u00eate d'anniversaire avec une atmosph\\u00e8re de plage &ndash; BeachIN Sport, Bar &amp; Hotel\",\"isPartOf\":{\"@id\":\"https:\/\/beachin.ch\/fr\/#website\"},\"datePublished\":\"2019-10-03T07:26:01+00:00\",\"dateModified\":\"2020-02-04T12:39:15+00:00\",\"description\":\"F\\u00eate ton anniversaire dans l'ambiance chaleureuse et douillet de BeachIN et profite de ta soir\\u00e9e en jouant du beach avec ta famille et tes amies!\",\"inLanguage\":\"fr-FR\",\"potentialAction\":[{\"@type\":\"ReadAction\",\"target\":[\"https:\/\/beachin.ch\/fr\/evenements\/paquets-devenement\/fete-danniversaire\/\"]}]}]}<\/script>\n<!-- \/ Yoast SEO plugin. -->","_links":{"self":[{"href":"https:\/\/beachin.ch\/fr\/wp-json\/wp\/v2\/pages\/6568"}],"collection":[{"href":"https:\/\/beachin.ch\/fr\/wp-json\/wp\/v2\/pages"}],"about":[{"href":"https:\/\/beachin.ch\/fr\/wp-json\/wp\/v2\/types\/page"}],"author":[{"embeddable":true,"href":"https:\/\/beachin.ch\/fr\/wp-json\/wp\/v2\/users\/1"}],"replies":[{"embeddable":true,"href":"https:\/\/beachin.ch\/fr\/wp-json\/wp\/v2\/comments?post=6568"}],"version-history":[{"count":3,"href":"https:\/\/beachin.ch\/fr\/wp-json\/wp\/v2\/pages\/6568\/revisions"}],"predecessor-version":[{"id":10107,"href":"https:\/\/beachin.ch\/fr\/wp-json\/wp\/v2\/pages\/6568\/revisions\/10107"}],"up":[{"embeddable":true,"href":"https:\/\/beachin.ch\/fr\/wp-json\/wp\/v2\/pages\/6555"}],"wp:attachment":[{"href":"https:\/\/beachin.ch\/fr\/wp-json\/wp\/v2\/media?parent=6568"}],"curies":[{"name":"wp","href":"https:\/\/api.w.org\/{rel}","templated":true}]}}