{"id":6555,"date":"2019-10-02T17:04:46","date_gmt":"2019-10-02T15:04:46","guid":{"rendered":"https:\/\/beachin.ch\/evenements\/paquets-devenement\/"},"modified":"2021-12-23T13:21:12","modified_gmt":"2021-12-23T12:21:12","slug":"paquets-devenement","status":"publish","type":"page","link":"https:\/\/beachin.ch\/fr\/evenements\/paquets-devenement\/","title":{"rendered":"Paquets d&#8217;\u00e9v\u00e9nement"},"content":{"rendered":"<div class=\"wpb-content-wrapper\"><p>[vc_row][vc_column][vc_column_text]<\/p>\n<h1>Paquets d&#8217;\u00e9v\u00e9nements<\/h1>\n<p>Il y a toujours une raison de faire la f\u00eate ! Surprenez vos invit\u00e9s en leur offrant un lieu extraordinaire dans l&#8217;atmosph\u00e8re sp\u00e9ciale de BeachIN. Les possibilit\u00e9s sont illimit\u00e9es, que ce soit pour 10 ou 500 personnes, pour des anniversaires, des mariages, des baby showers ou des f\u00eates priv\u00e9es sur la plage.<\/p>\n<p>Pour te donner une id\u00e9e de ce \u00e0 quoi pourrait ressembler un \u00e9v\u00e9nement avec nous, nous avons mis en place diff\u00e9rents packages d&#8217;\u00e9v\u00e9nements. Tu es invit\u00e9s \u00e0 t&#8217; en inspirer, mais bien s\u00fbr, il n&#8217;y a pas de limites, nous r\u00e9pondrons \u00e0 tous tes souhaits.<\/p>\n<p>Nous sommes heureux d&#8217;\u00e9couter tes suggestions et tes id\u00e9es et de les mettre en \u0153uvre, car chaque \u00e9v\u00e9nement est unique !<\/p>\n<p>As-tu des questions ou des pr\u00e9occupations ? Nous sommes heureux de t&#8217; aider :[\/vc_column_text][vc_btn title=&#8221;Contact&#8221; link=&#8221;url:https%3A%2F%2Fbeachin.ch%2Ffr%2Fcontact%2F|&#8221;][vc_empty_space][vc_separator][\/vc_column][\/vc_row][vc_row][vc_column width=&#8221;1\/3&#8243;][vc_hoverbox image=&#8221;6287&#8243; primary_title=&#8221;\u00c9v\u00e9nement d&#8217;entreprise \/ d&#8217; \u00e9quipe&#8221; hover_title=&#8221;\u00c9v\u00e9nement d&#8217;entreprise \/ d&#8217; \u00e9quipe&#8221; hover_background_color=&#8221;pink&#8221; hover_btn_title=&#8221;\u00c9v\u00e9nement d&#8217;entreprise \/ d&#8217; \u00e9quipe d&#8217; une autre mani\u00e8re: Jouissez un jour plain des jeux, du plaisir et d&#8217; un bon repas \u00e0 la plage!&#8221; hover_add_button=&#8221;true&#8221; hover_btn_link=&#8221;url:https%3A%2F%2Fbeachin.ch%2Ffr%2Fevenement-entreprise%2F|&#8221;]Jouissez un jour plain des jeux, du plaisir et d&#8217; un bon repas \u00e0 la plage![\/vc_hoverbox][vc_hoverbox image=&#8221;6411&#8243; primary_title=&#8221;F\u00eate des enfants&#8221; hover_title=&#8221;F\u00eate des enfants&#8221; hover_background_color=&#8221;pink&#8221; hover_add_button=&#8221;true&#8221; hover_btn_link=&#8221;url:https%3A%2F%2Fbeachin.ch%2Ffr%2Ffetes-des-enfants%2F|&#8221;]Nous aidons vous parents avec plaisir en planifiant la f\u00eate d&#8217; anniversaire personnel de votre enfant.[\/vc_hoverbox][\/vc_column][vc_column width=&#8221;1\/3&#8243;][vc_hoverbox image=&#8221;6379&#8243; primary_title=&#8221;F\u00eate d&#8217;anniversaire&#8221; hover_title=&#8221;F\u00eate d&#8217;anniversaire&#8221; hover_background_color=&#8221;pink&#8221; hover_add_button=&#8221;true&#8221; hover_btn_link=&#8221;url:https%3A%2F%2Fbeachin.ch%2Ffr%2Fevenements%2Fpaquets-devenement%2Ffete-danniversaire%2F|&#8221;]Savourez un d\u00e9licieux repas avec vos invit\u00e9s d&#8217;anniversaire au bar de la plage et amusez-vous dans le sable !<\/p>\n<p>[\/vc_hoverbox][vc_hoverbox image=&#8221;6305&#8243; primary_title=&#8221;Des s\u00e9minaires \u00e0 la plage&#8221; hover_title=&#8221;Des s\u00e9minaires \u00e0 la plage&#8221; hover_background_color=&#8221;pink&#8221; hover_btn_title=&#8221;S\u00e9minaire \u00e0 la plage&#8221; hover_btn_color=&#8221;pink&#8221; hover_add_button=&#8221;true&#8221; hover_btn_link=&#8221;url:https%3A%2F%2Fbeachin.ch%2Ffr%2Fevenements%2Fpaquets-devenement%2Fseminaire-a-la-plage%2F|&#8221;]Assieds-toi dans un s\u00e9minaire diff\u00e9rent: \u00c0 la plage en tongs![\/vc_hoverbox][\/vc_column][vc_column width=&#8221;1\/3&#8243;][vc_hoverbox image=&#8221;6356&#8243; primary_title=&#8221;F\u00eate \u00e0 la plage&#8221; hover_title=&#8221;F\u00eate \u00e0 la plage&#8221; hover_background_color=&#8221;pink&#8221; hover_btn_color=&#8221;pink&#8221; hover_add_button=&#8221;true&#8221; hover_btn_link=&#8221;url:https%3A%2F%2Fbeachin.ch%2Ffr%2Fevenements%2Fpaquets-devenement%2Ffete-a-la-plage%2F|&#8221;]Il y a toujours quelque chose \u00e0 f\u00eater! Organise ta f\u00eate \u00e0 la plage personnel![\/vc_hoverbox][vc_hoverbox image=&#8221;16524&#8243; primary_title=&#8221;Shooting&#8221; hover_title=&#8221;&#8221; hover_background_color=&#8221;pink&#8221; hover_btn_title=&#8221;&#8221; hover_btn_color=&#8221;pink&#8221; hover_add_button=&#8221;true&#8221; hover_btn_link=&#8221;url:https%3A%2F%2Fbeachin.ch%2Ffr%2Fshootings%2F|title:Shootings%20%C3%A0%20BeachIN&#8221;]Le hall peut \u00eatre r\u00e9serv\u00e9 pour un tournage exclusif<\/p>\n<p>[\/vc_hoverbox][\/vc_column][\/vc_row][vc_row][vc_column][vc_empty_space][vc_separator][vc_row_inner][vc_column_inner][vc_column_text]<strong>Plus d\u2019informations\u2026\u00a0<\/strong>[\/vc_column_text][vc_btn title=&#8221;\u00bb \u00c9v\u00e9nement Infrastructure&#8221; link=&#8221;url:https%3A%2F%2Fbeachin.ch%2Ffr%2Fevenements%2Finfrastructure%2F|&#8221; css=&#8221;.vc_custom_1640262061025{margin-right: 10px !important;}&#8221;][vc_btn title=&#8221;\u00bb Eventkalender&#8221; link=&#8221;url:https%3A%2F%2Fbeachin.ch%2Fevents%2F|&#8221; css=&#8221;.vc_custom_1640262067674{margin-right: 10px !important;}&#8221;][vc_btn title=&#8221;\u00bb Prix des \u00e9v\u00e9nements&#8221; link=&#8221;url:https%3A%2F%2Fbeachin.ch%2Ffr%2Fevenements%2Ftarifs%2F|&#8221;][\/vc_column_inner][vc_column_inner][vc_empty_space][\/vc_column_inner][vc_column_inner][\/vc_column_inner][\/vc_row_inner][\/vc_column][vc_column width=&#8221;1\/3&#8243;][\/vc_column][vc_column][\/vc_column][vc_column][\/vc_column][\/vc_row]<\/p>\n<\/div>","protected":false},"excerpt":{"rendered":"<p>[vc_row][vc_column][vc_column_text] Paquets d&#8217;\u00e9v\u00e9nements Il y a toujours une raison de faire la f\u00eate ! Surprenez vos invit\u00e9s en leur offrant un lieu extraordinaire dans l&#8217;atmosph\u00e8re sp\u00e9ciale de BeachIN. Les possibilit\u00e9s sont illimit\u00e9es, que ce soit pour 10 ou 500 personnes, pour des anniversaires, des mariages, des baby showers ou des f\u00eates priv\u00e9es sur la plage. <a class=\"more-link\" href=\"https:\/\/beachin.ch\/fr\/evenements\/paquets-devenement\/\">weiterlesen&#8230;<\/a><\/p>\n","protected":false},"author":1,"featured_media":0,"parent":1216,"menu_order":0,"comment_status":"closed","ping_status":"closed","template":"","meta":{"footnotes":""},"yoast_head":"<!-- This site is optimized with the Yoast SEO plugin v14.4.1 - https:\/\/yoast.com\/wordpress\/plugins\/seo\/ -->\n<title>\u00c9v\u00e9nements dans le sable &ndash; BeachIN Sport, Bar &amp; Hotel<\/title>\n<meta name=\"description\" content=\"Nos paquets d&#039;\u00e9v\u00e9nements rendent l&#039; organisation de ton \u00e9v\u00e9nement beaucoup plus facile. On organise des f\u00eates d&#039;anniversaire ou m\u00eame des s\u00e9minaires dans le sable- tout est possible!\" \/>\n<meta name=\"robots\" content=\"index, follow\" \/>\n<meta name=\"googlebot\" content=\"index, follow, max-snippet:-1, max-image-preview:large, max-video-preview:-1\" \/>\n<meta name=\"bingbot\" content=\"index, follow, max-snippet:-1, max-image-preview:large, max-video-preview:-1\" \/>\n<link rel=\"canonical\" href=\"https:\/\/beachin.ch\/fr\/evenements\/paquets-devenement\/\" \/>\n<meta property=\"og:locale\" content=\"fr_FR\" \/>\n<meta property=\"og:type\" content=\"article\" \/>\n<meta property=\"og:title\" content=\"\u00c9v\u00e9nements dans le sable &ndash; BeachIN Sport, Bar &amp; Hotel\" \/>\n<meta property=\"og:description\" content=\"Nos paquets d&#039;\u00e9v\u00e9nements rendent l&#039; organisation de ton \u00e9v\u00e9nement beaucoup plus facile. On organise des f\u00eates d&#039;anniversaire ou m\u00eame des s\u00e9minaires dans le sable- tout est possible!\" \/>\n<meta property=\"og:url\" content=\"https:\/\/beachin.ch\/fr\/evenements\/paquets-devenement\/\" \/>\n<meta property=\"og:site_name\" content=\"BeachIN Sport, Bar &amp; Hotel\" \/>\n<meta property=\"article:modified_time\" content=\"2021-12-23T12:21:12+00:00\" \/>\n<meta name=\"twitter:card\" content=\"summary_large_image\" \/>\n<script type=\"application\/ld+json\" class=\"yoast-schema-graph\">{\"@context\":\"https:\/\/schema.org\",\"@graph\":[{\"@type\":\"WebSite\",\"@id\":\"https:\/\/beachin.ch\/fr\/#website\",\"url\":\"https:\/\/beachin.ch\/fr\/\",\"name\":\"BeachIN Sport, Bar &amp; Hotel\",\"description\":\"Strandfeeling das ganze Jahr!\",\"potentialAction\":[{\"@type\":\"SearchAction\",\"target\":\"https:\/\/beachin.ch\/fr\/?s={search_term_string}\",\"query-input\":\"required name=search_term_string\"}],\"inLanguage\":\"fr-FR\"},{\"@type\":\"WebPage\",\"@id\":\"https:\/\/beachin.ch\/fr\/evenements\/paquets-devenement\/#webpage\",\"url\":\"https:\/\/beachin.ch\/fr\/evenements\/paquets-devenement\/\",\"name\":\"\\u00c9v\\u00e9nements dans le sable &ndash; BeachIN Sport, Bar &amp; Hotel\",\"isPartOf\":{\"@id\":\"https:\/\/beachin.ch\/fr\/#website\"},\"datePublished\":\"2019-10-02T15:04:46+00:00\",\"dateModified\":\"2021-12-23T12:21:12+00:00\",\"description\":\"Nos paquets d'\\u00e9v\\u00e9nements rendent l' organisation de ton \\u00e9v\\u00e9nement beaucoup plus facile. On organise des f\\u00eates d'anniversaire ou m\\u00eame des s\\u00e9minaires dans le sable- tout est possible!\",\"inLanguage\":\"fr-FR\",\"potentialAction\":[{\"@type\":\"ReadAction\",\"target\":[\"https:\/\/beachin.ch\/fr\/evenements\/paquets-devenement\/\"]}]}]}<\/script>\n<!-- \/ Yoast SEO plugin. -->","_links":{"self":[{"href":"https:\/\/beachin.ch\/fr\/wp-json\/wp\/v2\/pages\/6555"}],"collection":[{"href":"https:\/\/beachin.ch\/fr\/wp-json\/wp\/v2\/pages"}],"about":[{"href":"https:\/\/beachin.ch\/fr\/wp-json\/wp\/v2\/types\/page"}],"author":[{"embeddable":true,"href":"https:\/\/beachin.ch\/fr\/wp-json\/wp\/v2\/users\/1"}],"replies":[{"embeddable":true,"href":"https:\/\/beachin.ch\/fr\/wp-json\/wp\/v2\/comments?post=6555"}],"version-history":[{"count":18,"href":"https:\/\/beachin.ch\/fr\/wp-json\/wp\/v2\/pages\/6555\/revisions"}],"predecessor-version":[{"id":17621,"href":"https:\/\/beachin.ch\/fr\/wp-json\/wp\/v2\/pages\/6555\/revisions\/17621"}],"up":[{"embeddable":true,"href":"https:\/\/beachin.ch\/fr\/wp-json\/wp\/v2\/pages\/1216"}],"wp:attachment":[{"href":"https:\/\/beachin.ch\/fr\/wp-json\/wp\/v2\/media?parent=6555"}],"curies":[{"name":"wp","href":"https:\/\/api.w.org\/{rel}","templated":true}]}}