{"id":6276,"date":"2019-09-24T13:18:59","date_gmt":"2019-09-24T11:18:59","guid":{"rendered":"https:\/\/beachin.ch\/sport-de-plage\/tournois\/"},"modified":"2024-02-07T17:27:35","modified_gmt":"2024-02-07T16:27:35","slug":"tournois","status":"publish","type":"page","link":"https:\/\/beachin.ch\/fr\/sport-de-plage\/tournois\/","title":{"rendered":"Tournois"},"content":{"rendered":"<div class=\"wpb-content-wrapper\"><p>[vc_row][vc_column][vc_column_text]<\/p>\n<h1>Tournois au BeachIN<\/h1>\n<p>BeachIN organise r\u00e9guli\u00e8rement des tournois de sports de plage. Principalement des tournois de beachvolley, mais aussi des tournois pour d&#8217;autres sports de plage comme le tennis de plage, le beach soccer, le beachminton ou le beach handball ou plusieurs disciplines. Le BeachIN dispose d&#8217;une infrastructure moderne (syst\u00e8me de haut-parleurs avec microphone radio, \u00e9cran LED avec t\u00e9l\u00e9scripteur en direct, etc.)<br \/>\nPendant les tournois, notre Beach-Bar et notre Beach-Lounge sont bien s\u00fbr ouverts, afin que vous puissiez vous d\u00e9tendre et prendre une collation entre ou apr\u00e8s les jeux. Pour tous les habitants de l&#8217;ext\u00e9rieur, le BeachIN propose \u00e9galement des <a href=\"https:\/\/beachin.ch\/fr\/reserver-une-chambre\/\">possibilit\u00e9s d&#8217;h\u00e9bergement<\/a>.<\/p>\n<p>Nous sommes \u00e9galement heureux d&#8217;organiser des tournois avec ou sans autres activit\u00e9s dans le sable pour des clubs, des entreprises ou d&#8217;autres groupes, ou vous souhaitez organiser vous-m\u00eame un tournoi, c&#8217;est \u00e9galement possible. N&#8217;h\u00e9sitez pas \u00e0 nous contacter pour toute question ou information !<br \/>\n<a href=\"https:\/\/beachin.ch\/fr\/contact\/\">\u00bb Contact-nous<\/a>[\/vc_column_text][vc_row_inner disable_element=&#8221;yes&#8221;][vc_column_inner width=&#8221;1\/3&#8243;][vc_hoverbox image=&#8221;13104&#8243; primary_title=&#8221;Tournoi Swiss-Volley&#8221; hover_title=&#8221;Septembre 2020&#8243; hover_background_color=&#8221;custom&#8221; hover_add_button=&#8221;true&#8221; hover_custom_background=&#8221;#efc211&#8243; hover_btn_link=&#8221;url:https%3A%2F%2Fbeachin.ch%2Ffr%2Fsport-de-plage%2Ftournois%2Ftournoi-swiss-volley-septembre-2020%2F|title:Tournoi%20Swiss-Volley||&#8221;]R\u00e9sultats et photos&#8230;<\/p>\n<p>&nbsp;<\/p>\n<p>[\/vc_hoverbox][\/vc_column_inner][vc_column_inner width=&#8221;1\/3&#8243;][vc_hoverbox image=&#8221;9625&#8243; primary_title=&#8221;Tournoi Fun 2:2 mixed&#8221; hover_title=&#8221;19.01.2020&#8243; hover_background_color=&#8221;custom&#8221; hover_add_button=&#8221;true&#8221; hover_custom_background=&#8221;#efc211&#8243; hover_btn_link=&#8221;url:https%3A%2F%2Fbeachin.ch%2Ffr%2Fsport-de-plage%2Ftournois%2Ftournois-fun-22-mixed-19-01-2020%2F|title:Tournoi%20Fun%202%3A2%20mixed|&#8221;]R\u00e9sultats et photos&#8230;[\/vc_hoverbox][\/vc_column_inner][vc_column_inner width=&#8221;1\/3&#8243;][\/vc_column_inner][\/vc_row_inner][\/vc_column][\/vc_row][vc_row][vc_column][vc_separator][vc_row_inner][vc_column_inner][vc_column_text]Des tournois officiels de beach volley de Swiss Volley et du Swiss Indoor Beachtour ont lieu r\u00e9guli\u00e8rement au BeachIN. Vous pouvez trouver toutes les informations, dates, etc. sur :<\/p>\n<h6><a href=\"https:\/\/ibt.swiss\/\" target=\"_blank\" rel=\"noopener\">\u00bb ibt.swiss<\/a><\/h6>\n<h6><a href=\"https:\/\/www.volleyball.ch\/beachvolleyball\/nationale-turniere\/\" target=\"_blank\" rel=\"noopener\">\u00bb Turnierinfos Swissvolley<\/a><\/h6>\n<p>[\/vc_column_text][vc_separator][vc_column_text]<strong>Impressiones<\/strong>[\/vc_column_text][\/vc_column_inner][\/vc_row_inner][\/vc_column][\/vc_row][vc_row][vc_column width=&#8221;1\/6&#8243;][\/vc_column][vc_column width=&#8221;2\/3&#8243;][vc_images_carousel images=&#8221;12098,12101,10795,10277,7955,7764,6221,2585,2459,9737,10810,17951,13507,13102,12104,11455,10747,10267,9698,9625,8314,8375,19161,17963,13590,13577,13541,13547&#8243; img_size=&#8221;900&#215;500&#8243; autoplay=&#8221;yes&#8221; wrap=&#8221;yes&#8221;][\/vc_column][vc_column width=&#8221;1\/6&#8243;][\/vc_column][\/vc_row][vc_row][vc_column][\/vc_column][\/vc_row]<\/p>\n<\/div>","protected":false},"excerpt":{"rendered":"<p>[vc_row][vc_column][vc_column_text] Tournois au BeachIN BeachIN organise r\u00e9guli\u00e8rement des tournois de sports de plage. Principalement des tournois de beachvolley, mais aussi des tournois pour d&#8217;autres sports de plage comme le tennis de plage, le beach soccer, le beachminton ou le beach handball ou plusieurs disciplines. Le BeachIN dispose d&#8217;une infrastructure moderne (syst\u00e8me de haut-parleurs avec microphone <a class=\"more-link\" href=\"https:\/\/beachin.ch\/fr\/sport-de-plage\/tournois\/\">weiterlesen&#8230;<\/a><\/p>\n","protected":false},"author":1,"featured_media":0,"parent":1229,"menu_order":0,"comment_status":"closed","ping_status":"closed","template":"","meta":{"footnotes":""},"yoast_head":"<!-- This site is optimized with the Yoast SEO plugin v14.4.1 - https:\/\/yoast.com\/wordpress\/plugins\/seo\/ -->\n<title>Tournois &ndash; BeachIN Sport, Bar &amp; Hotel<\/title>\n<meta name=\"description\" content=\"Inscris-toi et ton \u00e9quipe \u00e0 un tournois dans le hall BeachIN! Peu importe si tu est d\u00e9butant ou avanc\u00e9. Il y en a quelque chose pour tout le monde!\" \/>\n<meta name=\"robots\" content=\"index, follow\" \/>\n<meta name=\"googlebot\" content=\"index, follow, max-snippet:-1, max-image-preview:large, max-video-preview:-1\" \/>\n<meta name=\"bingbot\" content=\"index, follow, max-snippet:-1, max-image-preview:large, max-video-preview:-1\" \/>\n<link rel=\"canonical\" href=\"https:\/\/beachin.ch\/fr\/sport-de-plage\/tournois\/\" \/>\n<meta property=\"og:locale\" content=\"fr_FR\" \/>\n<meta property=\"og:type\" content=\"article\" \/>\n<meta property=\"og:title\" content=\"Tournois &ndash; BeachIN Sport, Bar &amp; Hotel\" \/>\n<meta property=\"og:description\" content=\"Inscris-toi et ton \u00e9quipe \u00e0 un tournois dans le hall BeachIN! Peu importe si tu est d\u00e9butant ou avanc\u00e9. Il y en a quelque chose pour tout le monde!\" \/>\n<meta property=\"og:url\" content=\"https:\/\/beachin.ch\/fr\/sport-de-plage\/tournois\/\" \/>\n<meta property=\"og:site_name\" content=\"BeachIN Sport, Bar &amp; Hotel\" \/>\n<meta property=\"article:modified_time\" content=\"2024-02-07T16:27:35+00:00\" \/>\n<meta name=\"twitter:card\" content=\"summary_large_image\" \/>\n<script type=\"application\/ld+json\" class=\"yoast-schema-graph\">{\"@context\":\"https:\/\/schema.org\",\"@graph\":[{\"@type\":\"WebSite\",\"@id\":\"https:\/\/beachin.ch\/fr\/#website\",\"url\":\"https:\/\/beachin.ch\/fr\/\",\"name\":\"BeachIN Sport, Bar &amp; Hotel\",\"description\":\"Strandfeeling das ganze Jahr!\",\"potentialAction\":[{\"@type\":\"SearchAction\",\"target\":\"https:\/\/beachin.ch\/fr\/?s={search_term_string}\",\"query-input\":\"required name=search_term_string\"}],\"inLanguage\":\"fr-FR\"},{\"@type\":\"WebPage\",\"@id\":\"https:\/\/beachin.ch\/fr\/sport-de-plage\/tournois\/#webpage\",\"url\":\"https:\/\/beachin.ch\/fr\/sport-de-plage\/tournois\/\",\"name\":\"Tournois &ndash; BeachIN Sport, Bar &amp; Hotel\",\"isPartOf\":{\"@id\":\"https:\/\/beachin.ch\/fr\/#website\"},\"datePublished\":\"2019-09-24T11:18:59+00:00\",\"dateModified\":\"2024-02-07T16:27:35+00:00\",\"description\":\"Inscris-toi et ton \\u00e9quipe \\u00e0 un tournois dans le hall BeachIN! Peu importe si tu est d\\u00e9butant ou avanc\\u00e9. Il y en a quelque chose pour tout le monde!\",\"inLanguage\":\"fr-FR\",\"potentialAction\":[{\"@type\":\"ReadAction\",\"target\":[\"https:\/\/beachin.ch\/fr\/sport-de-plage\/tournois\/\"]}]}]}<\/script>\n<!-- \/ Yoast SEO plugin. -->","_links":{"self":[{"href":"https:\/\/beachin.ch\/fr\/wp-json\/wp\/v2\/pages\/6276"}],"collection":[{"href":"https:\/\/beachin.ch\/fr\/wp-json\/wp\/v2\/pages"}],"about":[{"href":"https:\/\/beachin.ch\/fr\/wp-json\/wp\/v2\/types\/page"}],"author":[{"embeddable":true,"href":"https:\/\/beachin.ch\/fr\/wp-json\/wp\/v2\/users\/1"}],"replies":[{"embeddable":true,"href":"https:\/\/beachin.ch\/fr\/wp-json\/wp\/v2\/comments?post=6276"}],"version-history":[{"count":69,"href":"https:\/\/beachin.ch\/fr\/wp-json\/wp\/v2\/pages\/6276\/revisions"}],"predecessor-version":[{"id":23652,"href":"https:\/\/beachin.ch\/fr\/wp-json\/wp\/v2\/pages\/6276\/revisions\/23652"}],"up":[{"embeddable":true,"href":"https:\/\/beachin.ch\/fr\/wp-json\/wp\/v2\/pages\/1229"}],"wp:attachment":[{"href":"https:\/\/beachin.ch\/fr\/wp-json\/wp\/v2\/media?parent=6276"}],"curies":[{"name":"wp","href":"https:\/\/api.w.org\/{rel}","templated":true}]}}