{"id":6255,"date":"2019-09-23T14:52:14","date_gmt":"2019-09-23T12:52:14","guid":{"rendered":"https:\/\/beachin.ch\/evenements\/back-to-summer-party\/"},"modified":"2019-11-15T15:41:30","modified_gmt":"2019-11-15T14:41:30","slug":"back-to-summer-party","status":"publish","type":"page","link":"https:\/\/beachin.ch\/fr\/evenements\/back-to-summer-party\/","title":{"rendered":"Back to summer party"},"content":{"rendered":"<div class=\"wpb-content-wrapper\"><p>[vc_row][vc_column][vc_column_text]<\/p>\n<h1>BACK TO SUMMER PARTY<\/h1>\n<p>Afin de se rem\u00e9morer les bons souvenirs d&#8217;\u00e9t\u00e9, nous organisons une f\u00eate estivale le 23 novembre 2019.<\/p>\n<p>Oubliez la fra\u00eecheur automnale et venez vous r\u00e9chauffer \u00e0 la BACK TO SUMMER PARTY!![\/vc_column_text][vc_column_text]<strong>La f\u00eate sera sur le sable!\u00a0<\/strong><\/p>\n<p><strong>Entr\u00e9e<\/strong> | Gratuit<br \/>\n<strong>D\u00e9but <\/strong>| 22.00<br \/>\n<strong>Fin<\/strong> | 03.00<br \/>\n<strong>Limite d&#8217;\u00e2ge <\/strong>| +16 ans<br \/>\n<strong>Happy Hour<\/strong> | De 22.00 \u00e0 23.00<br \/>\n<strong>Endroit pour dormir |<\/strong>H\u00f4tel BeachIN (chambre priv\u00e9e ou dortoir) sur demande: +41 32 312 00 66 | <a href=\"https:\/\/wa.me\/41784108457\" target=\"_blank\" rel=\"noopener noreferrer\">Whatsapp<\/a> | <a href=\"mailto:sonne@beachin.ch\">sonne(at)beachin.ch<\/a><\/p>\n<p><strong>Drinks<\/strong> | longdrinks: CHF 11.&#8211; | shots: CHF 5.&#8211; \/ CHF 6.&#8211; | bi\u00e8re: CHF 4.&#8211; | vin: CHF 6.&#8211;<br \/>\n<strong>Musique<\/strong>\u00a0 | All style summer hits, des ann\u00e9es 80 \u00e0 aujourd&#8217;hui[\/vc_column_text][\/vc_column][\/vc_row][vc_row][vc_column][vc_btn title=&#8221;D\u00e9pliant \u00bb&#8221; style=&#8221;flat&#8221; color=&#8221;info&#8221; size=&#8221;lg&#8221; align=&#8221;left&#8221; link=&#8221;url:https%3A%2F%2Fbeachin.ch%2Fwp-content%2Fuploads%2F2019%2F09%2FSUMMERPARTY_beachin_webseite.pdf|target:%20_blank|&#8221;][\/vc_column][\/vc_row][vc_row][vc_column][vc_column_text][\/vc_column_text][\/vc_column][\/vc_row]<\/p>\n<\/div>","protected":false},"excerpt":{"rendered":"<p>[vc_row][vc_column][vc_column_text] BACK TO SUMMER PARTY Afin de se rem\u00e9morer les bons souvenirs d&#8217;\u00e9t\u00e9, nous organisons une f\u00eate estivale le 23 novembre 2019. Oubliez la fra\u00eecheur automnale et venez vous r\u00e9chauffer \u00e0 la BACK TO SUMMER PARTY!![\/vc_column_text][vc_column_text]La f\u00eate sera sur le sable!\u00a0 Entr\u00e9e | Gratuit D\u00e9but | 22.00 Fin | 03.00 Limite d&#8217;\u00e2ge | +16 ans <a class=\"more-link\" href=\"https:\/\/beachin.ch\/fr\/evenements\/back-to-summer-party\/\">weiterlesen&#8230;<\/a><\/p>\n","protected":false},"author":1,"featured_media":0,"parent":1216,"menu_order":0,"comment_status":"closed","ping_status":"closed","template":"","meta":{"footnotes":""},"yoast_head":"<!-- This site is optimized with the Yoast SEO plugin v14.4.1 - https:\/\/yoast.com\/wordpress\/plugins\/seo\/ -->\n<title>Back to summer party &ndash; BeachIN Sport, Bar &amp; Hotel<\/title>\n<meta name=\"robots\" content=\"index, follow\" \/>\n<meta name=\"googlebot\" content=\"index, follow, max-snippet:-1, max-image-preview:large, max-video-preview:-1\" \/>\n<meta name=\"bingbot\" content=\"index, follow, max-snippet:-1, max-image-preview:large, max-video-preview:-1\" \/>\n<link rel=\"canonical\" href=\"https:\/\/beachin.ch\/fr\/evenements\/back-to-summer-party\/\" \/>\n<meta property=\"og:locale\" content=\"fr_FR\" \/>\n<meta property=\"og:type\" content=\"article\" \/>\n<meta property=\"og:title\" content=\"Back to summer party &ndash; BeachIN Sport, Bar &amp; Hotel\" \/>\n<meta property=\"og:description\" content=\"[vc_row][vc_column][vc_column_text] BACK TO SUMMER PARTY Afin de se rem\u00e9morer les bons souvenirs d&#8217;\u00e9t\u00e9, nous organisons une f\u00eate estivale le 23 novembre 2019. Oubliez la fra\u00eecheur automnale et venez vous r\u00e9chauffer \u00e0 la BACK TO SUMMER PARTY!![\/vc_column_text][vc_column_text]La f\u00eate sera sur le sable!\u00a0 Entr\u00e9e | Gratuit D\u00e9but | 22.00 Fin | 03.00 Limite d&#8217;\u00e2ge | +16 ans weiterlesen...\" \/>\n<meta property=\"og:url\" content=\"https:\/\/beachin.ch\/fr\/evenements\/back-to-summer-party\/\" \/>\n<meta property=\"og:site_name\" content=\"BeachIN Sport, Bar &amp; Hotel\" \/>\n<meta property=\"article:modified_time\" content=\"2019-11-15T14:41:30+00:00\" \/>\n<meta name=\"twitter:card\" content=\"summary_large_image\" \/>\n<script type=\"application\/ld+json\" class=\"yoast-schema-graph\">{\"@context\":\"https:\/\/schema.org\",\"@graph\":[{\"@type\":\"WebSite\",\"@id\":\"https:\/\/beachin.ch\/fr\/#website\",\"url\":\"https:\/\/beachin.ch\/fr\/\",\"name\":\"BeachIN Sport, Bar &amp; Hotel\",\"description\":\"Strandfeeling das ganze Jahr!\",\"potentialAction\":[{\"@type\":\"SearchAction\",\"target\":\"https:\/\/beachin.ch\/fr\/?s={search_term_string}\",\"query-input\":\"required name=search_term_string\"}],\"inLanguage\":\"fr-FR\"},{\"@type\":\"WebPage\",\"@id\":\"https:\/\/beachin.ch\/fr\/evenements\/back-to-summer-party\/#webpage\",\"url\":\"https:\/\/beachin.ch\/fr\/evenements\/back-to-summer-party\/\",\"name\":\"Back to summer party &ndash; BeachIN Sport, Bar &amp; Hotel\",\"isPartOf\":{\"@id\":\"https:\/\/beachin.ch\/fr\/#website\"},\"datePublished\":\"2019-09-23T12:52:14+00:00\",\"dateModified\":\"2019-11-15T14:41:30+00:00\",\"inLanguage\":\"fr-FR\",\"potentialAction\":[{\"@type\":\"ReadAction\",\"target\":[\"https:\/\/beachin.ch\/fr\/evenements\/back-to-summer-party\/\"]}]}]}<\/script>\n<!-- \/ Yoast SEO plugin. -->","_links":{"self":[{"href":"https:\/\/beachin.ch\/fr\/wp-json\/wp\/v2\/pages\/6255"}],"collection":[{"href":"https:\/\/beachin.ch\/fr\/wp-json\/wp\/v2\/pages"}],"about":[{"href":"https:\/\/beachin.ch\/fr\/wp-json\/wp\/v2\/types\/page"}],"author":[{"embeddable":true,"href":"https:\/\/beachin.ch\/fr\/wp-json\/wp\/v2\/users\/1"}],"replies":[{"embeddable":true,"href":"https:\/\/beachin.ch\/fr\/wp-json\/wp\/v2\/comments?post=6255"}],"version-history":[{"count":8,"href":"https:\/\/beachin.ch\/fr\/wp-json\/wp\/v2\/pages\/6255\/revisions"}],"predecessor-version":[{"id":8179,"href":"https:\/\/beachin.ch\/fr\/wp-json\/wp\/v2\/pages\/6255\/revisions\/8179"}],"up":[{"embeddable":true,"href":"https:\/\/beachin.ch\/fr\/wp-json\/wp\/v2\/pages\/1216"}],"wp:attachment":[{"href":"https:\/\/beachin.ch\/fr\/wp-json\/wp\/v2\/media?parent=6255"}],"curies":[{"name":"wp","href":"https:\/\/api.w.org\/{rel}","templated":true}]}}