{"id":6253,"date":"2019-09-23T14:48:44","date_gmt":"2019-09-23T12:48:44","guid":{"rendered":"https:\/\/beachin.ch\/evenement-modele\/"},"modified":"2020-02-04T13:23:01","modified_gmt":"2020-02-04T12:23:01","slug":"evenement-entreprise","status":"publish","type":"page","link":"https:\/\/beachin.ch\/fr\/evenements\/paquets-devenement\/evenement-entreprise\/","title":{"rendered":"\u00c9v\u00e9nement d&#8217;entreprise \/ d&#8217;\u00e9quipe"},"content":{"rendered":"<div class=\"wpb-content-wrapper\"><p>[vc_row][vc_column][vc_column_text]<\/p>\n<h1><strong>Notre suggestion pour un \u00e9v\u00e9nement d&#8217;entreprise \/ d&#8217;\u00e9quipe&#8230;<\/strong><\/h1>\n<p><strong>Nombre des personnes dans cet exemple\u00a0<\/strong>\u00a0 \u00a0environ<span style=\"font-family: 'Open Sans', sans-serif; font-size: 16px;\">\u00a060<\/span><\/p>\n<h1>Programme<\/h1>\n<p><strong>Pendant la journ\u00e9e<\/strong>\u00a0 \u00a0Construction de l&#8217;infrastructure<br \/>\n<strong>16:30<\/strong>\u00a0 \u00a0Arriv\u00e9e des h\u00f4tes<br \/>\n<strong>16:30 &#8211; 19:30\u00a0<\/strong>\u00a0 Tournoi de volley de plage et <a href=\"https:\/\/beachin.ch\/fr\/evenements\/olympiade-des-jeux\/\">Olympiade des jeux<\/a> dans le sable \/ Ap\u00e9ro<br \/>\n<strong>19:30 &#8211; 21:00<\/strong>\u00a0 \u00a0D\u00eener dans le sable \/ Proclamation des r\u00e9sultats de l&#8217;Olympiade<br \/>\n<strong>21:00 &#8211; Open End<\/strong>\u00a0 \u00a0F\u00eate \u00e0 la plage avec musique et bar[\/vc_column_text][vc_single_image image=&#8221;6240&#8243; img_size=&#8221;full&#8221; title=&#8221;Structure du hall &#8220;][vc_column_text]<\/p>\n<h3>Prix<\/h3>\n<p>Inclus:<\/p>\n<ul>\n<li>Frais de location de l&#8217;entier hall (environ 12h)<\/li>\n<li>Frais de location de l&#8217;infrastructure (tables, chaises, lounges, bar, \u00e9cran LED, \u00e9clairage, d\u00e9coration etc.)<\/li>\n<li>Personnel de service et de soutien pendant tout l&#8217;\u00e9v\u00e9nement<\/li>\n<li>Ap\u00e9ro<\/li>\n<li>D\u00eener avec dessert<\/li>\n<li>Prix forfaitaire pour les boissons<\/li>\n<\/ul>\n<p>Les co\u00fbts dans cette exemple s&#8217;\u00e9l\u00e8vent \u00e0 environ <strong>CHF 130.\u2013 par personne<\/strong>.[\/vc_column_text][vc_images_carousel images=&#8221;6209,6206,6224,6221,6215,6212,6218,6227&#8243; img_size=&#8221;780&#215;570&#8243; autoplay=&#8221;yes&#8221; wrap=&#8221;yes&#8221;][vc_separator][vc_column_text]Les prix indiqu\u00e9 sert uniquement comme exemple. Les prix d\u00e9pendent de plusieurs variables (le menu, la dur\u00e9e, le nombre de personnes&#8230;).<\/p>\n<p>Appelle-nous ou envoie-nous un email et fais-toi \u00e9tablir une offre individuelle et sans engagement![\/vc_column_text][vc_btn title=&#8221;Contact&#8221; link=&#8221;url:https%3A%2F%2Fbeachin.ch%2Ffr%2Fcontact%2F|title:Contact|&#8221;][vc_empty_space][\/vc_column][\/vc_row]<\/p>\n<\/div>","protected":false},"excerpt":{"rendered":"<p>[vc_row][vc_column][vc_column_text] Notre suggestion pour un \u00e9v\u00e9nement d&#8217;entreprise \/ d&#8217;\u00e9quipe&#8230; Nombre des personnes dans cet exemple\u00a0\u00a0 \u00a0environ\u00a060 Programme Pendant la journ\u00e9e\u00a0 \u00a0Construction de l&#8217;infrastructure 16:30\u00a0 \u00a0Arriv\u00e9e des h\u00f4tes 16:30 &#8211; 19:30\u00a0\u00a0 Tournoi de volley de plage et Olympiade des jeux dans le sable \/ Ap\u00e9ro 19:30 &#8211; 21:00\u00a0 \u00a0D\u00eener dans le sable \/ Proclamation des r\u00e9sultats <a class=\"more-link\" href=\"https:\/\/beachin.ch\/fr\/evenements\/paquets-devenement\/evenement-entreprise\/\">weiterlesen&#8230;<\/a><\/p>\n","protected":false},"author":1,"featured_media":0,"parent":6555,"menu_order":0,"comment_status":"closed","ping_status":"closed","template":"","meta":{"footnotes":""},"yoast_head":"<!-- This site is optimized with the Yoast SEO plugin v14.4.1 - https:\/\/yoast.com\/wordpress\/plugins\/seo\/ -->\n<title>\u00c9v\u00e9nement d&#039;entreprise \/ d&#039;\u00e9quipe sur la plage &ndash; BeachIN Sport, Bar &amp; Hotel<\/title>\n<meta name=\"description\" content=\"Passe un \u00e9v\u00e9nement d&#039;entreprise \/ d&#039;\u00e9quipe inoubliable. Nous te cr\u00e9ons volontiers un \u00e9v\u00e9nement parfaitement adapt\u00e9 pour ton entreprise\/ton \u00e9quipe!\" \/>\n<meta name=\"robots\" content=\"index, follow\" \/>\n<meta name=\"googlebot\" content=\"index, follow, max-snippet:-1, max-image-preview:large, max-video-preview:-1\" \/>\n<meta name=\"bingbot\" content=\"index, follow, max-snippet:-1, max-image-preview:large, max-video-preview:-1\" \/>\n<link rel=\"canonical\" href=\"https:\/\/beachin.ch\/fr\/evenements\/paquets-devenement\/evenement-entreprise\/\" \/>\n<meta property=\"og:locale\" content=\"fr_FR\" \/>\n<meta property=\"og:type\" content=\"article\" \/>\n<meta property=\"og:title\" content=\"\u00c9v\u00e9nement d&#039;entreprise \/ d&#039;\u00e9quipe sur la plage &ndash; BeachIN Sport, Bar &amp; Hotel\" \/>\n<meta property=\"og:description\" content=\"Passe un \u00e9v\u00e9nement d&#039;entreprise \/ d&#039;\u00e9quipe inoubliable. Nous te cr\u00e9ons volontiers un \u00e9v\u00e9nement parfaitement adapt\u00e9 pour ton entreprise\/ton \u00e9quipe!\" \/>\n<meta property=\"og:url\" content=\"https:\/\/beachin.ch\/fr\/evenements\/paquets-devenement\/evenement-entreprise\/\" \/>\n<meta property=\"og:site_name\" content=\"BeachIN Sport, Bar &amp; Hotel\" \/>\n<meta property=\"article:modified_time\" content=\"2020-02-04T12:23:01+00:00\" \/>\n<meta name=\"twitter:card\" content=\"summary_large_image\" \/>\n<script type=\"application\/ld+json\" class=\"yoast-schema-graph\">{\"@context\":\"https:\/\/schema.org\",\"@graph\":[{\"@type\":\"WebSite\",\"@id\":\"https:\/\/beachin.ch\/fr\/#website\",\"url\":\"https:\/\/beachin.ch\/fr\/\",\"name\":\"BeachIN Sport, Bar &amp; Hotel\",\"description\":\"Strandfeeling das ganze Jahr!\",\"potentialAction\":[{\"@type\":\"SearchAction\",\"target\":\"https:\/\/beachin.ch\/fr\/?s={search_term_string}\",\"query-input\":\"required name=search_term_string\"}],\"inLanguage\":\"fr-FR\"},{\"@type\":\"WebPage\",\"@id\":\"https:\/\/beachin.ch\/fr\/evenements\/paquets-devenement\/evenement-entreprise\/#webpage\",\"url\":\"https:\/\/beachin.ch\/fr\/evenements\/paquets-devenement\/evenement-entreprise\/\",\"name\":\"\\u00c9v\\u00e9nement d'entreprise \/ d'\\u00e9quipe sur la plage &ndash; BeachIN Sport, Bar &amp; Hotel\",\"isPartOf\":{\"@id\":\"https:\/\/beachin.ch\/fr\/#website\"},\"datePublished\":\"2019-09-23T12:48:44+00:00\",\"dateModified\":\"2020-02-04T12:23:01+00:00\",\"description\":\"Passe un \\u00e9v\\u00e9nement d'entreprise \/ d'\\u00e9quipe inoubliable. Nous te cr\\u00e9ons volontiers un \\u00e9v\\u00e9nement parfaitement adapt\\u00e9 pour ton entreprise\/ton \\u00e9quipe!\",\"inLanguage\":\"fr-FR\",\"potentialAction\":[{\"@type\":\"ReadAction\",\"target\":[\"https:\/\/beachin.ch\/fr\/evenements\/paquets-devenement\/evenement-entreprise\/\"]}]}]}<\/script>\n<!-- \/ Yoast SEO plugin. -->","_links":{"self":[{"href":"https:\/\/beachin.ch\/fr\/wp-json\/wp\/v2\/pages\/6253"}],"collection":[{"href":"https:\/\/beachin.ch\/fr\/wp-json\/wp\/v2\/pages"}],"about":[{"href":"https:\/\/beachin.ch\/fr\/wp-json\/wp\/v2\/types\/page"}],"author":[{"embeddable":true,"href":"https:\/\/beachin.ch\/fr\/wp-json\/wp\/v2\/users\/1"}],"replies":[{"embeddable":true,"href":"https:\/\/beachin.ch\/fr\/wp-json\/wp\/v2\/comments?post=6253"}],"version-history":[{"count":4,"href":"https:\/\/beachin.ch\/fr\/wp-json\/wp\/v2\/pages\/6253\/revisions"}],"predecessor-version":[{"id":10104,"href":"https:\/\/beachin.ch\/fr\/wp-json\/wp\/v2\/pages\/6253\/revisions\/10104"}],"up":[{"embeddable":true,"href":"https:\/\/beachin.ch\/fr\/wp-json\/wp\/v2\/pages\/6555"}],"wp:attachment":[{"href":"https:\/\/beachin.ch\/fr\/wp-json\/wp\/v2\/media?parent=6253"}],"curies":[{"name":"wp","href":"https:\/\/api.w.org\/{rel}","templated":true}]}}