{"id":6052,"date":"2019-09-18T14:51:30","date_gmt":"2019-09-18T12:51:30","guid":{"rendered":"https:\/\/beachin.ch\/coaching\/"},"modified":"2019-09-18T14:51:30","modified_gmt":"2019-09-18T12:51:30","slug":"coaching","status":"publish","type":"page","link":"https:\/\/beachin.ch\/fr\/coaching\/","title":{"rendered":"Coaching"},"content":{"rendered":"<div class=\"wpb-content-wrapper\"><p>[vc_row][vc_column][vc_column_text]<\/p>\n<h1>Coaches<\/h1>\n<p>Peu importe si tu est grand ou petit, jeune ou vieux: Tu peux toujours faire\u00a0 plus d&#8217; experiences! Nos coaches t&#8217; enseigneront tous ce que l&#8217;on doit savoir sur le volley de plage et beaucoup plus! Naturellement, nos coaches peuvent \u00eatre r\u00e9serv\u00e9s individuellement pour des groupes ou des \u00e9quipes. <a href=\"https:\/\/beachin.ch\/fr\/contact\/\">Contacte-nous<\/a>, nous vous conseillerons volontier![\/vc_column_text][\/vc_column][\/vc_row][vc_row][vc_column width=&#8221;1\/4&#8243;][vc_single_image image=&#8221;1135&#8243;][\/vc_column][vc_column width=&#8221;1\/4&#8243;][vc_column_text]<\/p>\n<h3>Martin Laciga<\/h3>\n<p>Martin Laciga a beaucoup d&#8217; exp\u00e9rience puisque il est multiple champion de la Suisse, d&#8217; Europe, vice-champion du monde et m\u00eame participant olympique. Il partage cette exp\u00e9rience avec plaisir pendant les cours et la transforme dans des conseils de volley de plage pratique. Qui sait, peut-\u00eatre tu suivras ses trace assez rapidement.[\/vc_column_text][\/vc_column][vc_column width=&#8221;1\/4&#8243;][\/vc_column][vc_column width=&#8221;1\/4&#8243;][vc_column_text]<\/p>\n<h3>J\u00e9r\u00f4me Siegenthaler<\/h3>\n<p>J\u00e9r\u00f4me Schmid est joueur de volley et coach de volley et volley de plage\u00a0de J&amp;S exp\u00e9riment\u00e9. Il t&#8217; apprends avec plaisir le sport du sable dans des aspects th\u00e9oriques et pratiques. Avec lui tu est s\u00fbrement sur la bonne voie de devenir un expert.[\/vc_column_text][\/vc_column][\/vc_row][vc_row][vc_column width=&#8221;1\/4&#8243;][\/vc_column][vc_column width=&#8221;1\/4&#8243;][vc_column_text]<\/p>\n<h3>R\u00e9n\u00e9 Schreyer<\/h3>\n<p>[\/vc_column_text][\/vc_column][vc_column width=&#8221;1\/4&#8243;][\/vc_column][vc_column width=&#8221;1\/4&#8243;][vc_column_text]<\/p>\n<h3>Simone Deluigi<\/h3>\n<p>Smone Deluigi est un sportif de plage habile, coach de condition bien inform\u00e9 et coach de volley et volley de plage de J&amp;S. \u00c9largis ta connaissance sur le volley de plage avec lui et n&#8217;apprend pas seulement tous sur le volley de plage mais aussi sur ta condition physique.[\/vc_column_text][\/vc_column][\/vc_row]<\/p>\n<\/div>","protected":false},"excerpt":{"rendered":"<p>[vc_row][vc_column][vc_column_text] Coaches Peu importe si tu est grand ou petit, jeune ou vieux: Tu peux toujours faire\u00a0 plus d&#8217; experiences! Nos coaches t&#8217; enseigneront tous ce que l&#8217;on doit savoir sur le volley de plage et beaucoup plus! Naturellement, nos coaches peuvent \u00eatre r\u00e9serv\u00e9s individuellement pour des groupes ou des \u00e9quipes. Contacte-nous, nous vous conseillerons <a class=\"more-link\" href=\"https:\/\/beachin.ch\/fr\/coaching\/\">weiterlesen&#8230;<\/a><\/p>\n","protected":false},"author":1,"featured_media":0,"parent":0,"menu_order":0,"comment_status":"closed","ping_status":"closed","template":"","meta":{"footnotes":""},"yoast_head":"<!-- This site is optimized with the Yoast SEO plugin v14.4.1 - https:\/\/yoast.com\/wordpress\/plugins\/seo\/ -->\n<title>Coaching &ndash; BeachIN Sport, Bar &amp; Hotel<\/title>\n<meta name=\"robots\" content=\"index, follow\" \/>\n<meta name=\"googlebot\" content=\"index, follow, max-snippet:-1, max-image-preview:large, max-video-preview:-1\" \/>\n<meta name=\"bingbot\" content=\"index, follow, max-snippet:-1, max-image-preview:large, max-video-preview:-1\" \/>\n<link rel=\"canonical\" href=\"https:\/\/beachin.ch\/fr\/coaching\/\" \/>\n<meta property=\"og:locale\" content=\"fr_FR\" \/>\n<meta property=\"og:type\" content=\"article\" \/>\n<meta property=\"og:title\" content=\"Coaching &ndash; BeachIN Sport, Bar &amp; Hotel\" \/>\n<meta property=\"og:description\" content=\"[vc_row][vc_column][vc_column_text] Coaches Peu importe si tu est grand ou petit, jeune ou vieux: Tu peux toujours faire\u00a0 plus d&#8217; experiences! Nos coaches t&#8217; enseigneront tous ce que l&#8217;on doit savoir sur le volley de plage et beaucoup plus! Naturellement, nos coaches peuvent \u00eatre r\u00e9serv\u00e9s individuellement pour des groupes ou des \u00e9quipes. Contacte-nous, nous vous conseillerons weiterlesen...\" \/>\n<meta property=\"og:url\" content=\"https:\/\/beachin.ch\/fr\/coaching\/\" \/>\n<meta property=\"og:site_name\" content=\"BeachIN Sport, Bar &amp; Hotel\" \/>\n<meta name=\"twitter:card\" content=\"summary_large_image\" \/>\n<script type=\"application\/ld+json\" class=\"yoast-schema-graph\">{\"@context\":\"https:\/\/schema.org\",\"@graph\":[{\"@type\":\"WebSite\",\"@id\":\"https:\/\/beachin.ch\/fr\/#website\",\"url\":\"https:\/\/beachin.ch\/fr\/\",\"name\":\"BeachIN Sport, Bar &amp; Hotel\",\"description\":\"Strandfeeling das ganze Jahr!\",\"potentialAction\":[{\"@type\":\"SearchAction\",\"target\":\"https:\/\/beachin.ch\/fr\/?s={search_term_string}\",\"query-input\":\"required name=search_term_string\"}],\"inLanguage\":\"fr-FR\"},{\"@type\":\"WebPage\",\"@id\":\"https:\/\/beachin.ch\/fr\/coaching\/#webpage\",\"url\":\"https:\/\/beachin.ch\/fr\/coaching\/\",\"name\":\"Coaching &ndash; BeachIN Sport, Bar &amp; Hotel\",\"isPartOf\":{\"@id\":\"https:\/\/beachin.ch\/fr\/#website\"},\"datePublished\":\"2019-09-18T12:51:30+00:00\",\"dateModified\":\"2019-09-18T12:51:30+00:00\",\"inLanguage\":\"fr-FR\",\"potentialAction\":[{\"@type\":\"ReadAction\",\"target\":[\"https:\/\/beachin.ch\/fr\/coaching\/\"]}]}]}<\/script>\n<!-- \/ Yoast SEO plugin. -->","_links":{"self":[{"href":"https:\/\/beachin.ch\/fr\/wp-json\/wp\/v2\/pages\/6052"}],"collection":[{"href":"https:\/\/beachin.ch\/fr\/wp-json\/wp\/v2\/pages"}],"about":[{"href":"https:\/\/beachin.ch\/fr\/wp-json\/wp\/v2\/types\/page"}],"author":[{"embeddable":true,"href":"https:\/\/beachin.ch\/fr\/wp-json\/wp\/v2\/users\/1"}],"replies":[{"embeddable":true,"href":"https:\/\/beachin.ch\/fr\/wp-json\/wp\/v2\/comments?post=6052"}],"version-history":[{"count":1,"href":"https:\/\/beachin.ch\/fr\/wp-json\/wp\/v2\/pages\/6052\/revisions"}],"predecessor-version":[{"id":6053,"href":"https:\/\/beachin.ch\/fr\/wp-json\/wp\/v2\/pages\/6052\/revisions\/6053"}],"wp:attachment":[{"href":"https:\/\/beachin.ch\/fr\/wp-json\/wp\/v2\/media?parent=6052"}],"curies":[{"name":"wp","href":"https:\/\/api.w.org\/{rel}","templated":true}]}}