{"id":5977,"date":"2019-09-17T14:11:10","date_gmt":"2019-09-17T12:11:10","guid":{"rendered":"https:\/\/beachin.ch\/plan-de-situation\/"},"modified":"2021-06-16T14:53:18","modified_gmt":"2021-06-16T12:53:18","slug":"plan-de-situation","status":"publish","type":"page","link":"https:\/\/beachin.ch\/fr\/plan-de-situation\/","title":{"rendered":"Plan de situation"},"content":{"rendered":"<div class=\"wpb-content-wrapper\"><p>[vc_row][vc_column][vc_column_text]<\/p>\n<h1>Voici comment tu nous trouveras<\/h1>\n<p>BeachIN se trouve dans la zone commerciale R\u00e4mismatte \u00e0 Ins. BeachIN est nich\u00e9 dans une zone offrant de tr\u00e8s bonnes liaisons de transport et en m\u00eame temps dans un environnement calme. Directement \u00e0 proximit\u00e9 se trouve le magasin Landi et aussi une station-service de Agrola. Quelques minutes \u00e0 pied ou en fauteuil roulant suffisent pour se rendre \u00e0 la gare de Anet (Ins) (1 km) et m\u00eame le centre de village, o\u00f9 se trouvent plusieurs restaurants et magasins, est seulement \u00e0 1,2 km du BeachIN. Anet (Ins) se trouve au coeur de la belle r\u00e9gion trois-lacs et au grand jardin potager de la Suisse.<\/p>\n<p><strong>Arriv\u00e9e par les transports publics:<\/strong><br \/>\nDepuis Anet (Ins) on a des liaisons directes vers Berne (Bern), Bienne (Biel), Neuch\u00e2tel (Neuenburg), Morat (Murten), Fribourg (Freiburg) et Cerlier (Erlach). Tous les trains et cars postaux conduisent r\u00e9guli\u00e8rement par heure ou m\u00eame par demi-heure. Nous offrons une navette qui conduira toi et tes bagages jusqu&#8217;\u00e0 la gare.<\/p>\n<p><strong>Arriv\u00e9e en voiture:<\/strong><br \/>\n<em>D\u00e9part de Morat (Murten):<\/em> Prendre la route cantonale via Sugiez \u00e0 Anet (Ins) (environ 10 km). Apr\u00e8s cela prendre la deuxi\u00e8me sortie dans le giratoire Landi (station-service Agrola) \u00e0 la direction R\u00e4mismatte. Passer le magasin Landi et tourner \u00e0 gauche deux fois.<br \/>\n<em>D\u00e9part de Bienne (Biel):<\/em> Prendre la route principale via Chouffaille (T\u00e4ufelen) et Breti\u00e8ge (Br\u00fcttelen), arriv\u00e9 au centre du village tourner \u00e0 gauche en direction de Morat (Murten), traverser la ligne ferroviaire et tourner \u00e0 droite juste avant le giratoire, tourner \u00e0 droite une deuxi\u00e8me fois (en passant le magasin Landi) et tourner \u00e0 gauche deux fois.<br \/>\nAutrement via N5, le long du lac jusqu&#8217;\u00e0 la sorite Thielle (H\u00e4usern) \/ Champion (Gampelen). Continuer sur la route de contournement H10 \/ T10 jusqu&#8217;\u00e0 le giratoire Landi. Prendre la troisi\u00e8me sortie, passer le magasin Landi, tourner deux fois \u00e0 gauche.<br \/>\n<em>D\u00e9part de Neuch\u00e2tel:<\/em> Prendre N5 jusqu&#8217;\u00e0 la sprtoe Thielle (H\u00e4usern) \/ Champion (Gampelen). Continuer sur la route H10 \/ T10 jusqu&#8217;\u00e0 le giratoire Landi. Prendre la troisi\u00e8me sortie, passer le magasin Landi, tourner deux fois \u00e0 gauche.<\/p>\n<p><strong>Arriv\u00e9e avec le v\u00e9lo<\/strong><br \/>\nSur beaucoup des routes de v\u00e9lo nationaux et r\u00e9gionaux de SuisseMobile (par exemple la route 5 = Lac de Constance &#8211; Lac L\u00e9man, route 59 = r\u00e9gion Gessenay (Saanenlad) &#8211; r\u00e9gion Fribourg, route 94 = L&#8217;areuse &#8211; Emme &#8211; Sihl, route 8 = route-Aar) Anet (Ins) est un lieu de passage ou m\u00eame un lieu d&#8217;\u00e9tape. Arriv\u00e9 au giratoire: Suivre les indications &#8220;BeachIN&#8221;.[\/vc_column_text][vc_column_text]<\/p>\n<ul>\n<li><a href=\"https:\/\/beachin.ch\/wp-content\/uploads\/2019\/09\/Lageplan-Beachin_-v3.pdf\" target=\"_blank\" rel=\"noopener noreferrer\">description de l&#8217;itin\u00e9raire en PDF<br \/>\n(allemand)<\/a><\/li>\n<li><a href=\"https:\/\/goo.gl\/maps\/VnTZxFFoHJZ7MPuPA\">au planificateur d&#8217;itin\u00e9raire<\/a><\/li>\n<\/ul>\n<p>[\/vc_column_text][\/vc_column][\/vc_row][vc_row][vc_column][vc_gmaps link=&#8221;#E-8_JTNDaWZyYW1lJTIwc3JjJTNEJTIyaHR0cHMlM0ElMkYlMkZ3d3cuZ29vZ2xlLmNvbSUyRm1hcHMlMkZlbWJlZCUzRnBiJTNEJTIxMW0xOCUyMTFtMTIlMjExbTMlMjExZDI3MjEuMjA2OTIxNjIwNjA4MiUyMTJkNy4xMDQ1NzEzMTYzODI0NDUlMjEzZDQ2Ljk5NjkwOTg3OTE0OTA4JTIxMm0zJTIxMWYwJTIxMmYwJTIxM2YwJTIxM20yJTIxMWkxMDI0JTIxMmk3NjglMjE0ZjEzLjElMjEzbTMlMjExbTIlMjExczB4NDc4ZTExZmVjOGJkZDExMyUyNTNBMHg4M2JmNGZmYWQzYWRmNDA1JTIxMnNCZWFjaElOJTI1MjBHbWJIJTIxNWUwJTIxM20yJTIxMXNkZSUyMTJzY2glMjE0djE1Njg2MzU1NTk2NDUlMjE1bTIlMjExc2RlJTIxMnNjaCUyMiUyMHdpZHRoJTNEJTIyNjAwJTIyJTIwaGVpZ2h0JTNEJTIyNDUwJTIyJTIwZnJhbWVib3JkZXIlM0QlMjIwJTIyJTIwc3R5bGUlM0QlMjJib3JkZXIlM0EwJTNCJTIyJTIwYWxsb3dmdWxsc2NyZWVuJTNEJTIyJTIyJTNFJTNDJTJGaWZyYW1lJTNF&#8221; css=&#8221;.vc_custom_1568635947372{background-image: url(https:\/\/beachin.ch\/wp-content\/uploads\/2019\/07\/Beachin_Lageplan.png?id=5035) !important;}&#8221;][\/vc_column][\/vc_row]<\/p>\n<\/div>","protected":false},"excerpt":{"rendered":"<p>[vc_row][vc_column][vc_column_text] Voici comment tu nous trouveras BeachIN se trouve dans la zone commerciale R\u00e4mismatte \u00e0 Ins. BeachIN est nich\u00e9 dans une zone offrant de tr\u00e8s bonnes liaisons de transport et en m\u00eame temps dans un environnement calme. Directement \u00e0 proximit\u00e9 se trouve le magasin Landi et aussi une station-service de Agrola. Quelques minutes \u00e0 pied <a class=\"more-link\" href=\"https:\/\/beachin.ch\/fr\/plan-de-situation\/\">weiterlesen&#8230;<\/a><\/p>\n","protected":false},"author":1,"featured_media":0,"parent":0,"menu_order":0,"comment_status":"closed","ping_status":"closed","template":"","meta":{"footnotes":""},"yoast_head":"<!-- This site is optimized with the Yoast SEO plugin v14.4.1 - https:\/\/yoast.com\/wordpress\/plugins\/seo\/ -->\n<title>Plan de situation &ndash; BeachIN Sport, Bar &amp; Hotel<\/title>\n<meta name=\"robots\" content=\"index, follow\" \/>\n<meta name=\"googlebot\" content=\"index, follow, max-snippet:-1, max-image-preview:large, max-video-preview:-1\" \/>\n<meta name=\"bingbot\" content=\"index, follow, max-snippet:-1, max-image-preview:large, max-video-preview:-1\" \/>\n<link rel=\"canonical\" href=\"https:\/\/beachin.ch\/fr\/plan-de-situation\/\" \/>\n<meta property=\"og:locale\" content=\"fr_FR\" \/>\n<meta property=\"og:type\" content=\"article\" \/>\n<meta property=\"og:title\" content=\"Plan de situation &ndash; BeachIN Sport, Bar &amp; Hotel\" \/>\n<meta property=\"og:description\" content=\"[vc_row][vc_column][vc_column_text] Voici comment tu nous trouveras BeachIN se trouve dans la zone commerciale R\u00e4mismatte \u00e0 Ins. BeachIN est nich\u00e9 dans une zone offrant de tr\u00e8s bonnes liaisons de transport et en m\u00eame temps dans un environnement calme. Directement \u00e0 proximit\u00e9 se trouve le magasin Landi et aussi une station-service de Agrola. Quelques minutes \u00e0 pied weiterlesen...\" \/>\n<meta property=\"og:url\" content=\"https:\/\/beachin.ch\/fr\/plan-de-situation\/\" \/>\n<meta property=\"og:site_name\" content=\"BeachIN Sport, Bar &amp; Hotel\" \/>\n<meta property=\"article:modified_time\" content=\"2021-06-16T12:53:18+00:00\" \/>\n<meta name=\"twitter:card\" content=\"summary_large_image\" \/>\n<script type=\"application\/ld+json\" class=\"yoast-schema-graph\">{\"@context\":\"https:\/\/schema.org\",\"@graph\":[{\"@type\":\"WebSite\",\"@id\":\"https:\/\/beachin.ch\/fr\/#website\",\"url\":\"https:\/\/beachin.ch\/fr\/\",\"name\":\"BeachIN Sport, Bar &amp; Hotel\",\"description\":\"Strandfeeling das ganze Jahr!\",\"potentialAction\":[{\"@type\":\"SearchAction\",\"target\":\"https:\/\/beachin.ch\/fr\/?s={search_term_string}\",\"query-input\":\"required name=search_term_string\"}],\"inLanguage\":\"fr-FR\"},{\"@type\":\"WebPage\",\"@id\":\"https:\/\/beachin.ch\/fr\/plan-de-situation\/#webpage\",\"url\":\"https:\/\/beachin.ch\/fr\/plan-de-situation\/\",\"name\":\"Plan de situation &ndash; BeachIN Sport, Bar &amp; Hotel\",\"isPartOf\":{\"@id\":\"https:\/\/beachin.ch\/fr\/#website\"},\"datePublished\":\"2019-09-17T12:11:10+00:00\",\"dateModified\":\"2021-06-16T12:53:18+00:00\",\"inLanguage\":\"fr-FR\",\"potentialAction\":[{\"@type\":\"ReadAction\",\"target\":[\"https:\/\/beachin.ch\/fr\/plan-de-situation\/\"]}]}]}<\/script>\n<!-- \/ Yoast SEO plugin. -->","_links":{"self":[{"href":"https:\/\/beachin.ch\/fr\/wp-json\/wp\/v2\/pages\/5977"}],"collection":[{"href":"https:\/\/beachin.ch\/fr\/wp-json\/wp\/v2\/pages"}],"about":[{"href":"https:\/\/beachin.ch\/fr\/wp-json\/wp\/v2\/types\/page"}],"author":[{"embeddable":true,"href":"https:\/\/beachin.ch\/fr\/wp-json\/wp\/v2\/users\/1"}],"replies":[{"embeddable":true,"href":"https:\/\/beachin.ch\/fr\/wp-json\/wp\/v2\/comments?post=5977"}],"version-history":[{"count":4,"href":"https:\/\/beachin.ch\/fr\/wp-json\/wp\/v2\/pages\/5977\/revisions"}],"predecessor-version":[{"id":15729,"href":"https:\/\/beachin.ch\/fr\/wp-json\/wp\/v2\/pages\/5977\/revisions\/15729"}],"wp:attachment":[{"href":"https:\/\/beachin.ch\/fr\/wp-json\/wp\/v2\/media?parent=5977"}],"curies":[{"name":"wp","href":"https:\/\/api.w.org\/{rel}","templated":true}]}}