{"id":5929,"date":"2019-09-16T12:06:01","date_gmt":"2019-09-16T10:06:01","guid":{"rendered":"https:\/\/beachin.ch\/reserver-une-chambre\/"},"modified":"2021-12-23T14:05:15","modified_gmt":"2021-12-23T13:05:15","slug":"reserver-une-chambre","status":"publish","type":"page","link":"https:\/\/beachin.ch\/fr\/reserver-une-chambre\/","title":{"rendered":"R\u00e9server une chambre"},"content":{"rendered":"<div class=\"wpb-content-wrapper\"><p>[vc_row][vc_column][vc_column_text]<\/p>\n<h1>R\u00e9server en ligne<\/h1>\n<p>[\/vc_column_text][vc_column_text]<\/p>\n<p>Ici tu trouves toutes nos chambres en r\u00e9sum\u00e9. Ils sont nomm\u00e9es d&#8217;apr\u00e8s des \u00eeles Maledives magnifiques. Si tu choisis ta date d&#8217;arriv\u00e9e et ta date de d\u00e9part pr\u00e9f\u00e9r\u00e9e, les chambres qui sont disponibles \u00e0 ce moment-l\u00e0 sont indiqu\u00e9es. Sur la page d\u00e9taill\u00e9e tu trouveras des informations individuelles sur les chambres et toutes les dates disponibles (vert) sont indiqu\u00e9s.<\/p>\n<p>Les chambres peuvent \u00eatre r\u00e9serv\u00e9es facilement en ligne. Tu peux aussi r\u00e9server ta chambre par t\u00e9l\u00e9phone, email, personnellement sur place ou m\u00eame par <a href=\"https:\/\/beachin.ch\/fr\/contact\/\">formulaire de contact.<\/a> Si tu as encore des questions nous aidons volontier!<\/p>\n<p>[\/vc_column_text][\/vc_column][\/vc_row][vc_row][vc_column width=&#8221;1\/12&#8243;][vc_single_image image=&#8221;7468&#8243; img_size=&#8221;102&#215;96&#8243;][\/vc_column][vc_column width=&#8221;8\/12&#8243;][vc_column_text]<\/p>\n<p>Nous sommes heureux d&#8217;avoir une note de 8.9 sur Booking.com. Le BeachIn est l&#8217;un des h\u00f4tels les mieux cot\u00e9s de la r\u00e9gion.<\/p>\n<p>[\/vc_column_text][\/vc_column][vc_column width=&#8221;3\/12&#8243;][\/vc_column][\/vc_row][vc_row][vc_column][vc_column_text]\n<link rel=\"stylesheet\" type=\"text\/css\" href=\"https:\/\/beachin.ch\/wp-content\/plugins\/dopbsp\/templates\/beachin\/css\/jquery.dop.frontend.BSPSearch.css\" \/>\n<script type=\"text\/JavaScript\">\n    dopbspGoogleAPIkey = \"\";\n    jQuery(document).ready(function(){\n        jQuery(\"#DOPBSPSearch1\").DOPBSPSearch({\"availability\":{\"data\":{\"enabled\":false,\"max\":10,\"min\":1},\"text\":{\"title\":\"Aucun \\u00e9l\\u00e9ment de r\\u00e9servation\"}},\"currency\":{\"data\":{\"code\":\"CHF\",\"position\":\"before_with_space\",\"sign\":\"&#67;&#72;&#70;\",\"text\":[]}},\"days\":{\"data\":{\"first\":1,\"multipleSelect\":true},\"text\":{\"names\":[\"Dimanche\",\"Lundi\",\"Mardi\",\"Mercredi\",\"Jeudi\",\"Vendredi\",\"Samedi\"],\"shortNames\":[\"Di\",\"Lu\",\"Ma\",\"Me\",\"Je\",\"Ve\",\"Sa\"]}},\"hours\":{\"data\":{\"ampm\":false,\"definitions\":[{\"value\":\"00:00\"},{\"value\":\"01:00\"},{\"value\":\"02:00\"},{\"value\":\"03:00\"},{\"value\":\"04:00\"},{\"value\":\"05:00\"},{\"value\":\"06:00\"},{\"value\":\"07:00\"},{\"value\":\"08:00\"},{\"value\":\"09:00\"},{\"value\":\"10:00\"},{\"value\":\"11:00\"},{\"value\":\"12:00\"},{\"value\":\"13:00\"},{\"value\":\"14:00\"},{\"value\":\"15:00\"},{\"value\":\"16:00\"},{\"value\":\"17:00\"},{\"value\":\"18:00\"},{\"value\":\"19:00\"},{\"value\":\"20:00\"},{\"value\":\"21:00\"},{\"value\":\"22:00\"},{\"value\":\"23:00\"}],\"enabled\":false,\"multipleSelect\":true},\"text\":[]},\"ID\":\"1\",\"REDIRECT_ID\":0,\"months\":{\"data\":[],\"text\":{\"names\":[\"Janvier\",\"F\\u00e9vrier\",\"Mars\",\"Avril\",\"Mai\",\"Juin\",\"Juillet\",\"Ao\\u00fbt\",\"Septembre\",\"Octobre\",\"Novembre\",\"D\\u00e9cembre\"],\"shortNames\":[\"Jan\",\"Fev\",\"Mar\",\"Avr\",\"Mai\",\"Jun\",\"Jui\",\"Aou\",\"Sep\",\"Oct\",\"Nov\",\"Dec\"]}},\"pluginURL\":\"https:\\\/\\\/beachin.ch\\\/wp-content\\\/plugins\\\/dopbsp\\\/\",\"price\":{\"data\":{\"enabled\":true,\"max\":130,\"min\":75},\"text\":[]},\"search\":{\"data\":{\"dateType\":2,\"enabled\":false,\"language\":\"fr\",\"template\":\"https:\\\/\\\/beachin.ch\\\/wp-content\\\/plugins\\\/dopbsp\\\/templates\\\/beachin\"},\"text\":{\"checkIn\":\"Arriv\\u00e9e\",\"checkOut\":\"D\\u00e9part\",\"hourEnd\":\"D\\u00e9part \\u00e0\",\"hourStart\":\"Arriv\\u00e9e \\u00e0\",\"title\":\"!\"}},\"sort\":{\"data\":[],\"text\":{\"name\":\"Nom\",\"price\":\"Tarif\",\"title\":\"Trier par\"}},\"URL\":\"https:\\\/\\\/beachin.ch\\\/wp-admin\\\/admin-ajax.php\",\"view\":{\"data\":{\"default\":false,\"gridEnabled\":true,\"listEnabled\":true,\"mapEnabled\":false,\"results\":10},\"text\":{\"grid\":\"Grid view\",\"list\":\"List view\",\"map\":\"Map view\"}}});\n    });\n<\/script>\n<div id=\"DOPBSPSearch-loader1\" class=\"DOPBSPSearch-loader\"><\/div>\n<table id=\"DOPBSPSearch1\" class=\"DOPBSPSearch-wrapper DOPBSPSearch-hidden notranslate\">\n <colgroup>\n     <col class=\"dopbsp-sidebar-style\" \/>\n     <col class=\"dopbsp-column-separator-style\" \/>\n     <col class=\"dopbsp-results-style\" \/>\n <\/colgroup>\n <tbody>\n <tr>\n     <td class=\"DOPBSPSearch-sidebar\"> <div class=\"dopbsp-module\">\n     <h4>Chercher<\/h4>\n <\/div>\n <hr \/>\n <div class=\"dopbsp-search-sidebar-form\">\n     <div class=\"dopbsp-module\">\n         <div class=\"dopbsp-input-wrapper\">\n             <input type=\"text\" name=\"DOPBSPSearch-check-in-view1\" id=\"DOPBSPSearch-check-in-view1\" class=\"DOPBSPSearch-check-in-view\" value=\"Arriv\u00e9e\" \/>\n             <input type=\"hidden\" name=\"DOPBSPSearch-check-in1\" id=\"DOPBSPSearch-check-in1\" value=\"\" \/>\n         <\/div>\n     <div class=\"dopbsp-input-wrapper\">\n         <input type=\"text\" name=\"DOPBSPSearch-check-out-view1\" id=\"DOPBSPSearch-check-out-view1\" class=\"DOPBSPSearch-check-out-view\" value=\"D\u00e9part\" \/>\n         <input type=\"hidden\" name=\"DOPBSPSearch-check-out1\" id=\"DOPBSPSearch-check-out1\" value=\"\" \/>\n     <\/div>\n     <\/div>\n <div class=\"dopbsp-module dopbsp-price\">\n     <div class=\"dopbsp-input-wrapper\">\n         <label id=\"DOPBSPSearch-price-min1\">&nbsp;<\/label>\n         <label id=\"DOPBSPSearch-price-max1\">&nbsp;<\/label>\n         <input type=\"hidden\" name=\"DOPBSPSearch-price-min-value1\" id=\"DOPBSPSearch-price-min-value1\" value=\"\" \/>\n         <input type=\"hidden\" name=\"DOPBSPSearch-price-max-value1\" id=\"DOPBSPSearch-price-max-value1\" value=\"\" \/>\n         <div id=\"DOPBSPSearch-price1\"><\/div>\n     <\/div>\n <\/div>\n <\/div><\/td>\n     <td class=\"dopbsp-column-separator\"><\/td>\n     <td class=\"DOPBSPSearch-content\">\n<div class=\"DOPBSPSearch-sort\">\n     <h5>Trier par<\/h5>\n     <select id=\"DOPBSPSearch-sort-by1\" class=\"dopbsp-small\">\n         <option value=\"price\">Tarif<\/option>\n         <option value=\"name\">Nom<\/option>\n     <select>\n     <input type=\"hidden\" name=\"DOPBSPSearch-sort-direction-value1\" id=\"DOPBSPSearch-sort-direction-value1\" value=\"ASC\" \/>\n     <a href=\"javascript:void(0)\" id=\"DOPBSPSearch-sort-direction1\" class=\"dopbsp-asc\">\n         <span class=\"dopbsp-info dopbsp-asc\">Ascending<\/span>\n         <span class=\"dopbsp-info dopbsp-desc\">Descending<\/span>\n     <\/a>\n<\/div>\n<input type=\"hidden\" name=\"DOPBSPSearch-view1\" id=\"DOPBSPSearch-view1\" value=\"grid\" \/><ul class=\"DOPBSPSearch-view\"> <li id=\"DOPBSPSearch-view-list1\" class=\"dopbsp-view-list\">     <span class=\"dopbsp-info\">List view<\/span> <\/li> <li id=\"DOPBSPSearch-view-grid1\" class=\"dopbsp-view-grid dopbsp-selected\">     <span class=\"dopbsp-info\">Grid view<\/span> <\/li><\/ul>\n     <br class=\"DOPBSPSearch-clear\" \/>\n     <hr \/>\n<div id=\"DOPBSPSearch-results-loader1\" class=\"dopbsp-loader\"><\/div><div id=\"DOPBSPSearch-results1\" class=\"DOPBSPSearch-results\"><\/div>\n     <\/td>\n <\/tr>\n <\/tbody>\n<\/table>\n[\/vc_column_text][vc_separator][vc_column_text]<\/p>\n<p><strong>Plus d&#8217;informations&#8230;\u00a0<\/strong>[\/vc_column_text][vc_btn title=&#8221;\u00bb Nos chambres en r\u00e9sum\u00e9&#8221; link=&#8221;url:https%3A%2F%2Fbeachin.ch%2Ffr%2Fhotel%2Finfrastructure%2F|&#8221; css=&#8221;.vc_custom_1640264706329{margin-right: 10px !important;}&#8221;][vc_btn title=&#8221;\u00bb Informations d&#8217;h\u00f4tel&#8221; link=&#8221;url:https%3A%2F%2Fbeachin.ch%2Ffr%2Fhotel%2Finformations-dhotel%2F|&#8221; css=&#8221;.vc_custom_1640264712596{margin-right: 10px !important;}&#8221;][vc_btn title=&#8221;\u00bb Prix d&#8217;h\u00f4tel&#8221; link=&#8221;url:https%3A%2F%2Fbeachin.ch%2Ffr%2Fhotel%2Ftarifs%2F|&#8221;][vc_empty_space][\/vc_column][\/vc_row]<\/p>\n<\/div>","protected":false},"excerpt":{"rendered":"<p>[vc_row][vc_column][vc_column_text] R\u00e9server en ligne [\/vc_column_text][vc_column_text] Ici tu trouves toutes nos chambres en r\u00e9sum\u00e9. Ils sont nomm\u00e9es d&#8217;apr\u00e8s des \u00eeles Maledives magnifiques. Si tu choisis ta date d&#8217;arriv\u00e9e et ta date de d\u00e9part pr\u00e9f\u00e9r\u00e9e, les chambres qui sont disponibles \u00e0 ce moment-l\u00e0 sont indiqu\u00e9es. Sur la page d\u00e9taill\u00e9e tu trouveras des informations individuelles sur les chambres <a class=\"more-link\" href=\"https:\/\/beachin.ch\/fr\/reserver-une-chambre\/\">weiterlesen&#8230;<\/a><\/p>\n","protected":false},"author":1,"featured_media":0,"parent":0,"menu_order":0,"comment_status":"closed","ping_status":"closed","template":"","meta":{"footnotes":""},"yoast_head":"<!-- This site is optimized with the Yoast SEO plugin v14.4.1 - https:\/\/yoast.com\/wordpress\/plugins\/seo\/ -->\n<title>R\u00e9server une chambre &ndash; BeachIN Sport, Bar &amp; Hotel<\/title>\n<meta name=\"description\" content=\"Des chambres en style moderne et un petit-d\u00e9jeuner \u00e0 des prix avantageux - au milieu du beau Seeland!\" \/>\n<meta name=\"robots\" content=\"index, follow\" \/>\n<meta name=\"googlebot\" content=\"index, follow, max-snippet:-1, max-image-preview:large, max-video-preview:-1\" \/>\n<meta name=\"bingbot\" content=\"index, follow, max-snippet:-1, max-image-preview:large, max-video-preview:-1\" \/>\n<link rel=\"canonical\" href=\"https:\/\/beachin.ch\/fr\/reserver-une-chambre\/\" \/>\n<meta property=\"og:locale\" content=\"fr_FR\" \/>\n<meta property=\"og:type\" content=\"article\" \/>\n<meta property=\"og:title\" content=\"R\u00e9server une chambre &ndash; BeachIN Sport, Bar &amp; Hotel\" \/>\n<meta property=\"og:description\" content=\"Des chambres en style moderne et un petit-d\u00e9jeuner \u00e0 des prix avantageux - au milieu du beau Seeland!\" \/>\n<meta property=\"og:url\" content=\"https:\/\/beachin.ch\/fr\/reserver-une-chambre\/\" \/>\n<meta property=\"og:site_name\" content=\"BeachIN Sport, Bar &amp; Hotel\" \/>\n<meta property=\"article:modified_time\" content=\"2021-12-23T13:05:15+00:00\" \/>\n<meta name=\"twitter:card\" content=\"summary_large_image\" \/>\n<script type=\"application\/ld+json\" class=\"yoast-schema-graph\">{\"@context\":\"https:\/\/schema.org\",\"@graph\":[{\"@type\":\"WebSite\",\"@id\":\"https:\/\/beachin.ch\/fr\/#website\",\"url\":\"https:\/\/beachin.ch\/fr\/\",\"name\":\"BeachIN Sport, Bar &amp; Hotel\",\"description\":\"Strandfeeling das ganze Jahr!\",\"potentialAction\":[{\"@type\":\"SearchAction\",\"target\":\"https:\/\/beachin.ch\/fr\/?s={search_term_string}\",\"query-input\":\"required name=search_term_string\"}],\"inLanguage\":\"fr-FR\"},{\"@type\":\"WebPage\",\"@id\":\"https:\/\/beachin.ch\/fr\/reserver-une-chambre\/#webpage\",\"url\":\"https:\/\/beachin.ch\/fr\/reserver-une-chambre\/\",\"name\":\"R\\u00e9server une chambre &ndash; BeachIN Sport, Bar &amp; Hotel\",\"isPartOf\":{\"@id\":\"https:\/\/beachin.ch\/fr\/#website\"},\"datePublished\":\"2019-09-16T10:06:01+00:00\",\"dateModified\":\"2021-12-23T13:05:15+00:00\",\"description\":\"Des chambres en style moderne et un petit-d\\u00e9jeuner \\u00e0 des prix avantageux - au milieu du beau Seeland!\",\"inLanguage\":\"fr-FR\",\"potentialAction\":[{\"@type\":\"ReadAction\",\"target\":[\"https:\/\/beachin.ch\/fr\/reserver-une-chambre\/\"]}]}]}<\/script>\n<!-- \/ Yoast SEO plugin. -->","_links":{"self":[{"href":"https:\/\/beachin.ch\/fr\/wp-json\/wp\/v2\/pages\/5929"}],"collection":[{"href":"https:\/\/beachin.ch\/fr\/wp-json\/wp\/v2\/pages"}],"about":[{"href":"https:\/\/beachin.ch\/fr\/wp-json\/wp\/v2\/types\/page"}],"author":[{"embeddable":true,"href":"https:\/\/beachin.ch\/fr\/wp-json\/wp\/v2\/users\/1"}],"replies":[{"embeddable":true,"href":"https:\/\/beachin.ch\/fr\/wp-json\/wp\/v2\/comments?post=5929"}],"version-history":[{"count":8,"href":"https:\/\/beachin.ch\/fr\/wp-json\/wp\/v2\/pages\/5929\/revisions"}],"predecessor-version":[{"id":17628,"href":"https:\/\/beachin.ch\/fr\/wp-json\/wp\/v2\/pages\/5929\/revisions\/17628"}],"wp:attachment":[{"href":"https:\/\/beachin.ch\/fr\/wp-json\/wp\/v2\/media?parent=5929"}],"curies":[{"name":"wp","href":"https:\/\/api.w.org\/{rel}","templated":true}]}}