{"id":5478,"date":"2019-08-27T11:38:18","date_gmt":"2019-08-27T09:38:18","guid":{"rendered":"https:\/\/beachin.ch\/reservation\/"},"modified":"2020-11-12T16:03:17","modified_gmt":"2020-11-12T15:03:17","slug":"reservation-moni","status":"publish","type":"page","link":"https:\/\/beachin.ch\/fr\/evenements\/reservation-moni\/","title":{"rendered":"Moni fait la cuisine hongroise"},"content":{"rendered":"<div class=\"wpb-content-wrapper\"><p>[vc_row][vc_column][vc_column_text]<\/p>\n<h1><\/h1>\n<h1>12.11. &#8211; 15.11.2020, \u00e0 partir de 18.00 heures :<br \/>\nMoni cuisine en hongrois.<\/h1>\n<p>Moni, notre h\u00f4tesse, travaille au BeachIN depuis le mois d&#8217;ao\u00fbt. Elle est hongroise de naissance et gastronomique de c\u0153ur et d&#8217;esprit. Du 12.11. au 15.11.2020, elle pr\u00e9pare un menu hongrois typique \u00e0 partir de 18 heures :<\/p>\n<p>&#8211;\u00a0 Kaposzta salata (salade de chou hongrois)<br \/>\n&#8211;\u00a0 P\u00f6rk\u00f6lt (goulasch de b\u0153uf avec sp\u00e4tzli)<br \/>\n&#8211;\u00a0 Dessert surprise<\/p>\n<p><strong>Menu \u00e0 deux plats : 28 CHF par personne<\/strong><br \/>\n<strong>Menu \u00e0 3 plats : 32 CHF par personne<\/strong><\/p>\n<p>En raison de Corona, bien s\u00fbr, sous observation de toutes les mesures de protection. Maximum 24 personnes en m\u00eame temps :<\/p>\n<p>Sur rendez-vous uniquement. Soit avec le formulaire en ligne suivant, en personne sur place ou par t\u00e9l\u00e9phone au 032 312 00 66 !<\/p>\n<p>Merci Moni, nous sommes heureux ![\/vc_column_text][vc_row_inner][vc_column_inner width=&#8221;1\/3&#8243;][vc_images_carousel images=&#8221;13462,13465,13468,13471&#8243; img_size=&#8221;400&#215;300&#8243;][\/vc_column_inner][vc_column_inner width=&#8221;1\/3&#8243;][\/vc_column_inner][vc_column_inner width=&#8221;1\/3&#8243;][\/vc_column_inner][\/vc_row_inner][\/vc_column][\/vc_row][vc_row][vc_column][vc_column_text]<strong><div id='formContainer604094839' class='sfForm rednaoFormContainer SfFormElementContainer bootstrap-wrapper'><\/div><script>\n            var ajaxurl = 'https:\/\/beachin.ch\/wp-admin\/admin-ajax.php';\n            var smartFormsCurrentTime=new Date('Mon Apr 20 2026 08:31:24 +0000');\n            \tvar smartFormsUserName=\"\";\n            \tvar smartFormsFirstName=\"\";\n            \tvar smartFormsLastName=\"\";\n            \tvar smartFormsEmail=\"\";\n                var smartFormsPath=\"https:\/\/beachin.ch\/wp-content\/plugins\/smart-forms\/\";\n                var smartDonationsRootPath=\"\";\n                var smartDonationsSandbox=\"\";\n                var smartFormsAdditionalFields19=[];\n                var smartFormsDesignMode=false;\n                if(!window.smartFormsItemsToLoad)\n                    window.smartFormsItemsToLoad=new Array();                                                   \n        window.smartFormsItemsToLoad.push({ 'form_id':19,  'elements':[{\"_id\":79,\"ClassName\":\"rednaotextinput\",\"IsRequired\":\"y\",\"Formulas\":{},\"Styles\":{},\"ContainerOptions\":{\"Width\":-1,\"Id\":\"91\",\"Type\":\"single\"},\"Id\":\"rnField10\",\"Spacing\":\"col-sm-12\",\"Label\":\"Vorname\/Pr\u00e9nom\",\"Placeholder\":\"\",\"Value\":\"\",\"ReadOnly\":\"n\",\"Width\":\"\",\"Icon\":{\"ClassName\":\"\"},\"CustomCSS\":\"\",\"Placeholder_Icon\":{\"ClassName\":\"\",\"Orientation\":\"\"}},{\"_id\":80,\"ClassName\":\"rednaotextinput\",\"IsRequired\":\"y\",\"Formulas\":{},\"Styles\":{},\"ContainerOptions\":{\"Width\":-1,\"Id\":\"93\",\"Type\":\"single\"},\"Id\":\"rnField11\",\"Spacing\":\"col-sm-12\",\"Label\":\"Nachname\/Nom\",\"Placeholder\":\"\",\"Value\":\"\",\"ReadOnly\":\"n\",\"Width\":\"\",\"Icon\":{\"ClassName\":\"\"},\"CustomCSS\":\"\",\"Placeholder_Icon\":{\"ClassName\":\"\",\"Orientation\":\"\"}},{\"_id\":75,\"ClassName\":\"rednaonumber\",\"IsRequired\":\"y\",\"Formulas\":{},\"Styles\":{},\"ContainerOptions\":{\"Id\":\"88\",\"Width\":-1,\"Type\":\"single\"},\"Id\":\"rnField6\",\"Spacing\":\"col-sm-12\",\"Label\":\"Telefon\/Num\u00e9ro de t\u00e9l\u00e9phone\",\"Placeholder\":\"\",\"NumberOfDecimals\":0,\"MaximumValue\":\"\",\"MinimumValue\":\"\",\"Decimals\":0,\"Icon\":{\"ClassName\":\"\"},\"CustomCSS\":\"\",\"Width\":\"\",\"Placeholder_Icon\":{\"ClassName\":\"\",\"Orientation\":\"\"},\"Value\":\"\"},{\"_id\":36,\"ClassName\":\"rednaoemail\",\"IsRequired\":\"y\",\"Formulas\":{},\"Styles\":{},\"ContainerOptions\":{\"Id\":\"83\",\"Width\":-1,\"Type\":\"single\"},\"Id\":\"rnField2\",\"Spacing\":\"col-sm-12\",\"Label\":\"E-mail\",\"Placeholder\":\"\",\"Icon\":{\"ClassName\":\"\"},\"CustomCSS\":\"\",\"Placeholder_Icon\":{\"ClassName\":\"\",\"Orientation\":\"\"},\"Value\":\"\",\"ReadOnly\":\"n\"},{\"_id\":76,\"ClassName\":\"rednaotextinput\",\"IsRequired\":\"y\",\"Formulas\":{},\"Styles\":{},\"ContainerOptions\":{\"Width\":-1,\"Id\":\"82\",\"Type\":\"single\"},\"Id\":\"rnField7\",\"Spacing\":\"col-sm-12\",\"Label\":\"Anzahl Personen\/Nombre de personnes\",\"Placeholder\":\"\",\"Value\":\"\",\"ReadOnly\":\"n\",\"Width\":\"\",\"Icon\":{\"ClassName\":\"\"},\"CustomCSS\":\"\",\"Placeholder_Icon\":{\"ClassName\":\"\",\"Orientation\":\"\"}},{\"_id\":77,\"ClassName\":\"rednaomultipleradios\",\"IsRequired\":\"y\",\"Formulas\":{},\"Styles\":{},\"ContainerOptions\":{\"Width\":-1,\"Id\":\"86\",\"Type\":\"single\"},\"Id\":\"rnField8\",\"Spacing\":\"col-sm-12\",\"Label\":\"Datum \/ Date\",\"Orientation\":\"v\",\"Options\":[{\"label\":\"12.11.2020\",\"value\":\"0\",\"sel\":\"n\",\"url\":\"\"},{\"label\":\"13.11.2020\",\"value\":\"0\",\"sel\":\"n\",\"url\":\"\"},{\"label\":\"14.11.2020\",\"value\":\"0\",\"sel\":\"n\",\"url\":\"\"},{\"label\":\"15.11.2020\",\"value\":\"0\",\"sel\":\"n\",\"url\":\"\"}],\"CustomCSS\":\"\"},{\"_id\":117,\"ClassName\":\"rednaotextarea\",\"IsRequired\":\"n\",\"Formulas\":{},\"Styles\":{},\"ContainerOptions\":{\"Width\":-1,\"Id\":\"130\",\"Type\":\"single\"},\"Id\":\"rnField12\",\"Spacing\":\"col-sm-12\",\"Label\":\"Bemerkungen \/ R\u00e9marques\",\"DefaultText\":\"\",\"Value\":\"\",\"Width\":\"\",\"Height\":\"\",\"Placeholder\":\"\",\"Disabled\":\"n\",\"MaxLength\":\"\",\"CustomCSS\":\"\",\"Placeholder_Icon\":{\"ClassName\":\"\",\"Orientation\":\"\"}},{\"_id\":38,\"ClassName\":\"rednaosubmissionbutton\",\"IsRequired\":\"n\",\"Formulas\":{},\"Styles\":{},\"ContainerOptions\":{\"Width\":-1,\"Id\":\"84\",\"Type\":\"single\"},\"Id\":\"rnField4\",\"Spacing\":\"col-sm-12\",\"ButtonText\":\" Reservieren\",\"CustomCSS\":\"\",\"Icon\":{\"ClassName\":\"glyphicon glyphicon-send\",\"Orientation\":\"Add\"},\"Animated\":\"y\"}],'client_form_options':{\"JavascriptCode\":[],\"CSS\":\"\",\"Conditions\":[],\"UsesCaptcha\":\"n\",\"CaptchaVersion\":\"\",\"alert_message\":\"Vielen Dank f\u00fcr deine Reservation. Wir haben dir eine Best\u00e4tigung per E-Mail gesendet.\\n\\nMerci beaucoup pour ta r\u00e9servation. Nous t'avons envoy\u00e9 un e-mail de confirmation.\",\"alert_message_cb\":\"y\",\"DontClearForm\":\"n\",\"redirect_to\":[{\"URL\":\"http:\/www.beachin.ch\",\"RCSettings\":{\"Redirect\":\"always\",\"ConditionSettings\":[]}}],\"redirect_to_cb\":\"y\",\"Campaign\":\"\",\"PayPalEmail\":\"\",\"PayPalCondition\":{},\"PayPalType\":\"donation\",\"PayPalDescription\":\"\",\"PayPalCurrency\":\"USD\",\"Formulas\":{},\"InvalidInputMessage\":\"Bitte alle zwingenden Felder ausf\u00fcllen\",\"FormType\":\"nor\",\"SplitSteps\":{},\"ToolTipPosition\":\"bottom\",\"Theme\":\"basic\",\"LabelLayout\":\"top\",\"Extensions\":{}},'container':'formContainer604094839'});<\/script><\/strong>[\/vc_column_text][\/vc_column][\/vc_row]<\/p>\n<\/div>","protected":false},"excerpt":{"rendered":"<p>[vc_row][vc_column][vc_column_text] 12.11. &#8211; 15.11.2020, \u00e0 partir de 18.00 heures : Moni cuisine en hongrois. Moni, notre h\u00f4tesse, travaille au BeachIN depuis le mois d&#8217;ao\u00fbt. Elle est hongroise de naissance et gastronomique de c\u0153ur et d&#8217;esprit. Du 12.11. au 15.11.2020, elle pr\u00e9pare un menu hongrois typique \u00e0 partir de 18 heures : &#8211;\u00a0 Kaposzta salata (salade <a class=\"more-link\" href=\"https:\/\/beachin.ch\/fr\/evenements\/reservation-moni\/\">weiterlesen&#8230;<\/a><\/p>\n","protected":false},"author":1,"featured_media":0,"parent":1216,"menu_order":0,"comment_status":"closed","ping_status":"closed","template":"","meta":{"footnotes":""},"yoast_head":"<!-- This site is optimized with the Yoast SEO plugin v14.4.1 - https:\/\/yoast.com\/wordpress\/plugins\/seo\/ -->\n<title>Moni fait la cuisine hongroise &ndash; BeachIN Sport, Bar &amp; Hotel<\/title>\n<meta name=\"robots\" content=\"index, follow\" \/>\n<meta name=\"googlebot\" content=\"index, follow, max-snippet:-1, max-image-preview:large, max-video-preview:-1\" \/>\n<meta name=\"bingbot\" content=\"index, follow, max-snippet:-1, max-image-preview:large, max-video-preview:-1\" \/>\n<link rel=\"canonical\" href=\"https:\/\/beachin.ch\/fr\/evenements\/reservation-moni\/\" \/>\n<meta property=\"og:locale\" content=\"fr_FR\" \/>\n<meta property=\"og:type\" content=\"article\" \/>\n<meta property=\"og:title\" content=\"Moni fait la cuisine hongroise &ndash; BeachIN Sport, Bar &amp; Hotel\" \/>\n<meta property=\"og:description\" content=\"[vc_row][vc_column][vc_column_text] 12.11. &#8211; 15.11.2020, \u00e0 partir de 18.00 heures : Moni cuisine en hongrois. Moni, notre h\u00f4tesse, travaille au BeachIN depuis le mois d&#8217;ao\u00fbt. Elle est hongroise de naissance et gastronomique de c\u0153ur et d&#8217;esprit. Du 12.11. au 15.11.2020, elle pr\u00e9pare un menu hongrois typique \u00e0 partir de 18 heures : &#8211;\u00a0 Kaposzta salata (salade weiterlesen...\" \/>\n<meta property=\"og:url\" content=\"https:\/\/beachin.ch\/fr\/evenements\/reservation-moni\/\" \/>\n<meta property=\"og:site_name\" content=\"BeachIN Sport, Bar &amp; Hotel\" \/>\n<meta property=\"article:modified_time\" content=\"2020-11-12T15:03:17+00:00\" \/>\n<meta name=\"twitter:card\" content=\"summary_large_image\" \/>\n<script type=\"application\/ld+json\" class=\"yoast-schema-graph\">{\"@context\":\"https:\/\/schema.org\",\"@graph\":[{\"@type\":\"WebSite\",\"@id\":\"https:\/\/beachin.ch\/fr\/#website\",\"url\":\"https:\/\/beachin.ch\/fr\/\",\"name\":\"BeachIN Sport, Bar &amp; Hotel\",\"description\":\"Strandfeeling das ganze Jahr!\",\"potentialAction\":[{\"@type\":\"SearchAction\",\"target\":\"https:\/\/beachin.ch\/fr\/?s={search_term_string}\",\"query-input\":\"required name=search_term_string\"}],\"inLanguage\":\"fr-FR\"},{\"@type\":\"WebPage\",\"@id\":\"https:\/\/beachin.ch\/fr\/evenements\/reservation-moni\/#webpage\",\"url\":\"https:\/\/beachin.ch\/fr\/evenements\/reservation-moni\/\",\"name\":\"Moni fait la cuisine hongroise &ndash; BeachIN Sport, Bar &amp; Hotel\",\"isPartOf\":{\"@id\":\"https:\/\/beachin.ch\/fr\/#website\"},\"datePublished\":\"2019-08-27T09:38:18+00:00\",\"dateModified\":\"2020-11-12T15:03:17+00:00\",\"inLanguage\":\"fr-FR\",\"potentialAction\":[{\"@type\":\"ReadAction\",\"target\":[\"https:\/\/beachin.ch\/fr\/evenements\/reservation-moni\/\"]}]}]}<\/script>\n<!-- \/ Yoast SEO plugin. -->","_links":{"self":[{"href":"https:\/\/beachin.ch\/fr\/wp-json\/wp\/v2\/pages\/5478"}],"collection":[{"href":"https:\/\/beachin.ch\/fr\/wp-json\/wp\/v2\/pages"}],"about":[{"href":"https:\/\/beachin.ch\/fr\/wp-json\/wp\/v2\/types\/page"}],"author":[{"embeddable":true,"href":"https:\/\/beachin.ch\/fr\/wp-json\/wp\/v2\/users\/1"}],"replies":[{"embeddable":true,"href":"https:\/\/beachin.ch\/fr\/wp-json\/wp\/v2\/comments?post=5478"}],"version-history":[{"count":16,"href":"https:\/\/beachin.ch\/fr\/wp-json\/wp\/v2\/pages\/5478\/revisions"}],"predecessor-version":[{"id":13647,"href":"https:\/\/beachin.ch\/fr\/wp-json\/wp\/v2\/pages\/5478\/revisions\/13647"}],"up":[{"embeddable":true,"href":"https:\/\/beachin.ch\/fr\/wp-json\/wp\/v2\/pages\/1216"}],"wp:attachment":[{"href":"https:\/\/beachin.ch\/fr\/wp-json\/wp\/v2\/media?parent=5478"}],"curies":[{"name":"wp","href":"https:\/\/api.w.org\/{rel}","templated":true}]}}