{"id":4524,"date":"2019-06-25T16:57:05","date_gmt":"2019-06-25T14:57:05","guid":{"rendered":"https:\/\/beachin.ch\/?page_id=4524"},"modified":"2025-02-08T12:03:09","modified_gmt":"2025-02-08T11:03:09","slug":"tarifs","status":"publish","type":"page","link":"https:\/\/beachin.ch\/fr\/hotel\/tarifs\/","title":{"rendered":"Tarifs"},"content":{"rendered":"<div class=\"wpb-content-wrapper\"><p>[vc_row][vc_column][vc_column_text]<\/p>\n<h1>Tarifs nuit\u00e9es et petit d\u00e9jeuner<\/h1>\n<p>Tous les tarifs pour l&#8217;h\u00e9bergement et le petit d\u00e9jeuner se trouvent ici. Nous nous r\u00e9jouissons de votre visite.<br \/>\nSi vous avez des questions, veuillez utiliser <a href=\"https:\/\/beachin.ch\/fr\/contact\/\">le formulaire de contact<\/a>. Nous sommes \u00e0 votre disposition pour de plus amples informations.<\/p>\n<p><strong>Appartement 3 pi\u00e8ces \u00abAngaga\u00bb pour max. 6 personnes<br \/>\n<\/strong>1 chambre avec un lit double et TV, 1 chambre avec 2 lits simples, salon avec cuisine, table \u00e0 manger, un canap\u00e9-lit et un fauteuil. W-Lan, Ventilation, Station de Chargeur USB, Salle de bain.<\/p>\n<table style=\"height: 96px; width: 70%; border-collapse: collapse; border-style: none;\" border=\"1\">\n<tbody>\n<tr style=\"height: 24px;\">\n<td style=\"width: 65%; height: 24px;\"><strong>Tarif par nuit:<\/strong><\/td>\n<td style=\"width: 35%; height: 24px;\"><\/td>\n<\/tr>\n<tr style=\"height: 24px;\">\n<td style=\"width: 65%; height: 24px;\">Occupation simple (1 personne) :<\/td>\n<td style=\"width: 35%; height: 24px;\">CHF 130.\u2014<\/td>\n<\/tr>\n<tr style=\"height: 24px;\">\n<td style=\"width: 65%; height: 24px;\">Occupation double (2 personnes) :<\/td>\n<td style=\"width: 35%; height: 24px;\">CHF 170.\u2014<\/td>\n<\/tr>\n<tr style=\"height: 24px;\">\n<td style=\"width: 65%; height: 24px;\">3 personnes :<\/td>\n<td style=\"width: 35%; height: 24px;\">CHF 200.\u2014<\/td>\n<\/tr>\n<tr style=\"height: 24px;\">\n<td style=\"width: 65%; height: 24px;\">4 personnes :<\/td>\n<td style=\"width: 35%; height: 24px;\">CHF 230.\u2014<\/td>\n<\/tr>\n<tr style=\"height: 24px;\">\n<td style=\"width: 65%; height: 24px;\">5 personnes :<\/td>\n<td style=\"width: 35%; height: 24px;\">CHF 255.\u2014<\/td>\n<\/tr>\n<tr style=\"height: 24px;\">\n<td style=\"width: 65%; height: 24px;\">6 personnes :<\/td>\n<td style=\"width: 35%; height: 24px;\">CHF 275.\u2014<\/td>\n<\/tr>\n<\/tbody>\n<\/table>\n<p>[\/vc_column_text][vc_column_text]<strong>Studio \u00abSoneva\u00bb pour max. 4 personnes<br \/>\n<\/strong>Studio avec un lit double et un canap\u00e9-lit, cuisine et table \u00e0 manger, TV, W-Lan, Ventilation, Station de Chargeur USB, Salle de bain<\/p>\n<table style=\"height: 96px; width: 70%; border-collapse: collapse; border-style: none;\" border=\"1\">\n<tbody>\n<tr style=\"height: 24px;\">\n<td style=\"width: 65%; height: 24px;\"><strong>Tarif par nuit:<\/strong><\/td>\n<td style=\"width: 35%; height: 24px;\"><\/td>\n<\/tr>\n<tr style=\"height: 24px;\">\n<td style=\"width: 65%; height: 24px;\">Occupation simple (1 personne) :<\/td>\n<td style=\"width: 35%; height: 24px;\">CHF 120.\u2014<\/td>\n<\/tr>\n<tr style=\"height: 24px;\">\n<td style=\"width: 65%; height: 24px;\">Occupation double (2 personnes) :<\/td>\n<td style=\"width: 35%; height: 24px;\">CHF 160.\u2014<\/td>\n<\/tr>\n<tr style=\"height: 24px;\">\n<td style=\"width: 65%; height: 24px;\">3 personnes :<\/td>\n<td style=\"width: 35%; height: 24px;\">CHF 180.\u2014<\/td>\n<\/tr>\n<tr style=\"height: 24px;\">\n<td style=\"width: 65%; height: 24px;\">4 personnes :<\/td>\n<td style=\"width: 35%; height: 24px;\">CHF 200.\u2014<\/td>\n<\/tr>\n<\/tbody>\n<\/table>\n<p>[\/vc_column_text][vc_column_text]<strong>Chambre simple ou double \u00abBandos \/ Embudu \/ Kuredu \/ N\u00eeyama\u00bb par nuit<br \/>\n<\/strong>Chambre simple ou double avec un lit francais, TV, W-Lan, Ventilation, Station de Chargeur USB, Salle de bain.<\/p>\n<table style=\"height: 96px; width: 70%; border-collapse: collapse; border-style: none;\" border=\"1\">\n<tbody>\n<tr style=\"height: 24px;\">\n<td style=\"width: 65%; height: 24px;\"><strong>Tarif par nuit:<\/strong><\/td>\n<td style=\"width: 35%; height: 24px;\"><\/td>\n<\/tr>\n<tr style=\"height: 24px;\">\n<td style=\"width: 65%; height: 24px;\">Occupation simple (1 personne) :<\/td>\n<td style=\"width: 35%; height: 24px;\">CHF 110.\u2014<\/td>\n<\/tr>\n<tr style=\"height: 24px;\">\n<td style=\"width: 65%; height: 24px;\">Occupation double (2 personnes) :<\/td>\n<td style=\"width: 35%; height: 24px;\">CHF 150.\u2014<\/td>\n<\/tr>\n<\/tbody>\n<\/table>\n<p>[\/vc_column_text][vc_column_text]<strong>Chambre simple ou double \u00abAyada\u00bb par nuit<br \/>\n<\/strong>Chambre simple ou double avec un lit francais, W-Lan, Station de Chargeur USB, Salle de bain \u00e0 l&#8217;\u00e9tage.<\/p>\n<table style=\"height: 96px; width: 70%; border-collapse: collapse; border-style: none;\" border=\"1\">\n<tbody>\n<tr style=\"height: 24px;\">\n<td style=\"width: 65%; height: 24px;\"><strong>Tarif par nuit:<\/strong><\/td>\n<td style=\"width: 35%; height: 24px;\"><\/td>\n<\/tr>\n<tr style=\"height: 24px;\">\n<td style=\"width: 65%; height: 24px;\">Occupation simple (1 personne) :<\/td>\n<td style=\"width: 35%; height: 24px;\">CHF 75.\u2014<\/td>\n<\/tr>\n<tr style=\"height: 24px;\">\n<td style=\"width: 65%; height: 24px;\">Occupation double (2 personnes) :<\/td>\n<td style=\"width: 35%; height: 24px;\">CHF 115.\u2014<\/td>\n<\/tr>\n<\/tbody>\n<\/table>\n<p>[\/vc_column_text][vc_column_text]<strong>Chambre \u00e0 plusieurs lits \u00abMeeru \/ Kurumba\u00bb\u00a0pour max. 6 personnes<br \/>\n<\/strong>1 lit double et 2 lits superpos\u00e9s, W-Lan, Station de Chargeur USB, Salle de bain \u00e0 l&#8217;\u00e9tage.<\/p>\n<table style=\"height: 96px; width: 70%; border-collapse: collapse; border-style: none;\" border=\"1\">\n<tbody>\n<tr style=\"height: 24px;\">\n<td style=\"width: 65%; height: 24px;\"><strong>Tarif par nuit:<\/strong><\/td>\n<td style=\"width: 35%; height: 24px;\"><\/td>\n<\/tr>\n<tr style=\"height: 24px;\">\n<td style=\"width: 65%; height: 24px;\">Occupation simple (1 personne) :<\/td>\n<td style=\"width: 35%; height: 24px;\">CHF 75.\u2014<\/td>\n<\/tr>\n<tr style=\"height: 24px;\">\n<td style=\"width: 65%; height: 24px;\">Occupation double (2 personnes) :<\/td>\n<td style=\"width: 35%; height: 24px;\">CHF 115.\u2014<\/td>\n<\/tr>\n<tr style=\"height: 24px;\">\n<td style=\"width: 65%; height: 24px;\">3 personnes :<\/td>\n<td style=\"width: 35%; height: 24px;\">CHF 155.\u2014<\/td>\n<\/tr>\n<tr style=\"height: 24px;\">\n<td style=\"width: 65%; height: 24px;\">4 personnes :<\/td>\n<td style=\"width: 35%; height: 24px;\">CHF 185.\u2014<\/td>\n<\/tr>\n<tr style=\"height: 24px;\">\n<td style=\"width: 65%; height: 24px;\">5 personnes :<\/td>\n<td style=\"width: 35%; height: 24px;\">CHF 215.\u2014<\/td>\n<\/tr>\n<tr style=\"height: 24px;\">\n<td style=\"width: 65%; height: 24px;\">6 personnes :<\/td>\n<td style=\"width: 35%; height: 24px;\">CHF 245.\u2014<\/td>\n<\/tr>\n<\/tbody>\n<\/table>\n<p>[\/vc_column_text][vc_column_text]<b>Petit d\u00e9jeuner<\/b><\/p>\n<table style=\"height: 72px;\" border=\"1\">\n<tbody>\n<tr style=\"height: 24px;\">\n<td style=\"height: 24px; width: 700px;\"><strong>Petit d\u00e9jeuner express :<\/strong><\/td>\n<td style=\"height: 24px; width: 129px;\">CHF 12.\u2014<\/td>\n<\/tr>\n<tr style=\"height: 24px;\">\n<td style=\"height: 24px; width: 700px;\">1 pain, 1 croissant, beurre, confiture, miel, 1 boisson chaude, 1 verre de jus d&#8217;orange :<\/td>\n<td style=\"height: 24px; width: 129px;\"><\/td>\n<\/tr>\n<tr style=\"height: 24px;\">\n<td style=\"height: 24px; width: 700px;\"><strong>Petit d\u00e9jeuner BeachIN :<\/strong><\/td>\n<td style=\"height: 24px; width: 129px;\">CHF 18.\u2014<\/td>\n<\/tr>\n<tr style=\"height: 48px;\">\n<td style=\"width: 700px; height: 48px;\">Pain, croissants, beurre, confiture, miel, fromage, viande, M\u00fcesli, Joghurt, fruits, caff\u00e9e, th\u00e9, Ovomaltine, chocolate chaud, jus d&#8217;orange :<\/td>\n<td style=\"width: 129px; height: 48px;\"><\/td>\n<\/tr>\n<\/tbody>\n<\/table>\n<p>[\/vc_column_text][vc_column_text]<strong>Chiens<br \/>\n<\/strong>Les chiens sont autoris\u00e9s apr\u00e8s consultation ou pr\u00e9avis et moyennant une taxe suppl\u00e9mentaire.<\/p>\n<table style=\"width: 670px;\" border=\"1\">\n<tbody>\n<tr style=\"height: 24px;\">\n<td style=\"width: 573px; height: 24px;\">1 chien :<\/td>\n<td style=\"width: 128px; height: 24px;\">CHF 15.\u2014<\/td>\n<\/tr>\n<tr style=\"height: 24px;\">\n<td style=\"width: 573px; height: 24px;\">par animal suppl\u00e9mentaire :<\/td>\n<td style=\"width: 128px; height: 24px;\">CHF 10.\u2014<\/td>\n<\/tr>\n<\/tbody>\n<\/table>\n<p>[\/vc_column_text][vc_btn title=&#8221;R\u00e9server une chambre&#8221; link=&#8221;url:https%3A%2F%2Fbeachin.ch%2Ffr%2Fhotel%2F|||&#8221;][vc_column_text]Des conditions sp\u00e9ciales s&#8217;appliquent pour des s\u00e9jours plus longs \u00e0 partir de 4 nuits, pour des r\u00e9servations de groupe ou des forfaits (combinaison avec des sports de plage, des s\u00e9minaires, des SPA, des \u00e9v\u00e9nements, etc. Prix sur demande. Tous les prix incluent la TVA (CHE-141.136.927), les frais et les taxes touristiques.[\/vc_column_text][vc_separator][vc_column_text]<strong>Plus d&#8217;informations&#8230;\u00a0<\/strong>[\/vc_column_text][vc_btn title=&#8221;\u00bb Nos chambres en r\u00e9sum\u00e9&#8221; link=&#8221;url:https%3A%2F%2Fbeachin.ch%2Ffr%2Fhotel%2Finfrastructure%2F|&#8221; css=&#8221;.vc_custom_1640264831935{margin-right: 10px !important;}&#8221;][vc_btn title=&#8221;\u00bb R\u00e9server une chambre&#8221; link=&#8221;url:https%3A%2F%2Fbeachin.ch%2Ffr%2Freserver-une-chambre%2F|&#8221; css=&#8221;.vc_custom_1640264838561{margin-right: 10px !important;}&#8221;][vc_btn title=&#8221;\u00bb Informations d&#8217;h\u00f4tel&#8221; link=&#8221;url:https%3A%2F%2Fbeachin.ch%2Ffr%2Fhotel%2Finformations-dhotel%2F|&#8221;][vc_empty_space][\/vc_column][\/vc_row]<\/p>\n<\/div>","protected":false},"excerpt":{"rendered":"<p>[vc_row][vc_column][vc_column_text] Tarifs nuit\u00e9es et petit d\u00e9jeuner Tous les tarifs pour l&#8217;h\u00e9bergement et le petit d\u00e9jeuner se trouvent ici. Nous nous r\u00e9jouissons de votre visite. Si vous avez des questions, veuillez utiliser le formulaire de contact. Nous sommes \u00e0 votre disposition pour de plus amples informations. Appartement 3 pi\u00e8ces \u00abAngaga\u00bb pour max. 6 personnes 1 chambre <a class=\"more-link\" href=\"https:\/\/beachin.ch\/fr\/hotel\/tarifs\/\">weiterlesen&#8230;<\/a><\/p>\n","protected":false},"author":1,"featured_media":0,"parent":1247,"menu_order":0,"comment_status":"closed","ping_status":"closed","template":"","meta":{"footnotes":""},"yoast_head":"<!-- This site is optimized with the Yoast SEO plugin v14.4.1 - https:\/\/yoast.com\/wordpress\/plugins\/seo\/ -->\n<title>Tarifs &ndash; BeachIN Sport, Bar &amp; Hotel<\/title>\n<meta name=\"robots\" content=\"index, follow\" \/>\n<meta name=\"googlebot\" content=\"index, follow, max-snippet:-1, max-image-preview:large, max-video-preview:-1\" \/>\n<meta name=\"bingbot\" content=\"index, follow, max-snippet:-1, max-image-preview:large, max-video-preview:-1\" \/>\n<link rel=\"canonical\" href=\"https:\/\/beachin.ch\/fr\/hotel\/tarifs\/\" \/>\n<meta property=\"og:locale\" content=\"fr_FR\" \/>\n<meta property=\"og:type\" content=\"article\" \/>\n<meta property=\"og:title\" content=\"Tarifs &ndash; BeachIN Sport, Bar &amp; Hotel\" \/>\n<meta property=\"og:description\" content=\"[vc_row][vc_column][vc_column_text] Tarifs nuit\u00e9es et petit d\u00e9jeuner Tous les tarifs pour l&#8217;h\u00e9bergement et le petit d\u00e9jeuner se trouvent ici. Nous nous r\u00e9jouissons de votre visite. Si vous avez des questions, veuillez utiliser le formulaire de contact. Nous sommes \u00e0 votre disposition pour de plus amples informations. Appartement 3 pi\u00e8ces \u00abAngaga\u00bb pour max. 6 personnes 1 chambre weiterlesen...\" \/>\n<meta property=\"og:url\" content=\"https:\/\/beachin.ch\/fr\/hotel\/tarifs\/\" \/>\n<meta property=\"og:site_name\" content=\"BeachIN Sport, Bar &amp; Hotel\" \/>\n<meta property=\"article:modified_time\" content=\"2025-02-08T11:03:09+00:00\" \/>\n<meta name=\"twitter:card\" content=\"summary_large_image\" \/>\n<script type=\"application\/ld+json\" class=\"yoast-schema-graph\">{\"@context\":\"https:\/\/schema.org\",\"@graph\":[{\"@type\":\"WebSite\",\"@id\":\"https:\/\/beachin.ch\/fr\/#website\",\"url\":\"https:\/\/beachin.ch\/fr\/\",\"name\":\"BeachIN Sport, Bar &amp; Hotel\",\"description\":\"Strandfeeling das ganze Jahr!\",\"potentialAction\":[{\"@type\":\"SearchAction\",\"target\":\"https:\/\/beachin.ch\/fr\/?s={search_term_string}\",\"query-input\":\"required name=search_term_string\"}],\"inLanguage\":\"fr-FR\"},{\"@type\":\"WebPage\",\"@id\":\"https:\/\/beachin.ch\/fr\/hotel\/tarifs\/#webpage\",\"url\":\"https:\/\/beachin.ch\/fr\/hotel\/tarifs\/\",\"name\":\"Tarifs &ndash; BeachIN Sport, Bar &amp; Hotel\",\"isPartOf\":{\"@id\":\"https:\/\/beachin.ch\/fr\/#website\"},\"datePublished\":\"2019-06-25T14:57:05+00:00\",\"dateModified\":\"2025-02-08T11:03:09+00:00\",\"inLanguage\":\"fr-FR\",\"potentialAction\":[{\"@type\":\"ReadAction\",\"target\":[\"https:\/\/beachin.ch\/fr\/hotel\/tarifs\/\"]}]}]}<\/script>\n<!-- \/ Yoast SEO plugin. -->","_links":{"self":[{"href":"https:\/\/beachin.ch\/fr\/wp-json\/wp\/v2\/pages\/4524"}],"collection":[{"href":"https:\/\/beachin.ch\/fr\/wp-json\/wp\/v2\/pages"}],"about":[{"href":"https:\/\/beachin.ch\/fr\/wp-json\/wp\/v2\/types\/page"}],"author":[{"embeddable":true,"href":"https:\/\/beachin.ch\/fr\/wp-json\/wp\/v2\/users\/1"}],"replies":[{"embeddable":true,"href":"https:\/\/beachin.ch\/fr\/wp-json\/wp\/v2\/comments?post=4524"}],"version-history":[{"count":20,"href":"https:\/\/beachin.ch\/fr\/wp-json\/wp\/v2\/pages\/4524\/revisions"}],"predecessor-version":[{"id":27366,"href":"https:\/\/beachin.ch\/fr\/wp-json\/wp\/v2\/pages\/4524\/revisions\/27366"}],"up":[{"embeddable":true,"href":"https:\/\/beachin.ch\/fr\/wp-json\/wp\/v2\/pages\/1247"}],"wp:attachment":[{"href":"https:\/\/beachin.ch\/fr\/wp-json\/wp\/v2\/media?parent=4524"}],"curies":[{"name":"wp","href":"https:\/\/api.w.org\/{rel}","templated":true}]}}