{"id":4466,"date":"2019-06-25T15:34:46","date_gmt":"2019-06-25T13:34:46","guid":{"rendered":"https:\/\/beachin.ch\/?page_id=4466"},"modified":"2024-09-23T21:52:14","modified_gmt":"2024-09-23T19:52:14","slug":"tarifs","status":"publish","type":"page","link":"https:\/\/beachin.ch\/fr\/sport-de-plage\/tarifs\/","title":{"rendered":"Tarifs"},"content":{"rendered":"<div class=\"wpb-content-wrapper\"><p>[vc_row][vc_column][vc_column_text]<\/p>\n<h1>Tarifs Sport de Plage<\/h1>\n<p>Tu trouves tous les tarifs des sports de plage ici. Nous nous r\u00e9jouissons de ta visite chez BeachIN. Si tu as des questions, veuilles utiliser le <a href=\"https:\/\/beachin.ch\/fr\/contact\/\">formulaire de contact<\/a>. Nous sommes avec plaisir \u00e0 ta disposition si tu as des questions ou des inqui\u00e9tudes.<\/p>\n<h3><strong>Tarifs Automne &#8211; Hiver &#8211; Printemps (Septembre jusqu&#8217;\u00e0 Mai):<\/strong><\/h3>\n<p><strong>Location pour 90 minutes par personne:<\/strong><\/p>\n<table style=\"border-collapse: collapse; width: 70%;\" border=\"1\">\n<tbody>\n<tr style=\"height: 24px;\">\n<td style=\"height: 24px; width: 25%;\">Tarif journ\u00e9e<\/td>\n<td style=\"height: 24px; width: 35%;\">(08:00h jusqu&#8217;\u00e0 17:00h:<\/td>\n<td style=\"height: 24px; width: 10%; text-align: right;\">CHF 15.\u2014<\/td>\n<\/tr>\n<tr style=\"height: 24px;\">\n<td style=\"height: 24px; width: 25%;\"><\/td>\n<td style=\"height: 24px; width: 35%;\"><\/td>\n<td style=\"height: 24px; width: 10%; text-align: right;\"><\/td>\n<\/tr>\n<tr style=\"height: 24px;\">\n<td style=\"height: 24px; width: 25%;\">Tarif de soir\u00e9e<\/td>\n<td style=\"height: 24px; width: 35%;\">(18.00 h jusqu&#8217;\u00e0 23:30h):<\/td>\n<td style=\"height: 24px; width: 10%; text-align: right;\">CHF 20.\u2014<\/td>\n<\/tr>\n<\/tbody>\n<\/table>\n<p>[\/vc_column_text][vc_column_text]<\/p>\n<h3><strong>Tarifs \u00c9t\u00e9 (Juin jusqu&#8217;\u00e0 Ao\u00fbt):<\/strong><\/h3>\n<p><strong>Location pour 90 minutes par personne:<\/strong><\/p>\n<table style=\"border-collapse: collapse; width: 70%;\" border=\"1\">\n<tbody>\n<tr style=\"height: 24px;\">\n<td style=\"height: 24px; width: 25%;\">Tarif journ\u00e9e:<\/td>\n<td style=\"height: 24px; width: 35%;\">08:00h jusqu&#8217;\u00e0 17.00h:<\/td>\n<td style=\"height: 24px; width: 10%; text-align: right;\">CHF 12.\u2014<\/td>\n<\/tr>\n<tr style=\"height: 24px;\">\n<td style=\"height: 24px; width: 25%;\"><\/td>\n<td style=\"height: 24px; width: 35%;\"><\/td>\n<td style=\"height: 24px; width: 10%; text-align: right;\"><\/td>\n<\/tr>\n<tr style=\"height: 24px;\">\n<td style=\"height: 24px; width: 25%;\">Tarif de soir\u00e9e<\/td>\n<td style=\"height: 24px; width: 35%;\">(17.00h jusqu&#8217;\u00e0 23.30 h):<\/td>\n<td style=\"height: 24px; width: 10%; text-align: right;\">CHF 16.\u2014<\/td>\n<\/tr>\n<\/tbody>\n<\/table>\n<p><a href=\"https:\/\/beachin.ch\/fr\/sport-de-plage\/onlinereservation-kleinfeld\/\">\u00bb R\u00e9serve ton terrain en ligne<\/a>[\/vc_column_text][vc_separator][\/vc_column][\/vc_row]<\/p>\n<\/div>","protected":false},"excerpt":{"rendered":"<p>[vc_row][vc_column][vc_column_text] Tarifs Sport de Plage Tu trouves tous les tarifs des sports de plage ici. Nous nous r\u00e9jouissons de ta visite chez BeachIN. Si tu as des questions, veuilles utiliser le formulaire de contact. Nous sommes avec plaisir \u00e0 ta disposition si tu as des questions ou des inqui\u00e9tudes. Tarifs Automne &#8211; Hiver &#8211; Printemps <a class=\"more-link\" href=\"https:\/\/beachin.ch\/fr\/sport-de-plage\/tarifs\/\">weiterlesen&#8230;<\/a><\/p>\n","protected":false},"author":1,"featured_media":0,"parent":1229,"menu_order":0,"comment_status":"closed","ping_status":"closed","template":"","meta":{"footnotes":""},"yoast_head":"<!-- This site is optimized with the Yoast SEO plugin v14.4.1 - https:\/\/yoast.com\/wordpress\/plugins\/seo\/ -->\n<title>Tarifs &ndash; BeachIN Sport, Bar &amp; Hotel<\/title>\n<meta name=\"robots\" content=\"index, follow\" \/>\n<meta name=\"googlebot\" content=\"index, follow, max-snippet:-1, max-image-preview:large, max-video-preview:-1\" \/>\n<meta name=\"bingbot\" content=\"index, follow, max-snippet:-1, max-image-preview:large, max-video-preview:-1\" \/>\n<link rel=\"canonical\" href=\"https:\/\/beachin.ch\/fr\/sport-de-plage\/tarifs\/\" \/>\n<meta property=\"og:locale\" content=\"fr_FR\" \/>\n<meta property=\"og:type\" content=\"article\" \/>\n<meta property=\"og:title\" content=\"Tarifs &ndash; BeachIN Sport, Bar &amp; Hotel\" \/>\n<meta property=\"og:description\" content=\"[vc_row][vc_column][vc_column_text] Tarifs Sport de Plage Tu trouves tous les tarifs des sports de plage ici. Nous nous r\u00e9jouissons de ta visite chez BeachIN. Si tu as des questions, veuilles utiliser le formulaire de contact. Nous sommes avec plaisir \u00e0 ta disposition si tu as des questions ou des inqui\u00e9tudes. Tarifs Automne &#8211; Hiver &#8211; Printemps weiterlesen...\" \/>\n<meta property=\"og:url\" content=\"https:\/\/beachin.ch\/fr\/sport-de-plage\/tarifs\/\" \/>\n<meta property=\"og:site_name\" content=\"BeachIN Sport, Bar &amp; Hotel\" \/>\n<meta property=\"article:modified_time\" content=\"2024-09-23T19:52:14+00:00\" \/>\n<meta name=\"twitter:card\" content=\"summary_large_image\" \/>\n<script type=\"application\/ld+json\" class=\"yoast-schema-graph\">{\"@context\":\"https:\/\/schema.org\",\"@graph\":[{\"@type\":\"WebSite\",\"@id\":\"https:\/\/beachin.ch\/fr\/#website\",\"url\":\"https:\/\/beachin.ch\/fr\/\",\"name\":\"BeachIN Sport, Bar &amp; Hotel\",\"description\":\"Strandfeeling das ganze Jahr!\",\"potentialAction\":[{\"@type\":\"SearchAction\",\"target\":\"https:\/\/beachin.ch\/fr\/?s={search_term_string}\",\"query-input\":\"required name=search_term_string\"}],\"inLanguage\":\"fr-FR\"},{\"@type\":\"WebPage\",\"@id\":\"https:\/\/beachin.ch\/fr\/sport-de-plage\/tarifs\/#webpage\",\"url\":\"https:\/\/beachin.ch\/fr\/sport-de-plage\/tarifs\/\",\"name\":\"Tarifs &ndash; BeachIN Sport, Bar &amp; Hotel\",\"isPartOf\":{\"@id\":\"https:\/\/beachin.ch\/fr\/#website\"},\"datePublished\":\"2019-06-25T13:34:46+00:00\",\"dateModified\":\"2024-09-23T19:52:14+00:00\",\"inLanguage\":\"fr-FR\",\"potentialAction\":[{\"@type\":\"ReadAction\",\"target\":[\"https:\/\/beachin.ch\/fr\/sport-de-plage\/tarifs\/\"]}]}]}<\/script>\n<!-- \/ Yoast SEO plugin. -->","_links":{"self":[{"href":"https:\/\/beachin.ch\/fr\/wp-json\/wp\/v2\/pages\/4466"}],"collection":[{"href":"https:\/\/beachin.ch\/fr\/wp-json\/wp\/v2\/pages"}],"about":[{"href":"https:\/\/beachin.ch\/fr\/wp-json\/wp\/v2\/types\/page"}],"author":[{"embeddable":true,"href":"https:\/\/beachin.ch\/fr\/wp-json\/wp\/v2\/users\/1"}],"replies":[{"embeddable":true,"href":"https:\/\/beachin.ch\/fr\/wp-json\/wp\/v2\/comments?post=4466"}],"version-history":[{"count":18,"href":"https:\/\/beachin.ch\/fr\/wp-json\/wp\/v2\/pages\/4466\/revisions"}],"predecessor-version":[{"id":25143,"href":"https:\/\/beachin.ch\/fr\/wp-json\/wp\/v2\/pages\/4466\/revisions\/25143"}],"up":[{"embeddable":true,"href":"https:\/\/beachin.ch\/fr\/wp-json\/wp\/v2\/pages\/1229"}],"wp:attachment":[{"href":"https:\/\/beachin.ch\/fr\/wp-json\/wp\/v2\/media?parent=4466"}],"curies":[{"name":"wp","href":"https:\/\/api.w.org\/{rel}","templated":true}]}}