{"id":4418,"date":"2019-06-24T15:04:24","date_gmt":"2019-06-24T13:04:24","guid":{"rendered":"https:\/\/beachin.ch\/?page_id=4418"},"modified":"2019-10-14T09:59:01","modified_gmt":"2019-10-14T07:59:01","slug":"tarifs","status":"publish","type":"page","link":"https:\/\/beachin.ch\/fr\/seminaire\/tarifs\/","title":{"rendered":"Tarifs"},"content":{"rendered":"<div class=\"wpb-content-wrapper\"><p>[vc_row][vc_column][vc_column_text]<\/p>\n<h1>Tarifs<\/h1>\n<p>Tous les tarifs pour la r\u00e9servation de la salle de s\u00e9minaire et les forfaits correspondants peuvent \u00eatre consult\u00e9s ici. Si tu as des questions, veuilles utiliser le <a href=\"https:\/\/beachin.ch\/fr\/contact\/\">formulaire de contact<\/a>. N&#8217;h\u00e9sites pas \u00e0 nous contacter pour de plus amples informations.<\/p>\n<p><strong>Location de salle avec service \u00e0 la carte au bar BeachIN:<\/strong><\/p>\n<table style=\"height: 96px; width: 70%; border-collapse: collapse; border-style: none;\" border=\"1\">\n<tbody>\n<tr style=\"height: 24px;\">\n<td style=\"width: 65%; height: 24px;\">Jusqu&#8217;\u00e0 2 heures:<\/td>\n<td style=\"width: 35%; height: 24px;\">gratuit<\/td>\n<\/tr>\n<tr style=\"height: 24px;\">\n<td style=\"width: 65%; height: 24px;\">Jusqu&#8217;\u00e0 4 heures:<\/td>\n<td style=\"width: 35%; height: 24px;\">CHF 30.\u2014<\/td>\n<\/tr>\n<tr style=\"height: 24px;\">\n<td style=\"width: 65%; height: 24px;\">Jusqu&#8217;\u00e0 6 heures (location demi-journ\u00e9e):<\/td>\n<td style=\"width: 35%; height: 24px;\">CHF 50.\u2014<\/td>\n<\/tr>\n<tr style=\"height: 24px;\">\n<td style=\"width: 65%; height: 24px;\">Jusqu&#8217;\u00e0 9 heures (location \u00e0 la journ\u00e9e):<\/td>\n<td style=\"width: 35%; height: 24px;\">CHF 80.\u2014<\/td>\n<\/tr>\n<\/tbody>\n<\/table>\n<p>[\/vc_column_text][vc_column_text]Location de chambre avec service traiteur \u00e0 tarif forfaitaire:<\/p>\n<table style=\"width: 70%; border-collapse: collapse; border-style: none;\" border=\"1\">\n<tbody>\n<tr style=\"height: 24px;\">\n<td style=\"width: 65%; height: 24px;\">Jusqu&#8217;\u00e0 2 heures:<\/td>\n<td style=\"height: 24px; width: 35%;\">CHF 50.\u2014<\/td>\n<\/tr>\n<tr style=\"height: 24px;\">\n<td style=\"width: 65%; height: 24px;\">Jusqu&#8217;\u00e0 4 heures:<\/td>\n<td style=\"height: 24px; width: 35%;\">CHF 60.\u2014<\/td>\n<\/tr>\n<tr style=\"height: 24px;\">\n<td style=\"width: 65%; height: 24px;\">Jusqu&#8217;\u00e0 6 heures (location \u00e0 la demi-journ\u00e9e):<\/td>\n<td style=\"height: 24px; width: 35%;\">CHF 80.\u2014<\/td>\n<\/tr>\n<tr style=\"height: 24px;\">\n<td style=\"width: 65%; height: 24px;\">Jusqu&#8217;\u00e0 9 heures (location \u00e0 la journ\u00e9e):<\/td>\n<td style=\"height: 24px; width: 35%;\">CHF 100.\u2014<\/td>\n<\/tr>\n<\/tbody>\n<\/table>\n<p>[\/vc_column_text][vc_btn title=&#8221;R\u00e9server une salle de s\u00e9minaire&#8221; link=&#8221;url:https%3A%2F%2Fbeachin.ch%2Ffr%2Fseminaire%2Freserver-une-salle-de-seminaire%2F|title:R%C3%A9server%20une%20salle%20de%20s%C3%A9minaire||&#8221;][vc_column_text]<strong>Frais de repas par personne:<\/strong><\/p>\n<table style=\"border-collapse: collapse; width: 100%;\" border=\"1\">\n<tbody>\n<tr style=\"height: 24px;\">\n<td style=\"width: 71.0412%; height: 24px;\">Forfait boissons (Eau min\u00e9rale) par location (jusqu&#8217;\u00e0 2 h):<\/td>\n<td style=\"width: 28.9588%; height: 24px;\">CHF 5.\u2014<\/td>\n<\/tr>\n<tr style=\"height: 24px;\">\n<td style=\"width: 71.0412%; height: 24px;\">Forfait boissons (Eau min\u00e9rale) par location (jusqu&#8217;\u00e0 4 h):<\/td>\n<td style=\"width: 28.9588%; height: 24px;\">CHF 8.\u2014<\/td>\n<\/tr>\n<tr style=\"height: 24px;\">\n<td style=\"width: 71.0412%; height: 24px;\">Forfait boissons (Eau min\u00e9rale) par location (jusqu&#8217;\u00e0 6 h):<\/td>\n<td style=\"width: 28.9588%; height: 24px;\">CHF 10.\u2014<\/td>\n<\/tr>\n<tr style=\"height: 24px;\">\n<td style=\"width: 71.0412%; height: 24px;\">Forfait boissons (Eau min\u00e9rale) par location (jusqu&#8217;\u00e0 9 h):<\/td>\n<td style=\"width: 28.9588%; height: 24px;\">CHF 12.\u2014<\/td>\n<\/tr>\n<tr style=\"height: 24px;\">\n<td style=\"width: 71.0412%; height: 24px;\">Forfait boissons (Eau min\u00e9rale, Caf\u00e9, Th\u00e9) par location (jusqu&#8217;\u00e0 2 h):<\/td>\n<td style=\"width: 28.9588%; height: 24px;\">CHF 8.\u2014<\/td>\n<\/tr>\n<tr style=\"height: 24px;\">\n<td style=\"width: 71.0412%; height: 24px;\">Forfait boissons (Eau min\u00e9rale, Caf\u00e9, Th\u00e9) par location (jusqu&#8217;\u00e0 4 h):<\/td>\n<td style=\"width: 28.9588%; height: 24px;\">CHF 12.\u2014<\/td>\n<\/tr>\n<tr style=\"height: 24px;\">\n<td style=\"width: 71.0412%; height: 24px;\">Forfait boissons (Eau min\u00e9rale, Caf\u00e9, Th\u00e9) par location (jusqu&#8217;\u00e0 6 h):<\/td>\n<td style=\"width: 28.9588%; height: 24px;\">CHF 15.\u2014<\/td>\n<\/tr>\n<tr style=\"height: 24px;\">\n<td style=\"width: 71.0412%; height: 24px;\">Forfait boissons (Eau min\u00e9rale, Caf\u00e9, Th\u00e9) par location (jusqu&#8217;\u00e0 9 h):<\/td>\n<td style=\"width: 28.9588%; height: 24px;\">CHF 20.\u2014<\/td>\n<\/tr>\n<tr style=\"height: 24px;\">\n<td style=\"width: 71.0412%; height: 24px;\">Forfait boissons (Eau min\u00e9rale, Caf\u00e9, Th\u00e9, Biscuits, Fruits) par location (jusqu&#8217;\u00e0 2 h):<\/td>\n<td style=\"width: 28.9588%; height: 24px;\">CHF 10.\u2014<\/td>\n<\/tr>\n<tr style=\"height: 24px;\">\n<td style=\"width: 71.0412%; height: 24px;\">Forfait boissons (Eau min\u00e9rale, Caf\u00e9, Th\u00e9, Biscuits, Fruits) par location (jusqu&#8217;\u00e0 4 h):<\/td>\n<td style=\"width: 28.9588%; height: 24px;\">CHF 15.\u2014<\/td>\n<\/tr>\n<tr style=\"height: 24px;\">\n<td style=\"width: 71.0412%; height: 24px;\">Forfait boissons (Eau min\u00e9rale, Caf\u00e9, Th\u00e9, Biscuits, Fruits) par location (jusqu&#8217;\u00e0 6 h):<\/td>\n<td style=\"width: 28.9588%; height: 24px;\">CHF 18.\u2014<\/td>\n<\/tr>\n<tr style=\"height: 24px;\">\n<td style=\"width: 71.0412%; height: 24px;\">Forfait boissons (Eau min\u00e9rale, Caf\u00e9, Th\u00e9, Biscuits, Fruits) par location (jusqu&#8217;\u00e0 9 h):<\/td>\n<td style=\"width: 28.9588%; height: 24px;\">CHF 20.\u2014<\/td>\n<\/tr>\n<\/tbody>\n<\/table>\n<p>Pour des s\u00e9minaires et des cours d&#8217;une ou plusieurs journ\u00e9es combin\u00e9s avec un d\u00e9jeuner et\/ou un d\u00eener, des activit\u00e9s en salle, SPA et\/ou des nuit\u00e9es, ou pour une utilisation r\u00e9guli\u00e8re, nous sommes \u00e0 ta disposition pour t&#8217;\u00e9tablir une offre individuelle. Tous les prix incluent la TVA (CHE-141.136.927), l&#8217;utilisation de l&#8217;infrastructure, les frais annexes et le nettoyage.[\/vc_column_text][vc_btn title=&#8221;Liste des tarifs de salle de s\u00e9minaire (PDF)&#8221; link=&#8221;url:https%3A%2F%2Fbeachin.ch%2Fwp-content%2Fuploads%2F2019%2F06%2FBeachIN_Preisliste_Seminarraum_FR.pdf||target:%20_blank|&#8221;][\/vc_column][\/vc_row]<\/p>\n<\/div>","protected":false},"excerpt":{"rendered":"<p>[vc_row][vc_column][vc_column_text] Tarifs Tous les tarifs pour la r\u00e9servation de la salle de s\u00e9minaire et les forfaits correspondants peuvent \u00eatre consult\u00e9s ici. Si tu as des questions, veuilles utiliser le formulaire de contact. N&#8217;h\u00e9sites pas \u00e0 nous contacter pour de plus amples informations. Location de salle avec service \u00e0 la carte au bar BeachIN: Jusqu&#8217;\u00e0 2 <a class=\"more-link\" href=\"https:\/\/beachin.ch\/fr\/seminaire\/tarifs\/\">weiterlesen&#8230;<\/a><\/p>\n","protected":false},"author":1,"featured_media":0,"parent":1223,"menu_order":0,"comment_status":"closed","ping_status":"closed","template":"","meta":{"footnotes":""},"yoast_head":"<!-- This site is optimized with the Yoast SEO plugin v14.4.1 - https:\/\/yoast.com\/wordpress\/plugins\/seo\/ -->\n<title>Tarifs &ndash; BeachIN Sport, Bar &amp; Hotel<\/title>\n<meta name=\"robots\" content=\"index, follow\" \/>\n<meta name=\"googlebot\" content=\"index, follow, max-snippet:-1, max-image-preview:large, max-video-preview:-1\" \/>\n<meta name=\"bingbot\" content=\"index, follow, max-snippet:-1, max-image-preview:large, max-video-preview:-1\" \/>\n<link rel=\"canonical\" href=\"https:\/\/beachin.ch\/fr\/seminaire\/tarifs\/\" \/>\n<meta property=\"og:locale\" content=\"fr_FR\" \/>\n<meta property=\"og:type\" content=\"article\" \/>\n<meta property=\"og:title\" content=\"Tarifs &ndash; BeachIN Sport, Bar &amp; Hotel\" \/>\n<meta property=\"og:description\" content=\"[vc_row][vc_column][vc_column_text] Tarifs Tous les tarifs pour la r\u00e9servation de la salle de s\u00e9minaire et les forfaits correspondants peuvent \u00eatre consult\u00e9s ici. Si tu as des questions, veuilles utiliser le formulaire de contact. N&#8217;h\u00e9sites pas \u00e0 nous contacter pour de plus amples informations. Location de salle avec service \u00e0 la carte au bar BeachIN: Jusqu&#8217;\u00e0 2 weiterlesen...\" \/>\n<meta property=\"og:url\" content=\"https:\/\/beachin.ch\/fr\/seminaire\/tarifs\/\" \/>\n<meta property=\"og:site_name\" content=\"BeachIN Sport, Bar &amp; Hotel\" \/>\n<meta property=\"article:modified_time\" content=\"2019-10-14T07:59:01+00:00\" \/>\n<meta name=\"twitter:card\" content=\"summary_large_image\" \/>\n<script type=\"application\/ld+json\" class=\"yoast-schema-graph\">{\"@context\":\"https:\/\/schema.org\",\"@graph\":[{\"@type\":\"WebSite\",\"@id\":\"https:\/\/beachin.ch\/fr\/#website\",\"url\":\"https:\/\/beachin.ch\/fr\/\",\"name\":\"BeachIN Sport, Bar &amp; Hotel\",\"description\":\"Strandfeeling das ganze Jahr!\",\"potentialAction\":[{\"@type\":\"SearchAction\",\"target\":\"https:\/\/beachin.ch\/fr\/?s={search_term_string}\",\"query-input\":\"required name=search_term_string\"}],\"inLanguage\":\"fr-FR\"},{\"@type\":\"WebPage\",\"@id\":\"https:\/\/beachin.ch\/fr\/seminaire\/tarifs\/#webpage\",\"url\":\"https:\/\/beachin.ch\/fr\/seminaire\/tarifs\/\",\"name\":\"Tarifs &ndash; BeachIN Sport, Bar &amp; Hotel\",\"isPartOf\":{\"@id\":\"https:\/\/beachin.ch\/fr\/#website\"},\"datePublished\":\"2019-06-24T13:04:24+00:00\",\"dateModified\":\"2019-10-14T07:59:01+00:00\",\"inLanguage\":\"fr-FR\",\"potentialAction\":[{\"@type\":\"ReadAction\",\"target\":[\"https:\/\/beachin.ch\/fr\/seminaire\/tarifs\/\"]}]}]}<\/script>\n<!-- \/ Yoast SEO plugin. -->","_links":{"self":[{"href":"https:\/\/beachin.ch\/fr\/wp-json\/wp\/v2\/pages\/4418"}],"collection":[{"href":"https:\/\/beachin.ch\/fr\/wp-json\/wp\/v2\/pages"}],"about":[{"href":"https:\/\/beachin.ch\/fr\/wp-json\/wp\/v2\/types\/page"}],"author":[{"embeddable":true,"href":"https:\/\/beachin.ch\/fr\/wp-json\/wp\/v2\/users\/1"}],"replies":[{"embeddable":true,"href":"https:\/\/beachin.ch\/fr\/wp-json\/wp\/v2\/comments?post=4418"}],"version-history":[{"count":7,"href":"https:\/\/beachin.ch\/fr\/wp-json\/wp\/v2\/pages\/4418\/revisions"}],"predecessor-version":[{"id":6685,"href":"https:\/\/beachin.ch\/fr\/wp-json\/wp\/v2\/pages\/4418\/revisions\/6685"}],"up":[{"embeddable":true,"href":"https:\/\/beachin.ch\/fr\/wp-json\/wp\/v2\/pages\/1223"}],"wp:attachment":[{"href":"https:\/\/beachin.ch\/fr\/wp-json\/wp\/v2\/media?parent=4418"}],"curies":[{"name":"wp","href":"https:\/\/api.w.org\/{rel}","templated":true}]}}