{"id":4153,"date":"2019-06-14T12:59:28","date_gmt":"2019-06-14T10:59:28","guid":{"rendered":"https:\/\/beachin.ch\/hotel\/hotel-studio-soneva\/"},"modified":"2019-07-08T14:58:31","modified_gmt":"2019-07-08T12:58:31","slug":"hotel-studio-soneva","status":"publish","type":"page","link":"https:\/\/beachin.ch\/fr\/hotel\/hotel-studio-soneva\/","title":{"rendered":"Studio \u00abSoneva\u00bb"},"content":{"rendered":"<div class=\"wpb-content-wrapper\"><p>[vc_row][vc_column][vc_column_text]Le studio avec cuisine, table \u00e0 manger et salle de bains a un grand lit queen size (1,80m x 2,00m) et un canap\u00e9-lit gigogne pouvant accueillir jusqu&#8217;\u00e0 4 personnes. Id\u00e9al pour une famille de 4 personnes ou un petit groupe qui aime rester dans la m\u00eame pi\u00e8ce. Bien s\u00fbr, le studio est fonctionnel, pratique et d\u00e9cor\u00e9 dans un style de plage.<\/p>\n<p>Le studio s&#8217;appelait &#8220;Soneva&#8221;. Soneva, \u00e9galement appel\u00e9e Soneva Fushi, est situ\u00e9e dans le sud de l&#8217;atoll de Baa et appartient bien s\u00fbr \u00e9galement aux Maldives. Une \u00eele de r\u00eave paradisiaque particuli\u00e8rement appr\u00e9ci\u00e9e pour les mariages. Bien s\u00fbr, le studio &#8220;Soneva&#8221; \u00e0 BeachIN peut \u00e9galement \u00eatre r\u00e9serv\u00e9 par de nouveaux amoureux, mais tous les autres sont \u00e9galement les bienvenus &#8230;[\/vc_column_text][\/vc_column][\/vc_row][vc_row][vc_column width=&#8221;1\/6&#8243;][\/vc_column][vc_column width=&#8221;2\/3&#8243;][vc_images_carousel images=&#8221;4156,4177,4171,4168,4165,4174,4180,4162,4159&#8243; img_size=&#8221;full&#8221; autoplay=&#8221;yes&#8221; hide_pagination_control=&#8221;yes&#8221; wrap=&#8221;yes&#8221;][\/vc_column][vc_column width=&#8221;1\/6&#8243;][\/vc_column][\/vc_row][vc_row][vc_column]<div class=\"woocommerce\">\t\t\t<div class=\"single-product\" data-product-page-preselected-id=\"0\">\n\t\t\t\t<div id=\"product-4354\" class=\"tm-no-options product type-product post-4354 status-publish first instock product_cat-hotel-fr has-post-thumbnail virtual sold-individually purchasable product-type-simple\">\n    <div class=\"vc_row wpb_row vc_row-fluid\">\n        <div class=\"vc_column-inner \">\n            <div class=\"wpb_column vc_column_container vc_col-md-7\" style='display:none'>\n                <div class=\"vc_column-inner \">\n                    <div class=\"summary entry-summary\">\n                                                    \n                            <div class=\"woocommerce-product-details__short-description\">\n                                                                <\/div>\n                            <table cellspacing=\"0\" cellpadding=\"0\" >\n                            <tr><td>places libres:<\/td><td>Ausgebucht<\/td><\/tr>\n\n                            \n                                <tr class=\"sku_wrapper\"><td>UGS\u00a0:<\/td> <td class=\"sku\">hotel-z6-studio-soneva<\/td><\/tr>\n\n                            \n                                   \n                            <tr class=\"posted_in\"><td>Cat\u00e9gorie\u00a0:<\/td><td>Hotel<\/td><\/tr>\n                            \n                            <\/table>\n                            \n                                                <\/div>\n                    \n                <\/div>\n            <\/div>\n            <div class=\"wpb_column vc_column_container vc_col-md-5\"  style='display:none'>\n                <div class=\"wpb_column vc_column_container vc_col-md-12\" style=\"display:none\">\n                    <div class=\"vc_column-inner \">\n                                            <\/div>\n                <\/div>\n                <div class=\"wpb_column vc_column_container vc_col-md-12\">  \n                    <div class=\"vc_column-inner \">\n                        <div class=\"woocommerce-product-action\" >\n                            <h3>Anmeldung<\/h3>\n                                <span>Dieser Kurs ist leider ausgebucht.<\/span><br><br><div class='vc_btn3-container vc_btn3-inline'><a href='\/kontakt\/' class='vc_general vc_btn3 vc_btn3-size-md vc_btn3-shape-rounded vc_btn3-style-modern vc_btn3-color-grey'>\u00bb Anfrage via Kontaktformular<\/a><\/div>                                                            \n                        <\/div>\n                     <\/div>\n                <\/div>\n            <\/div>\n            <div class=\"wpb_column vc_column_container vc_col-md-12 booking-system_wrapper\"><div class=\"vc_column-inner \"><\/div><\/div>            \n            <div class=\"wpb_column vc_column_container vc_col-md-12\">\n                <div class=\"vc_column-inner \">\n                                                        <\/div>\n            <\/div>\n        <\/div>\n    <\/div>\n<\/div>\n\n\t\t\t<\/div>\n\t\t\t<\/div>[\/vc_column][\/vc_row]<\/p>\n<\/div>","protected":false},"excerpt":{"rendered":"<p>[vc_row][vc_column][vc_column_text]Le studio avec cuisine, table \u00e0 manger et salle de bains a un grand lit queen size (1,80m x 2,00m) et un canap\u00e9-lit gigogne pouvant accueillir jusqu&#8217;\u00e0 4 personnes. Id\u00e9al pour une famille de 4 personnes ou un petit groupe qui aime rester dans la m\u00eame pi\u00e8ce. Bien s\u00fbr, le studio est fonctionnel, pratique et <a class=\"more-link\" href=\"https:\/\/beachin.ch\/fr\/produkt\/studio-soneva_fr\/\">weiterlesen&#8230;<\/a><\/p>\n","protected":false},"author":1,"featured_media":4176,"parent":1247,"menu_order":0,"comment_status":"closed","ping_status":"closed","template":"","meta":{"footnotes":""},"yoast_head":"<!-- This site is optimized with the Yoast SEO plugin v14.4.1 - https:\/\/yoast.com\/wordpress\/plugins\/seo\/ -->\n<title>Studio \u00abSoneva\u00bb &ndash; BeachIN Sport, Bar &amp; Hotel<\/title>\n<meta name=\"description\" content=\"Studio avec cuisine et salle de bains pour un maximum de 4 personnes. Convient aux familles ou petits groupes. Une occupation simple ou double est \u00e9galement possible.\" \/>\n<meta name=\"robots\" content=\"index, follow\" \/>\n<meta name=\"googlebot\" content=\"index, follow, max-snippet:-1, max-image-preview:large, max-video-preview:-1\" \/>\n<meta name=\"bingbot\" content=\"index, follow, max-snippet:-1, max-image-preview:large, max-video-preview:-1\" \/>\n<link rel=\"canonical\" href=\"https:\/\/beachin.ch\/fr\/hotel\/hotel-studio-soneva\/\" \/>\n<meta property=\"og:locale\" content=\"fr_FR\" \/>\n<meta property=\"og:type\" content=\"article\" \/>\n<meta property=\"og:title\" content=\"Studio \u00abSoneva\u00bb &ndash; BeachIN Sport, Bar &amp; Hotel\" \/>\n<meta property=\"og:description\" content=\"Studio avec cuisine et salle de bains pour un maximum de 4 personnes. Convient aux familles ou petits groupes. Une occupation simple ou double est \u00e9galement possible.\" \/>\n<meta property=\"og:url\" content=\"https:\/\/beachin.ch\/fr\/hotel\/hotel-studio-soneva\/\" \/>\n<meta property=\"og:site_name\" content=\"BeachIN Sport, Bar &amp; Hotel\" \/>\n<meta property=\"article:modified_time\" content=\"2019-07-08T12:58:31+00:00\" \/>\n<meta property=\"og:image\" content=\"https:\/\/beachin.ch\/wp-content\/uploads\/2019\/06\/BeachIn_Hotel_Zimmer_Soneva_007.jpg\" \/>\n\t<meta property=\"og:image:width\" content=\"1200\" \/>\n\t<meta property=\"og:image:height\" content=\"800\" \/>\n<meta name=\"twitter:card\" content=\"summary_large_image\" \/>\n<script type=\"application\/ld+json\" class=\"yoast-schema-graph\">{\"@context\":\"https:\/\/schema.org\",\"@graph\":[{\"@type\":\"WebSite\",\"@id\":\"https:\/\/beachin.ch\/fr\/#website\",\"url\":\"https:\/\/beachin.ch\/fr\/\",\"name\":\"BeachIN Sport, Bar &amp; Hotel\",\"description\":\"Strandfeeling das ganze Jahr!\",\"potentialAction\":[{\"@type\":\"SearchAction\",\"target\":\"https:\/\/beachin.ch\/fr\/?s={search_term_string}\",\"query-input\":\"required name=search_term_string\"}],\"inLanguage\":\"fr-FR\"},{\"@type\":\"ImageObject\",\"@id\":\"https:\/\/beachin.ch\/fr\/hotel\/hotel-studio-soneva\/#primaryimage\",\"inLanguage\":\"fr-FR\",\"url\":\"https:\/\/beachin.ch\/wp-content\/uploads\/2019\/06\/BeachIn_Hotel_Zimmer_Soneva_007.jpg\",\"width\":1200,\"height\":800},{\"@type\":\"WebPage\",\"@id\":\"https:\/\/beachin.ch\/fr\/hotel\/hotel-studio-soneva\/#webpage\",\"url\":\"https:\/\/beachin.ch\/fr\/hotel\/hotel-studio-soneva\/\",\"name\":\"Studio \\u00abSoneva\\u00bb &ndash; BeachIN Sport, Bar &amp; Hotel\",\"isPartOf\":{\"@id\":\"https:\/\/beachin.ch\/fr\/#website\"},\"primaryImageOfPage\":{\"@id\":\"https:\/\/beachin.ch\/fr\/hotel\/hotel-studio-soneva\/#primaryimage\"},\"datePublished\":\"2019-06-14T10:59:28+00:00\",\"dateModified\":\"2019-07-08T12:58:31+00:00\",\"description\":\"Studio avec cuisine et salle de bains pour un maximum de 4 personnes. Convient aux familles ou petits groupes. Une occupation simple ou double est \\u00e9galement possible.\",\"inLanguage\":\"fr-FR\",\"potentialAction\":[{\"@type\":\"ReadAction\",\"target\":[\"https:\/\/beachin.ch\/fr\/hotel\/hotel-studio-soneva\/\"]}]}]}<\/script>\n<!-- \/ Yoast SEO plugin. -->","_links":{"self":[{"href":"https:\/\/beachin.ch\/fr\/wp-json\/wp\/v2\/pages\/4153"}],"collection":[{"href":"https:\/\/beachin.ch\/fr\/wp-json\/wp\/v2\/pages"}],"about":[{"href":"https:\/\/beachin.ch\/fr\/wp-json\/wp\/v2\/types\/page"}],"author":[{"embeddable":true,"href":"https:\/\/beachin.ch\/fr\/wp-json\/wp\/v2\/users\/1"}],"replies":[{"embeddable":true,"href":"https:\/\/beachin.ch\/fr\/wp-json\/wp\/v2\/comments?post=4153"}],"version-history":[{"count":4,"href":"https:\/\/beachin.ch\/fr\/wp-json\/wp\/v2\/pages\/4153\/revisions"}],"predecessor-version":[{"id":4803,"href":"https:\/\/beachin.ch\/fr\/wp-json\/wp\/v2\/pages\/4153\/revisions\/4803"}],"up":[{"embeddable":true,"href":"https:\/\/beachin.ch\/fr\/wp-json\/wp\/v2\/pages\/1247"}],"wp:featuredmedia":[{"embeddable":true,"href":"https:\/\/beachin.ch\/fr\/wp-json\/wp\/v2\/media\/4176"}],"wp:attachment":[{"href":"https:\/\/beachin.ch\/fr\/wp-json\/wp\/v2\/media?parent=4153"}],"curies":[{"name":"wp","href":"https:\/\/api.w.org\/{rel}","templated":true}]}}