{"id":4139,"date":"2019-06-14T10:55:31","date_gmt":"2019-06-14T08:55:31","guid":{"rendered":"https:\/\/beachin.ch\/hotel\/hotel-chambre-kuredu\/"},"modified":"2019-07-08T15:06:05","modified_gmt":"2019-07-08T13:06:05","slug":"hotel-chambre-kuredu","status":"publish","type":"page","link":"https:\/\/beachin.ch\/fr\/hotel\/hotel-chambre-kuredu\/","title":{"rendered":"Chambre \u00abKuredu\u00bb"},"content":{"rendered":"<div class=\"wpb-content-wrapper\"><p>[vc_row][vc_column][vc_column_text]La grande chambre double ou simple &#8220;Kuredu&#8221; est am\u00e9nag\u00e9e dans le m\u00eame standard individuel, contemporain mais moderne, comme toutes nos chambres. Un grand lit fran\u00e7ais (1,80 x 2,00 m) avec un matelas confortable, une connexion Wi-Fi gratuite, un espace suffisant et bien s\u00fbr le style de plage individuel avec vue sur la campagne garantissent un s\u00e9jour relaxant \u00e0 BeachIN.<\/p>\n<p>L\u2019\u00eele de Kuredu, \u00e0 l\u2019extr\u00e9mit\u00e9 nord de l\u2019atoll de Lhaviyani, aux Maldives, est r\u00e9put\u00e9e pour sa longue plage de sable blanc de 3 km d\u00e9cor\u00e9e de palmiers. Un paradis sur terre avec des possibilit\u00e9s de loisirs attrayantes. C\u2019est exactement ce qui se refl\u00e8te dans notre chambre &#8220;Kuredu&#8221; au BeachIN. Plongez et profitez &#8230;[\/vc_column_text][\/vc_column][\/vc_row][vc_row][vc_column width=&#8221;1\/6&#8243;][\/vc_column][vc_column width=&#8221;2\/3&#8243;][vc_images_carousel images=&#8221;4266,4269,4272,4275,4278,3906,3897,3894&#8243; img_size=&#8221;full&#8221; autoplay=&#8221;yes&#8221; hide_pagination_control=&#8221;yes&#8221; wrap=&#8221;yes&#8221;][\/vc_column][vc_column width=&#8221;1\/6&#8243;][\/vc_column][\/vc_row][vc_row][vc_column]<div class=\"woocommerce\">\t\t\t<div class=\"single-product\" data-product-page-preselected-id=\"0\">\n\t\t\t\t<div id=\"product-4356\" class=\"tm-no-options product type-product post-4356 status-publish first instock product_cat-hotel-fr has-post-thumbnail virtual sold-individually purchasable product-type-simple\">\n    <div class=\"vc_row wpb_row vc_row-fluid\">\n        <div class=\"vc_column-inner \">\n            <div class=\"wpb_column vc_column_container vc_col-md-7\" style='display:none'>\n                <div class=\"vc_column-inner \">\n                    <div class=\"summary entry-summary\">\n                                                    \n                            <div class=\"woocommerce-product-details__short-description\">\n                                                                <\/div>\n                            <table cellspacing=\"0\" cellpadding=\"0\" >\n                            <tr><td>places libres:<\/td><td>Ausgebucht<\/td><\/tr>\n\n                            \n                                <tr class=\"sku_wrapper\"><td>UGS\u00a0:<\/td> <td class=\"sku\">hotel-z4-doppelzimmer-kuredu<\/td><\/tr>\n\n                            \n                                   \n                            <tr class=\"posted_in\"><td>Cat\u00e9gorie\u00a0:<\/td><td>Hotel<\/td><\/tr>\n                            \n                            <\/table>\n                            \n                                                <\/div>\n                    \n                <\/div>\n            <\/div>\n            <div class=\"wpb_column vc_column_container vc_col-md-5\"  style='display:none'>\n                <div class=\"wpb_column vc_column_container vc_col-md-12\" style=\"display:none\">\n                    <div class=\"vc_column-inner \">\n                                            <\/div>\n                <\/div>\n                <div class=\"wpb_column vc_column_container vc_col-md-12\">  \n                    <div class=\"vc_column-inner \">\n                        <div class=\"woocommerce-product-action\" >\n                            <h3>Anmeldung<\/h3>\n                                <span>Dieser Kurs ist leider ausgebucht.<\/span><br><br><div class='vc_btn3-container vc_btn3-inline'><a href='\/kontakt\/' class='vc_general vc_btn3 vc_btn3-size-md vc_btn3-shape-rounded vc_btn3-style-modern vc_btn3-color-grey'>\u00bb Anfrage via Kontaktformular<\/a><\/div>                                                            \n                        <\/div>\n                     <\/div>\n                <\/div>\n            <\/div>\n            <div class=\"wpb_column vc_column_container vc_col-md-12 booking-system_wrapper\"><div class=\"vc_column-inner \"><\/div><\/div>            \n            <div class=\"wpb_column vc_column_container vc_col-md-12\">\n                <div class=\"vc_column-inner \">\n                                                        <\/div>\n            <\/div>\n        <\/div>\n    <\/div>\n<\/div>\n\n\t\t\t<\/div>\n\t\t\t<\/div>[\/vc_column][\/vc_row]<\/p>\n<\/div>","protected":false},"excerpt":{"rendered":"<p>[vc_row][vc_column][vc_column_text]La grande chambre double ou simple &#8220;Kuredu&#8221; est am\u00e9nag\u00e9e dans le m\u00eame standard individuel, contemporain mais moderne, comme toutes nos chambres. Un grand lit fran\u00e7ais (1,80 x 2,00 m) avec un matelas confortable, une connexion Wi-Fi gratuite, un espace suffisant et bien s\u00fbr le style de plage individuel avec vue sur la campagne garantissent un <a class=\"more-link\" href=\"https:\/\/beachin.ch\/fr\/produkt\/chambre-kuredu\/\">weiterlesen&#8230;<\/a><\/p>\n","protected":false},"author":1,"featured_media":4271,"parent":1247,"menu_order":0,"comment_status":"closed","ping_status":"closed","template":"","meta":{"footnotes":""},"yoast_head":"<!-- This site is optimized with the Yoast SEO plugin v14.4.1 - https:\/\/yoast.com\/wordpress\/plugins\/seo\/ -->\n<title>Chambre \u00abKuredu\u00bb &ndash; BeachIN Sport, Bar &amp; Hotel<\/title>\n<meta name=\"description\" content=\"Chambre double ou simple au style plage. Ameublement moderne et contemporain. WiFi, TV, station de charge USB et salle de bain beachstyle.\" \/>\n<meta name=\"robots\" content=\"index, follow\" \/>\n<meta name=\"googlebot\" content=\"index, follow, max-snippet:-1, max-image-preview:large, max-video-preview:-1\" \/>\n<meta name=\"bingbot\" content=\"index, follow, max-snippet:-1, max-image-preview:large, max-video-preview:-1\" \/>\n<link rel=\"canonical\" href=\"https:\/\/beachin.ch\/fr\/hotel\/hotel-chambre-kuredu\/\" \/>\n<meta property=\"og:locale\" content=\"fr_FR\" \/>\n<meta property=\"og:type\" content=\"article\" \/>\n<meta property=\"og:title\" content=\"Chambre \u00abKuredu\u00bb &ndash; BeachIN Sport, Bar &amp; Hotel\" \/>\n<meta property=\"og:description\" content=\"Chambre double ou simple au style plage. Ameublement moderne et contemporain. WiFi, TV, station de charge USB et salle de bain beachstyle.\" \/>\n<meta property=\"og:url\" content=\"https:\/\/beachin.ch\/fr\/hotel\/hotel-chambre-kuredu\/\" \/>\n<meta property=\"og:site_name\" content=\"BeachIN Sport, Bar &amp; Hotel\" \/>\n<meta property=\"article:modified_time\" content=\"2019-07-08T13:06:05+00:00\" \/>\n<meta property=\"og:image\" content=\"https:\/\/beachin.ch\/wp-content\/uploads\/2019\/06\/BeachIn_Hotel_Zimmer_Kuredu_002.jpg\" \/>\n\t<meta property=\"og:image:width\" content=\"1200\" \/>\n\t<meta property=\"og:image:height\" content=\"800\" \/>\n<meta name=\"twitter:card\" content=\"summary_large_image\" \/>\n<script type=\"application\/ld+json\" class=\"yoast-schema-graph\">{\"@context\":\"https:\/\/schema.org\",\"@graph\":[{\"@type\":\"WebSite\",\"@id\":\"https:\/\/beachin.ch\/fr\/#website\",\"url\":\"https:\/\/beachin.ch\/fr\/\",\"name\":\"BeachIN Sport, Bar &amp; Hotel\",\"description\":\"Strandfeeling das ganze Jahr!\",\"potentialAction\":[{\"@type\":\"SearchAction\",\"target\":\"https:\/\/beachin.ch\/fr\/?s={search_term_string}\",\"query-input\":\"required name=search_term_string\"}],\"inLanguage\":\"fr-FR\"},{\"@type\":\"ImageObject\",\"@id\":\"https:\/\/beachin.ch\/fr\/hotel\/hotel-chambre-kuredu\/#primaryimage\",\"inLanguage\":\"fr-FR\",\"url\":\"https:\/\/beachin.ch\/wp-content\/uploads\/2019\/06\/BeachIn_Hotel_Zimmer_Kuredu_002.jpg\",\"width\":1200,\"height\":800},{\"@type\":\"WebPage\",\"@id\":\"https:\/\/beachin.ch\/fr\/hotel\/hotel-chambre-kuredu\/#webpage\",\"url\":\"https:\/\/beachin.ch\/fr\/hotel\/hotel-chambre-kuredu\/\",\"name\":\"Chambre \\u00abKuredu\\u00bb &ndash; BeachIN Sport, Bar &amp; Hotel\",\"isPartOf\":{\"@id\":\"https:\/\/beachin.ch\/fr\/#website\"},\"primaryImageOfPage\":{\"@id\":\"https:\/\/beachin.ch\/fr\/hotel\/hotel-chambre-kuredu\/#primaryimage\"},\"datePublished\":\"2019-06-14T08:55:31+00:00\",\"dateModified\":\"2019-07-08T13:06:05+00:00\",\"description\":\"Chambre double ou simple au style plage. Ameublement moderne et contemporain. WiFi, TV, station de charge USB et salle de bain beachstyle.\",\"inLanguage\":\"fr-FR\",\"potentialAction\":[{\"@type\":\"ReadAction\",\"target\":[\"https:\/\/beachin.ch\/fr\/hotel\/hotel-chambre-kuredu\/\"]}]}]}<\/script>\n<!-- \/ Yoast SEO plugin. -->","_links":{"self":[{"href":"https:\/\/beachin.ch\/fr\/wp-json\/wp\/v2\/pages\/4139"}],"collection":[{"href":"https:\/\/beachin.ch\/fr\/wp-json\/wp\/v2\/pages"}],"about":[{"href":"https:\/\/beachin.ch\/fr\/wp-json\/wp\/v2\/types\/page"}],"author":[{"embeddable":true,"href":"https:\/\/beachin.ch\/fr\/wp-json\/wp\/v2\/users\/1"}],"replies":[{"embeddable":true,"href":"https:\/\/beachin.ch\/fr\/wp-json\/wp\/v2\/comments?post=4139"}],"version-history":[{"count":3,"href":"https:\/\/beachin.ch\/fr\/wp-json\/wp\/v2\/pages\/4139\/revisions"}],"predecessor-version":[{"id":4809,"href":"https:\/\/beachin.ch\/fr\/wp-json\/wp\/v2\/pages\/4139\/revisions\/4809"}],"up":[{"embeddable":true,"href":"https:\/\/beachin.ch\/fr\/wp-json\/wp\/v2\/pages\/1247"}],"wp:featuredmedia":[{"embeddable":true,"href":"https:\/\/beachin.ch\/fr\/wp-json\/wp\/v2\/media\/4271"}],"wp:attachment":[{"href":"https:\/\/beachin.ch\/fr\/wp-json\/wp\/v2\/media?parent=4139"}],"curies":[{"name":"wp","href":"https:\/\/api.w.org\/{rel}","templated":true}]}}