{"id":4132,"date":"2019-06-14T09:58:05","date_gmt":"2019-06-14T07:58:05","guid":{"rendered":"https:\/\/beachin.ch\/hotel\/hotel-chambre-embudu\/"},"modified":"2019-07-08T14:59:27","modified_gmt":"2019-07-08T12:59:27","slug":"hotel-chambre-embudu","status":"publish","type":"page","link":"https:\/\/beachin.ch\/fr\/hotel\/hotel-chambre-embudu\/","title":{"rendered":"Chambre \u00abEmbudu\u00bb"},"content":{"rendered":"<div class=\"wpb-content-wrapper\"><p>[vc_row][vc_column][vc_column_text]La chambre double &#8220;Embudu&#8221; est bien s\u00fbr enti\u00e8rement meubl\u00e9e dans le style de la plage individuelle. Dans le grand lit fran\u00e7aise (1,80 x 2,00 m) avec un matelas confortable sont des r\u00eaves de vacances garantis. La chambre peut \u00eatre r\u00e9serv\u00e9e en tant que chambre simple ou double. La grande t\u00e9l\u00e9vision, le wifi gratuit, la salle de bain originale et le mobilier pratique et contemporain vous assurent un confort absolu pendant votre s\u00e9jour au BeachIN.<\/p>\n<p>&#8220;Embudu&#8221; est une petite \u00eele paradisiaque aux pieds nus situ\u00e9e au nord de l&#8217;atoll de Mal\u00e9 Sud, dans l&#8217;archipel des Maldives. Un nom parfait pour une de nos belles chambres. Un s\u00e9jour d&#8217;une nuit dans la chambre BeachIN Embudu, c&#8217;est comme des vacances sur cette \u00eele &#8230;[\/vc_column_text][\/vc_column][\/vc_row][vc_row][vc_column width=&#8221;1\/6&#8243;][\/vc_column][vc_column width=&#8221;2\/3&#8243;][vc_images_carousel images=&#8221;4238,4253,4256,4247,4241,4244,3933,3906,3936,3930&#8243; img_size=&#8221;full&#8221; autoplay=&#8221;yes&#8221; hide_pagination_control=&#8221;yes&#8221; wrap=&#8221;yes&#8221;][\/vc_column][vc_column width=&#8221;1\/6&#8243;][\/vc_column][\/vc_row][vc_row][vc_column]<div class=\"woocommerce\">\t\t\t<div class=\"single-product\" data-product-page-preselected-id=\"0\">\n\t\t\t\t<div id=\"product-4358\" class=\"tm-no-options product type-product post-4358 status-publish first instock product_cat-hotel-fr has-post-thumbnail virtual sold-individually purchasable product-type-simple\">\n    <div class=\"vc_row wpb_row vc_row-fluid\">\n        <div class=\"vc_column-inner \">\n            <div class=\"wpb_column vc_column_container vc_col-md-7\" style='display:none'>\n                <div class=\"vc_column-inner \">\n                    <div class=\"summary entry-summary\">\n                                                    \n                            <div class=\"woocommerce-product-details__short-description\">\n                                                                <\/div>\n                            <table cellspacing=\"0\" cellpadding=\"0\" >\n                            <tr><td>places libres:<\/td><td>Ausgebucht<\/td><\/tr>\n\n                            \n                                <tr class=\"sku_wrapper\"><td>UGS\u00a0:<\/td> <td class=\"sku\">hotel-z3-doppelzimmer-embudu<\/td><\/tr>\n\n                            \n                                   \n                            <tr class=\"posted_in\"><td>Cat\u00e9gorie\u00a0:<\/td><td>Hotel<\/td><\/tr>\n                            \n                            <\/table>\n                            \n                                                <\/div>\n                    \n                <\/div>\n            <\/div>\n            <div class=\"wpb_column vc_column_container vc_col-md-5\"  style='display:none'>\n                <div class=\"wpb_column vc_column_container vc_col-md-12\" style=\"display:none\">\n                    <div class=\"vc_column-inner \">\n                                            <\/div>\n                <\/div>\n                <div class=\"wpb_column vc_column_container vc_col-md-12\">  \n                    <div class=\"vc_column-inner \">\n                        <div class=\"woocommerce-product-action\" >\n                            <h3>Anmeldung<\/h3>\n                                <span>Dieser Kurs ist leider ausgebucht.<\/span><br><br><div class='vc_btn3-container vc_btn3-inline'><a href='\/kontakt\/' class='vc_general vc_btn3 vc_btn3-size-md vc_btn3-shape-rounded vc_btn3-style-modern vc_btn3-color-grey'>\u00bb Anfrage via Kontaktformular<\/a><\/div>                                                            \n                        <\/div>\n                     <\/div>\n                <\/div>\n            <\/div>\n            <div class=\"wpb_column vc_column_container vc_col-md-12 booking-system_wrapper\"><div class=\"vc_column-inner \"><\/div><\/div>            \n            <div class=\"wpb_column vc_column_container vc_col-md-12\">\n                <div class=\"vc_column-inner \">\n                                                        <\/div>\n            <\/div>\n        <\/div>\n    <\/div>\n<\/div>\n\n\t\t\t<\/div>\n\t\t\t<\/div>[\/vc_column][\/vc_row]<\/p>\n<\/div>","protected":false},"excerpt":{"rendered":"<p>[vc_row][vc_column][vc_column_text]La chambre double &#8220;Embudu&#8221; est bien s\u00fbr enti\u00e8rement meubl\u00e9e dans le style de la plage individuelle. Dans le grand lit fran\u00e7aise (1,80 x 2,00 m) avec un matelas confortable sont des r\u00eaves de vacances garantis. La chambre peut \u00eatre r\u00e9serv\u00e9e en tant que chambre simple ou double. La grande t\u00e9l\u00e9vision, le wifi gratuit, la salle <a class=\"more-link\" href=\"https:\/\/beachin.ch\/fr\/produkt\/chambre-embudu\/\">weiterlesen&#8230;<\/a><\/p>\n","protected":false},"author":1,"featured_media":4243,"parent":1247,"menu_order":0,"comment_status":"closed","ping_status":"closed","template":"","meta":{"footnotes":""},"yoast_head":"<!-- This site is optimized with the Yoast SEO plugin v14.4.1 - https:\/\/yoast.com\/wordpress\/plugins\/seo\/ -->\n<title>Chambre \u00abEmbudu\u00bb &ndash; BeachIN Sport, Bar &amp; Hotel<\/title>\n<meta name=\"description\" content=\"Chambre simple ou double de style plage avec grand lit, d\u00e9coration moderne, Wifi, t\u00e9l\u00e9vision 50 pouces et un salle de bains &quot;beachstyle&quot;!\" \/>\n<meta name=\"robots\" content=\"index, follow\" \/>\n<meta name=\"googlebot\" content=\"index, follow, max-snippet:-1, max-image-preview:large, max-video-preview:-1\" \/>\n<meta name=\"bingbot\" content=\"index, follow, max-snippet:-1, max-image-preview:large, max-video-preview:-1\" \/>\n<link rel=\"canonical\" href=\"https:\/\/beachin.ch\/fr\/hotel\/hotel-chambre-embudu\/\" \/>\n<meta property=\"og:locale\" content=\"fr_FR\" \/>\n<meta property=\"og:type\" content=\"article\" \/>\n<meta property=\"og:title\" content=\"Chambre \u00abEmbudu\u00bb &ndash; BeachIN Sport, Bar &amp; Hotel\" \/>\n<meta property=\"og:description\" content=\"Chambre simple ou double de style plage avec grand lit, d\u00e9coration moderne, Wifi, t\u00e9l\u00e9vision 50 pouces et un salle de bains &quot;beachstyle&quot;!\" \/>\n<meta property=\"og:url\" content=\"https:\/\/beachin.ch\/fr\/hotel\/hotel-chambre-embudu\/\" \/>\n<meta property=\"og:site_name\" content=\"BeachIN Sport, Bar &amp; Hotel\" \/>\n<meta property=\"article:modified_time\" content=\"2019-07-08T12:59:27+00:00\" \/>\n<meta property=\"og:image\" content=\"https:\/\/beachin.ch\/wp-content\/uploads\/2019\/06\/BeachIN_Hotel_Zimmer_Embudu_002.jpg\" \/>\n\t<meta property=\"og:image:width\" content=\"1200\" \/>\n\t<meta property=\"og:image:height\" content=\"800\" \/>\n<meta name=\"twitter:card\" content=\"summary_large_image\" \/>\n<script type=\"application\/ld+json\" class=\"yoast-schema-graph\">{\"@context\":\"https:\/\/schema.org\",\"@graph\":[{\"@type\":\"WebSite\",\"@id\":\"https:\/\/beachin.ch\/fr\/#website\",\"url\":\"https:\/\/beachin.ch\/fr\/\",\"name\":\"BeachIN Sport, Bar &amp; Hotel\",\"description\":\"Strandfeeling das ganze Jahr!\",\"potentialAction\":[{\"@type\":\"SearchAction\",\"target\":\"https:\/\/beachin.ch\/fr\/?s={search_term_string}\",\"query-input\":\"required name=search_term_string\"}],\"inLanguage\":\"fr-FR\"},{\"@type\":\"ImageObject\",\"@id\":\"https:\/\/beachin.ch\/fr\/hotel\/hotel-chambre-embudu\/#primaryimage\",\"inLanguage\":\"fr-FR\",\"url\":\"https:\/\/beachin.ch\/wp-content\/uploads\/2019\/06\/BeachIN_Hotel_Zimmer_Embudu_002.jpg\",\"width\":1200,\"height\":800},{\"@type\":\"WebPage\",\"@id\":\"https:\/\/beachin.ch\/fr\/hotel\/hotel-chambre-embudu\/#webpage\",\"url\":\"https:\/\/beachin.ch\/fr\/hotel\/hotel-chambre-embudu\/\",\"name\":\"Chambre \\u00abEmbudu\\u00bb &ndash; BeachIN Sport, Bar &amp; Hotel\",\"isPartOf\":{\"@id\":\"https:\/\/beachin.ch\/fr\/#website\"},\"primaryImageOfPage\":{\"@id\":\"https:\/\/beachin.ch\/fr\/hotel\/hotel-chambre-embudu\/#primaryimage\"},\"datePublished\":\"2019-06-14T07:58:05+00:00\",\"dateModified\":\"2019-07-08T12:59:27+00:00\",\"description\":\"Chambre simple ou double de style plage avec grand lit, d\\u00e9coration moderne, Wifi, t\\u00e9l\\u00e9vision 50 pouces et un salle de bains \\\"beachstyle\\\"!\",\"inLanguage\":\"fr-FR\",\"potentialAction\":[{\"@type\":\"ReadAction\",\"target\":[\"https:\/\/beachin.ch\/fr\/hotel\/hotel-chambre-embudu\/\"]}]}]}<\/script>\n<!-- \/ Yoast SEO plugin. -->","_links":{"self":[{"href":"https:\/\/beachin.ch\/fr\/wp-json\/wp\/v2\/pages\/4132"}],"collection":[{"href":"https:\/\/beachin.ch\/fr\/wp-json\/wp\/v2\/pages"}],"about":[{"href":"https:\/\/beachin.ch\/fr\/wp-json\/wp\/v2\/types\/page"}],"author":[{"embeddable":true,"href":"https:\/\/beachin.ch\/fr\/wp-json\/wp\/v2\/users\/1"}],"replies":[{"embeddable":true,"href":"https:\/\/beachin.ch\/fr\/wp-json\/wp\/v2\/comments?post=4132"}],"version-history":[{"count":5,"href":"https:\/\/beachin.ch\/fr\/wp-json\/wp\/v2\/pages\/4132\/revisions"}],"predecessor-version":[{"id":4804,"href":"https:\/\/beachin.ch\/fr\/wp-json\/wp\/v2\/pages\/4132\/revisions\/4804"}],"up":[{"embeddable":true,"href":"https:\/\/beachin.ch\/fr\/wp-json\/wp\/v2\/pages\/1247"}],"wp:featuredmedia":[{"embeddable":true,"href":"https:\/\/beachin.ch\/fr\/wp-json\/wp\/v2\/media\/4243"}],"wp:attachment":[{"href":"https:\/\/beachin.ch\/fr\/wp-json\/wp\/v2\/media?parent=4132"}],"curies":[{"name":"wp","href":"https:\/\/api.w.org\/{rel}","templated":true}]}}