{"id":29926,"date":"2025-08-11T10:51:23","date_gmt":"2025-08-11T08:51:23","guid":{"rendered":"https:\/\/beachin.ch\/?page_id=29926"},"modified":"2025-10-21T08:30:41","modified_gmt":"2025-10-21T06:30:41","slug":"tournoi-fun-samedi-1er-novembre-2025","status":"publish","type":"page","link":"https:\/\/beachin.ch\/fr\/evenements\/tournoi-fun-samedi-1er-novembre-2025\/","title":{"rendered":"Tournoi Fun &#8211; Samedi 1er novembre 2025"},"content":{"rendered":"<h1 data-start=\"221\" data-end=\"272\"><strong data-start=\"221\" data-end=\"272\">Trois disciplines, une \u00e9quipe, plein de plaisir<\/strong><\/h1>\n<p data-start=\"274\" data-end=\"491\"><strong>Que tu pr\u00e9f\u00e8res smasher, lancer ou couper, le tournoi fun de cette ann\u00e9e a tout pour te plaire. Forme ton \u00e9quipe et viens participer \u00e0 cette journ\u00e9e o\u00f9 le beach-volley, le beach-boccia et le Jass se rencontrent.<\/strong><\/p>\n<h3 data-start=\"493\" data-end=\"510\">D\u00e9roulement<\/h3>\n<p data-start=\"511\" data-end=\"626\">On d\u00e9marre \u00e0 10h00 et on joue jusqu\u2019au soir (fin ouverte, au plus tard 19h00).<\/p>\n<p data-start=\"511\" data-end=\"626\">Les trois disciplines sont :<\/p>\n<ul>\n<li data-start=\"511\" data-end=\"626\"><strong>Beach-volley :\u00a0<\/strong> 3 contre 3, 15 minutes par match, min. 3 matchs par \u00e9quipe (seulement 2 jouers ca va aussi)<\/li>\n<li data-start=\"511\" data-end=\"626\"><strong>Beach-boccia<\/strong> <strong>:<\/strong> max. 2 personnes par partie, min. 3 parties par \u00e9quipe<\/li>\n<li data-start=\"511\" data-end=\"626\"><strong>Jass (chibre) :<\/strong> 2 personnes par partie, min. 3 parties par \u00e9quipe<\/li>\n<\/ul>\n<p data-start=\"876\" data-end=\"1029\">Pas besoin de tout faire \u2013 chaque participant.e ne joue pas forc\u00e9ment toutes les disciplines. L&#8217;important, c&#8217;est que ton \u00e9quipe ait assez de joueur.euse.s pour chacune.<\/p>\n<h3 data-start=\"1031\" data-end=\"1058\">\u00c9quipes et inscription<\/h3>\n<ul data-start=\"1059\" data-end=\"1326\">\n<li>Taille des \u00e9quipes : 2 \u00e0 6 personnes<\/li>\n<li>Maximum 12 \u00e9quipes \u2013 il faut \u00eatre rapide !<\/li>\n<li>Co\u00fbt : <strong>CHF 40.\u2013 par personne<\/strong> (inclut menu pasta \u00e0 midi &amp; prix-souvenir pour tout.e.s)<\/li>\n<li>Inscription jusqu\u2019au <strong>dimanche 26 octobre 2025<\/strong><\/li>\n<li>Uniquement par \u00e9quipe<\/li>\n<li><span class=\"HwtZe\" lang=\"fr\"><span class=\"jCAhz ChMk0b\"><span class=\"ryNqvb\">Vous recevrez un planning avec vos horaires de jeu au plus tard le 30 novembre !<\/span><\/span><\/span><\/li>\n<\/ul>\n<p data-start=\"1328\" data-end=\"1476\">&gt;&gt; L\u2019inscription se fait directement via le formulaire en ligne sur ce site. Pour toute question, contacte-nous via les coordonn\u00e9es habituelles.<\/p>\n<h3 data-start=\"1478\" data-end=\"1495\">Et en plus\u2026<\/h3>\n<p data-start=\"1496\" data-end=\"1650\">Tout au long de la journ\u00e9e, notre beach-bar te propose un service \u00e0 la carte.<br data-start=\"1577\" data-end=\"1580\" \/>Et bien s\u00fbr, des prix attrayants pour les cinq meilleures \u00e9quipes.<\/p>\n<p data-start=\"1657\" data-end=\"1781\">Envie de jeu, d\u2019esprit d\u2019\u00e9quipe et de sable entre les orteils ? Alors inscris-toi vite \u2013 on se r\u00e9jouit de t\u2019accueillir !<\/p>\n<p data-start=\"1657\" data-end=\"1781\">cu@BeachIN<\/p>\n<p data-start=\"1657\" data-end=\"1781\"><div id='formContainer185445814' class='sfForm rednaoFormContainer SfFormElementContainer bootstrap-wrapper'><\/div><script>\n            var ajaxurl = 'https:\/\/beachin.ch\/wp-admin\/admin-ajax.php';\n            var smartFormsCurrentTime=new Date('Mon Apr 20 2026 08:32:18 +0000');\n            \tvar smartFormsUserName=\"\";\n            \tvar smartFormsFirstName=\"\";\n            \tvar smartFormsLastName=\"\";\n            \tvar smartFormsEmail=\"\";\n                var smartFormsPath=\"https:\/\/beachin.ch\/wp-content\/plugins\/smart-forms\/\";\n                var smartDonationsRootPath=\"\";\n                var smartDonationsSandbox=\"\";\n                var smartFormsAdditionalFields67=[];\n                var smartFormsDesignMode=false;\n                if(!window.smartFormsItemsToLoad)\n                    window.smartFormsItemsToLoad=new Array();                                                   \n        window.smartFormsItemsToLoad.push({ 'form_id':67,  'elements':[{\"_id\":35,\"ClassName\":\"rednaotextinput\",\"IsRequired\":\"y\",\"Formulas\":{},\"Styles\":{},\"ContainerOptions\":{\"Width\":-1,\"Id\":\"35\",\"Type\":\"single\"},\"Id\":\"rnField1\",\"Spacing\":\"col-sm-12\",\"Label\":\"Nom de ton \u00e9quipe \",\"Placeholder\":\"\",\"Value\":\"\",\"ReadOnly\":\"n\",\"Width\":\"\",\"Icon\":{\"ClassName\":\"\"},\"CustomCSS\":\"\",\"Placeholder_Icon\":{\"ClassName\":\"\",\"Orientation\":\"\"}},{\"_id\":96,\"ClassName\":\"rednaotextinput\",\"IsRequired\":\"y\",\"Formulas\":{},\"Styles\":{},\"ContainerOptions\":{\"Width\":-1,\"Id\":\"125\",\"Type\":\"single\"},\"Id\":\"rnField26\",\"Spacing\":\"col-sm-12\",\"Label\":\"Chef.fe d'\u00e9quipe \",\"Placeholder\":\"\",\"Value\":\"\",\"ReadOnly\":\"n\",\"Width\":\"\",\"Icon\":{\"ClassName\":\"\"},\"CustomCSS\":\"\",\"Placeholder_Icon\":{\"ClassName\":\"\",\"Orientation\":\"\"}},{\"_id\":38,\"ClassName\":\"rednaoemail\",\"IsRequired\":\"y\",\"Formulas\":{},\"Styles\":{},\"ContainerOptions\":{\"Width\":-1,\"Id\":\"41\",\"Type\":\"single\"},\"Id\":\"rnField4\",\"Spacing\":\"col-sm-12\",\"Label\":\"Email\",\"Placeholder\":\"\",\"Icon\":{\"ClassName\":\"\"},\"CustomCSS\":\"\",\"Placeholder_Icon\":{\"ClassName\":\"\",\"Orientation\":\"\"},\"Value\":\"\",\"ReadOnly\":\"n\"},{\"_id\":37,\"ClassName\":\"rednaotextinput\",\"IsRequired\":\"y\",\"Formulas\":{},\"Styles\":{},\"ContainerOptions\":{\"Width\":-1,\"Id\":\"39\",\"Type\":\"single\"},\"Id\":\"rnField3\",\"Spacing\":\"col-sm-12\",\"Label\":\"Num\u00e9ro de t\u00e9l\u00e9phone\",\"Placeholder\":\"\",\"Value\":\"\",\"ReadOnly\":\"n\",\"Width\":\"\",\"Icon\":{\"ClassName\":\"\"},\"CustomCSS\":\"\",\"Placeholder_Icon\":{\"ClassName\":\"\",\"Orientation\":\"\"}},{\"_id\":95,\"ClassName\":\"rednaoselectbasic\",\"IsRequired\":\"y\",\"Formulas\":{},\"Styles\":{},\"ContainerOptions\":{\"Width\":-1,\"Id\":\"122\",\"Type\":\"single\"},\"Id\":\"rnField25\",\"Spacing\":\"col-sm-12\",\"Label\":\"Nombre de personnes dans l'\u00e9quipe\",\"DefaultText\":\"\",\"Options\":[{\"label\":\"2\",\"value\":\"0\",\"sel\":\"n\",\"url\":\"\"},{\"label\":\"3\",\"value\":\"0\",\"sel\":\"n\",\"url\":\"\"},{\"label\":\"4\",\"value\":\"0\",\"sel\":\"n\",\"url\":\"\"},{\"label\":\"5\",\"value\":\"0\",\"sel\":\"n\",\"url\":\"\"},{\"label\":\"6\",\"value\":\"0\",\"sel\":\"n\",\"url\":\"\"}],\"Width\":\"\",\"CustomCSS\":\"\",\"DefaultText_Icon\":{\"ClassName\":\"\",\"Orientation\":\"\"}},{\"_id\":133,\"ClassName\":\"rednaoselectbasic\",\"IsRequired\":\"y\",\"Formulas\":{},\"Styles\":{},\"ContainerOptions\":{\"Width\":-1,\"Id\":\"162\",\"Type\":\"single\"},\"Id\":\"rnField27\",\"Spacing\":\"col-sm-12\",\"Label\":\"Nombre de menus v\u00e9g\u00e9tariens (Pasta Pesto) \",\"DefaultText\":\"\",\"Options\":[{\"label\":\"1\",\"value\":\"0\",\"sel\":\"n\",\"url\":\"\"},{\"label\":\"2\",\"value\":\"0\",\"sel\":\"n\",\"url\":\"\"},{\"label\":\"3\",\"value\":\"0\",\"sel\":\"n\",\"url\":\"\"},{\"label\":\"4\",\"value\":\"0\",\"sel\":\"n\",\"url\":\"\"},{\"label\":\"5\",\"value\":\"0\",\"sel\":\"n\",\"url\":\"\"},{\"label\":\"6\",\"value\":\"0\",\"sel\":\"n\",\"url\":\"\"}],\"Width\":\"\",\"CustomCSS\":\"\",\"DefaultText_Icon\":{\"ClassName\":\"\",\"Orientation\":\"\"}},{\"_id\":134,\"ClassName\":\"rednaoselectbasic\",\"IsRequired\":\"y\",\"Formulas\":{},\"Styles\":{},\"ContainerOptions\":{\"Width\":-1,\"Id\":\"165\",\"Type\":\"single\"},\"Id\":\"rnField28\",\"Spacing\":\"col-sm-12\",\"Label\":\"Nombre de menus avec viande (Pasta Bolognese) \",\"DefaultText\":\"\",\"Options\":[{\"label\":\"1\",\"value\":\"0\",\"sel\":\"n\",\"url\":\"\"},{\"label\":\"2\",\"value\":\"0\",\"sel\":\"n\",\"url\":\"\"},{\"label\":\"3\",\"value\":\"0\",\"sel\":\"n\",\"url\":\"\"},{\"label\":\"4\",\"value\":\"0\",\"sel\":\"n\",\"url\":\"\"},{\"label\":\"5\",\"value\":\"0\",\"sel\":\"n\",\"url\":\"\"},{\"label\":\"6\",\"value\":\"0\",\"sel\":\"n\",\"url\":\"\"}],\"Width\":\"\",\"CustomCSS\":\"\",\"DefaultText_Icon\":{\"ClassName\":\"\",\"Orientation\":\"\"}},{\"_id\":135,\"ClassName\":\"rednaotextarea\",\"IsRequired\":\"n\",\"Formulas\":{},\"Styles\":{},\"ContainerOptions\":{\"Width\":-1,\"Id\":\"167\",\"Type\":\"single\"},\"Id\":\"rnField29\",\"Spacing\":\"col-sm-12\",\"Label\":\"Remarques\",\"DefaultText\":\"\",\"Value\":\"\",\"Width\":\"\",\"Height\":\"\",\"Placeholder\":\"\",\"Disabled\":\"n\",\"MaxLength\":\"\",\"CustomCSS\":\"\",\"Placeholder_Icon\":{\"ClassName\":\"\",\"Orientation\":\"\"}},{\"_id\":47,\"ClassName\":\"rednaosubmissionbutton\",\"IsRequired\":\"n\",\"Formulas\":{},\"Styles\":{},\"ContainerOptions\":{\"Width\":-1,\"Id\":\"117\",\"Type\":\"single\"},\"Id\":\"rnField13\",\"Spacing\":\"col-sm-12\",\"ButtonText\":\"Nous sommes partant.e.s ! >\",\"CustomCSS\":\"\",\"Icon\":{\"ClassName\":\"\"},\"Animated\":\"y\"}],'client_form_options':{\"JavascriptCode\":[],\"CSS\":\"\\n\",\"Conditions\":[],\"UsesCaptcha\":\"n\",\"CaptchaVersion\":\"\",\"alert_message\":\"Vielen Dank f\u00fcr deine Anmeldung! In deinem Posteingang sollte nun eine Best\u00e4tigungsmail sein. \",\"alert_message_cb\":\"y\",\"DontClearForm\":\"n\",\"redirect_to\":[{\"URL\":\"https:\/\/beachin.ch\/\",\"RCSettings\":{\"Redirect\":\"always\",\"ConditionSettings\":[]}}],\"redirect_to_cb\":\"y\",\"Campaign\":\"\",\"PayPalEmail\":\"\",\"PayPalCondition\":{},\"PayPalType\":\"donation\",\"PayPalDescription\":\"\",\"PayPalCurrency\":\"USD\",\"Formulas\":{},\"InvalidInputMessage\":\"*Please fill all the required fields\",\"FormType\":\"nor\",\"SplitSteps\":{},\"ToolTipPosition\":\"bottom\",\"Theme\":\"basic\",\"LabelLayout\":\"top\",\"Extensions\":{}},'container':'formContainer185445814'});<\/script><\/p>\n","protected":false},"excerpt":{"rendered":"<p>Trois disciplines, une \u00e9quipe, plein de plaisir Que tu pr\u00e9f\u00e8res smasher, lancer ou couper, le tournoi fun de cette ann\u00e9e a tout pour te plaire. Forme ton \u00e9quipe et viens participer \u00e0 cette journ\u00e9e o\u00f9 le beach-volley, le beach-boccia et le Jass se rencontrent. D\u00e9roulement On d\u00e9marre \u00e0 10h00 et on joue jusqu\u2019au soir (fin <a class=\"more-link\" href=\"https:\/\/beachin.ch\/fr\/evenements\/tournoi-fun-samedi-1er-novembre-2025\/\">weiterlesen&#8230;<\/a><\/p>\n","protected":false},"author":1,"featured_media":0,"parent":1216,"menu_order":0,"comment_status":"closed","ping_status":"closed","template":"","meta":{"footnotes":""},"yoast_head":"<!-- This site is optimized with the Yoast SEO plugin v14.4.1 - https:\/\/yoast.com\/wordpress\/plugins\/seo\/ -->\n<title>Tournoi Fun - Samedi 1er novembre 2025 &ndash; BeachIN Sport, Bar &amp; Hotel<\/title>\n<meta name=\"robots\" content=\"index, follow\" \/>\n<meta name=\"googlebot\" content=\"index, follow, max-snippet:-1, max-image-preview:large, max-video-preview:-1\" \/>\n<meta name=\"bingbot\" content=\"index, follow, max-snippet:-1, max-image-preview:large, max-video-preview:-1\" \/>\n<link rel=\"canonical\" href=\"https:\/\/beachin.ch\/fr\/evenements\/tournoi-fun-samedi-1er-novembre-2025\/\" \/>\n<meta property=\"og:locale\" content=\"fr_FR\" \/>\n<meta property=\"og:type\" content=\"article\" \/>\n<meta property=\"og:title\" content=\"Tournoi Fun - Samedi 1er novembre 2025 &ndash; BeachIN Sport, Bar &amp; Hotel\" \/>\n<meta property=\"og:description\" content=\"Trois disciplines, une \u00e9quipe, plein de plaisir Que tu pr\u00e9f\u00e8res smasher, lancer ou couper, le tournoi fun de cette ann\u00e9e a tout pour te plaire. Forme ton \u00e9quipe et viens participer \u00e0 cette journ\u00e9e o\u00f9 le beach-volley, le beach-boccia et le Jass se rencontrent. D\u00e9roulement On d\u00e9marre \u00e0 10h00 et on joue jusqu\u2019au soir (fin weiterlesen...\" \/>\n<meta property=\"og:url\" content=\"https:\/\/beachin.ch\/fr\/evenements\/tournoi-fun-samedi-1er-novembre-2025\/\" \/>\n<meta property=\"og:site_name\" content=\"BeachIN Sport, Bar &amp; Hotel\" \/>\n<meta property=\"article:modified_time\" content=\"2025-10-21T06:30:41+00:00\" \/>\n<meta name=\"twitter:card\" content=\"summary_large_image\" \/>\n<script type=\"application\/ld+json\" class=\"yoast-schema-graph\">{\"@context\":\"https:\/\/schema.org\",\"@graph\":[{\"@type\":\"WebSite\",\"@id\":\"https:\/\/beachin.ch\/fr\/#website\",\"url\":\"https:\/\/beachin.ch\/fr\/\",\"name\":\"BeachIN Sport, Bar &amp; Hotel\",\"description\":\"Strandfeeling das ganze Jahr!\",\"potentialAction\":[{\"@type\":\"SearchAction\",\"target\":\"https:\/\/beachin.ch\/fr\/?s={search_term_string}\",\"query-input\":\"required name=search_term_string\"}],\"inLanguage\":\"fr-FR\"},{\"@type\":\"WebPage\",\"@id\":\"https:\/\/beachin.ch\/fr\/evenements\/tournoi-fun-samedi-1er-novembre-2025\/#webpage\",\"url\":\"https:\/\/beachin.ch\/fr\/evenements\/tournoi-fun-samedi-1er-novembre-2025\/\",\"name\":\"Tournoi Fun - Samedi 1er novembre 2025 &ndash; BeachIN Sport, Bar &amp; Hotel\",\"isPartOf\":{\"@id\":\"https:\/\/beachin.ch\/fr\/#website\"},\"datePublished\":\"2025-08-11T08:51:23+00:00\",\"dateModified\":\"2025-10-21T06:30:41+00:00\",\"inLanguage\":\"fr-FR\",\"potentialAction\":[{\"@type\":\"ReadAction\",\"target\":[\"https:\/\/beachin.ch\/fr\/evenements\/tournoi-fun-samedi-1er-novembre-2025\/\"]}]}]}<\/script>\n<!-- \/ Yoast SEO plugin. -->","_links":{"self":[{"href":"https:\/\/beachin.ch\/fr\/wp-json\/wp\/v2\/pages\/29926"}],"collection":[{"href":"https:\/\/beachin.ch\/fr\/wp-json\/wp\/v2\/pages"}],"about":[{"href":"https:\/\/beachin.ch\/fr\/wp-json\/wp\/v2\/types\/page"}],"author":[{"embeddable":true,"href":"https:\/\/beachin.ch\/fr\/wp-json\/wp\/v2\/users\/1"}],"replies":[{"embeddable":true,"href":"https:\/\/beachin.ch\/fr\/wp-json\/wp\/v2\/comments?post=29926"}],"version-history":[{"count":8,"href":"https:\/\/beachin.ch\/fr\/wp-json\/wp\/v2\/pages\/29926\/revisions"}],"predecessor-version":[{"id":30912,"href":"https:\/\/beachin.ch\/fr\/wp-json\/wp\/v2\/pages\/29926\/revisions\/30912"}],"up":[{"embeddable":true,"href":"https:\/\/beachin.ch\/fr\/wp-json\/wp\/v2\/pages\/1216"}],"wp:attachment":[{"href":"https:\/\/beachin.ch\/fr\/wp-json\/wp\/v2\/media?parent=29926"}],"curies":[{"name":"wp","href":"https:\/\/api.w.org\/{rel}","templated":true}]}}