{"id":25947,"date":"2024-11-20T10:40:36","date_gmt":"2024-11-20T09:40:36","guid":{"rendered":"https:\/\/beachin.ch\/?page_id=25947"},"modified":"2025-11-06T10:14:09","modified_gmt":"2025-11-06T09:14:09","slug":"beachbrunch-avec-jeux-et-amusement-dans-le-sable","status":"publish","type":"page","link":"https:\/\/beachin.ch\/fr\/beachbrunch-avec-jeux-et-amusement-dans-le-sable\/","title":{"rendered":"Beachbrunch avec jeux et amusement dans le sable"},"content":{"rendered":"<h1><strong>Beachbrunch avec jeux et amusement dans le sable<\/strong><strong><br \/>\n30 novembre 25 et 22 f\u00e9vrier 2026 \u00e0 partir de 10h &#8211; 14h<\/strong><\/h1>\n<p>La plage du BeachIN est exclusivement r\u00e9serv\u00e9e pour nos clients Beachbrunch ! <span class=\"HwtZe\" lang=\"fr\"><span class=\"jCAhz ChMk0b\"><span class=\"ryNqvb\">Diff\u00e9rents jeux dans le sable pour petits et grands sont propos\u00e9s et peuvent \u00eatre jou\u00e9s \u00e0 volont\u00e9.<\/span><\/span><\/span> Les enfants doivent cependant \u00eatre accompagn\u00e9s d\u2019au moins une personne adulte.<\/p>\n<p>Au Beach-Bar, un copieux buffet de petit-d\u00e9jeuner est propos\u00e9 \u00e0 partir de 10h, et toute la halle est r\u00e9serv\u00e9e pour des jeux et du plaisir dans le sable pour toute la famille. Pour les plus grands, un terrain de beachvolley est disponibles. Les plus petits pourront profiter d\u2019un espace de jeux dans le sable ainsi que de divers autres jeux.<\/p>\n<p><strong>Buffet brunch :<\/strong><br \/>\nTresse, pain, croissants, petits pains, gaufres, beurre, confiture, Nutella, miel, m\u00fcesli, charcuterie, fromage, fruits, yaourt, bacon, \u0153ufs sous diff\u00e9rentes formes, r\u00f6sti, jus d\u2019orange, smoothies, caf\u00e9, lait chaud et froid, Ovo, Caotina, eau min\u00e9rale, boissons sucr\u00e9es et pour les adultes, prosecco.<\/p>\n<p><strong>Tarifs :<\/strong><\/p>\n<ul>\n<li>Adultes : CHF 38.\u2013<\/li>\n<li>Enfants de 5 \u00e0 12 ans : CHF 22.\u2013<\/li>\n<li>Enfants de moins de 5 ans : gratuit<\/li>\n<\/ul>\n<p><strong>Nombre de participants limit\u00e9 \u00e0 40 personnes.<\/strong><br \/>\nInscription obligatoire via le formulaire ci-dessous ou par t\u00e9l\u00e9phone au 032 \/ 312 00 66.<\/p>\n<div id='formContainer56922201' class='sfForm rednaoFormContainer SfFormElementContainer bootstrap-wrapper'><\/div><script>\n            var ajaxurl = 'https:\/\/beachin.ch\/wp-admin\/admin-ajax.php';\n            var smartFormsCurrentTime=new Date('Mon Apr 20 2026 08:32:22 +0000');\n            \tvar smartFormsUserName=\"\";\n            \tvar smartFormsFirstName=\"\";\n            \tvar smartFormsLastName=\"\";\n            \tvar smartFormsEmail=\"\";\n                var smartFormsPath=\"https:\/\/beachin.ch\/wp-content\/plugins\/smart-forms\/\";\n                var smartDonationsRootPath=\"\";\n                var smartDonationsSandbox=\"\";\n                var smartFormsAdditionalFields64=[];\n                var smartFormsDesignMode=false;\n                if(!window.smartFormsItemsToLoad)\n                    window.smartFormsItemsToLoad=new Array();                                                   \n        window.smartFormsItemsToLoad.push({ 'form_id':64,  'elements':[{\"_id\":157,\"ClassName\":\"rednaomultipleradios\",\"IsRequired\":\"n\",\"Formulas\":{},\"Styles\":{},\"ContainerOptions\":{\"Width\":-1,\"Id\":\"170\",\"Type\":\"single\"},\"Id\":\"rnField15\",\"Spacing\":\"col-sm-12\",\"Label\":\"Veuillez s\u00e9lectionner la date\",\"Orientation\":\"v\",\"Options\":[{\"label\":\"30  novembre 2025\",\"value\":\"0\",\"sel\":\"n\",\"url\":\"\"},{\"label\":\"22 f\u00e9vrier 2026\",\"value\":\"0\",\"sel\":\"n\",\"url\":\"\"}],\"CustomCSS\":\"\"},{\"_id\":78,\"ClassName\":\"rednaotextinput\",\"IsRequired\":\"y\",\"Formulas\":{},\"Styles\":{},\"ContainerOptions\":{\"Width\":-1,\"Id\":\"86\",\"Type\":\"single\"},\"Id\":\"rnField8\",\"Spacing\":\"col-sm-12\",\"Label\":\"Personne responsable (nom et pr\u00e9nom) :\",\"Placeholder\":\"\",\"Value\":\"\",\"ReadOnly\":\"n\",\"Width\":\"\",\"Icon\":{\"ClassName\":\"\"},\"CustomCSS\":\"\",\"Placeholder_Icon\":{\"ClassName\":\"\",\"Orientation\":\"\"}},{\"_id\":39,\"ClassName\":\"rednaotextinput\",\"IsRequired\":\"y\",\"Formulas\":{},\"Styles\":{},\"ContainerOptions\":{\"Width\":-1,\"Id\":\"41\",\"Type\":\"single\"},\"Id\":\"rnField3\",\"Spacing\":\"col-sm-12\",\"Label\":\"Personne responsable (adresse, code postal et lieu de r\u00e9sidence) :\",\"Placeholder\":\"\",\"Value\":\"\",\"ReadOnly\":\"n\",\"Width\":\"\",\"Icon\":{\"ClassName\":\"\"},\"CustomCSS\":\"\",\"Placeholder_Icon\":{\"ClassName\":\"\",\"Orientation\":\"\"}},{\"_id\":83,\"ClassName\":\"rednaoemail\",\"IsRequired\":\"y\",\"Formulas\":{},\"Styles\":{},\"ContainerOptions\":{\"Width\":-1,\"Id\":\"96\",\"Type\":\"single\"},\"Id\":\"rnField13\",\"Spacing\":\"col-sm-12\",\"Label\":\"Personne responsable (email) :\",\"Placeholder\":\"\",\"Icon\":{\"ClassName\":\"\"},\"CustomCSS\":\"\",\"Placeholder_Icon\":{\"ClassName\":\"\",\"Orientation\":\"\"},\"Value\":\"\",\"ReadOnly\":\"n\"},{\"_id\":79,\"ClassName\":\"rednaonumber\",\"IsRequired\":\"y\",\"Formulas\":{},\"Styles\":{},\"ContainerOptions\":{\"Width\":-1,\"Id\":\"88\",\"Type\":\"single\"},\"Id\":\"rnField9\",\"Spacing\":\"col-sm-12\",\"Label\":\"Personne responsable (n\u00b0 de t\u00e9l\u00e9phone) :\",\"Placeholder\":\"\",\"NumberOfDecimals\":0,\"MaximumValue\":\"\",\"MinimumValue\":\"\",\"Decimals\":0,\"Icon\":{\"ClassName\":\"\"},\"CustomCSS\":\"\",\"Width\":\"\",\"Placeholder_Icon\":{\"ClassName\":\"\",\"Orientation\":\"\"},\"Value\":\"\"},{\"_id\":80,\"ClassName\":\"rednaonumber\",\"IsRequired\":\"y\",\"Formulas\":{},\"Styles\":{},\"ContainerOptions\":{\"Width\":-1,\"Id\":\"90\",\"Type\":\"single\"},\"Id\":\"rnField10\",\"Spacing\":\"col-sm-12\",\"Label\":\"Nombre d'adultes \u00e0 partir de 12 ans:\",\"Placeholder\":\"\",\"NumberOfDecimals\":0,\"MaximumValue\":\"\",\"MinimumValue\":\"\",\"Decimals\":0,\"Icon\":{\"ClassName\":\"\"},\"CustomCSS\":\"\",\"Width\":\"\",\"Placeholder_Icon\":{\"ClassName\":\"\",\"Orientation\":\"\"},\"Value\":\"\"},{\"_id\":81,\"ClassName\":\"rednaonumber\",\"IsRequired\":\"n\",\"Formulas\":{},\"Styles\":{},\"ContainerOptions\":{\"Width\":-1,\"Id\":\"92\",\"Type\":\"single\"},\"Id\":\"rnField11\",\"Spacing\":\"col-sm-12\",\"Label\":\"Nombre d'enfants 5 - 12 ans :\",\"Placeholder\":\"\",\"NumberOfDecimals\":0,\"MaximumValue\":\"\",\"MinimumValue\":\"\",\"Decimals\":0,\"Icon\":{\"ClassName\":\"\"},\"CustomCSS\":\"\",\"Width\":\"\",\"Placeholder_Icon\":{\"ClassName\":\"\",\"Orientation\":\"\"},\"Value\":\"\"},{\"_id\":82,\"ClassName\":\"rednaonumber\",\"IsRequired\":\"n\",\"Formulas\":{},\"Styles\":{},\"ContainerOptions\":{\"Width\":-1,\"Id\":\"94\",\"Type\":\"single\"},\"Id\":\"rnField12\",\"Spacing\":\"col-sm-12\",\"Label\":\"Nombre d'enfants 0 - 5 ans (gratuit) :\",\"Placeholder\":\"\",\"NumberOfDecimals\":0,\"MaximumValue\":\"\",\"MinimumValue\":\"\",\"Decimals\":0,\"Icon\":{\"ClassName\":\"\"},\"CustomCSS\":\"\",\"Width\":\"\",\"Placeholder_Icon\":{\"ClassName\":\"\",\"Orientation\":\"\"},\"Value\":\"\"},{\"_id\":120,\"ClassName\":\"rednaotextarea\",\"IsRequired\":\"n\",\"Formulas\":{},\"Styles\":{},\"ContainerOptions\":{\"Width\":-1,\"Id\":\"133\",\"Type\":\"single\"},\"Id\":\"rnField14\",\"Spacing\":\"col-sm-12\",\"Label\":\"Remarques :\",\"DefaultText\":\"\",\"Value\":\"\",\"Width\":\"\",\"Height\":\"\",\"Placeholder\":\"\",\"Disabled\":\"n\",\"MaxLength\":\"\",\"CustomCSS\":\"\",\"Placeholder_Icon\":{\"ClassName\":\"\",\"Orientation\":\"\"}},{\"_id\":41,\"ClassName\":\"rednaosubmissionbutton\",\"IsRequired\":\"n\",\"Formulas\":{},\"Styles\":{},\"ContainerOptions\":{\"Width\":-1,\"Id\":\"45\",\"Type\":\"single\"},\"Id\":\"rnField5\",\"Spacing\":\"col-sm-12\",\"ButtonText\":\"S'inscrire\",\"CustomCSS\":\"\",\"Icon\":{\"ClassName\":\"\"},\"Animated\":\"y\"}],'client_form_options':{\"JavascriptCode\":[],\"CSS\":\"\",\"Conditions\":[],\"UsesCaptcha\":\"n\",\"CaptchaVersion\":\"\",\"alert_message\":\"Merci beaucoup pour votre inscription au Beachbrunch. Une confirmation sera envoy\u00e9e par e-mail. \",\"alert_message_cb\":\"y\",\"DontClearForm\":\"n\",\"redirect_to\":[{\"URL\":\"\",\"RCSettings\":{\"Redirect\":\"always\",\"ConditionSettings\":[]}}],\"redirect_to_cb\":\"n\",\"Campaign\":\"\",\"PayPalEmail\":\"\",\"PayPalCondition\":{},\"PayPalType\":\"donation\",\"PayPalDescription\":\"\",\"PayPalCurrency\":\"USD\",\"Formulas\":{},\"InvalidInputMessage\":\"*Bitte f\u00fclle alle obligatorischen Felder aus\",\"FormType\":\"nor\",\"SplitSteps\":{},\"ToolTipPosition\":\"bottom\",\"Theme\":\"basic\",\"LabelLayout\":\"top\",\"Extensions\":{}},'container':'formContainer56922201'});<\/script>\n","protected":false},"excerpt":{"rendered":"<p>Beachbrunch avec jeux et amusement dans le sable 30 novembre 25 et 22 f\u00e9vrier 2026 \u00e0 partir de 10h &#8211; 14h La plage du BeachIN est exclusivement r\u00e9serv\u00e9e pour nos clients Beachbrunch ! Diff\u00e9rents jeux dans le sable pour petits et grands sont propos\u00e9s et peuvent \u00eatre jou\u00e9s \u00e0 volont\u00e9. Les enfants doivent cependant \u00eatre <a class=\"more-link\" href=\"https:\/\/beachin.ch\/fr\/beachbrunch-avec-jeux-et-amusement-dans-le-sable\/\">weiterlesen&#8230;<\/a><\/p>\n","protected":false},"author":1,"featured_media":0,"parent":0,"menu_order":0,"comment_status":"closed","ping_status":"closed","template":"","meta":{"footnotes":""},"yoast_head":"<!-- This site is optimized with the Yoast SEO plugin v14.4.1 - https:\/\/yoast.com\/wordpress\/plugins\/seo\/ -->\n<title>Beachbrunch avec jeux et amusement dans le sable &ndash; BeachIN Sport, Bar &amp; Hotel<\/title>\n<meta name=\"robots\" content=\"index, follow\" \/>\n<meta name=\"googlebot\" content=\"index, follow, max-snippet:-1, max-image-preview:large, max-video-preview:-1\" \/>\n<meta name=\"bingbot\" content=\"index, follow, max-snippet:-1, max-image-preview:large, max-video-preview:-1\" \/>\n<link rel=\"canonical\" href=\"https:\/\/beachin.ch\/fr\/beachbrunch-avec-jeux-et-amusement-dans-le-sable\/\" \/>\n<meta property=\"og:locale\" content=\"fr_FR\" \/>\n<meta property=\"og:type\" content=\"article\" \/>\n<meta property=\"og:title\" content=\"Beachbrunch avec jeux et amusement dans le sable &ndash; BeachIN Sport, Bar &amp; Hotel\" \/>\n<meta property=\"og:description\" content=\"Beachbrunch avec jeux et amusement dans le sable 30 novembre 25 et 22 f\u00e9vrier 2026 \u00e0 partir de 10h &#8211; 14h La plage du BeachIN est exclusivement r\u00e9serv\u00e9e pour nos clients Beachbrunch ! Diff\u00e9rents jeux dans le sable pour petits et grands sont propos\u00e9s et peuvent \u00eatre jou\u00e9s \u00e0 volont\u00e9. Les enfants doivent cependant \u00eatre weiterlesen...\" \/>\n<meta property=\"og:url\" content=\"https:\/\/beachin.ch\/fr\/beachbrunch-avec-jeux-et-amusement-dans-le-sable\/\" \/>\n<meta property=\"og:site_name\" content=\"BeachIN Sport, Bar &amp; Hotel\" \/>\n<meta property=\"article:modified_time\" content=\"2025-11-06T09:14:09+00:00\" \/>\n<meta name=\"twitter:card\" content=\"summary_large_image\" \/>\n<script type=\"application\/ld+json\" class=\"yoast-schema-graph\">{\"@context\":\"https:\/\/schema.org\",\"@graph\":[{\"@type\":\"WebSite\",\"@id\":\"https:\/\/beachin.ch\/fr\/#website\",\"url\":\"https:\/\/beachin.ch\/fr\/\",\"name\":\"BeachIN Sport, Bar &amp; Hotel\",\"description\":\"Strandfeeling das ganze Jahr!\",\"potentialAction\":[{\"@type\":\"SearchAction\",\"target\":\"https:\/\/beachin.ch\/fr\/?s={search_term_string}\",\"query-input\":\"required name=search_term_string\"}],\"inLanguage\":\"fr-FR\"},{\"@type\":\"WebPage\",\"@id\":\"https:\/\/beachin.ch\/fr\/beachbrunch-avec-jeux-et-amusement-dans-le-sable\/#webpage\",\"url\":\"https:\/\/beachin.ch\/fr\/beachbrunch-avec-jeux-et-amusement-dans-le-sable\/\",\"name\":\"Beachbrunch avec jeux et amusement dans le sable &ndash; BeachIN Sport, Bar &amp; Hotel\",\"isPartOf\":{\"@id\":\"https:\/\/beachin.ch\/fr\/#website\"},\"datePublished\":\"2024-11-20T09:40:36+00:00\",\"dateModified\":\"2025-11-06T09:14:09+00:00\",\"inLanguage\":\"fr-FR\",\"potentialAction\":[{\"@type\":\"ReadAction\",\"target\":[\"https:\/\/beachin.ch\/fr\/beachbrunch-avec-jeux-et-amusement-dans-le-sable\/\"]}]}]}<\/script>\n<!-- \/ Yoast SEO plugin. -->","_links":{"self":[{"href":"https:\/\/beachin.ch\/fr\/wp-json\/wp\/v2\/pages\/25947"}],"collection":[{"href":"https:\/\/beachin.ch\/fr\/wp-json\/wp\/v2\/pages"}],"about":[{"href":"https:\/\/beachin.ch\/fr\/wp-json\/wp\/v2\/types\/page"}],"author":[{"embeddable":true,"href":"https:\/\/beachin.ch\/fr\/wp-json\/wp\/v2\/users\/1"}],"replies":[{"embeddable":true,"href":"https:\/\/beachin.ch\/fr\/wp-json\/wp\/v2\/comments?post=25947"}],"version-history":[{"count":12,"href":"https:\/\/beachin.ch\/fr\/wp-json\/wp\/v2\/pages\/25947\/revisions"}],"predecessor-version":[{"id":31178,"href":"https:\/\/beachin.ch\/fr\/wp-json\/wp\/v2\/pages\/25947\/revisions\/31178"}],"wp:attachment":[{"href":"https:\/\/beachin.ch\/fr\/wp-json\/wp\/v2\/media?parent=25947"}],"curies":[{"name":"wp","href":"https:\/\/api.w.org\/{rel}","templated":true}]}}