{"id":2542,"date":"2019-01-25T16:41:32","date_gmt":"2019-01-25T15:41:32","guid":{"rendered":"https:\/\/beachin.ch\/news-2\/"},"modified":"2026-04-04T15:34:15","modified_gmt":"2026-04-04T13:34:15","slug":"news","status":"publish","type":"page","link":"https:\/\/beachin.ch\/fr\/news\/","title":{"rendered":"News"},"content":{"rendered":"<div class=\"wpb-content-wrapper\"><p>[vc_row][vc_column][vc_column_text]<\/p>\n<h2>What&#8217;s Up?<\/h2>\n<p>Il se passe toujours quelque chose au BeachIN et un d\u00e9tour en vaut toujours la peine. Surtout de septembre \u00e0 mai, des matchs ont lieu tous les soirs pendant la semaine et des tournois, des camps d&#8217;entra\u00eenement, des Openplay ou des \u00e9v\u00e9nements ont souvent lieu le week-end. Tu trouves ci-dessous toutes les derni\u00e8res informations sur tous les \u00e9v\u00e9nements majeurs :[\/vc_column_text][vc_separator][\/vc_column][\/vc_row][vc_row equal_height=&#8221;yes&#8221; content_placement=&#8221;middle&#8221; disable_element=&#8221;yes&#8221;][vc_column width=&#8221;1\/4&#8243;][vc_single_image image=&#8221;29753&#8243; img_size=&#8221;large&#8221; alignment=&#8221;center&#8221; css_animation=&#8221;fadeInLeft&#8221;][\/vc_column][vc_column width=&#8221;3\/4&#8243;][vc_column_text]<\/p>\n<h3><strong>Tournoi Fun &#8211; 01.11.25, d\u00e8s 10h\u00a0<\/strong><\/h3>\n<p data-start=\"147\" data-end=\"403\">Au Tournoi Fun, tu vas vivre une journ\u00e9e enti\u00e8re d\u00e9di\u00e9e au beach-volley, au beach-boccia et au Jass, toujours en \u00e9quipe. Que tu sois l\u00e0 pour la comp\u00e9tition ou juste pour le plaisir, l\u2019essentiel, c\u2019est l\u2019esprit d\u2019\u00e9quipe, le fun et l\u2019envie d\u2019en redemander.<\/p>\n<p>[\/vc_column_text][vc_btn title=&#8221;Plus d&#8217;informations et inscription&#8221; link=&#8221;url:https%3A%2F%2Fbeachin.ch%2Ffr%2Fevenements%2Ftournoi-fun-samedi-1er-novembre-2025%2F|title:Beachbrunch%20avec%20jeux%20et%20amusement%20dans%20le%20sable&#8221; css=&#8221;.vc_custom_1754905572267{margin-top: -25px !important;}&#8221;][vc_separator][\/vc_column][\/vc_row][vc_row equal_height=&#8221;yes&#8221; content_placement=&#8221;middle&#8221; disable_element=&#8221;yes&#8221;][vc_column width=&#8221;1\/4&#8243;][vc_single_image image=&#8221;25978&#8243; img_size=&#8221;full&#8221; alignment=&#8221;center&#8221; css_animation=&#8221;fadeInLeft&#8221;][\/vc_column][vc_column width=&#8221;3\/4&#8243;][vc_column_text]<\/p>\n<h3><strong>Beachfun de Nouvel An \u00e0 partir de 15h<\/strong><\/h3>\n<p><span class=\"HwtZe\" lang=\"fr\"><span class=\"jCAhz ChMk0b\"><span class=\"ryNqvb\">Animations et jeux dans le sable pour toute la famille \u00e0 partir de 15h, buffet carib\u00e9en et f\u00eate du Nouvel An \u00e0 partir de 19h<\/span><\/span><\/span>[\/vc_column_text][vc_btn title=&#8221;Plus des informations et Inscription&#8221; link=&#8221;url:https%3A%2F%2Fbeachin.ch%2Ffr%2Fbeachfun-de-nouvel-an%2F&#8221; css=&#8221;.vc_custom_1734692944440{margin-top: -25px !important;}&#8221;][vc_separator][\/vc_column][\/vc_row][vc_row][vc_column width=&#8221;1\/4&#8243;][vc_gallery interval=&#8221;3&#8243; images=&#8221;7083&#8243;][\/vc_column][vc_column width=&#8221;3\/4&#8243;][vc_column_text]Les dates et horaires sont r\u00e9guli\u00e8rement mises \u00e0 jour<\/p>\n<p><strong> Activit\u00e9s sp\u00e9ciales avril 2026\u00a0<\/strong><\/p>\n<ul>\n<li>03.04.2026: Openplay<\/li>\n<li>10.04.2026: Tournoi IBT Femmes<\/li>\n<li>11.04.2026: F\u00eate d&#8217;anniversaire dans le sable<\/li>\n<li>12.04.2026: Openplay<\/li>\n<li>18.04.2026: Tournoi Niveau A1- Hommes<\/li>\n<li>19.04.2026: F\u00eate familiale dans le sable<\/li>\n<li>24.04.2026: Openplay<\/li>\n<li>25.04.2026: Tournoi Swissvolley U-16 Dames<\/li>\n<li>25.04.2026: F\u00eate d&#8217;anniversaire dans le sable<\/li>\n<li>26.04.2026: Tournoi Swissvolley U-18 Dames<\/li>\n<li>01.05.2026: Openplay<\/li>\n<li>02.05.2026: F\u00eate d&#8217;anniversaire dans le sable<\/li>\n<li>03.05.2026: Confirmation<\/li>\n<\/ul>\n<p>[\/vc_column_text][vc_empty_space height=&#8221;2px&#8221;][vc_separator][\/vc_column][\/vc_row][vc_row equal_height=&#8221;yes&#8221; content_placement=&#8221;middle&#8221;][vc_column width=&#8221;1\/4&#8243;][vc_single_image image=&#8221;26840&#8243; img_size=&#8221;full&#8221; alignment=&#8221;center&#8221; css_animation=&#8221;fadeInLeft&#8221;][\/vc_column][vc_column width=&#8221;3\/4&#8243;][vc_column_text]<\/p>\n<h3><strong>Les derniers tournois IBT \u00e0 Ins\u00a0<\/strong><\/h3>\n<p><span class=\"HwtZe\" lang=\"fr\"><span class=\"jCAhz ChMk0b\"><span class=\"ryNqvb\">Mixed: 28 mars 2026<br \/>\nFinale Femmes: 10.04.2026<br \/>\nFinale Hommes: 12.04.2026<br \/>\nFinale Mixed: 12.04.2026<\/span><\/span><\/span><\/p>\n<p><a href=\"https:\/\/ibt.swiss\/\">\u00bb En savoir plus<\/a>[\/vc_column_text][vc_separator][\/vc_column][\/vc_row][vc_row equal_height=&#8221;yes&#8221; content_placement=&#8221;middle&#8221; disable_element=&#8221;yes&#8221;][vc_column width=&#8221;1\/4&#8243;][vc_single_image image=&#8221;27558&#8243; img_size=&#8221;full&#8221; alignment=&#8221;center&#8221;][\/vc_column][vc_column width=&#8221;3\/4&#8243;][vc_column_text]<\/p>\n<h3><strong>Filet de perche \u00e0 la mode &#8220;B\u00e4ren Ins&#8221;<br \/>\n17 janvier 25 et le 07 mars 26. \u00e0 partir de 18 heures<\/strong><\/h3>\n<p>Filet de perch meuni\u00e8re avec salade, pommes de terre bouillies ou patates frites, pour CHF 38.-.<br \/>\nLe nombre de places est limit\u00e9.<\/p>\n<p><strong><a href=\"https:\/\/beachin.ch\/fr\/baeren-ruedis-eglifilets\/\">\u00bb Infos et inscription<\/a><\/strong>[\/vc_column_text][\/vc_column][\/vc_row][vc_row equal_height=&#8221;yes&#8221; content_placement=&#8221;middle&#8221; disable_element=&#8221;yes&#8221;][vc_column width=&#8221;1\/4&#8243;][vc_single_image image=&#8221;25981&#8243; img_size=&#8221;full&#8221; alignment=&#8221;center&#8221; css_animation=&#8221;fadeInLeft&#8221;][\/vc_column][vc_column width=&#8221;3\/4&#8243;][vc_column_text]<\/p>\n<h3><strong>Beachbrunch avec jeux et amusement dans le sable<\/strong><br \/>\n15.12.24 \u00e0 partir de 10h<\/h3>\n<p>[\/vc_column_text][vc_btn title=&#8221;Inscription en ligne Beachbrunch&#8221; link=&#8221;url:https%3A%2F%2Fbeachin.ch%2Ffr%2Fbeachbrunch-avec-jeux-et-amusement-dans-le-sable%2F&#8221; css=&#8221;.vc_custom_1732183853354{margin-top: -25px !important;}&#8221;][\/vc_column][\/vc_row]<\/p>\n<\/div>","protected":false},"excerpt":{"rendered":"<p>[vc_row][vc_column][vc_column_text] What&#8217;s Up? Il se passe toujours quelque chose au BeachIN et un d\u00e9tour en vaut toujours la peine. Surtout de septembre \u00e0 mai, des matchs ont lieu tous les soirs pendant la semaine et des tournois, des camps d&#8217;entra\u00eenement, des Openplay ou des \u00e9v\u00e9nements ont souvent lieu le week-end. Tu trouves ci-dessous toutes les <a class=\"more-link\" href=\"https:\/\/beachin.ch\/fr\/news\/\">weiterlesen&#8230;<\/a><\/p>\n","protected":false},"author":1,"featured_media":0,"parent":0,"menu_order":0,"comment_status":"closed","ping_status":"closed","template":"","meta":{"footnotes":""},"yoast_head":"<!-- This site is optimized with the Yoast SEO plugin v14.4.1 - https:\/\/yoast.com\/wordpress\/plugins\/seo\/ -->\n<title>News &ndash; BeachIN Sport, Bar &amp; Hotel<\/title>\n<meta name=\"description\" content=\"Voici tu trouves des images des manifestaions et des articles et interviews int\u00e9ressants. N&#039;hesite pas \u00e0 examiner!\" \/>\n<meta name=\"robots\" content=\"index, follow\" \/>\n<meta name=\"googlebot\" content=\"index, follow, max-snippet:-1, max-image-preview:large, max-video-preview:-1\" \/>\n<meta name=\"bingbot\" content=\"index, follow, max-snippet:-1, max-image-preview:large, max-video-preview:-1\" \/>\n<link rel=\"canonical\" href=\"https:\/\/beachin.ch\/fr\/news\/\" \/>\n<meta property=\"og:locale\" content=\"fr_FR\" \/>\n<meta property=\"og:type\" content=\"article\" \/>\n<meta property=\"og:title\" content=\"News &ndash; BeachIN Sport, Bar &amp; Hotel\" \/>\n<meta property=\"og:description\" content=\"Voici tu trouves des images des manifestaions et des articles et interviews int\u00e9ressants. N&#039;hesite pas \u00e0 examiner!\" \/>\n<meta property=\"og:url\" content=\"https:\/\/beachin.ch\/fr\/news\/\" \/>\n<meta property=\"og:site_name\" content=\"BeachIN Sport, Bar &amp; Hotel\" \/>\n<meta property=\"article:modified_time\" content=\"2026-04-04T13:34:15+00:00\" \/>\n<meta name=\"twitter:card\" content=\"summary_large_image\" \/>\n<script type=\"application\/ld+json\" class=\"yoast-schema-graph\">{\"@context\":\"https:\/\/schema.org\",\"@graph\":[{\"@type\":\"WebSite\",\"@id\":\"https:\/\/beachin.ch\/fr\/#website\",\"url\":\"https:\/\/beachin.ch\/fr\/\",\"name\":\"BeachIN Sport, Bar &amp; Hotel\",\"description\":\"Strandfeeling das ganze Jahr!\",\"potentialAction\":[{\"@type\":\"SearchAction\",\"target\":\"https:\/\/beachin.ch\/fr\/?s={search_term_string}\",\"query-input\":\"required name=search_term_string\"}],\"inLanguage\":\"fr-FR\"},{\"@type\":\"WebPage\",\"@id\":\"https:\/\/beachin.ch\/fr\/news\/#webpage\",\"url\":\"https:\/\/beachin.ch\/fr\/news\/\",\"name\":\"News &ndash; BeachIN Sport, Bar &amp; Hotel\",\"isPartOf\":{\"@id\":\"https:\/\/beachin.ch\/fr\/#website\"},\"datePublished\":\"2019-01-25T15:41:32+00:00\",\"dateModified\":\"2026-04-04T13:34:15+00:00\",\"description\":\"Voici tu trouves des images des manifestaions et des articles et interviews int\\u00e9ressants. N'hesite pas \\u00e0 examiner!\",\"inLanguage\":\"fr-FR\",\"potentialAction\":[{\"@type\":\"ReadAction\",\"target\":[\"https:\/\/beachin.ch\/fr\/news\/\"]}]}]}<\/script>\n<!-- \/ Yoast SEO plugin. -->","_links":{"self":[{"href":"https:\/\/beachin.ch\/fr\/wp-json\/wp\/v2\/pages\/2542"}],"collection":[{"href":"https:\/\/beachin.ch\/fr\/wp-json\/wp\/v2\/pages"}],"about":[{"href":"https:\/\/beachin.ch\/fr\/wp-json\/wp\/v2\/types\/page"}],"author":[{"embeddable":true,"href":"https:\/\/beachin.ch\/fr\/wp-json\/wp\/v2\/users\/1"}],"replies":[{"embeddable":true,"href":"https:\/\/beachin.ch\/fr\/wp-json\/wp\/v2\/comments?post=2542"}],"version-history":[{"count":189,"href":"https:\/\/beachin.ch\/fr\/wp-json\/wp\/v2\/pages\/2542\/revisions"}],"predecessor-version":[{"id":33514,"href":"https:\/\/beachin.ch\/fr\/wp-json\/wp\/v2\/pages\/2542\/revisions\/33514"}],"wp:attachment":[{"href":"https:\/\/beachin.ch\/fr\/wp-json\/wp\/v2\/media?parent=2542"}],"curies":[{"name":"wp","href":"https:\/\/api.w.org\/{rel}","templated":true}]}}