{"id":21784,"date":"2023-04-19T17:03:30","date_gmt":"2023-04-19T15:03:30","guid":{"rendered":"https:\/\/beachin.ch\/?page_id=21784"},"modified":"2023-05-26T09:16:01","modified_gmt":"2023-05-26T07:16:01","slug":"inscription-au-tournoi","status":"publish","type":"page","link":"https:\/\/beachin.ch\/fr\/sport-de-plage\/inscription-au-tournoi\/","title":{"rendered":"Inscription au tournoi"},"content":{"rendered":"<div class=\"wpb-content-wrapper\"><p>[vc_row][vc_column][vc_column_text]<\/p>\n<h1>Tournoi de plaisance du 9 juin au 11 juin 2023<\/h1>\n<p>[\/vc_column_text][vc_column_text]Tu \/ vous pouvez vous inscrire dans les cat\u00e9gories suivantes :<\/p>\n<p>2 : 2 Mixte<br \/>\n2 : 2 Femmes<br \/>\n2 : 2 Messieurs<\/p>\n<p>3 : 3 Open (dames \/ hommes \/ mixte)<br \/>\n4 : 4 Open (Dames \/ Hommes \/ Mixte)<\/p>\n<p>Il faut au moins 4 \u00e9quipes pour qu&#8217;une cat\u00e9gorie soit jou\u00e9e. S&#8217;il y a moins d&#8217;\u00e9quipes, les cat\u00e9gories sont regroup\u00e9es. Un match dure 15 minutes. Les frais de tournoi s&#8217;\u00e9l\u00e8vent \u00e0 50 CHF pour les \u00e9quipes de 2 joueurs et \u00e0 60 CHF pour les \u00e9quipes de 3 ou 4 joueurs ! Les joueurs individuels peuvent \u00e9galement s&#8217;inscrire. Les \u00e9quipes sont cr\u00e9\u00e9es.<\/p>\n<p>Op\u00e9rations de jeu Vendredi : 18 heures \u00e0 env. 00.00 heures (Tournoi 2:2, jeu de final inclus)<br \/>\nOp\u00e9rations de jeu samedi : 10h \u00e0 env. 20h (Tournoi 3:3 et 4:4, jeu de final inclus)<\/p>\n<p><strong>Le samedi soir, beach party dans le sable et s&#8217;il fait beau temp bar et gastrononomie dehors !<\/strong><\/p>\n<p>Inscrivez-vous d\u00e8s maintenant et participez :[\/vc_column_text][vc_column_text]<\/p>\n<h1>Inscription au tournoi :<\/h1>\n<div id='formContainer82511016' class='sfForm rednaoFormContainer SfFormElementContainer bootstrap-wrapper'><\/div><script>\n            var ajaxurl = 'https:\/\/beachin.ch\/wp-admin\/admin-ajax.php';\n            var smartFormsCurrentTime=new Date('Tue Apr 28 2026 00:54:12 +0000');\n            \tvar smartFormsUserName=\"\";\n            \tvar smartFormsFirstName=\"\";\n            \tvar smartFormsLastName=\"\";\n            \tvar smartFormsEmail=\"\";\n                var smartFormsPath=\"https:\/\/beachin.ch\/wp-content\/plugins\/smart-forms\/\";\n                var smartDonationsRootPath=\"\";\n                var smartDonationsSandbox=\"\";\n                var smartFormsAdditionalFields22=[];\n                var smartFormsDesignMode=false;\n                if(!window.smartFormsItemsToLoad)\n                    window.smartFormsItemsToLoad=new Array();                                                   \n        window.smartFormsItemsToLoad.push({ 'form_id':22,  'elements':[{\"_id\":230,\"ClassName\":\"rednaoselectbasic\",\"IsRequired\":\"y\",\"Formulas\":{},\"Styles\":{},\"ContainerOptions\":{\"Width\":-1,\"Id\":\"280\",\"Type\":\"single\"},\"Id\":\"rnField19\",\"Spacing\":\"col-sm-12\",\"Label\":\"Tournoi\",\"DefaultText\":\"S\u00e9lectionner une option\",\"Options\":[{\"label\":\"Tournoi de plaisance 09.06. - 11.06.23\",\"value\":\"0\",\"sel\":\"n\",\"url\":\"\"}],\"Width\":\"\",\"CustomCSS\":\"\",\"DefaultText_Icon\":{\"ClassName\":\"\",\"Orientation\":\"\"}},{\"_id\":42,\"ClassName\":\"rednaotextinput\",\"IsRequired\":\"y\",\"Formulas\":{},\"Styles\":{},\"ContainerOptions\":{\"Width\":-1,\"Id\":\"353\",\"Type\":\"single\"},\"Id\":\"rnField7\",\"Spacing\":\"col-sm-12\",\"Label\":\"Nom de l'\u00e9quipe\",\"Placeholder\":\"\",\"Value\":\"\",\"ReadOnly\":\"n\",\"Width\":\"\",\"Icon\":{\"ClassName\":\"\"},\"CustomCSS\":\"\",\"Placeholder_Icon\":{\"ClassName\":\"\",\"Orientation\":\"\"}},{\"_id\":304,\"ClassName\":\"rednaoname\",\"IsRequired\":\"y\",\"Formulas\":{},\"Styles\":{},\"ContainerOptions\":{\"Width\":-1,\"Id\":\"390\",\"Type\":\"single\"},\"Id\":\"rnField21\",\"Spacing\":\"col-sm-12\",\"Label\":\"Nom capitaine d'\u00e9quipe\",\"FirstNamePlaceholder\":\"pr\u00e9nom\",\"LastNamePlaceholder\":\"nom de famille\",\"FirstNameValue\":\"\",\"LastNameValue\":\"\",\"ReadOnly\":\"n\",\"Icon\":{\"ClassName\":\"\"},\"CustomCSS\":\"\",\"FirstNamePlaceholder_Icon\":{\"ClassName\":\"\",\"Orientation\":\"\"}},{\"_id\":155,\"ClassName\":\"rednaoemail\",\"IsRequired\":\"y\",\"Formulas\":{},\"Styles\":{},\"ContainerOptions\":{\"Width\":-1,\"Id\":\"240\",\"Type\":\"single\"},\"Id\":\"rnField16\",\"Spacing\":\"col-sm-12\",\"Label\":\"Email (capitaine d'\u00e9quipe)\",\"Placeholder\":\"\",\"Icon\":{\"ClassName\":\"\"},\"CustomCSS\":\"\",\"Placeholder_Icon\":{\"ClassName\":\"\",\"Orientation\":\"\"},\"Value\":\"\",\"ReadOnly\":\"n\"},{\"_id\":41,\"ClassName\":\"rednaonumber\",\"IsRequired\":\"y\",\"Formulas\":{},\"Styles\":{},\"ContainerOptions\":{\"Width\":-1,\"Id\":\"46\",\"Type\":\"single\"},\"Id\":\"rnField6\",\"Spacing\":\"col-sm-12\",\"Label\":\"Num\u00e9ro de t\u00e9l\u00e9phone (capitaine d'\u00e9quipe)\",\"Placeholder\":\"\",\"NumberOfDecimals\":0,\"MaximumValue\":\"\",\"MinimumValue\":\"\",\"Decimals\":0,\"Icon\":{\"ClassName\":\"\"},\"CustomCSS\":\"\",\"Width\":\"\",\"Placeholder_Icon\":{\"ClassName\":\"\",\"Orientation\":\"\"},\"Value\":\"\"},{\"_id\":267,\"ClassName\":\"rednaomultipleradios\",\"IsRequired\":\"y\",\"Formulas\":{},\"Styles\":{},\"ContainerOptions\":{\"Width\":-1,\"Id\":\"317\",\"Type\":\"single\"},\"Id\":\"rnField20\",\"Spacing\":\"col-sm-12\",\"Label\":\"Niveau\",\"Orientation\":\"v\",\"Options\":[{\"label\":\"2 : 2 Mixed\",\"value\":\"0\",\"sel\":\"n\",\"url\":\"\"},{\"label\":\"2 : 2 Femmes\",\"value\":\"0\",\"sel\":\"n\",\"url\":\"\"},{\"label\":\"2 : 2 Hommes\",\"value\":\"0\",\"sel\":\"n\",\"url\":\"\"},{\"label\":\"3 : 3 Open (Femmes \/ Hommes \/ Mixed)\",\"value\":\"0\",\"sel\":\"n\",\"url\":\"\"},{\"label\":\"4 : 4 Open (Femmes \/ Hommes \/ Mixed)\",\"value\":\"0\",\"sel\":\"n\",\"url\":\"\"}],\"CustomCSS\":\"\"},{\"_id\":193,\"ClassName\":\"rednaotextarea\",\"IsRequired\":\"n\",\"Formulas\":{},\"Styles\":{},\"ContainerOptions\":{\"Width\":-1,\"Id\":\"243\",\"Type\":\"single\"},\"Id\":\"rnField18\",\"Spacing\":\"col-sm-12\",\"Label\":\"Remarques\",\"DefaultText\":\"\",\"Value\":\"\",\"Width\":\"\",\"Height\":\"\",\"Placeholder\":\"\",\"Disabled\":\"n\",\"MaxLength\":\"\",\"CustomCSS\":\"\",\"Placeholder_Icon\":{\"ClassName\":\"\",\"Orientation\":\"\"}},{\"_id\":46,\"ClassName\":\"rednaosubmissionbutton\",\"IsRequired\":\"n\",\"Formulas\":{},\"Styles\":{},\"ContainerOptions\":{\"Width\":-1,\"Id\":\"91\",\"Type\":\"single\"},\"Id\":\"rnField11\",\"Spacing\":\"col-sm-12\",\"ButtonText\":\"Envoyer l'inscription\",\"CustomCSS\":\"\",\"Icon\":{\"ClassName\":\"\"},\"Animated\":\"y\"}],'client_form_options':{\"JavascriptCode\":[],\"CSS\":\".bootstrap-wrapper.SfFormElementContainer .rednao-control-group .rednao_control_label{\\nfont-size:20px !important;\\n}\\n\",\"Conditions\":[],\"UsesCaptcha\":\"n\",\"CaptchaVersion\":\"\",\"alert_message\":\"Merci beaucoup pour ton inscription! \\nNous nous r\u00e9jouissons de te revoir sur terrain! \",\"alert_message_cb\":\"y\",\"DontClearForm\":\"n\",\"redirect_to\":[{\"URL\":\"\",\"RCSettings\":{\"Redirect\":\"always\",\"ConditionSettings\":[]}}],\"redirect_to_cb\":\"n\",\"Campaign\":\"\",\"PayPalEmail\":\"\",\"PayPalCondition\":{},\"PayPalType\":\"donation\",\"PayPalDescription\":\"\",\"PayPalCurrency\":\"USD\",\"Formulas\":{},\"InvalidInputMessage\":\"*Please fill all the required fields\",\"FormType\":\"nor\",\"SplitSteps\":{},\"ToolTipPosition\":\"bottom\",\"Theme\":\"basic\",\"LabelLayout\":\"auto\",\"Extensions\":{}},'container':'formContainer82511016'});<\/script>[\/vc_column_text][\/vc_column][\/vc_row]<\/p>\n<\/div>","protected":false},"excerpt":{"rendered":"<p>[vc_row][vc_column][vc_column_text] Tournoi de plaisance du 9 juin au 11 juin 2023 [\/vc_column_text][vc_column_text]Tu \/ vous pouvez vous inscrire dans les cat\u00e9gories suivantes : 2 : 2 Mixte 2 : 2 Femmes 2 : 2 Messieurs 3 : 3 Open (dames \/ hommes \/ mixte) 4 : 4 Open (Dames \/ Hommes \/ Mixte) Il faut au <a class=\"more-link\" href=\"https:\/\/beachin.ch\/fr\/sport-de-plage\/inscription-au-tournoi\/\">weiterlesen&#8230;<\/a><\/p>\n","protected":false},"author":1,"featured_media":0,"parent":1229,"menu_order":0,"comment_status":"closed","ping_status":"closed","template":"","meta":{"footnotes":""},"yoast_head":"<!-- This site is optimized with the Yoast SEO plugin v14.4.1 - https:\/\/yoast.com\/wordpress\/plugins\/seo\/ -->\n<title>Inscription au tournoi &ndash; BeachIN Sport, Bar &amp; Hotel<\/title>\n<meta name=\"robots\" content=\"index, follow\" \/>\n<meta name=\"googlebot\" content=\"index, follow, max-snippet:-1, max-image-preview:large, max-video-preview:-1\" \/>\n<meta name=\"bingbot\" content=\"index, follow, max-snippet:-1, max-image-preview:large, max-video-preview:-1\" \/>\n<link rel=\"canonical\" href=\"https:\/\/beachin.ch\/fr\/sport-de-plage\/inscription-au-tournoi\/\" \/>\n<meta property=\"og:locale\" content=\"fr_FR\" \/>\n<meta property=\"og:type\" content=\"article\" \/>\n<meta property=\"og:title\" content=\"Inscription au tournoi &ndash; BeachIN Sport, Bar &amp; Hotel\" \/>\n<meta property=\"og:description\" content=\"[vc_row][vc_column][vc_column_text] Tournoi de plaisance du 9 juin au 11 juin 2023 [\/vc_column_text][vc_column_text]Tu \/ vous pouvez vous inscrire dans les cat\u00e9gories suivantes : 2 : 2 Mixte 2 : 2 Femmes 2 : 2 Messieurs 3 : 3 Open (dames \/ hommes \/ mixte) 4 : 4 Open (Dames \/ Hommes \/ Mixte) Il faut au weiterlesen...\" \/>\n<meta property=\"og:url\" content=\"https:\/\/beachin.ch\/fr\/sport-de-plage\/inscription-au-tournoi\/\" \/>\n<meta property=\"og:site_name\" content=\"BeachIN Sport, Bar &amp; Hotel\" \/>\n<meta property=\"article:modified_time\" content=\"2023-05-26T07:16:01+00:00\" \/>\n<meta name=\"twitter:card\" content=\"summary_large_image\" \/>\n<script type=\"application\/ld+json\" class=\"yoast-schema-graph\">{\"@context\":\"https:\/\/schema.org\",\"@graph\":[{\"@type\":\"WebSite\",\"@id\":\"https:\/\/beachin.ch\/fr\/#website\",\"url\":\"https:\/\/beachin.ch\/fr\/\",\"name\":\"BeachIN Sport, Bar &amp; Hotel\",\"description\":\"Strandfeeling das ganze Jahr!\",\"potentialAction\":[{\"@type\":\"SearchAction\",\"target\":\"https:\/\/beachin.ch\/fr\/?s={search_term_string}\",\"query-input\":\"required name=search_term_string\"}],\"inLanguage\":\"fr-FR\"},{\"@type\":\"WebPage\",\"@id\":\"https:\/\/beachin.ch\/fr\/sport-de-plage\/inscription-au-tournoi\/#webpage\",\"url\":\"https:\/\/beachin.ch\/fr\/sport-de-plage\/inscription-au-tournoi\/\",\"name\":\"Inscription au tournoi &ndash; BeachIN Sport, Bar &amp; Hotel\",\"isPartOf\":{\"@id\":\"https:\/\/beachin.ch\/fr\/#website\"},\"datePublished\":\"2023-04-19T15:03:30+00:00\",\"dateModified\":\"2023-05-26T07:16:01+00:00\",\"inLanguage\":\"fr-FR\",\"potentialAction\":[{\"@type\":\"ReadAction\",\"target\":[\"https:\/\/beachin.ch\/fr\/sport-de-plage\/inscription-au-tournoi\/\"]}]}]}<\/script>\n<!-- \/ Yoast SEO plugin. -->","_links":{"self":[{"href":"https:\/\/beachin.ch\/fr\/wp-json\/wp\/v2\/pages\/21784"}],"collection":[{"href":"https:\/\/beachin.ch\/fr\/wp-json\/wp\/v2\/pages"}],"about":[{"href":"https:\/\/beachin.ch\/fr\/wp-json\/wp\/v2\/types\/page"}],"author":[{"embeddable":true,"href":"https:\/\/beachin.ch\/fr\/wp-json\/wp\/v2\/users\/1"}],"replies":[{"embeddable":true,"href":"https:\/\/beachin.ch\/fr\/wp-json\/wp\/v2\/comments?post=21784"}],"version-history":[{"count":5,"href":"https:\/\/beachin.ch\/fr\/wp-json\/wp\/v2\/pages\/21784\/revisions"}],"predecessor-version":[{"id":22099,"href":"https:\/\/beachin.ch\/fr\/wp-json\/wp\/v2\/pages\/21784\/revisions\/22099"}],"up":[{"embeddable":true,"href":"https:\/\/beachin.ch\/fr\/wp-json\/wp\/v2\/pages\/1229"}],"wp:attachment":[{"href":"https:\/\/beachin.ch\/fr\/wp-json\/wp\/v2\/media?parent=21784"}],"curies":[{"name":"wp","href":"https:\/\/api.w.org\/{rel}","templated":true}]}}