{"id":19434,"date":"2022-07-20T16:33:48","date_gmt":"2022-07-20T14:33:48","guid":{"rendered":"https:\/\/beachin.ch\/hotel\/zimmer-kurumba\/"},"modified":"2022-07-22T11:26:04","modified_gmt":"2022-07-22T09:26:04","slug":"zimmer-kurumba","status":"publish","type":"page","link":"https:\/\/beachin.ch\/fr\/hotel\/zimmer-kurumba\/","title":{"rendered":"Chambre \u00abKurumba\u00bb"},"content":{"rendered":"<div class=\"wpb-content-wrapper\"><p>[vc_row][vc_column][vc_column_text]<\/p>\n<h1>Kurumba<\/h1>\n<p>Notre chambre \u00e0 plusieurs lits \u201cKurumba\u201d dispose d\u2019un lit double et de deux lits superpos\u00e9s. La chambre peut \u00eatre r\u00e9serv\u00e9e pour 6 personnes maximum. Avec son mobilier individuel, pratique et contemporain dans le style beach avec une petite commode, une garde-robe et free WiFi, vous vous sentirez pendant votre s\u00e9jour comme pendant les vacances aux Maldives. La douche et les toilettes de cette chambre se trouvent \u00e0 l\u2019\u00e9tage.[\/vc_column_text][\/vc_column][\/vc_row][vc_row][vc_column width=&#8221;1\/6&#8243;][\/vc_column][vc_column width=&#8221;2\/3&#8243;][vc_images_carousel images=&#8221;19351,19357,19360,19348,19378,19375,19396&#8243; img_size=&#8221;900&#215;600&#8243;][\/vc_column][vc_column width=&#8221;1\/6&#8243;][\/vc_column][\/vc_row][vc_row][vc_column]<div class=\"woocommerce\">\t\t\t<div class=\"single-product\" data-product-page-preselected-id=\"0\">\n\t\t\t\t<div id=\"product-19460\" class=\"tm-no-options product type-product post-19460 status-publish first instock product_cat-hotel-fr has-post-thumbnail virtual sold-individually purchasable product-type-simple\">\n    <div class=\"vc_row wpb_row vc_row-fluid\">\n        <div class=\"vc_column-inner \">\n            <div class=\"wpb_column vc_column_container vc_col-md-7\" style='display:none'>\n                <div class=\"vc_column-inner \">\n                    <div class=\"summary entry-summary\">\n                                                    \n                            <div class=\"woocommerce-product-details__short-description\">\n                                                                <\/div>\n                            <table cellspacing=\"0\" cellpadding=\"0\" >\n                            <tr><td>places libres:<\/td><td>Ausgebucht<\/td><\/tr>\n\n                            \n                                <tr class=\"sku_wrapper\"><td>UGS\u00a0:<\/td> <td class=\"sku\">hotel-mehrbettzimmer-kurumba<\/td><\/tr>\n\n                            \n                                   \n                            <tr class=\"posted_in\"><td>Cat\u00e9gorie\u00a0:<\/td><td>Hotel<\/td><\/tr>\n                            \n                            <\/table>\n                            \n                                                <\/div>\n                    \n                <\/div>\n            <\/div>\n            <div class=\"wpb_column vc_column_container vc_col-md-5\"  style='display:none'>\n                <div class=\"wpb_column vc_column_container vc_col-md-12\" style=\"display:none\">\n                    <div class=\"vc_column-inner \">\n                                            <\/div>\n                <\/div>\n                <div class=\"wpb_column vc_column_container vc_col-md-12\">  \n                    <div class=\"vc_column-inner \">\n                        <div class=\"woocommerce-product-action\" >\n                            <h3>Anmeldung<\/h3>\n                                <span>Dieser Kurs ist leider ausgebucht.<\/span><br><br><div class='vc_btn3-container vc_btn3-inline'><a href='\/kontakt\/' class='vc_general vc_btn3 vc_btn3-size-md vc_btn3-shape-rounded vc_btn3-style-modern vc_btn3-color-grey'>\u00bb Anfrage via Kontaktformular<\/a><\/div>                                                            \n                        <\/div>\n                     <\/div>\n                <\/div>\n            <\/div>\n            <div class=\"wpb_column vc_column_container vc_col-md-12 booking-system_wrapper\"><div class=\"vc_column-inner \"><\/div><\/div>            \n            <div class=\"wpb_column vc_column_container vc_col-md-12\">\n                <div class=\"vc_column-inner \">\n                                                        <\/div>\n            <\/div>\n        <\/div>\n    <\/div>\n<\/div>\n\n\t\t\t<\/div>\n\t\t\t<\/div>[\/vc_column][\/vc_row]<\/p>\n<\/div>","protected":false},"excerpt":{"rendered":"<p>[vc_row][vc_column][vc_column_text] Kurumba Notre chambre \u00e0 plusieurs lits \u201cKurumba\u201d dispose d\u2019un lit double et de deux lits superpos\u00e9s. La chambre peut \u00eatre r\u00e9serv\u00e9e pour 6 personnes maximum. Avec son mobilier individuel, pratique et contemporain dans le style beach avec une petite commode, une garde-robe et free WiFi, vous vous sentirez pendant votre s\u00e9jour comme pendant les <a class=\"more-link\" href=\"https:\/\/beachin.ch\/fr\/produkt\/chambre-kurumba\/\">weiterlesen&#8230;<\/a><\/p>\n","protected":false},"author":1,"featured_media":19359,"parent":1247,"menu_order":0,"comment_status":"closed","ping_status":"closed","template":"","meta":{"footnotes":""},"yoast_head":"<!-- This site is optimized with the Yoast SEO plugin v14.4.1 - https:\/\/yoast.com\/wordpress\/plugins\/seo\/ -->\n<title>Chambre \u00abKurumba\u00bb &ndash; BeachIN Sport, Bar &amp; Hotel<\/title>\n<meta name=\"description\" content=\"Notre chambre \u00e0 plusieurs lits \u201cKurumba\u201d dispose d\u2019un lit double et de deux lits superpos\u00e9s. La chambre peut \u00eatre r\u00e9serv\u00e9e pour 6 personnes maximum. Avec son mobilier individuel, pratique et contemporain dans le style beach avec une petite commode, une garde-robe et free WiFi, vous vous sentirez pendant votre s\u00e9jour comme pendant les vacances aux Maldives. La douche et les toilettes de cette chambre se trouvent \u00e0 l\u2019\u00e9tage.\" \/>\n<meta name=\"robots\" content=\"index, follow\" \/>\n<meta name=\"googlebot\" content=\"index, follow, max-snippet:-1, max-image-preview:large, max-video-preview:-1\" \/>\n<meta name=\"bingbot\" content=\"index, follow, max-snippet:-1, max-image-preview:large, max-video-preview:-1\" \/>\n<link rel=\"canonical\" href=\"https:\/\/beachin.ch\/fr\/hotel\/zimmer-kurumba\/\" \/>\n<meta property=\"og:locale\" content=\"fr_FR\" \/>\n<meta property=\"og:type\" content=\"article\" \/>\n<meta property=\"og:title\" content=\"Chambre \u00abKurumba\u00bb &ndash; BeachIN Sport, Bar &amp; Hotel\" \/>\n<meta property=\"og:description\" content=\"Notre chambre \u00e0 plusieurs lits \u201cKurumba\u201d dispose d\u2019un lit double et de deux lits superpos\u00e9s. La chambre peut \u00eatre r\u00e9serv\u00e9e pour 6 personnes maximum. Avec son mobilier individuel, pratique et contemporain dans le style beach avec une petite commode, une garde-robe et free WiFi, vous vous sentirez pendant votre s\u00e9jour comme pendant les vacances aux Maldives. La douche et les toilettes de cette chambre se trouvent \u00e0 l\u2019\u00e9tage.\" \/>\n<meta property=\"og:url\" content=\"https:\/\/beachin.ch\/fr\/hotel\/zimmer-kurumba\/\" \/>\n<meta property=\"og:site_name\" content=\"BeachIN Sport, Bar &amp; Hotel\" \/>\n<meta property=\"article:modified_time\" content=\"2022-07-22T09:26:04+00:00\" \/>\n<meta name=\"twitter:card\" content=\"summary_large_image\" \/>\n<script type=\"application\/ld+json\" class=\"yoast-schema-graph\">{\"@context\":\"https:\/\/schema.org\",\"@graph\":[{\"@type\":\"WebSite\",\"@id\":\"https:\/\/beachin.ch\/fr\/#website\",\"url\":\"https:\/\/beachin.ch\/fr\/\",\"name\":\"BeachIN Sport, Bar &amp; Hotel\",\"description\":\"Strandfeeling das ganze Jahr!\",\"potentialAction\":[{\"@type\":\"SearchAction\",\"target\":\"https:\/\/beachin.ch\/fr\/?s={search_term_string}\",\"query-input\":\"required name=search_term_string\"}],\"inLanguage\":\"fr-FR\"},{\"@type\":\"ImageObject\",\"@id\":\"https:\/\/beachin.ch\/fr\/hotel\/zimmer-kurumba\/#primaryimage\",\"inLanguage\":\"fr-FR\",\"url\":\"https:\/\/beachin.ch\/wp-content\/uploads\/2022\/07\/kurumba-2_900x600.jpg\",\"width\":900,\"height\":600},{\"@type\":\"WebPage\",\"@id\":\"https:\/\/beachin.ch\/fr\/hotel\/zimmer-kurumba\/#webpage\",\"url\":\"https:\/\/beachin.ch\/fr\/hotel\/zimmer-kurumba\/\",\"name\":\"Chambre \\u00abKurumba\\u00bb &ndash; BeachIN Sport, Bar &amp; Hotel\",\"isPartOf\":{\"@id\":\"https:\/\/beachin.ch\/fr\/#website\"},\"primaryImageOfPage\":{\"@id\":\"https:\/\/beachin.ch\/fr\/hotel\/zimmer-kurumba\/#primaryimage\"},\"datePublished\":\"2022-07-20T14:33:48+00:00\",\"dateModified\":\"2022-07-22T09:26:04+00:00\",\"description\":\"Notre chambre \\u00e0 plusieurs lits \\u201cKurumba\\u201d dispose d\\u2019un lit double et de deux lits superpos\\u00e9s. La chambre peut \\u00eatre r\\u00e9serv\\u00e9e pour 6 personnes maximum. Avec son mobilier individuel, pratique et contemporain dans le style beach avec une petite commode, une garde-robe et free WiFi, vous vous sentirez pendant votre s\\u00e9jour comme pendant les vacances aux Maldives. La douche et les toilettes de cette chambre se trouvent \\u00e0 l\\u2019\\u00e9tage.\",\"inLanguage\":\"fr-FR\",\"potentialAction\":[{\"@type\":\"ReadAction\",\"target\":[\"https:\/\/beachin.ch\/fr\/hotel\/zimmer-kurumba\/\"]}]}]}<\/script>\n<!-- \/ Yoast SEO plugin. -->","_links":{"self":[{"href":"https:\/\/beachin.ch\/fr\/wp-json\/wp\/v2\/pages\/19434"}],"collection":[{"href":"https:\/\/beachin.ch\/fr\/wp-json\/wp\/v2\/pages"}],"about":[{"href":"https:\/\/beachin.ch\/fr\/wp-json\/wp\/v2\/types\/page"}],"author":[{"embeddable":true,"href":"https:\/\/beachin.ch\/fr\/wp-json\/wp\/v2\/users\/1"}],"replies":[{"embeddable":true,"href":"https:\/\/beachin.ch\/fr\/wp-json\/wp\/v2\/comments?post=19434"}],"version-history":[{"count":4,"href":"https:\/\/beachin.ch\/fr\/wp-json\/wp\/v2\/pages\/19434\/revisions"}],"predecessor-version":[{"id":19480,"href":"https:\/\/beachin.ch\/fr\/wp-json\/wp\/v2\/pages\/19434\/revisions\/19480"}],"up":[{"embeddable":true,"href":"https:\/\/beachin.ch\/fr\/wp-json\/wp\/v2\/pages\/1247"}],"wp:featuredmedia":[{"embeddable":true,"href":"https:\/\/beachin.ch\/fr\/wp-json\/wp\/v2\/media\/19359"}],"wp:attachment":[{"href":"https:\/\/beachin.ch\/fr\/wp-json\/wp\/v2\/media?parent=19434"}],"curies":[{"name":"wp","href":"https:\/\/api.w.org\/{rel}","templated":true}]}}