{"id":18,"date":"2017-08-18T17:01:34","date_gmt":"2017-08-18T15:01:34","guid":{"rendered":"https:\/\/beachin.ch\/wordpress?page_id=18"},"modified":"2026-03-20T19:04:12","modified_gmt":"2026-03-20T18:04:12","slug":"startseite","status":"publish","type":"page","link":"https:\/\/beachin.ch\/fr\/","title":{"rendered":"Startseite"},"content":{"rendered":"<div class=\"wpb-content-wrapper\"><p>[vc_row full_width=&#8221;stretch_row&#8221; css_animation=&#8221;none&#8221; el_class=&#8221;overflow&#8221;][vc_column][vc_custom_heading text=&#8221;L&#8217;ambiance de la plage par tous les temps &#8211; 365 jours par an, 24 heures sur 24 !&#8221; font_container=&#8221;tag:h2|text_align:center&#8221; google_fonts=&#8221;font_family:Alice%3Aregular|font_style:400%20regular%3A400%3Anormal&#8221; css_animation=&#8221;fadeIn&#8221;][\/vc_column][\/vc_row][vc_row el_class=&#8221;chico&#8221;][vc_column width=&#8221;1\/3&#8243;][vc_hoverbox image=&#8221;21698&#8243; primary_title=&#8221;Quoi de neuf&#8230;&#8221; hover_title=&#8221;&#8221; hover_background_color=&#8221;custom&#8221; hover_add_button=&#8221;true&#8221; hover_btn_link=&#8221;url:https%3A%2F%2Fbeachin.ch%2Ffr%2Fnews%2F|title:Actualit%C3%A9s&#8221; hover_custom_background=&#8221;#58a618&#8243;]Toutes les informations actuelles<br \/>\n\u00bb En savoir plus<\/p>\n<p>[\/vc_hoverbox][\/vc_column][vc_column width=&#8221;1\/3&#8243;][vc_hoverbox image=&#8221;26840&#8243; primary_title=&#8221;Tournoi IBT&#8221; hover_title=&#8221;&#8221; hover_background_color=&#8221;custom&#8221; hover_btn_title=&#8221;\u00bb En savoir plus&#8221; hover_btn_shape=&#8221;square&#8221; hover_add_button=&#8221;true&#8221; hover_btn_link=&#8221;url:https%3A%2F%2Fibt.swiss|title:%C2%BB%20En%20savoir%20plus&#8221; hover_custom_background=&#8221;#da0051&#8243;]<strong>Les derniers tournois IBT<br \/>\n<\/strong><strong>\u00bb En savoir plus<\/strong><\/p>\n<p><strong>\u00a0<\/strong><\/p>\n<p>&nbsp;<\/p>\n<p>[\/vc_hoverbox][\/vc_column][vc_column width=&#8221;1\/3&#8243;][vc_hoverbox image=&#8221;33167&#8243; primary_title=&#8221;\u00c9v\u00e9nements&#8221; hover_title=&#8221;&#8221; shape=&#8221;square&#8221; hover_background_color=&#8221;chino&#8221; hover_add_button=&#8221;true&#8221; hover_btn_link=&#8221;url:https%3A%2F%2Fbeachin.ch%2Ffr%2Fevenements%2F|title:%C2%BB%20En%20savoir%20plus&#8221;]&#8230;avec une ambience de plage!<\/p>\n<p>\u00bb\u00a0En savoir plus<\/p>\n<p>[\/vc_hoverbox][\/vc_column][\/vc_row][vc_row content_placement=&#8221;middle&#8221; el_class=&#8221;goliath&#8221;][vc_column width=&#8221;1\/3&#8243;][vc_hoverbox image=&#8221;23608&#8243; primary_title=&#8221;Openplay&#8221; hover_title=&#8221;&#8221; hover_background_color=&#8221;custom&#8221; hover_btn_title=&#8221;Infos et inscription&#8221; hover_add_button=&#8221;true&#8221; hover_btn_link=&#8221;url:https%3A%2F%2Fbeachin.ch%2Ffr%2Fsport-de-plage%2Fopen-play-spontane-et-facile%2Fopen-play%2F|title:Beach%20-%20Eat%20-%20Sleep&#8221; hover_custom_background=&#8221;#efc211&#8243;]<strong>Spontan\u00e9 et easy!<\/strong><br \/>\n\u00bb Infos et inscription<\/p>\n<p>&nbsp;<\/p>\n<p>[\/vc_hoverbox][\/vc_column][vc_column width=&#8221;1\/3&#8243;][vc_hoverbox image=&#8221;28144&#8243; primary_title=&#8221;Offrir une ambiance vacances&#8221; hover_title=&#8221;&#8221; hover_btn_title=&#8221;Infos et inscription&#8221; hover_add_button=&#8221;true&#8221; hover_btn_link=&#8221;url:https%3A%2F%2Fbeachin.ch%2Ffr%2Fprodukt%2Fbon-cadeau%2F|title:bon-cadeau|target:_blank&#8221;]Montant personnalisable!<\/p>\n<p>\u00bbPlus d&#8217;informations<\/p>\n<p>&nbsp;<\/p>\n<p>[\/vc_hoverbox][\/vc_column][vc_column width=&#8221;1\/3&#8243;][vc_hoverbox image=&#8221;29946&#8243; primary_title=&#8221;R\u00e9server un terrain&#8221; hover_title=&#8221;&#8221; hover_background_color=&#8221;custom&#8221; hover_btn_title=&#8221;Infos et inscription&#8221; hover_add_button=&#8221;true&#8221; hover_btn_link=&#8221;url:https%3A%2F%2Fbeachin.ch%2Ffr%2Fsport-de-plage%2Fonlinereservation-kleinfeld%2F|title:R%C3%A9server%20un%20terrain%20&#8243; hover_custom_background=&#8221;#efc211&#8243;]\u00bb R\u00e9server maintenant !<\/p>\n<p>[\/vc_hoverbox][\/vc_column][\/vc_row][vc_row full_width=&#8221;stretch_row&#8221; css_animation=&#8221;none&#8221; el_class=&#8221;overflow&#8221;][vc_column width=&#8221;1\/3&#8243;][\/vc_column][vc_column width=&#8221;1\/3&#8243;][\/vc_column][vc_column width=&#8221;1\/3&#8243;][\/vc_column][\/vc_row][vc_row][vc_column][vc_separator][\/vc_column][\/vc_row][vc_row][vc_column width=&#8221;1\/6&#8243; offset=&#8221;vc_hidden-sm vc_hidden-xs&#8221;][vc_hoverbox image=&#8221;6914&#8243; primary_title=&#8221;&#8221; hover_title=&#8221;&#8221; hover_title_font_container=&#8221;font_size:20|color:%23474747&#8243; hover_title_google_fonts=&#8221;font_family:Open%20Sans%3A300%2C300italic%2Cregular%2Citalic%2C600%2C600italic%2C700%2C700italic%2C800%2C800italic|font_style:800%20bold%20regular%3A800%3Anormal&#8221; hover_background_color=&#8221;black&#8221; hover_btn_title=&#8221;\u00c9v\u00e9nements&#8221; use_custom_fonts_hover_title=&#8221;true&#8221; hover_add_button=&#8221;true&#8221; hover_btn_link=&#8221;url:https%3A%2F%2Fbeachin.ch%2Ffr%2Fevenements%2F|title:%C3%89v%C3%A9nements|&#8221;]plus&#8230;[\/vc_hoverbox][\/vc_column][vc_column width=&#8221;1\/6&#8243; offset=&#8221;vc_hidden-sm vc_hidden-xs&#8221;][vc_hoverbox image=&#8221;6917&#8243; primary_title=&#8221;&#8221; hover_title=&#8221;&#8221; hover_background_color=&#8221;black&#8221; hover_btn_title=&#8221;S\u00e9minaire&#8221; hover_add_button=&#8221;true&#8221; hover_btn_link=&#8221;url:https%3A%2F%2Fbeachin.ch%2Ffr%2Fseminaire%2F|title:%C3%89v%C3%A9nements|&#8221;]plus&#8230;[\/vc_hoverbox][\/vc_column][vc_column width=&#8221;1\/6&#8243; offset=&#8221;vc_hidden-sm vc_hidden-xs&#8221;][vc_hoverbox image=&#8221;6920&#8243; primary_title=&#8221;&#8221; hover_title=&#8221;&#8221; hover_background_color=&#8221;black&#8221; hover_btn_title=&#8221;Sport&#8221; hover_add_button=&#8221;true&#8221; hover_btn_link=&#8221;url:https%3A%2F%2Fbeachin.ch%2Ffr%2Fsport-de-plage%2F|title:%C3%89v%C3%A9nements|&#8221;]plus&#8230;[\/vc_hoverbox][\/vc_column][vc_column width=&#8221;1\/6&#8243; offset=&#8221;vc_hidden-sm vc_hidden-xs&#8221;][vc_hoverbox image=&#8221;6905&#8243; primary_title=&#8221;&#8221; hover_title=&#8221;&#8221; hover_background_color=&#8221;black&#8221; hover_btn_title=&#8221;H\u00f4tel&#8221; hover_add_button=&#8221;true&#8221; hover_btn_link=&#8221;url:https%3A%2F%2Fbeachin.ch%2Ffr%2Freserver-une-chambre%2F|title:%C3%89v%C3%A9nements|&#8221;]plus&#8230;[\/vc_hoverbox][\/vc_column][vc_column width=&#8221;1\/6&#8243; offset=&#8221;vc_hidden-sm vc_hidden-xs&#8221;][vc_hoverbox image=&#8221;6908&#8243; primary_title=&#8221;&#8221; hover_title=&#8221;&#8221; hover_background_color=&#8221;black&#8221; hover_btn_title=&#8221;Spa&#8221; hover_add_button=&#8221;true&#8221; hover_btn_link=&#8221;url:https%3A%2F%2Fbeachin.ch%2Ffr%2Fspa%2F|title:%C3%89v%C3%A9nements|&#8221;]plus&#8230;[\/vc_hoverbox][\/vc_column][vc_column width=&#8221;1\/6&#8243; offset=&#8221;vc_hidden-sm vc_hidden-xs&#8221;][vc_hoverbox image=&#8221;6911&#8243; primary_title=&#8221;&#8221; hover_title=&#8221;&#8221; hover_background_color=&#8221;black&#8221; hover_btn_title=&#8221;Beach-Bar&#8221; hover_add_button=&#8221;true&#8221; hover_btn_link=&#8221;url:https%3A%2F%2Fbeachin.ch%2Ffr%2Fbeach-bar%2F|title:%C3%89v%C3%A9nements|&#8221;]plus&#8230;[\/vc_hoverbox][\/vc_column][vc_column][\/vc_column][vc_column][\/vc_column][\/vc_row][vc_row][vc_column][vc_empty_space][\/vc_column][\/vc_row]<\/p>\n<\/div>","protected":false},"excerpt":{"rendered":"<p>[vc_row full_width=&#8221;stretch_row&#8221; css_animation=&#8221;none&#8221; el_class=&#8221;overflow&#8221;][vc_column][vc_custom_heading text=&#8221;L&#8217;ambiance de la plage par tous les temps &#8211; 365 jours par an, 24 heures sur 24 !&#8221; font_container=&#8221;tag:h2|text_align:center&#8221; google_fonts=&#8221;font_family:Alice%3Aregular|font_style:400%20regular%3A400%3Anormal&#8221; css_animation=&#8221;fadeIn&#8221;][\/vc_column][\/vc_row][vc_row el_class=&#8221;chico&#8221;][vc_column width=&#8221;1\/3&#8243;][vc_hoverbox image=&#8221;21698&#8243; primary_title=&#8221;Quoi de neuf&#8230;&#8221; hover_title=&#8221;&#8221; hover_background_color=&#8221;custom&#8221; hover_add_button=&#8221;true&#8221; hover_btn_link=&#8221;url:https%3A%2F%2Fbeachin.ch%2Ffr%2Fnews%2F|title:Actualit%C3%A9s&#8221; hover_custom_background=&#8221;#58a618&#8243;]Toutes les informations actuelles \u00bb En savoir plus [\/vc_hoverbox][\/vc_column][vc_column width=&#8221;1\/3&#8243;][vc_hoverbox image=&#8221;26840&#8243; primary_title=&#8221;Tournoi IBT&#8221; hover_title=&#8221;&#8221; hover_background_color=&#8221;custom&#8221; hover_btn_title=&#8221;\u00bb En savoir plus&#8221; hover_btn_shape=&#8221;square&#8221; <a class=\"more-link\" href=\"https:\/\/beachin.ch\/fr\/\">weiterlesen&#8230;<\/a><\/p>\n","protected":false},"author":1,"featured_media":0,"parent":0,"menu_order":0,"comment_status":"closed","ping_status":"closed","template":"","meta":{"footnotes":""},"yoast_head":"<!-- This site is optimized with the Yoast SEO plugin v14.4.1 - https:\/\/yoast.com\/wordpress\/plugins\/seo\/ -->\n<title>Se sentir comme si on \u00e9tait \u00e0 la plage toute l&#039;ann\u00e9e!<\/title>\n<meta name=\"description\" content=\"Vivre l&#039;\u00e9t\u00e9, la plage et un sentiment des vacances avec une garantie de beau temps - toute l&#039; ann\u00e9e et 24\/7! Sports de plage, \u00e9v\u00e9nements, bistro bar, SPA et h\u00f4tel le toute nouveau BeachIN dans la r\u00e9gion Seeland.\" \/>\n<meta name=\"robots\" content=\"index, follow\" \/>\n<meta name=\"googlebot\" content=\"index, follow, max-snippet:-1, max-image-preview:large, max-video-preview:-1\" \/>\n<meta name=\"bingbot\" content=\"index, follow, max-snippet:-1, max-image-preview:large, max-video-preview:-1\" \/>\n<link rel=\"canonical\" href=\"https:\/\/beachin.ch\/fr\/\" \/>\n<meta property=\"og:locale\" content=\"fr_FR\" \/>\n<meta property=\"og:type\" content=\"article\" \/>\n<meta property=\"og:title\" content=\"Se sentir comme si on \u00e9tait \u00e0 la plage toute l&#039;ann\u00e9e!\" \/>\n<meta property=\"og:description\" content=\"Vivre l&#039;\u00e9t\u00e9, la plage et un sentiment des vacances avec une garantie de beau temps - toute l&#039; ann\u00e9e et 24\/7! Sports de plage, \u00e9v\u00e9nements, bistro bar, SPA et h\u00f4tel le toute nouveau BeachIN dans la r\u00e9gion Seeland.\" \/>\n<meta property=\"og:url\" content=\"https:\/\/beachin.ch\/fr\/\" \/>\n<meta property=\"og:site_name\" content=\"BeachIN Sport, Bar &amp; Hotel\" \/>\n<meta property=\"article:modified_time\" content=\"2026-03-20T18:04:12+00:00\" \/>\n<meta name=\"twitter:card\" content=\"summary_large_image\" \/>\n<script type=\"application\/ld+json\" class=\"yoast-schema-graph\">{\"@context\":\"https:\/\/schema.org\",\"@graph\":[{\"@type\":\"WebSite\",\"@id\":\"https:\/\/beachin.ch\/fr\/#website\",\"url\":\"https:\/\/beachin.ch\/fr\/\",\"name\":\"BeachIN Sport, Bar &amp; Hotel\",\"description\":\"Strandfeeling das ganze Jahr!\",\"potentialAction\":[{\"@type\":\"SearchAction\",\"target\":\"https:\/\/beachin.ch\/fr\/?s={search_term_string}\",\"query-input\":\"required name=search_term_string\"}],\"inLanguage\":\"fr-FR\"},{\"@type\":\"WebPage\",\"@id\":\"https:\/\/beachin.ch\/fr\/#webpage\",\"url\":\"https:\/\/beachin.ch\/fr\/\",\"name\":\"Se sentir comme si on \\u00e9tait \\u00e0 la plage toute l'ann\\u00e9e!\",\"isPartOf\":{\"@id\":\"https:\/\/beachin.ch\/fr\/#website\"},\"datePublished\":\"2017-08-18T15:01:34+00:00\",\"dateModified\":\"2026-03-20T18:04:12+00:00\",\"description\":\"Vivre l'\\u00e9t\\u00e9, la plage et un sentiment des vacances avec une garantie de beau temps - toute l' ann\\u00e9e et 24\/7! Sports de plage, \\u00e9v\\u00e9nements, bistro bar, SPA et h\\u00f4tel le toute nouveau BeachIN dans la r\\u00e9gion Seeland.\",\"inLanguage\":\"fr-FR\",\"potentialAction\":[{\"@type\":\"ReadAction\",\"target\":[\"https:\/\/beachin.ch\/fr\/\"]}]}]}<\/script>\n<!-- \/ Yoast SEO plugin. -->","_links":{"self":[{"href":"https:\/\/beachin.ch\/fr\/wp-json\/wp\/v2\/pages\/18"}],"collection":[{"href":"https:\/\/beachin.ch\/fr\/wp-json\/wp\/v2\/pages"}],"about":[{"href":"https:\/\/beachin.ch\/fr\/wp-json\/wp\/v2\/types\/page"}],"author":[{"embeddable":true,"href":"https:\/\/beachin.ch\/fr\/wp-json\/wp\/v2\/users\/1"}],"replies":[{"embeddable":true,"href":"https:\/\/beachin.ch\/fr\/wp-json\/wp\/v2\/comments?post=18"}],"version-history":[{"count":330,"href":"https:\/\/beachin.ch\/fr\/wp-json\/wp\/v2\/pages\/18\/revisions"}],"predecessor-version":[{"id":33280,"href":"https:\/\/beachin.ch\/fr\/wp-json\/wp\/v2\/pages\/18\/revisions\/33280"}],"wp:attachment":[{"href":"https:\/\/beachin.ch\/fr\/wp-json\/wp\/v2\/media?parent=18"}],"curies":[{"name":"wp","href":"https:\/\/api.w.org\/{rel}","templated":true}]}}