{"id":17900,"date":"2022-01-05T09:44:52","date_gmt":"2022-01-05T08:44:52","guid":{"rendered":"https:\/\/beachin.ch\/evenements-divers-septembre-novembre\/"},"modified":"2022-01-05T09:45:48","modified_gmt":"2022-01-05T08:45:48","slug":"evenements-divers","status":"publish","type":"page","link":"https:\/\/beachin.ch\/fr\/evenements-divers\/","title":{"rendered":"\u00e9v\u00e9nements divers septembre &#8211; novembre"},"content":{"rendered":"<div class=\"wpb-content-wrapper\"><p>[vc_row][vc_column][vc_column_text]<\/p>\n<h1>\u00c9v\u00e9nements divers septembre &#8211; novembre<\/h1>\n<p>Anniversaires d&#8217;enfants, f\u00eates d&#8217;anniversaire, manifestations associatives, \u00e9v\u00e9nements d&#8217;\u00e9quipe. Entreprises, associations et particuliers &#8211; notre infrastructure \u00e9v\u00e9nementielle jouit d&#8217;une grande popularit\u00e9, pour autant que Corona le permette&#8230; Nous avons pu r\u00e9aliser et organiser divers \u00e9v\u00e9nements de plus ou moins grande envergure. Il serait trop long de les \u00e9num\u00e9rer tous ici. Voici donc quelques impressions de diff\u00e9rents \u00e9v\u00e9nements.[\/vc_column_text][\/vc_column][\/vc_row][vc_row][vc_column][vc_media_grid grid_id=&#8221;vc_gid:1641371787314-d6426599-ef63-5&#8243; include=&#8221;17852,17855,17858,17861,17864,17867,17870,17873,17876,17879,17882,17885,17888,17892,17895&#8243;][\/vc_column][\/vc_row]<\/p>\n<\/div>","protected":false},"excerpt":{"rendered":"<p>[vc_row][vc_column][vc_column_text] \u00c9v\u00e9nements divers septembre &#8211; novembre Anniversaires d&#8217;enfants, f\u00eates d&#8217;anniversaire, manifestations associatives, \u00e9v\u00e9nements d&#8217;\u00e9quipe. Entreprises, associations et particuliers &#8211; notre infrastructure \u00e9v\u00e9nementielle jouit d&#8217;une grande popularit\u00e9, pour autant que Corona le permette&#8230; Nous avons pu r\u00e9aliser et organiser divers \u00e9v\u00e9nements de plus ou moins grande envergure. Il serait trop long de les \u00e9num\u00e9rer tous ici. <a class=\"more-link\" href=\"https:\/\/beachin.ch\/fr\/evenements-divers\/\">weiterlesen&#8230;<\/a><\/p>\n","protected":false},"author":1,"featured_media":0,"parent":0,"menu_order":0,"comment_status":"closed","ping_status":"closed","template":"","meta":{"footnotes":""},"yoast_head":"<!-- This site is optimized with the Yoast SEO plugin v14.4.1 - https:\/\/yoast.com\/wordpress\/plugins\/seo\/ -->\n<title>\u00e9v\u00e9nements divers septembre - novembre &ndash; BeachIN Sport, Bar &amp; Hotel<\/title>\n<meta name=\"robots\" content=\"index, follow\" \/>\n<meta name=\"googlebot\" content=\"index, follow, max-snippet:-1, max-image-preview:large, max-video-preview:-1\" \/>\n<meta name=\"bingbot\" content=\"index, follow, max-snippet:-1, max-image-preview:large, max-video-preview:-1\" \/>\n<link rel=\"canonical\" href=\"https:\/\/beachin.ch\/fr\/evenements-divers\/\" \/>\n<meta property=\"og:locale\" content=\"fr_FR\" \/>\n<meta property=\"og:type\" content=\"article\" \/>\n<meta property=\"og:title\" content=\"\u00e9v\u00e9nements divers septembre - novembre &ndash; BeachIN Sport, Bar &amp; Hotel\" \/>\n<meta property=\"og:description\" content=\"[vc_row][vc_column][vc_column_text] \u00c9v\u00e9nements divers septembre &#8211; novembre Anniversaires d&#8217;enfants, f\u00eates d&#8217;anniversaire, manifestations associatives, \u00e9v\u00e9nements d&#8217;\u00e9quipe. Entreprises, associations et particuliers &#8211; notre infrastructure \u00e9v\u00e9nementielle jouit d&#8217;une grande popularit\u00e9, pour autant que Corona le permette&#8230; Nous avons pu r\u00e9aliser et organiser divers \u00e9v\u00e9nements de plus ou moins grande envergure. Il serait trop long de les \u00e9num\u00e9rer tous ici. weiterlesen...\" \/>\n<meta property=\"og:url\" content=\"https:\/\/beachin.ch\/fr\/evenements-divers\/\" \/>\n<meta property=\"og:site_name\" content=\"BeachIN Sport, Bar &amp; Hotel\" \/>\n<meta property=\"article:modified_time\" content=\"2022-01-05T08:45:48+00:00\" \/>\n<meta name=\"twitter:card\" content=\"summary_large_image\" \/>\n<script type=\"application\/ld+json\" class=\"yoast-schema-graph\">{\"@context\":\"https:\/\/schema.org\",\"@graph\":[{\"@type\":\"WebSite\",\"@id\":\"https:\/\/beachin.ch\/fr\/#website\",\"url\":\"https:\/\/beachin.ch\/fr\/\",\"name\":\"BeachIN Sport, Bar &amp; Hotel\",\"description\":\"Strandfeeling das ganze Jahr!\",\"potentialAction\":[{\"@type\":\"SearchAction\",\"target\":\"https:\/\/beachin.ch\/fr\/?s={search_term_string}\",\"query-input\":\"required name=search_term_string\"}],\"inLanguage\":\"fr-FR\"},{\"@type\":\"WebPage\",\"@id\":\"https:\/\/beachin.ch\/fr\/evenements-divers\/#webpage\",\"url\":\"https:\/\/beachin.ch\/fr\/evenements-divers\/\",\"name\":\"\\u00e9v\\u00e9nements divers septembre - novembre &ndash; BeachIN Sport, Bar &amp; Hotel\",\"isPartOf\":{\"@id\":\"https:\/\/beachin.ch\/fr\/#website\"},\"datePublished\":\"2022-01-05T08:44:52+00:00\",\"dateModified\":\"2022-01-05T08:45:48+00:00\",\"inLanguage\":\"fr-FR\",\"potentialAction\":[{\"@type\":\"ReadAction\",\"target\":[\"https:\/\/beachin.ch\/fr\/evenements-divers\/\"]}]}]}<\/script>\n<!-- \/ Yoast SEO plugin. -->","_links":{"self":[{"href":"https:\/\/beachin.ch\/fr\/wp-json\/wp\/v2\/pages\/17900"}],"collection":[{"href":"https:\/\/beachin.ch\/fr\/wp-json\/wp\/v2\/pages"}],"about":[{"href":"https:\/\/beachin.ch\/fr\/wp-json\/wp\/v2\/types\/page"}],"author":[{"embeddable":true,"href":"https:\/\/beachin.ch\/fr\/wp-json\/wp\/v2\/users\/1"}],"replies":[{"embeddable":true,"href":"https:\/\/beachin.ch\/fr\/wp-json\/wp\/v2\/comments?post=17900"}],"version-history":[{"count":2,"href":"https:\/\/beachin.ch\/fr\/wp-json\/wp\/v2\/pages\/17900\/revisions"}],"predecessor-version":[{"id":17902,"href":"https:\/\/beachin.ch\/fr\/wp-json\/wp\/v2\/pages\/17900\/revisions\/17902"}],"wp:attachment":[{"href":"https:\/\/beachin.ch\/fr\/wp-json\/wp\/v2\/media?parent=17900"}],"curies":[{"name":"wp","href":"https:\/\/api.w.org\/{rel}","templated":true}]}}