{"id":17826,"date":"2022-01-04T16:01:44","date_gmt":"2022-01-04T15:01:44","guid":{"rendered":"https:\/\/beachin.ch\/27-11-2021-evenement-dentreprise-200-personnes\/"},"modified":"2022-01-04T16:03:13","modified_gmt":"2022-01-04T15:03:13","slug":"evenement-dentreprise-271121","status":"publish","type":"page","link":"https:\/\/beachin.ch\/fr\/evenement-dentreprise-271121\/","title":{"rendered":"27.11.2021 \u00c9v\u00e9nement d&#8217;entreprise &#8211; 200 personnes"},"content":{"rendered":"<div class=\"wpb-content-wrapper\"><p>[vc_row][vc_column][vc_column_text]<\/p>\n<h1>27.11.2021 \u00c9v\u00e9nement d&#8217;entreprise &#8211; 200 personnes<\/h1>\n<p>En fait, il \u00e9tait pr\u00e9vu d&#8217;organiser un \u00e9v\u00e9nement d&#8217;entreprise avec environ 400 personnes &#8211; un v\u00e9ritable d\u00e9fi pour le BeachIN, notamment en raison des mesures de coviding. Les personnes pr\u00e9sentes ont v\u00e9cu une f\u00eate d&#8217;entreprise d&#8217;un genre particulier et ont toutes \u00e9t\u00e9 tr\u00e8s enthousiastes.<\/p>\n<p><strong>R\u00e9action du client :<\/strong><br \/>\nC&#8217;\u00e9tait un \u00e9v\u00e9nement tr\u00e8s r\u00e9ussi de A \u00e0 Z et nous n&#8217;avons re\u00e7u que des r\u00e9actions positives &#8211; merci beaucoup \ud83d\ude0a !<\/p>\n<p>[\/vc_column_text][\/vc_column][\/vc_row][vc_row][vc_column][vc_column_text]<\/p>\n<div style=\"width: 780px;\" class=\"wp-video\"><!--[if lt IE 9]><script>document.createElement('video');<\/script><![endif]-->\n<video class=\"wp-video-shortcode\" id=\"video-17826-1\" width=\"780\" height=\"520\" preload=\"metadata\" controls=\"controls\"><source type=\"video\/mp4\" src=\"https:\/\/beachin.ch\/wp-content\/uploads\/2022\/01\/frugem_video.mp4?_=1\" \/><a href=\"https:\/\/beachin.ch\/wp-content\/uploads\/2022\/01\/frugem_video.mp4\">https:\/\/beachin.ch\/wp-content\/uploads\/2022\/01\/frugem_video.mp4<\/a><\/video><\/div>\n<p>[\/vc_column_text][\/vc_column][\/vc_row]<\/p>\n<\/div>","protected":false},"excerpt":{"rendered":"<p>[vc_row][vc_column][vc_column_text] 27.11.2021 \u00c9v\u00e9nement d&#8217;entreprise &#8211; 200 personnes En fait, il \u00e9tait pr\u00e9vu d&#8217;organiser un \u00e9v\u00e9nement d&#8217;entreprise avec environ 400 personnes &#8211; un v\u00e9ritable d\u00e9fi pour le BeachIN, notamment en raison des mesures de coviding. Les personnes pr\u00e9sentes ont v\u00e9cu une f\u00eate d&#8217;entreprise d&#8217;un genre particulier et ont toutes \u00e9t\u00e9 tr\u00e8s enthousiastes. R\u00e9action du client : <a class=\"more-link\" href=\"https:\/\/beachin.ch\/fr\/evenement-dentreprise-271121\/\">weiterlesen&#8230;<\/a><\/p>\n","protected":false},"author":1,"featured_media":0,"parent":0,"menu_order":0,"comment_status":"closed","ping_status":"closed","template":"","meta":{"footnotes":""},"yoast_head":"<!-- This site is optimized with the Yoast SEO plugin v14.4.1 - https:\/\/yoast.com\/wordpress\/plugins\/seo\/ -->\n<title>27.11.2021 \u00c9v\u00e9nement d&#039;entreprise - 200 personnes &ndash; BeachIN Sport, Bar &amp; Hotel<\/title>\n<meta name=\"robots\" content=\"index, follow\" \/>\n<meta name=\"googlebot\" content=\"index, follow, max-snippet:-1, max-image-preview:large, max-video-preview:-1\" \/>\n<meta name=\"bingbot\" content=\"index, follow, max-snippet:-1, max-image-preview:large, max-video-preview:-1\" \/>\n<link rel=\"canonical\" href=\"https:\/\/beachin.ch\/fr\/evenement-dentreprise-271121\/\" \/>\n<meta property=\"og:locale\" content=\"fr_FR\" \/>\n<meta property=\"og:type\" content=\"article\" \/>\n<meta property=\"og:title\" content=\"27.11.2021 \u00c9v\u00e9nement d&#039;entreprise - 200 personnes &ndash; BeachIN Sport, Bar &amp; Hotel\" \/>\n<meta property=\"og:description\" content=\"[vc_row][vc_column][vc_column_text] 27.11.2021 \u00c9v\u00e9nement d&#8217;entreprise &#8211; 200 personnes En fait, il \u00e9tait pr\u00e9vu d&#8217;organiser un \u00e9v\u00e9nement d&#8217;entreprise avec environ 400 personnes &#8211; un v\u00e9ritable d\u00e9fi pour le BeachIN, notamment en raison des mesures de coviding. Les personnes pr\u00e9sentes ont v\u00e9cu une f\u00eate d&#8217;entreprise d&#8217;un genre particulier et ont toutes \u00e9t\u00e9 tr\u00e8s enthousiastes. R\u00e9action du client : weiterlesen...\" \/>\n<meta property=\"og:url\" content=\"https:\/\/beachin.ch\/fr\/evenement-dentreprise-271121\/\" \/>\n<meta property=\"og:site_name\" content=\"BeachIN Sport, Bar &amp; Hotel\" \/>\n<meta property=\"article:modified_time\" content=\"2022-01-04T15:03:13+00:00\" \/>\n<meta name=\"twitter:card\" content=\"summary_large_image\" \/>\n<script type=\"application\/ld+json\" class=\"yoast-schema-graph\">{\"@context\":\"https:\/\/schema.org\",\"@graph\":[{\"@type\":\"WebSite\",\"@id\":\"https:\/\/beachin.ch\/fr\/#website\",\"url\":\"https:\/\/beachin.ch\/fr\/\",\"name\":\"BeachIN Sport, Bar &amp; Hotel\",\"description\":\"Strandfeeling das ganze Jahr!\",\"potentialAction\":[{\"@type\":\"SearchAction\",\"target\":\"https:\/\/beachin.ch\/fr\/?s={search_term_string}\",\"query-input\":\"required name=search_term_string\"}],\"inLanguage\":\"fr-FR\"},{\"@type\":\"WebPage\",\"@id\":\"https:\/\/beachin.ch\/fr\/evenement-dentreprise-271121\/#webpage\",\"url\":\"https:\/\/beachin.ch\/fr\/evenement-dentreprise-271121\/\",\"name\":\"27.11.2021 \\u00c9v\\u00e9nement d'entreprise - 200 personnes &ndash; BeachIN Sport, Bar &amp; Hotel\",\"isPartOf\":{\"@id\":\"https:\/\/beachin.ch\/fr\/#website\"},\"datePublished\":\"2022-01-04T15:01:44+00:00\",\"dateModified\":\"2022-01-04T15:03:13+00:00\",\"inLanguage\":\"fr-FR\",\"potentialAction\":[{\"@type\":\"ReadAction\",\"target\":[\"https:\/\/beachin.ch\/fr\/evenement-dentreprise-271121\/\"]}]}]}<\/script>\n<!-- \/ Yoast SEO plugin. -->","_links":{"self":[{"href":"https:\/\/beachin.ch\/fr\/wp-json\/wp\/v2\/pages\/17826"}],"collection":[{"href":"https:\/\/beachin.ch\/fr\/wp-json\/wp\/v2\/pages"}],"about":[{"href":"https:\/\/beachin.ch\/fr\/wp-json\/wp\/v2\/types\/page"}],"author":[{"embeddable":true,"href":"https:\/\/beachin.ch\/fr\/wp-json\/wp\/v2\/users\/1"}],"replies":[{"embeddable":true,"href":"https:\/\/beachin.ch\/fr\/wp-json\/wp\/v2\/comments?post=17826"}],"version-history":[{"count":2,"href":"https:\/\/beachin.ch\/fr\/wp-json\/wp\/v2\/pages\/17826\/revisions"}],"predecessor-version":[{"id":17828,"href":"https:\/\/beachin.ch\/fr\/wp-json\/wp\/v2\/pages\/17826\/revisions\/17828"}],"wp:attachment":[{"href":"https:\/\/beachin.ch\/fr\/wp-json\/wp\/v2\/media?parent=17826"}],"curies":[{"name":"wp","href":"https:\/\/api.w.org\/{rel}","templated":true}]}}