{"id":17818,"date":"2022-01-04T15:55:16","date_gmt":"2022-01-04T14:55:16","guid":{"rendered":"https:\/\/beachin.ch\/11-12-2021-fete-danniversaire-65-personnes\/"},"modified":"2022-01-04T15:56:21","modified_gmt":"2022-01-04T14:56:21","slug":"fete-danniversaire-111221","status":"publish","type":"page","link":"https:\/\/beachin.ch\/fr\/fete-danniversaire-111221\/","title":{"rendered":"11.12.2021 F\u00eate d&#8217;anniversaire &#8211; 65 personnes"},"content":{"rendered":"<div class=\"wpb-content-wrapper\"><p>[vc_row][vc_column][vc_column_text]<\/p>\n<h1>11.12.2021 F\u00eate d&#8217;anniversaire &#8211; 65 personnes<\/h1>\n<p>Avec un tournoi l&#8217;apr\u00e8s-midi et une f\u00eate le soir, 65 jeunes ont f\u00eat\u00e9 jusqu&#8217;au bout de la nuit.<br \/>\nau petit matin un 21e anniversaire sur le sable.<br \/>\nEn toute simplicit\u00e9, mais avec une joie de vivre d\u00e9bordante, on a jou\u00e9, ri,<br \/>\nfait la f\u00eate, dans\u00e9, mang\u00e9 et bu.<\/p>\n<p>Un \u00e9v\u00e9nement formidable avec des jeunes gens d\u00e9cents &#8211; merci beaucoup ![\/vc_column_text][\/vc_column][\/vc_row][vc_row][vc_column][vc_media_grid grid_id=&#8221;vc_gid:1641300718930-59f1a844-02f5-7&#8243; include=&#8221;17767,17770,17773,17776,17779,17782,17785,17788,17791&#8243;][\/vc_column][\/vc_row]<\/p>\n<\/div>","protected":false},"excerpt":{"rendered":"<p>[vc_row][vc_column][vc_column_text] 11.12.2021 F\u00eate d&#8217;anniversaire &#8211; 65 personnes Avec un tournoi l&#8217;apr\u00e8s-midi et une f\u00eate le soir, 65 jeunes ont f\u00eat\u00e9 jusqu&#8217;au bout de la nuit. au petit matin un 21e anniversaire sur le sable. En toute simplicit\u00e9, mais avec une joie de vivre d\u00e9bordante, on a jou\u00e9, ri, fait la f\u00eate, dans\u00e9, mang\u00e9 et bu. <a class=\"more-link\" href=\"https:\/\/beachin.ch\/fr\/fete-danniversaire-111221\/\">weiterlesen&#8230;<\/a><\/p>\n","protected":false},"author":1,"featured_media":0,"parent":0,"menu_order":0,"comment_status":"closed","ping_status":"closed","template":"","meta":{"footnotes":""},"yoast_head":"<!-- This site is optimized with the Yoast SEO plugin v14.4.1 - https:\/\/yoast.com\/wordpress\/plugins\/seo\/ -->\n<title>11.12.2021 F\u00eate d&#039;anniversaire - 65 personnes &ndash; BeachIN Sport, Bar &amp; Hotel<\/title>\n<meta name=\"robots\" content=\"index, follow\" \/>\n<meta name=\"googlebot\" content=\"index, follow, max-snippet:-1, max-image-preview:large, max-video-preview:-1\" \/>\n<meta name=\"bingbot\" content=\"index, follow, max-snippet:-1, max-image-preview:large, max-video-preview:-1\" \/>\n<link rel=\"canonical\" href=\"https:\/\/beachin.ch\/fr\/fete-danniversaire-111221\/\" \/>\n<meta property=\"og:locale\" content=\"fr_FR\" \/>\n<meta property=\"og:type\" content=\"article\" \/>\n<meta property=\"og:title\" content=\"11.12.2021 F\u00eate d&#039;anniversaire - 65 personnes &ndash; BeachIN Sport, Bar &amp; Hotel\" \/>\n<meta property=\"og:description\" content=\"[vc_row][vc_column][vc_column_text] 11.12.2021 F\u00eate d&#8217;anniversaire &#8211; 65 personnes Avec un tournoi l&#8217;apr\u00e8s-midi et une f\u00eate le soir, 65 jeunes ont f\u00eat\u00e9 jusqu&#8217;au bout de la nuit. au petit matin un 21e anniversaire sur le sable. En toute simplicit\u00e9, mais avec une joie de vivre d\u00e9bordante, on a jou\u00e9, ri, fait la f\u00eate, dans\u00e9, mang\u00e9 et bu. weiterlesen...\" \/>\n<meta property=\"og:url\" content=\"https:\/\/beachin.ch\/fr\/fete-danniversaire-111221\/\" \/>\n<meta property=\"og:site_name\" content=\"BeachIN Sport, Bar &amp; Hotel\" \/>\n<meta property=\"article:modified_time\" content=\"2022-01-04T14:56:21+00:00\" \/>\n<meta name=\"twitter:card\" content=\"summary_large_image\" \/>\n<script type=\"application\/ld+json\" class=\"yoast-schema-graph\">{\"@context\":\"https:\/\/schema.org\",\"@graph\":[{\"@type\":\"WebSite\",\"@id\":\"https:\/\/beachin.ch\/fr\/#website\",\"url\":\"https:\/\/beachin.ch\/fr\/\",\"name\":\"BeachIN Sport, Bar &amp; Hotel\",\"description\":\"Strandfeeling das ganze Jahr!\",\"potentialAction\":[{\"@type\":\"SearchAction\",\"target\":\"https:\/\/beachin.ch\/fr\/?s={search_term_string}\",\"query-input\":\"required name=search_term_string\"}],\"inLanguage\":\"fr-FR\"},{\"@type\":\"WebPage\",\"@id\":\"https:\/\/beachin.ch\/fr\/fete-danniversaire-111221\/#webpage\",\"url\":\"https:\/\/beachin.ch\/fr\/fete-danniversaire-111221\/\",\"name\":\"11.12.2021 F\\u00eate d'anniversaire - 65 personnes &ndash; BeachIN Sport, Bar &amp; Hotel\",\"isPartOf\":{\"@id\":\"https:\/\/beachin.ch\/fr\/#website\"},\"datePublished\":\"2022-01-04T14:55:16+00:00\",\"dateModified\":\"2022-01-04T14:56:21+00:00\",\"inLanguage\":\"fr-FR\",\"potentialAction\":[{\"@type\":\"ReadAction\",\"target\":[\"https:\/\/beachin.ch\/fr\/fete-danniversaire-111221\/\"]}]}]}<\/script>\n<!-- \/ Yoast SEO plugin. -->","_links":{"self":[{"href":"https:\/\/beachin.ch\/fr\/wp-json\/wp\/v2\/pages\/17818"}],"collection":[{"href":"https:\/\/beachin.ch\/fr\/wp-json\/wp\/v2\/pages"}],"about":[{"href":"https:\/\/beachin.ch\/fr\/wp-json\/wp\/v2\/types\/page"}],"author":[{"embeddable":true,"href":"https:\/\/beachin.ch\/fr\/wp-json\/wp\/v2\/users\/1"}],"replies":[{"embeddable":true,"href":"https:\/\/beachin.ch\/fr\/wp-json\/wp\/v2\/comments?post=17818"}],"version-history":[{"count":2,"href":"https:\/\/beachin.ch\/fr\/wp-json\/wp\/v2\/pages\/17818\/revisions"}],"predecessor-version":[{"id":17820,"href":"https:\/\/beachin.ch\/fr\/wp-json\/wp\/v2\/pages\/17818\/revisions\/17820"}],"wp:attachment":[{"href":"https:\/\/beachin.ch\/fr\/wp-json\/wp\/v2\/media?parent=17818"}],"curies":[{"name":"wp","href":"https:\/\/api.w.org\/{rel}","templated":true}]}}