{"id":1766,"date":"2018-12-21T14:45:28","date_gmt":"2018-12-21T13:45:28","guid":{"rendered":"https:\/\/beachin.ch\/home\/merry-christmas-and-happy-new-year\/"},"modified":"2018-12-21T17:19:03","modified_gmt":"2018-12-21T16:19:03","slug":"merry-christmas-and-happy-new-year","status":"publish","type":"page","link":"https:\/\/beachin.ch\/fr\/startseite\/merry-christmas-and-happy-new-year\/","title":{"rendered":"Merry Christmas and Happy New year!"},"content":{"rendered":"<div class=\"wpb-content-wrapper\"><p>[vc_row css_animation=&#8221;bottom-to-top&#8221;][vc_column][vc_column_text]<\/p>\n<h1>Merry Christmas and Happy New year!<\/h1>\n<p>Das BeachIN-Team w\u00fcnscht allen gem\u00fctliche Festtage! \u00dcber Weihnacht &#8211; Neujahr ist das BeachIN wie folgt ge\u00f6ffnet:[\/vc_column_text][vc_separator][vc_column_text]<\/p>\n<h3><strong>Halle:<\/strong><\/h3>\n<p>Platzreservationen sind grunds\u00e4tzlich w\u00e4hrend den freien Terminen (siehe Reservationsapplikation) m\u00f6glich.[\/vc_column_text][vc_btn title=&#8221;Platz reservieren&#8221; link=&#8221;url:https%3A%2F%2Fbeachin.ch%2Ffr%2Fsport-de-plage%2Fonlinereservation-kleinfeld%2F|&#8221;][vc_separator][vc_column_text]<\/p>\n<h3>Beach-Bar:<\/h3>\n<p>\u00dcber die Weihnachtstage vom 24.12. \u2013 26.12.2018 ist die Beach-Bar geschlossen!<br \/>\nIn der Altjahrswoche vom 27.12. bis \u2013 31.12.2018 ist die Beach-Bar jeweils ab 14.00 Uhr ge\u00f6ffnet![\/vc_column_text][vc_separator][vc_column_text]<\/p>\n<h3>Open-Play:<\/h3>\n<p>Vom 27.12. bis am 31.12.2018 k\u00f6nnen die Felder nicht reserviert werden. Die Halle steht w\u00e4hrend dieser Zeit allen zur Verf\u00fcgung die Lust und Musse haben sich im Sand auszutoben.<\/p>\n<p>Kosten pro Person und Tag f\u00fcr die Hallen und Garderoben-Nutzung: CHF 10.&#8211;<\/p>\n<p>Einfach vorbeikommen und spielen! Teams werden vor Ort spontan zusammengestellt. Alle sind herzlich willkommen, auch Familien und Kinder!<\/p>\n<p>[\/vc_column_text][vc_separator][vc_column_text]<\/p>\n<h3>Silvester:<\/h3>\n<p>Am 31.12.2018 findet im BeachIN eine Silvesterparty am Strand statt (Eat \u2013 play and Party). Ab ca. 18.00 Uhr \u00abFondue Chinoise\u00bb in der Beach-Bar (CHF 55.\u2014pro Erw. und CHF 20.&#8211; pro Kind inkl. Apero und Sekt). Achtung die Anzahl Pl\u00e4tze sind beschr\u00e4nkt. Bei Interesse bitte sobald wie m\u00f6glich melden:<br \/>\nTelefon: 032 \/ 312 00 66 oder <a href=\"mailto:sonne@beachin.ch\">sonne@beachin.ch<\/a>.<\/p>\n<p>Ab dem 1. Januar 2019 gelten wieder die normalen \u00d6ffnungszeiten:<br \/>\nMo \u2013 Do: 17.00 Uhr bis 23.30 Uhr!<br \/>\nFr. + Sa: 16.00 Uhr bis 00.30 Uhr<br \/>\nSo: 11.00 Uhr bis 19.00 Uhr[\/vc_column_text][\/vc_column][\/vc_row]<\/p>\n<\/div>","protected":false},"excerpt":{"rendered":"<p>[vc_row css_animation=&#8221;bottom-to-top&#8221;][vc_column][vc_column_text] Merry Christmas and Happy New year! Das BeachIN-Team w\u00fcnscht allen gem\u00fctliche Festtage! \u00dcber Weihnacht &#8211; Neujahr ist das BeachIN wie folgt ge\u00f6ffnet:[\/vc_column_text][vc_separator][vc_column_text] Halle: Platzreservationen sind grunds\u00e4tzlich w\u00e4hrend den freien Terminen (siehe Reservationsapplikation) m\u00f6glich.[\/vc_column_text][vc_btn title=&#8221;Platz reservieren&#8221; link=&#8221;url:https%3A%2F%2Fbeachin.ch%2Ffr%2Fsport-de-plage%2Fonlinereservation-kleinfeld%2F|&#8221;][vc_separator][vc_column_text] Beach-Bar: \u00dcber die Weihnachtstage vom 24.12. \u2013 26.12.2018 ist die Beach-Bar geschlossen! In der Altjahrswoche vom 27.12. <a class=\"more-link\" href=\"https:\/\/beachin.ch\/fr\/startseite\/merry-christmas-and-happy-new-year\/\">weiterlesen&#8230;<\/a><\/p>\n","protected":false},"author":1,"featured_media":0,"parent":18,"menu_order":0,"comment_status":"closed","ping_status":"closed","template":"","meta":{"footnotes":""},"yoast_head":"<!-- This site is optimized with the Yoast SEO plugin v14.4.1 - https:\/\/yoast.com\/wordpress\/plugins\/seo\/ -->\n<title>Merry Christmas and Happy New year! &ndash; BeachIN Sport, Bar &amp; Hotel<\/title>\n<meta name=\"robots\" content=\"index, follow\" \/>\n<meta name=\"googlebot\" content=\"index, follow, max-snippet:-1, max-image-preview:large, max-video-preview:-1\" \/>\n<meta name=\"bingbot\" content=\"index, follow, max-snippet:-1, max-image-preview:large, max-video-preview:-1\" \/>\n<link rel=\"canonical\" href=\"https:\/\/beachin.ch\/fr\/startseite\/merry-christmas-and-happy-new-year\/\" \/>\n<meta property=\"og:locale\" content=\"fr_FR\" \/>\n<meta property=\"og:type\" content=\"article\" \/>\n<meta property=\"og:title\" content=\"Merry Christmas and Happy New year! &ndash; BeachIN Sport, Bar &amp; Hotel\" \/>\n<meta property=\"og:description\" content=\"[vc_row css_animation=&#8221;bottom-to-top&#8221;][vc_column][vc_column_text] Merry Christmas and Happy New year! Das BeachIN-Team w\u00fcnscht allen gem\u00fctliche Festtage! \u00dcber Weihnacht &#8211; Neujahr ist das BeachIN wie folgt ge\u00f6ffnet:[\/vc_column_text][vc_separator][vc_column_text] Halle: Platzreservationen sind grunds\u00e4tzlich w\u00e4hrend den freien Terminen (siehe Reservationsapplikation) m\u00f6glich.[\/vc_column_text][vc_btn title=&#8221;Platz reservieren&#8221; link=&#8221;url:https%3A%2F%2Fbeachin.ch%2Ffr%2Fsport-de-plage%2Fonlinereservation-kleinfeld%2F|&#8221;][vc_separator][vc_column_text] Beach-Bar: \u00dcber die Weihnachtstage vom 24.12. \u2013 26.12.2018 ist die Beach-Bar geschlossen! In der Altjahrswoche vom 27.12. weiterlesen...\" \/>\n<meta property=\"og:url\" content=\"https:\/\/beachin.ch\/fr\/startseite\/merry-christmas-and-happy-new-year\/\" \/>\n<meta property=\"og:site_name\" content=\"BeachIN Sport, Bar &amp; Hotel\" \/>\n<meta property=\"article:modified_time\" content=\"2018-12-21T16:19:03+00:00\" \/>\n<meta name=\"twitter:card\" content=\"summary_large_image\" \/>\n<script type=\"application\/ld+json\" class=\"yoast-schema-graph\">{\"@context\":\"https:\/\/schema.org\",\"@graph\":[{\"@type\":\"WebSite\",\"@id\":\"https:\/\/beachin.ch\/fr\/#website\",\"url\":\"https:\/\/beachin.ch\/fr\/\",\"name\":\"BeachIN Sport, Bar &amp; Hotel\",\"description\":\"Strandfeeling das ganze Jahr!\",\"potentialAction\":[{\"@type\":\"SearchAction\",\"target\":\"https:\/\/beachin.ch\/fr\/?s={search_term_string}\",\"query-input\":\"required name=search_term_string\"}],\"inLanguage\":\"fr-FR\"},{\"@type\":\"WebPage\",\"@id\":\"https:\/\/beachin.ch\/fr\/startseite\/merry-christmas-and-happy-new-year\/#webpage\",\"url\":\"https:\/\/beachin.ch\/fr\/startseite\/merry-christmas-and-happy-new-year\/\",\"name\":\"Merry Christmas and Happy New year! &ndash; BeachIN Sport, Bar &amp; Hotel\",\"isPartOf\":{\"@id\":\"https:\/\/beachin.ch\/fr\/#website\"},\"datePublished\":\"2018-12-21T13:45:28+00:00\",\"dateModified\":\"2018-12-21T16:19:03+00:00\",\"inLanguage\":\"fr-FR\",\"potentialAction\":[{\"@type\":\"ReadAction\",\"target\":[\"https:\/\/beachin.ch\/fr\/startseite\/merry-christmas-and-happy-new-year\/\"]}]}]}<\/script>\n<!-- \/ Yoast SEO plugin. -->","_links":{"self":[{"href":"https:\/\/beachin.ch\/fr\/wp-json\/wp\/v2\/pages\/1766"}],"collection":[{"href":"https:\/\/beachin.ch\/fr\/wp-json\/wp\/v2\/pages"}],"about":[{"href":"https:\/\/beachin.ch\/fr\/wp-json\/wp\/v2\/types\/page"}],"author":[{"embeddable":true,"href":"https:\/\/beachin.ch\/fr\/wp-json\/wp\/v2\/users\/1"}],"replies":[{"embeddable":true,"href":"https:\/\/beachin.ch\/fr\/wp-json\/wp\/v2\/comments?post=1766"}],"version-history":[{"count":2,"href":"https:\/\/beachin.ch\/fr\/wp-json\/wp\/v2\/pages\/1766\/revisions"}],"predecessor-version":[{"id":1884,"href":"https:\/\/beachin.ch\/fr\/wp-json\/wp\/v2\/pages\/1766\/revisions\/1884"}],"up":[{"embeddable":true,"href":"https:\/\/beachin.ch\/fr\/wp-json\/wp\/v2\/pages\/18"}],"wp:attachment":[{"href":"https:\/\/beachin.ch\/fr\/wp-json\/wp\/v2\/media?parent=1766"}],"curies":[{"name":"wp","href":"https:\/\/api.w.org\/{rel}","templated":true}]}}