{"id":17041,"date":"2021-10-25T16:15:45","date_gmt":"2021-10-25T14:15:45","guid":{"rendered":"https:\/\/beachin.ch\/?page_id=17041"},"modified":"2026-04-17T19:21:42","modified_gmt":"2026-04-17T17:21:42","slug":"baeren-ruedis-eglifilets","status":"publish","type":"page","link":"https:\/\/beachin.ch\/fr\/baeren-ruedis-eglifilets\/","title":{"rendered":"filet_perche_baeren"},"content":{"rendered":"<div class=\"wpb-content-wrapper\"><p>[vc_row][vc_column][vc_column_text]<\/p>\n<h1><\/h1>\n<h1>Filets de perche \u00e0 la mode &#8220;B\u00e4ren Ins&#8221;<\/h1>\n<p>Le 09 mai 2026, \u00e0 partir de 18 heures<\/p>\n<p>Egli meuni\u00e8re avec salade, pommes de terre bouillies<br \/>\nou patates frites, pour CHF 38.-.<br \/>\nLe nombre de places est limit\u00e9.<\/p>\n<p>&nbsp;<\/p>\n<h3>R\u00e9servations<\/h3>\n<table class=\"wp-list-table widefat fixed striped toplevel_page_smart_forms_menu\">\n<tbody id=\"the-list\">\n<tr>\n<td class=\"form_name column-form_name has-row-actions column-primary\" data-colname=\"Form Name\">\n<div class=\"row-actions\"><\/div>\n<\/td>\n<td class=\"shortcode column-shortcode\" data-colname=\"Shortcode\"><div id='formContainer97605316' class='sfForm rednaoFormContainer SfFormElementContainer bootstrap-wrapper'><\/div><script>\n            var ajaxurl = 'https:\/\/beachin.ch\/wp-admin\/admin-ajax.php';\n            var smartFormsCurrentTime=new Date('Mon Apr 20 2026 08:31:45 +0000');\n            \tvar smartFormsUserName=\"\";\n            \tvar smartFormsFirstName=\"\";\n            \tvar smartFormsLastName=\"\";\n            \tvar smartFormsEmail=\"\";\n                var smartFormsPath=\"https:\/\/beachin.ch\/wp-content\/plugins\/smart-forms\/\";\n                var smartDonationsRootPath=\"\";\n                var smartDonationsSandbox=\"\";\n                var smartFormsAdditionalFields44=[];\n                var smartFormsDesignMode=false;\n                if(!window.smartFormsItemsToLoad)\n                    window.smartFormsItemsToLoad=new Array();                                                   \n        window.smartFormsItemsToLoad.push({ 'form_id':44,  'elements':[{\"_id\":191,\"ClassName\":\"rednaomultipleradios\",\"IsRequired\":\"y\",\"Formulas\":{},\"Styles\":{},\"ContainerOptions\":{\"Width\":-1,\"Id\":\"204\",\"Type\":\"single\"},\"Id\":\"rnField14\",\"Spacing\":\"col-sm-12\",\"Label\":\"W\u00e4hlen Sie das Datum\/S\u00e9lectionnez la date souhait\u00e9e:\",\"Orientation\":\"v\",\"Options\":[{\"label\":\"09. Mai 2026\",\"value\":\"0\",\"sel\":\"n\",\"url\":\"\"}],\"CustomCSS\":\"\"},{\"_id\":79,\"ClassName\":\"rednaotextinput\",\"IsRequired\":\"y\",\"Formulas\":{},\"Styles\":{},\"ContainerOptions\":{\"Width\":-1,\"Id\":\"91\",\"Type\":\"single\"},\"Id\":\"rnField10\",\"Spacing\":\"col-sm-12\",\"Label\":\"Vorname\/Pr\u00e9nom\",\"Placeholder\":\"\",\"Value\":\"\",\"ReadOnly\":\"n\",\"Width\":\"\",\"Icon\":{\"ClassName\":\"\"},\"CustomCSS\":\"\",\"Placeholder_Icon\":{\"ClassName\":\"\",\"Orientation\":\"\"}},{\"_id\":80,\"ClassName\":\"rednaotextinput\",\"IsRequired\":\"y\",\"Formulas\":{},\"Styles\":{},\"ContainerOptions\":{\"Width\":-1,\"Id\":\"93\",\"Type\":\"single\"},\"Id\":\"rnField11\",\"Spacing\":\"col-sm-12\",\"Label\":\"Nachname\/Nom\",\"Placeholder\":\"\",\"Value\":\"\",\"ReadOnly\":\"n\",\"Width\":\"\",\"Icon\":{\"ClassName\":\"\"},\"CustomCSS\":\"\",\"Placeholder_Icon\":{\"ClassName\":\"\",\"Orientation\":\"\"}},{\"_id\":75,\"ClassName\":\"rednaonumber\",\"IsRequired\":\"y\",\"Formulas\":{},\"Styles\":{},\"ContainerOptions\":{\"Id\":\"88\",\"Width\":-1,\"Type\":\"single\"},\"Id\":\"rnField6\",\"Spacing\":\"col-sm-12\",\"Label\":\"Telefon\/Num\u00e9ro de t\u00e9l\u00e9phone\",\"Placeholder\":\"\",\"NumberOfDecimals\":0,\"MaximumValue\":\"\",\"MinimumValue\":\"\",\"Decimals\":0,\"Icon\":{\"ClassName\":\"\"},\"CustomCSS\":\"\",\"Width\":\"\",\"Placeholder_Icon\":{\"ClassName\":\"\",\"Orientation\":\"\"},\"Value\":\"\"},{\"_id\":36,\"ClassName\":\"rednaoemail\",\"IsRequired\":\"y\",\"Formulas\":{},\"Styles\":{},\"ContainerOptions\":{\"Id\":\"83\",\"Width\":-1,\"Type\":\"single\"},\"Id\":\"rnField2\",\"Spacing\":\"col-sm-12\",\"Label\":\"E-mail\",\"Placeholder\":\"\",\"Icon\":{\"ClassName\":\"\"},\"CustomCSS\":\"\",\"Placeholder_Icon\":{\"ClassName\":\"\",\"Orientation\":\"\"},\"Value\":\"\",\"ReadOnly\":\"n\"},{\"_id\":154,\"ClassName\":\"rednaoselectbasic\",\"IsRequired\":\"n\",\"Formulas\":{},\"Styles\":{},\"ContainerOptions\":{\"Width\":-1,\"Id\":\"167\",\"Type\":\"single\"},\"Id\":\"rnField13\",\"Spacing\":\"col-sm-12\",\"Label\":\"Anzahl Personen\/Nombre de personnes\",\"DefaultText\":\"\",\"Options\":[{\"label\":\"1\",\"value\":\"0\",\"sel\":\"n\",\"url\":\"\"},{\"label\":\"2\",\"value\":\"0\",\"sel\":\"n\",\"url\":\"\"},{\"label\":\"3\",\"value\":\"0\",\"sel\":\"n\",\"url\":\"\"},{\"label\":\"4\",\"value\":\"0\",\"sel\":\"n\",\"url\":\"\"},{\"label\":\"5\",\"value\":\"0\",\"sel\":\"n\",\"url\":\"\"},{\"label\":\"6\",\"value\":\"0\",\"sel\":\"n\",\"url\":\"\"},{\"label\":\"7\",\"value\":\"0\",\"sel\":\"n\",\"url\":\"\"},{\"label\":\"8\",\"value\":\"0\",\"sel\":\"n\",\"url\":\"\"},{\"label\":\"9\",\"value\":\"0\",\"sel\":\"n\",\"url\":\"\"},{\"label\":\"10\",\"value\":\"0\",\"sel\":\"n\",\"url\":\"\"}],\"Width\":\"\",\"CustomCSS\":\"\",\"DefaultText_Icon\":{\"ClassName\":\"\",\"Orientation\":\"\"}},{\"_id\":117,\"ClassName\":\"rednaotextarea\",\"IsRequired\":\"n\",\"Formulas\":{},\"Styles\":{},\"ContainerOptions\":{\"Width\":-1,\"Id\":\"130\",\"Type\":\"single\"},\"Id\":\"rnField12\",\"Spacing\":\"col-sm-12\",\"Label\":\"Bemerkungen \/ R\u00e9marques\",\"DefaultText\":\"\",\"Value\":\"\",\"Width\":\"\",\"Height\":\"\",\"Placeholder\":\"\",\"Disabled\":\"n\",\"MaxLength\":\"\",\"CustomCSS\":\"\",\"Placeholder_Icon\":{\"ClassName\":\"\",\"Orientation\":\"\"}},{\"_id\":38,\"ClassName\":\"rednaosubmissionbutton\",\"IsRequired\":\"n\",\"Formulas\":{},\"Styles\":{},\"ContainerOptions\":{\"Width\":-1,\"Id\":\"84\",\"Type\":\"single\"},\"Id\":\"rnField4\",\"Spacing\":\"col-sm-12\",\"ButtonText\":\" Reservieren\/Reserve\",\"CustomCSS\":\"\",\"Icon\":{\"ClassName\":\"glyphicon glyphicon-send\",\"Orientation\":\"Add\"},\"Animated\":\"y\"}],'client_form_options':{\"JavascriptCode\":[],\"CSS\":\"\",\"Conditions\":[],\"UsesCaptcha\":\"n\",\"CaptchaVersion\":\"\",\"alert_message\":\"Vielen Dank f\u00fcr deine Reservation. Wir haben dir eine Best\u00e4tigung per E-Mail gesendet.\\n\\n\\nMerci beaucoup pour ta r\u00e9servation. Nous t'avons envoy\u00e9 un e-mail de confirmation.\",\"alert_message_cb\":\"y\",\"DontClearForm\":\"n\",\"redirect_to\":[{\"URL\":\"https:\/\/beachin.ch\",\"RCSettings\":{\"Redirect\":\"always\",\"ConditionSettings\":[]}}],\"redirect_to_cb\":\"y\",\"Campaign\":\"\",\"PayPalEmail\":\"\",\"PayPalCondition\":{},\"PayPalType\":\"donation\",\"PayPalDescription\":\"\",\"PayPalCurrency\":\"USD\",\"Formulas\":{},\"InvalidInputMessage\":\"Bitte alle zwingenden Felder ausf\u00fcllen\",\"FormType\":\"nor\",\"SplitSteps\":{},\"ToolTipPosition\":\"bottom\",\"Theme\":\"basic\",\"LabelLayout\":\"top\",\"Extensions\":{}},'container':'formContainer97605316'});<\/script><\/td>\n<\/tr>\n<\/tbody>\n<\/table>\n<p>[\/vc_column_text][\/vc_column][\/vc_row]<\/p>\n<\/div>","protected":false},"excerpt":{"rendered":"<p>[vc_row][vc_column][vc_column_text] Filets de perche \u00e0 la mode &#8220;B\u00e4ren Ins&#8221; Le 09 mai 2026, \u00e0 partir de 18 heures Egli meuni\u00e8re avec salade, pommes de terre bouillies ou patates frites, pour CHF 38.-. Le nombre de places est limit\u00e9. &nbsp; R\u00e9servations [\/vc_column_text][\/vc_column][\/vc_row]<\/p>\n","protected":false},"author":1,"featured_media":0,"parent":0,"menu_order":0,"comment_status":"closed","ping_status":"closed","template":"","meta":{"footnotes":""},"yoast_head":"<!-- This site is optimized with the Yoast SEO plugin v14.4.1 - https:\/\/yoast.com\/wordpress\/plugins\/seo\/ -->\n<title>filet_perche_baeren &ndash; BeachIN Sport, Bar &amp; Hotel<\/title>\n<meta name=\"robots\" content=\"index, follow\" \/>\n<meta name=\"googlebot\" content=\"index, follow, max-snippet:-1, max-image-preview:large, max-video-preview:-1\" \/>\n<meta name=\"bingbot\" content=\"index, follow, max-snippet:-1, max-image-preview:large, max-video-preview:-1\" \/>\n<link rel=\"canonical\" href=\"https:\/\/beachin.ch\/fr\/baeren-ruedis-eglifilets\/\" \/>\n<meta property=\"og:locale\" content=\"fr_FR\" \/>\n<meta property=\"og:type\" content=\"article\" \/>\n<meta property=\"og:title\" content=\"filet_perche_baeren &ndash; BeachIN Sport, Bar &amp; Hotel\" \/>\n<meta property=\"og:description\" content=\"[vc_row][vc_column][vc_column_text] Filets de perche \u00e0 la mode &#8220;B\u00e4ren Ins&#8221; Le 09 mai 2026, \u00e0 partir de 18 heures Egli meuni\u00e8re avec salade, pommes de terre bouillies ou patates frites, pour CHF 38.-. Le nombre de places est limit\u00e9. &nbsp; R\u00e9servations [\/vc_column_text][\/vc_column][\/vc_row]\" \/>\n<meta property=\"og:url\" content=\"https:\/\/beachin.ch\/fr\/baeren-ruedis-eglifilets\/\" \/>\n<meta property=\"og:site_name\" content=\"BeachIN Sport, Bar &amp; Hotel\" \/>\n<meta property=\"article:modified_time\" content=\"2026-04-17T17:21:42+00:00\" \/>\n<meta name=\"twitter:card\" content=\"summary_large_image\" \/>\n<script type=\"application\/ld+json\" class=\"yoast-schema-graph\">{\"@context\":\"https:\/\/schema.org\",\"@graph\":[{\"@type\":\"WebSite\",\"@id\":\"https:\/\/beachin.ch\/fr\/#website\",\"url\":\"https:\/\/beachin.ch\/fr\/\",\"name\":\"BeachIN Sport, Bar &amp; Hotel\",\"description\":\"Strandfeeling das ganze Jahr!\",\"potentialAction\":[{\"@type\":\"SearchAction\",\"target\":\"https:\/\/beachin.ch\/fr\/?s={search_term_string}\",\"query-input\":\"required name=search_term_string\"}],\"inLanguage\":\"fr-FR\"},{\"@type\":\"WebPage\",\"@id\":\"https:\/\/beachin.ch\/fr\/baeren-ruedis-eglifilets\/#webpage\",\"url\":\"https:\/\/beachin.ch\/fr\/baeren-ruedis-eglifilets\/\",\"name\":\"filet_perche_baeren &ndash; BeachIN Sport, Bar &amp; Hotel\",\"isPartOf\":{\"@id\":\"https:\/\/beachin.ch\/fr\/#website\"},\"datePublished\":\"2021-10-25T14:15:45+00:00\",\"dateModified\":\"2026-04-17T17:21:42+00:00\",\"inLanguage\":\"fr-FR\",\"potentialAction\":[{\"@type\":\"ReadAction\",\"target\":[\"https:\/\/beachin.ch\/fr\/baeren-ruedis-eglifilets\/\"]}]}]}<\/script>\n<!-- \/ Yoast SEO plugin. -->","_links":{"self":[{"href":"https:\/\/beachin.ch\/fr\/wp-json\/wp\/v2\/pages\/17041"}],"collection":[{"href":"https:\/\/beachin.ch\/fr\/wp-json\/wp\/v2\/pages"}],"about":[{"href":"https:\/\/beachin.ch\/fr\/wp-json\/wp\/v2\/types\/page"}],"author":[{"embeddable":true,"href":"https:\/\/beachin.ch\/fr\/wp-json\/wp\/v2\/users\/1"}],"replies":[{"embeddable":true,"href":"https:\/\/beachin.ch\/fr\/wp-json\/wp\/v2\/comments?post=17041"}],"version-history":[{"count":25,"href":"https:\/\/beachin.ch\/fr\/wp-json\/wp\/v2\/pages\/17041\/revisions"}],"predecessor-version":[{"id":33685,"href":"https:\/\/beachin.ch\/fr\/wp-json\/wp\/v2\/pages\/17041\/revisions\/33685"}],"wp:attachment":[{"href":"https:\/\/beachin.ch\/fr\/wp-json\/wp\/v2\/media?parent=17041"}],"curies":[{"name":"wp","href":"https:\/\/api.w.org\/{rel}","templated":true}]}}