{"id":1665,"date":"2018-12-06T21:50:11","date_gmt":"2018-12-06T20:50:11","guid":{"rendered":"https:\/\/beachin.ch\/home\/beachsport\/"},"modified":"2018-12-06T21:50:12","modified_gmt":"2018-12-06T20:50:12","slug":"beachsport","status":"publish","type":"page","link":"https:\/\/beachin.ch\/fr\/startseite\/beachsport\/","title":{"rendered":"Beachsport"},"content":{"rendered":"<div class=\"wpb-content-wrapper\"><p>[vc_row][vc_column][vc_column_text]<\/p>\n<h1>Beachsport<\/h1>\n<p>Die Grundfl\u00e4che der Halle betr\u00e4gt 23 x 27 Meter. Normalerweise stehen 2 Felder f\u00fcr unterschiedliche Beachsportarten zur Verf\u00fcgung.<\/p>\n<p>3 Felder oder 1 Feld zentriert, sowie Beachsoccer oder Beachhandball \u00fcber die ganze Halle sind ebenfalls m\u00f6glich. Die Mindestmietdauer pro Buchung betr\u00e4gt 60 Minuten. Die Kosten sind variabel (abh\u00e4ngig von der Buchungszeit, Anzahl Personen und Rabatten). Wenn du noch kein myBeachIN-Konto hast, empfehlen wir dir unverbindlich eines zu er\u00f6ffnen. Du kannst von Verg\u00fcnstigungen profitieren, die Infrastruktur rund um die Uhr buchen und wirst als erster \u00fcber alle Aktivit\u00e4ten (Turniere, Veranstaltungen etc.) informiert.[\/vc_column_text][vc_btn title=&#8221;myBeachIN-Konto er\u00f6ffnen&#8221; align=&#8221;left&#8221; link=&#8221;url:https%3A%2F%2Fbeachin.ch%2Ffr%2Fmybeachin%2F|&#8221;][vc_btn title=&#8221;Preise und Buchungsinformationen&#8221; link=&#8221;url:https%3A%2F%2Fbeachin.ch%2Fwp-content%2Fuploads%2F2018%2F12%2FPreisliste_RZ_web.pdf|target:%20_blank|&#8221;][vc_btn title=&#8221;Platz reservieren und buchen &#8221; align=&#8221;left&#8221; link=&#8221;url:https%3A%2F%2Fbeachin.ch%2Ffr%2Fsport-de-plage%2Fonlinereservation-kleinfeld%2F|&#8221;][vc_empty_space][vc_column_text]<\/p>\n<h2>Preise und Buchungsinformationen<\/h2>\n<p>Normalerweise stehen im BeachIN 2 Beachsportfelder zur Verf\u00fcgung. 3 Felder oder 1 Feld zentriert, sowie Beachsoccer oder Beachhandball \u00fcber die ganze Halle sind ebenfalls m\u00f6glich. Die Mindestmietdauer betr\u00e4gt 60 Minuten. Bei der Onlinereservation Kleinfeld werden die effektiven Preise (abh\u00e4ngig von Zeit, Anzahl Personen und allf\u00e4lligen Rabatten) angezeigt.[\/vc_column_text][vc_btn title=&#8221;Onlinereservation Kleinfeld&#8221; align=&#8221;left&#8221; link=&#8221;url:https%3A%2F%2Fbeachin.ch%2Ffr%2Fsport-de-plage%2Fonlinereservation-kleinfeld%2F|&#8221;][vc_empty_space][vc_column_text]Preisstruktur (s\u00e4mtliche Preise inkl. MwSt.) :<br \/>\nGrunds\u00e4tzlich kostet eine Platzmiete (Kleinfeld) inklusive Benutzung von Garderobe und Duschen f\u00fcr 60 Minuten bis 4 Personen CHF 18.\u2014 pro Person und Stunde w\u00e4hrend der Primetime (Montag bis Sonntag von 17.00 Uhr bis 23.00 Uhr) und CHF 15.\u2014 pro Person und Stunde w\u00e4hrend den \u00fcbrigen Zeiten (Montag bis Sonntag von 23.00 Uhr bis 17.00 Uhr). Jede zus\u00e4tzliche Person pro Spielfeld bezahlt CHF 5.\u2014 f\u00fcr die Benutzung von Garderoben und Duschen. F\u00fcr Schulen und Gruppen (Vereine) ab 15 Personen gelten Spezialpreise auf Anfrage.<\/p>\n<p>Bei Grossfeldbuchungen (ganze Halle) inklusive Benutzung von Garderobe und Duschen f\u00fcr 60 Minuten bis 10 Personen CHF 15.\u2014 pro Person und Stunde w\u00e4hrend der Primetime (Montag bis Sonntag von 17.00 Uhr bis 23.00 Uhr) und CHF 13.\u2014pro Person und Stunde w\u00e4hrend den \u00fcbrigen Zeiten (Montag bis Sonntag von 23.00 Uhr bis 17.00 Uhr). Jede zus\u00e4tzliche Person bezahlt CHF 5.\u2014 f\u00fcr die Benutzung von Garderoben und Duschen. F\u00fcr Schulen und Gruppen (Vereine) ab 15 Personen gelten Spezialpreise.<\/p>\n<p>Als BeachIN-Member <em>(verlinkt) <\/em>werden dir auf deinem pers\u00f6nlichen Konto bei einer Einzahlung von mindestens CHF 500.\u2014CHF 550.\u2014gutgeschrieben (= 10 % Rabatt). Zudem ist jede 10. Buchung f\u00fcr BeachIN-Member gratis.<br \/>\nWeiter werden je nach Saison und Nachfrage zus\u00e4tzliche Rabatte im Buchungssystem hinterlegt und auf Anfrage gibt es Rabatte f\u00fcr Vereine und gr\u00f6ssere Gruppen.[\/vc_column_text][vc_btn title=&#8221;Onlinereservation Kleinfeld&#8221; align=&#8221;left&#8221; link=&#8221;url:https%3A%2F%2Fbeachin.ch%2Ffr%2Fsport-de-plage%2Fonlinereservation-kleinfeld%2F|&#8221;][vc_btn title=&#8221;Buchungsanfrage f\u00fcr Schulen und Vereine&#8221; align=&#8221;left&#8221; link=&#8221;url:%2F%3Fpage_id%3D1559|&#8221;][vc_empty_space][vc_column_text]<\/p>\n<h2>Preisbeispiele:<\/h2>\n<p>[\/vc_column_text][vc_tta_accordion][vc_tta_section title=&#8221;4 Personen Beachvolleyball &#8221; tab_id=&#8221;1544111265044-dc834f0f-7b4c&#8221;][vc_column_text]<\/p>\n<ul>\n<li>20.00 Uhr (Primetime) f\u00fcr 60 Minuten: BeachIN-Member: CH 64.80 \/ Nicht BeachIN-Member: CHF 72.\u2013<\/li>\n<li>20.00 Uhr (Primetime) f\u00fcr 90 Minuten: BeachIN-Member: CHF 97.20 \/ Nicht BeachIN-Member: 108.\u2013<\/li>\n<li>13.00 Uhr (\u00fcbrige Zeiten) f\u00fcr 60 Minuten: BeachIN-Member: CHF 54.\u2013 \/ Nicht BeachIN-Member: CHF 60.\u2013<\/li>\n<li>13.00 Uhr (\u00fcbrige Zeiten) f\u00fcr 90 Minuten: BeachIN-Member: CHF 63.\u2013 \/ Nicht BeachIN-Member: CHF 70.\u2013<\/li>\n<\/ul>\n<p>[\/vc_column_text][\/vc_tta_section][vc_tta_section title=&#8221;6 Personen Beachvolleyball &#8221; tab_id=&#8221;1544111265091-c0200ef2-3e99&#8243;][vc_column_text]<\/p>\n<ul>\n<li>20.00 Uhr (Primetime) f\u00fcr 60 Minuten: BeachIN-Member: CHF 73.80 \/ Nicht BeachIN-Member: CHF 82.\u2013<\/li>\n<li>20.00 Uhr (Primetime) f\u00fcr 90 Minuten: BeachIN-Member: CHF 106.20 \/ Nicht BeachIN-Member: 118.\u2013<\/li>\n<li>13.00 Uhr (\u00fcbrige Zeiten) f\u00fcr 60 Minuten: BeachIN-Member: CHF 63.\u2013 \/ Nicht BeachIN-Member: CHF 70.\u2013<\/li>\n<li>13.00 Uhr (\u00fcbrige Zeiten) f\u00fcr 90 Minuten: BeachIN-Member: CHF 81.\u2013 \/ Nicht BeachIN-Member: CHF 90.\u2013<\/li>\n<\/ul>\n<p>[\/vc_column_text][\/vc_tta_section][vc_tta_section title=&#8221;8 Personen Beachvolleyball &#8221; tab_id=&#8221;1544111447959-29d597b0-e98a&#8221;][vc_column_text]<\/p>\n<ul>\n<li>20.00 Uhr (Primetime) f\u00fcr 60 Minuten: BeachIN-Member: CHF 82.80 \/ Nicht BeachIN-Member: CHF 92.\u2013<\/li>\n<li>20.00 Uhr (Primetime) f\u00fcr 90 Minuten: BeachIN-Member: CHF 115.20 \/ Nicht BeachIN-Member: 128.\u2013<\/li>\n<li>13.00 Uhr (\u00fcbrige Zeiten) f\u00fcr 60 Minuten: BeachIN-Member: CHF 72.\u2013 \/ Nicht BeachIN-Member: CHF 80.\u2013<\/li>\n<li>13.00 Uhr (\u00fcbrige Zeiten) f\u00fcr 90 Minuten: BeachIN-Member: CHF 99.\u2013 \/ Nicht BeachIN-Member: CHF 110.\u2013<\/li>\n<\/ul>\n<p>[\/vc_column_text][\/vc_tta_section][vc_tta_section title=&#8221;10 Personen Grossfeld (ganze Halle)&#8221; tab_id=&#8221;1544111514055-511969f6-d240&#8243;][vc_column_text]<\/p>\n<ul>\n<li>20.00 Uhr (Primetime) f\u00fcr 60 Minuten: BeachIN-Member: CHF 135.\u2013 \/ Nicht BeachIN-Member: CHF 150.\u2013<\/li>\n<li>20.00 Uhr (Primetime) f\u00fcr 90 Minuten: BeachIN-Member: CHF 202.50 \/ Nicht BeachIN-Member: 225.\u2013<\/li>\n<li>13.00 Uhr (\u00fcbrige Zeiten) f\u00fcr 60 Minuten: BeachIN-Member: CHF 162.\u2013 \/ Nicht BeachIN-Member: CHF 180.\u2013<\/li>\n<\/ul>\n<p>[\/vc_column_text][\/vc_tta_section][vc_tta_section title=&#8221;20 Personen Grossfeld (ganze Halle) &#8221; tab_id=&#8221;1544111580064-bf14adff-e923&#8243;][vc_column_text]<\/p>\n<ul>\n<li>13.00 Uhr (\u00fcbrige Zeiten) f\u00fcr 90 Minuten: BeachIN-Member: CHF 220.50 \/ Nicht BeachIN-Member: CHF 245.\u2013<\/li>\n<\/ul>\n<p>[\/vc_column_text][\/vc_tta_section][\/vc_tta_accordion][\/vc_column][\/vc_row]<\/p>\n<\/div>","protected":false},"excerpt":{"rendered":"<p>[vc_row][vc_column][vc_column_text] Beachsport Die Grundfl\u00e4che der Halle betr\u00e4gt 23 x 27 Meter. Normalerweise stehen 2 Felder f\u00fcr unterschiedliche Beachsportarten zur Verf\u00fcgung. 3 Felder oder 1 Feld zentriert, sowie Beachsoccer oder Beachhandball \u00fcber die ganze Halle sind ebenfalls m\u00f6glich. Die Mindestmietdauer pro Buchung betr\u00e4gt 60 Minuten. Die Kosten sind variabel (abh\u00e4ngig von der Buchungszeit, Anzahl Personen und <a class=\"more-link\" href=\"https:\/\/beachin.ch\/fr\/startseite\/beachsport\/\">weiterlesen&#8230;<\/a><\/p>\n","protected":false},"author":1,"featured_media":0,"parent":18,"menu_order":0,"comment_status":"closed","ping_status":"closed","template":"","meta":{"footnotes":""},"yoast_head":"<!-- This site is optimized with the Yoast SEO plugin v14.4.1 - https:\/\/yoast.com\/wordpress\/plugins\/seo\/ -->\n<title>Beachsport &ndash; BeachIN Sport, Bar &amp; Hotel<\/title>\n<meta name=\"robots\" content=\"index, follow\" \/>\n<meta name=\"googlebot\" content=\"index, follow, max-snippet:-1, max-image-preview:large, max-video-preview:-1\" \/>\n<meta name=\"bingbot\" content=\"index, follow, max-snippet:-1, max-image-preview:large, max-video-preview:-1\" \/>\n<link rel=\"canonical\" href=\"https:\/\/beachin.ch\/fr\/startseite\/beachsport\/\" \/>\n<meta property=\"og:locale\" content=\"fr_FR\" \/>\n<meta property=\"og:type\" content=\"article\" \/>\n<meta property=\"og:title\" content=\"Beachsport &ndash; BeachIN Sport, Bar &amp; Hotel\" \/>\n<meta property=\"og:description\" content=\"[vc_row][vc_column][vc_column_text] Beachsport Die Grundfl\u00e4che der Halle betr\u00e4gt 23 x 27 Meter. Normalerweise stehen 2 Felder f\u00fcr unterschiedliche Beachsportarten zur Verf\u00fcgung. 3 Felder oder 1 Feld zentriert, sowie Beachsoccer oder Beachhandball \u00fcber die ganze Halle sind ebenfalls m\u00f6glich. Die Mindestmietdauer pro Buchung betr\u00e4gt 60 Minuten. Die Kosten sind variabel (abh\u00e4ngig von der Buchungszeit, Anzahl Personen und weiterlesen...\" \/>\n<meta property=\"og:url\" content=\"https:\/\/beachin.ch\/fr\/startseite\/beachsport\/\" \/>\n<meta property=\"og:site_name\" content=\"BeachIN Sport, Bar &amp; Hotel\" \/>\n<meta property=\"article:modified_time\" content=\"2018-12-06T20:50:12+00:00\" \/>\n<meta name=\"twitter:card\" content=\"summary_large_image\" \/>\n<script type=\"application\/ld+json\" class=\"yoast-schema-graph\">{\"@context\":\"https:\/\/schema.org\",\"@graph\":[{\"@type\":\"WebSite\",\"@id\":\"https:\/\/beachin.ch\/fr\/#website\",\"url\":\"https:\/\/beachin.ch\/fr\/\",\"name\":\"BeachIN Sport, Bar &amp; Hotel\",\"description\":\"Strandfeeling das ganze Jahr!\",\"potentialAction\":[{\"@type\":\"SearchAction\",\"target\":\"https:\/\/beachin.ch\/fr\/?s={search_term_string}\",\"query-input\":\"required name=search_term_string\"}],\"inLanguage\":\"fr-FR\"},{\"@type\":\"WebPage\",\"@id\":\"https:\/\/beachin.ch\/fr\/startseite\/beachsport\/#webpage\",\"url\":\"https:\/\/beachin.ch\/fr\/startseite\/beachsport\/\",\"name\":\"Beachsport &ndash; BeachIN Sport, Bar &amp; Hotel\",\"isPartOf\":{\"@id\":\"https:\/\/beachin.ch\/fr\/#website\"},\"datePublished\":\"2018-12-06T20:50:11+00:00\",\"dateModified\":\"2018-12-06T20:50:12+00:00\",\"inLanguage\":\"fr-FR\",\"potentialAction\":[{\"@type\":\"ReadAction\",\"target\":[\"https:\/\/beachin.ch\/fr\/startseite\/beachsport\/\"]}]}]}<\/script>\n<!-- \/ Yoast SEO plugin. -->","_links":{"self":[{"href":"https:\/\/beachin.ch\/fr\/wp-json\/wp\/v2\/pages\/1665"}],"collection":[{"href":"https:\/\/beachin.ch\/fr\/wp-json\/wp\/v2\/pages"}],"about":[{"href":"https:\/\/beachin.ch\/fr\/wp-json\/wp\/v2\/types\/page"}],"author":[{"embeddable":true,"href":"https:\/\/beachin.ch\/fr\/wp-json\/wp\/v2\/users\/1"}],"replies":[{"embeddable":true,"href":"https:\/\/beachin.ch\/fr\/wp-json\/wp\/v2\/comments?post=1665"}],"version-history":[{"count":1,"href":"https:\/\/beachin.ch\/fr\/wp-json\/wp\/v2\/pages\/1665\/revisions"}],"predecessor-version":[{"id":1666,"href":"https:\/\/beachin.ch\/fr\/wp-json\/wp\/v2\/pages\/1665\/revisions\/1666"}],"up":[{"embeddable":true,"href":"https:\/\/beachin.ch\/fr\/wp-json\/wp\/v2\/pages\/18"}],"wp:attachment":[{"href":"https:\/\/beachin.ch\/fr\/wp-json\/wp\/v2\/media?parent=1665"}],"curies":[{"name":"wp","href":"https:\/\/api.w.org\/{rel}","templated":true}]}}