{"id":16514,"date":"2021-08-05T16:39:57","date_gmt":"2021-08-05T14:39:57","guid":{"rendered":"https:\/\/beachin.ch\/menus-speciaux\/"},"modified":"2021-08-05T16:41:08","modified_gmt":"2021-08-05T14:41:08","slug":"menus-speciaux","status":"publish","type":"page","link":"https:\/\/beachin.ch\/fr\/menus-speciaux\/","title":{"rendered":"Menus sp\u00e9ciaux"},"content":{"rendered":"<div class=\"wpb-content-wrapper\"><p>[vc_row][vc_column][vc_column_text]<\/p>\n<h1>Menus sp\u00e9ciaux \u00e0 BeachIN<\/h1>\n<p>[\/vc_column_text][vc_column_text]<strong>Menus sp\u00e9ciaux &#8211; toujours le mercredi et si possible le vendredi!<\/strong><\/p>\n<p>Comme annonc\u00e9, \u00e0 partir du 18.08.2021, il y aura un menu sp\u00e9cial tous les mercredis et vendredis et toujours pendant le mois au BeachIN \u00e0 partir de 19h00.<\/p>\n<p><strong>Menus sp\u00e9ciaux en ao\u00fbt:<\/strong><\/p>\n<p>18.08. &amp; 25.08.2021: Sp\u00e9cial indien \u00e0 la mode &#8220;Ramiah&#8221; (entr\u00e9e Surprise, poulet, boeuf et agneau avec 3 sauces et riz), jusqu&#8217;\u00e0 suffisance pour CHF 39.\u2014 par personne.<\/p>\n<p>20.08. &amp; 27.08.21: Plat de poisson oriental avec entr\u00e9e Surprise jusqu&#8217;\u00e0 suffisance pour CHF 39.\u2014 par personne.<\/p>\n<p>Seulement avec une r\u00e9servation pr\u00e9alable!<\/p>\n<p><strong>\u2193 A l&#8217;enregistrement \u2193<\/strong>[\/vc_column_text][vc_column_text]<div id='formContainer931597566' class='sfForm rednaoFormContainer SfFormElementContainer bootstrap-wrapper'><\/div><script>\n            var ajaxurl = 'https:\/\/beachin.ch\/wp-admin\/admin-ajax.php';\n            var smartFormsCurrentTime=new Date('Fri Apr 17 2026 09:52:42 +0000');\n            \tvar smartFormsUserName=\"\";\n            \tvar smartFormsFirstName=\"\";\n            \tvar smartFormsLastName=\"\";\n            \tvar smartFormsEmail=\"\";\n                var smartFormsPath=\"https:\/\/beachin.ch\/wp-content\/plugins\/smart-forms\/\";\n                var smartDonationsRootPath=\"\";\n                var smartDonationsSandbox=\"\";\n                var smartFormsAdditionalFields43=[];\n                var smartFormsDesignMode=false;\n                if(!window.smartFormsItemsToLoad)\n                    window.smartFormsItemsToLoad=new Array();                                                   \n        window.smartFormsItemsToLoad.push({ 'form_id':43,  'elements':[{\"_id\":35,\"ClassName\":\"rednaotextinput\",\"IsRequired\":\"y\",\"Formulas\":{},\"Styles\":{},\"ContainerOptions\":{\"Width\":-1,\"Id\":\"35\",\"Type\":\"single\"},\"Id\":\"rnField1\",\"Spacing\":\"col-sm-12\",\"Label\":\"Name \/ nom\",\"Placeholder\":\"\",\"Value\":\"\",\"ReadOnly\":\"n\",\"Width\":\"\",\"Icon\":{\"ClassName\":\"\"},\"CustomCSS\":\"\",\"Placeholder_Icon\":{\"ClassName\":\"\",\"Orientation\":\"\"}},{\"_id\":36,\"ClassName\":\"rednaoemail\",\"IsRequired\":\"y\",\"Formulas\":{},\"Styles\":{},\"ContainerOptions\":{\"Width\":-1,\"Id\":\"37\",\"Type\":\"single\"},\"Id\":\"rnField2\",\"Spacing\":\"col-sm-12\",\"Label\":\"E-mail\",\"Placeholder\":\"\",\"Icon\":{\"ClassName\":\"\"},\"CustomCSS\":\"\",\"Placeholder_Icon\":{\"ClassName\":\"\",\"Orientation\":\"\"},\"Value\":\"\",\"ReadOnly\":\"n\"},{\"_id\":76,\"ClassName\":\"rednaonumber\",\"IsRequired\":\"y\",\"Formulas\":{},\"Styles\":{},\"ContainerOptions\":{\"Width\":-1,\"Id\":\"80\",\"Type\":\"single\"},\"Id\":\"rnField6\",\"Spacing\":\"col-sm-12\",\"Label\":\"Telefon \/ t\u00e9l\u00e9phone\",\"Placeholder\":\"\",\"NumberOfDecimals\":0,\"MaximumValue\":\"\",\"MinimumValue\":\"\",\"Decimals\":0,\"Icon\":{\"ClassName\":\"\"},\"CustomCSS\":\"\",\"Width\":\"\",\"Placeholder_Icon\":{\"ClassName\":\"\",\"Orientation\":\"\"},\"Value\":\"+41\"},{\"_id\":37,\"ClassName\":\"rednaotextarea\",\"IsRequired\":\"y\",\"Formulas\":{},\"Styles\":{},\"ContainerOptions\":{\"Width\":-1,\"Id\":\"39\",\"Type\":\"single\"},\"Id\":\"rnField3\",\"Spacing\":\"col-sm-12\",\"Label\":\"Nachricht \/ message\",\"DefaultText\":\"Gib uns Bescheid, wann du vorbeikommst!\\nFaites-nous savoir quand vous viendrez !\",\"Value\":\"\",\"Width\":\"\",\"Height\":\"\",\"Placeholder\":\"\",\"Disabled\":\"n\",\"MaxLength\":\"\",\"CustomCSS\":\"\",\"Placeholder_Icon\":{\"ClassName\":\"\",\"Orientation\":\"\"}},{\"_id\":38,\"ClassName\":\"rednaosubmissionbutton\",\"IsRequired\":\"n\",\"Formulas\":{},\"Styles\":{},\"ContainerOptions\":{\"Width\":-1,\"Id\":\"41\",\"Type\":\"single\"},\"Id\":\"rnField4\",\"Spacing\":\"col-sm-12\",\"ButtonText\":\"Senden \/ envoyer\",\"CustomCSS\":\"\",\"Icon\":{\"ClassName\":\"glyphicon glyphicon-send\",\"Orientation\":\"Add\"},\"Animated\":\"y\"}],'client_form_options':{\"JavascriptCode\":[],\"CSS\":\"\",\"Conditions\":[],\"UsesCaptcha\":\"n\",\"CaptchaVersion\":\"\",\"alert_message\":\"Vielen Dank! Deine Anmeldung ist erfolgreich bei uns eingegangen  und du erh\u00e4lst in K\u00fcrze eine Best\u00e4tigungsmail.\\n**************************************\\nMerci beaucoup ! Nous avons bien re\u00e7u votre inscription et vous recevrez un courriel de confirmation sous peu.\",\"alert_message_cb\":\"y\",\"DontClearForm\":\"n\",\"redirect_to\":[{\"URL\":\"\",\"RCSettings\":{\"Redirect\":\"always\",\"ConditionSettings\":[]}}],\"redirect_to_cb\":\"n\",\"Campaign\":\"\",\"PayPalEmail\":\"\",\"PayPalCondition\":{},\"PayPalType\":\"donation\",\"PayPalDescription\":\"\",\"PayPalCurrency\":\"USD\",\"Formulas\":{},\"InvalidInputMessage\":\"*Please fill all the required fields\",\"FormType\":\"nor\",\"SplitSteps\":{},\"ToolTipPosition\":\"bottom\",\"Theme\":\"basic\",\"LabelLayout\":\"top\",\"Extensions\":{}},'container':'formContainer931597566'});<\/script>[\/vc_column_text][\/vc_column][\/vc_row]<\/p>\n<\/div>","protected":false},"excerpt":{"rendered":"<p>[vc_row][vc_column][vc_column_text] Menus sp\u00e9ciaux \u00e0 BeachIN [\/vc_column_text][vc_column_text]Menus sp\u00e9ciaux &#8211; toujours le mercredi et si possible le vendredi! Comme annonc\u00e9, \u00e0 partir du 18.08.2021, il y aura un menu sp\u00e9cial tous les mercredis et vendredis et toujours pendant le mois au BeachIN \u00e0 partir de 19h00. Menus sp\u00e9ciaux en ao\u00fbt: 18.08. &amp; 25.08.2021: Sp\u00e9cial indien \u00e0 la <a class=\"more-link\" href=\"https:\/\/beachin.ch\/fr\/menus-speciaux\/\">weiterlesen&#8230;<\/a><\/p>\n","protected":false},"author":1,"featured_media":0,"parent":0,"menu_order":0,"comment_status":"closed","ping_status":"closed","template":"","meta":{"footnotes":""},"yoast_head":"<!-- This site is optimized with the Yoast SEO plugin v14.4.1 - https:\/\/yoast.com\/wordpress\/plugins\/seo\/ -->\n<title>Menus sp\u00e9ciaux &ndash; BeachIN Sport, Bar &amp; Hotel<\/title>\n<meta name=\"robots\" content=\"index, follow\" \/>\n<meta name=\"googlebot\" content=\"index, follow, max-snippet:-1, max-image-preview:large, max-video-preview:-1\" \/>\n<meta name=\"bingbot\" content=\"index, follow, max-snippet:-1, max-image-preview:large, max-video-preview:-1\" \/>\n<link rel=\"canonical\" href=\"https:\/\/beachin.ch\/fr\/menus-speciaux\/\" \/>\n<meta property=\"og:locale\" content=\"fr_FR\" \/>\n<meta property=\"og:type\" content=\"article\" \/>\n<meta property=\"og:title\" content=\"Menus sp\u00e9ciaux &ndash; BeachIN Sport, Bar &amp; Hotel\" \/>\n<meta property=\"og:description\" content=\"[vc_row][vc_column][vc_column_text] Menus sp\u00e9ciaux \u00e0 BeachIN [\/vc_column_text][vc_column_text]Menus sp\u00e9ciaux &#8211; toujours le mercredi et si possible le vendredi! Comme annonc\u00e9, \u00e0 partir du 18.08.2021, il y aura un menu sp\u00e9cial tous les mercredis et vendredis et toujours pendant le mois au BeachIN \u00e0 partir de 19h00. Menus sp\u00e9ciaux en ao\u00fbt: 18.08. &amp; 25.08.2021: Sp\u00e9cial indien \u00e0 la weiterlesen...\" \/>\n<meta property=\"og:url\" content=\"https:\/\/beachin.ch\/fr\/menus-speciaux\/\" \/>\n<meta property=\"og:site_name\" content=\"BeachIN Sport, Bar &amp; Hotel\" \/>\n<meta property=\"article:modified_time\" content=\"2021-08-05T14:41:08+00:00\" \/>\n<meta name=\"twitter:card\" content=\"summary_large_image\" \/>\n<script type=\"application\/ld+json\" class=\"yoast-schema-graph\">{\"@context\":\"https:\/\/schema.org\",\"@graph\":[{\"@type\":\"WebSite\",\"@id\":\"https:\/\/beachin.ch\/fr\/#website\",\"url\":\"https:\/\/beachin.ch\/fr\/\",\"name\":\"BeachIN Sport, Bar &amp; Hotel\",\"description\":\"Strandfeeling das ganze Jahr!\",\"potentialAction\":[{\"@type\":\"SearchAction\",\"target\":\"https:\/\/beachin.ch\/fr\/?s={search_term_string}\",\"query-input\":\"required name=search_term_string\"}],\"inLanguage\":\"fr-FR\"},{\"@type\":\"WebPage\",\"@id\":\"https:\/\/beachin.ch\/fr\/menus-speciaux\/#webpage\",\"url\":\"https:\/\/beachin.ch\/fr\/menus-speciaux\/\",\"name\":\"Menus sp\\u00e9ciaux &ndash; BeachIN Sport, Bar &amp; Hotel\",\"isPartOf\":{\"@id\":\"https:\/\/beachin.ch\/fr\/#website\"},\"datePublished\":\"2021-08-05T14:39:57+00:00\",\"dateModified\":\"2021-08-05T14:41:08+00:00\",\"inLanguage\":\"fr-FR\",\"potentialAction\":[{\"@type\":\"ReadAction\",\"target\":[\"https:\/\/beachin.ch\/fr\/menus-speciaux\/\"]}]}]}<\/script>\n<!-- \/ Yoast SEO plugin. -->","_links":{"self":[{"href":"https:\/\/beachin.ch\/fr\/wp-json\/wp\/v2\/pages\/16514"}],"collection":[{"href":"https:\/\/beachin.ch\/fr\/wp-json\/wp\/v2\/pages"}],"about":[{"href":"https:\/\/beachin.ch\/fr\/wp-json\/wp\/v2\/types\/page"}],"author":[{"embeddable":true,"href":"https:\/\/beachin.ch\/fr\/wp-json\/wp\/v2\/users\/1"}],"replies":[{"embeddable":true,"href":"https:\/\/beachin.ch\/fr\/wp-json\/wp\/v2\/comments?post=16514"}],"version-history":[{"count":3,"href":"https:\/\/beachin.ch\/fr\/wp-json\/wp\/v2\/pages\/16514\/revisions"}],"predecessor-version":[{"id":16520,"href":"https:\/\/beachin.ch\/fr\/wp-json\/wp\/v2\/pages\/16514\/revisions\/16520"}],"wp:attachment":[{"href":"https:\/\/beachin.ch\/fr\/wp-json\/wp\/v2\/media?parent=16514"}],"curies":[{"name":"wp","href":"https:\/\/api.w.org\/{rel}","templated":true}]}}