{"id":16315,"date":"2021-07-19T14:27:41","date_gmt":"2021-07-19T12:27:41","guid":{"rendered":"https:\/\/beachin.ch\/tournage-publicitaire-de-quickline-a-beachin\/"},"modified":"2021-08-06T14:05:06","modified_gmt":"2021-08-06T12:05:06","slug":"shootings","status":"publish","type":"page","link":"https:\/\/beachin.ch\/fr\/shootings\/","title":{"rendered":"Shootings \u00e0 BeachIN"},"content":{"rendered":"<div class=\"wpb-content-wrapper\"><p>[vc_row][vc_column][vc_column_text]<\/p>\n<h1>Shootings \u00e0 BeachIN<\/h1>\n<p>[\/vc_column_text][vc_column_text]Notre site est \u00e9galement r\u00e9guli\u00e8rement utilis\u00e9 pour des s\u00e9ances de photos et de vid\u00e9os. Que ce soit avec un t\u00e9l\u00e9phone portable ou une \u00e9quipe de tournage professionnelle, de superbes photos et vid\u00e9os peuvent \u00eatre cr\u00e9\u00e9es avec nos d\u00e9cors et dans le sable.<\/p>\n<p>Bien entendu, le hall peut \u00eatre r\u00e9serv\u00e9 pour un tournage exclusif. Contactez-nous pour une demande de renseignements.[\/vc_column_text][vc_btn title=&#8221;\u00bb Contact&#8221; color=&#8221;white&#8221; css_animation=&#8221;fadeIn&#8221; link=&#8221;url:https%3A%2F%2Fbeachin.ch%2Ffr%2Fcontact%2F|title:Contact|target:_blank|&#8221;][vc_separator][\/vc_column][\/vc_row][vc_row][vc_column][vc_column_text]<\/p>\n<h3><strong>Fotoshooting Miss Curvy<\/strong><\/h3>\n<p>Isabelle Bella est un mannequin bien connu qui a de nombreux fans dans le monde entier. Elle a choisi BeachIN pour l&#8217;un de ses tournages.[\/vc_column_text][vc_btn title=&#8221;\u00bb Isabellebella.com&#8221; css_animation=&#8221;fadeIn&#8221; link=&#8221;url:https%3A%2F%2Fisabellebella.com%2F|target:_blank|&#8221;][vc_media_grid initial_loading_animation=&#8221;fadeInUp&#8221; grid_id=&#8221;vc_gid:1628250784173-ad1e46de-f1e6-8&#8243; include=&#8221;16528,16522,16537,16534,16525,16540&#8243;][vc_separator][vc_column_text]<\/p>\n<h3><strong>Quickline-TV-Spot<\/strong><\/h3>\n<p>Tanja H\u00fcberli et Nina Bettschart font actuellement partie des meilleures joueuses de beach-volley au monde et sont soutenues par Quickline. Un spot TV Quickline a \u00e9t\u00e9 tourn\u00e9 \u00e0 BeachIN.[\/vc_column_text][vc_btn title=&#8221;\u00bb quickline.ch&#8221; link=&#8221;url:https%3A%2F%2Fquickline.ch%2F|target:_blank|&#8221;][vc_btn title=&#8221;\u00bb hueberli-betschart.ch&#8221; css_animation=&#8221;fadeIn&#8221; link=&#8221;url:https%3A%2F%2Fwww.hueberli-betschart.ch%2F%20|target:_blank|&#8221;][vc_column_text]<\/p>\n<div style=\"width: 780px;\" class=\"wp-video\"><!--[if lt IE 9]><script>document.createElement('video');<\/script><![endif]-->\n<video class=\"wp-video-shortcode\" id=\"video-16315-1\" width=\"780\" height=\"439\" preload=\"metadata\" controls=\"controls\"><source type=\"video\/mp4\" src=\"https:\/\/beachin.ch\/wp-content\/uploads\/2021\/06\/2021-05-20_Quickline_TV_Volleyball_16x9_WEB-2.mp4?_=1\" \/><a href=\"https:\/\/beachin.ch\/wp-content\/uploads\/2021\/06\/2021-05-20_Quickline_TV_Volleyball_16x9_WEB-2.mp4\">https:\/\/beachin.ch\/wp-content\/uploads\/2021\/06\/2021-05-20_Quickline_TV_Volleyball_16x9_WEB-2.mp4<\/a><\/video><\/div>\n<p>[\/vc_column_text][vc_media_grid element_width=&#8221;6&#8243; grid_id=&#8221;vc_gid:1628250784197-f0c441fd-7cd4-0&#8243; include=&#8221;16545,16548&#8243;][\/vc_column][\/vc_row]<\/p>\n<\/div>","protected":false},"excerpt":{"rendered":"<p>[vc_row][vc_column][vc_column_text] Shootings \u00e0 BeachIN [\/vc_column_text][vc_column_text]Notre site est \u00e9galement r\u00e9guli\u00e8rement utilis\u00e9 pour des s\u00e9ances de photos et de vid\u00e9os. Que ce soit avec un t\u00e9l\u00e9phone portable ou une \u00e9quipe de tournage professionnelle, de superbes photos et vid\u00e9os peuvent \u00eatre cr\u00e9\u00e9es avec nos d\u00e9cors et dans le sable. Bien entendu, le hall peut \u00eatre r\u00e9serv\u00e9 pour un <a class=\"more-link\" href=\"https:\/\/beachin.ch\/fr\/shootings\/\">weiterlesen&#8230;<\/a><\/p>\n","protected":false},"author":1,"featured_media":0,"parent":0,"menu_order":0,"comment_status":"closed","ping_status":"closed","template":"","meta":{"footnotes":""},"yoast_head":"<!-- This site is optimized with the Yoast SEO plugin v14.4.1 - https:\/\/yoast.com\/wordpress\/plugins\/seo\/ -->\n<title>Shootings \u00e0 BeachIN &ndash; BeachIN Sport, Bar &amp; Hotel<\/title>\n<meta name=\"robots\" content=\"index, follow\" \/>\n<meta name=\"googlebot\" content=\"index, follow, max-snippet:-1, max-image-preview:large, max-video-preview:-1\" \/>\n<meta name=\"bingbot\" content=\"index, follow, max-snippet:-1, max-image-preview:large, max-video-preview:-1\" \/>\n<link rel=\"canonical\" href=\"https:\/\/beachin.ch\/fr\/shootings\/\" \/>\n<meta property=\"og:locale\" content=\"fr_FR\" \/>\n<meta property=\"og:type\" content=\"article\" \/>\n<meta property=\"og:title\" content=\"Shootings \u00e0 BeachIN &ndash; BeachIN Sport, Bar &amp; Hotel\" \/>\n<meta property=\"og:description\" content=\"[vc_row][vc_column][vc_column_text] Shootings \u00e0 BeachIN [\/vc_column_text][vc_column_text]Notre site est \u00e9galement r\u00e9guli\u00e8rement utilis\u00e9 pour des s\u00e9ances de photos et de vid\u00e9os. Que ce soit avec un t\u00e9l\u00e9phone portable ou une \u00e9quipe de tournage professionnelle, de superbes photos et vid\u00e9os peuvent \u00eatre cr\u00e9\u00e9es avec nos d\u00e9cors et dans le sable. Bien entendu, le hall peut \u00eatre r\u00e9serv\u00e9 pour un weiterlesen...\" \/>\n<meta property=\"og:url\" content=\"https:\/\/beachin.ch\/fr\/shootings\/\" \/>\n<meta property=\"og:site_name\" content=\"BeachIN Sport, Bar &amp; Hotel\" \/>\n<meta property=\"article:modified_time\" content=\"2021-08-06T12:05:06+00:00\" \/>\n<meta name=\"twitter:card\" content=\"summary_large_image\" \/>\n<script type=\"application\/ld+json\" class=\"yoast-schema-graph\">{\"@context\":\"https:\/\/schema.org\",\"@graph\":[{\"@type\":\"WebSite\",\"@id\":\"https:\/\/beachin.ch\/fr\/#website\",\"url\":\"https:\/\/beachin.ch\/fr\/\",\"name\":\"BeachIN Sport, Bar &amp; Hotel\",\"description\":\"Strandfeeling das ganze Jahr!\",\"potentialAction\":[{\"@type\":\"SearchAction\",\"target\":\"https:\/\/beachin.ch\/fr\/?s={search_term_string}\",\"query-input\":\"required name=search_term_string\"}],\"inLanguage\":\"fr-FR\"},{\"@type\":\"WebPage\",\"@id\":\"https:\/\/beachin.ch\/fr\/shootings\/#webpage\",\"url\":\"https:\/\/beachin.ch\/fr\/shootings\/\",\"name\":\"Shootings \\u00e0 BeachIN &ndash; BeachIN Sport, Bar &amp; Hotel\",\"isPartOf\":{\"@id\":\"https:\/\/beachin.ch\/fr\/#website\"},\"datePublished\":\"2021-07-19T12:27:41+00:00\",\"dateModified\":\"2021-08-06T12:05:06+00:00\",\"inLanguage\":\"fr-FR\",\"potentialAction\":[{\"@type\":\"ReadAction\",\"target\":[\"https:\/\/beachin.ch\/fr\/shootings\/\"]}]}]}<\/script>\n<!-- \/ Yoast SEO plugin. -->","_links":{"self":[{"href":"https:\/\/beachin.ch\/fr\/wp-json\/wp\/v2\/pages\/16315"}],"collection":[{"href":"https:\/\/beachin.ch\/fr\/wp-json\/wp\/v2\/pages"}],"about":[{"href":"https:\/\/beachin.ch\/fr\/wp-json\/wp\/v2\/types\/page"}],"author":[{"embeddable":true,"href":"https:\/\/beachin.ch\/fr\/wp-json\/wp\/v2\/users\/1"}],"replies":[{"embeddable":true,"href":"https:\/\/beachin.ch\/fr\/wp-json\/wp\/v2\/comments?post=16315"}],"version-history":[{"count":8,"href":"https:\/\/beachin.ch\/fr\/wp-json\/wp\/v2\/pages\/16315\/revisions"}],"predecessor-version":[{"id":16561,"href":"https:\/\/beachin.ch\/fr\/wp-json\/wp\/v2\/pages\/16315\/revisions\/16561"}],"wp:attachment":[{"href":"https:\/\/beachin.ch\/fr\/wp-json\/wp\/v2\/media?parent=16315"}],"curies":[{"name":"wp","href":"https:\/\/api.w.org\/{rel}","templated":true}]}}