{"id":16063,"date":"2021-07-08T13:51:26","date_gmt":"2021-07-08T11:51:26","guid":{"rendered":"https:\/\/beachin.ch\/?page_id=16063"},"modified":"2022-06-15T17:00:39","modified_gmt":"2022-06-15T15:00:39","slug":"swiss-location-award","status":"publish","type":"page","link":"https:\/\/beachin.ch\/fr\/swiss-location-award\/","title":{"rendered":"Swiss Location Award"},"content":{"rendered":"<div class=\"wpb-content-wrapper\"><p>[vc_row][vc_column][vc_column_text]<\/p>\n<h2>Swiss Location Award<br \/>\nExcellent \u2013 pour la deuxi\u00e8me fois cons\u00e9cutive<\/h2>\n<p>Pour la deuxi\u00e8me fois cons\u00e9cutive, nous avons re\u00e7u le tr\u00e8s convoit\u00e9 Swiss Location Award avec la note \u00abEXCELLENT\u00bb.<\/p>\n<p>Nous sommes tr\u00e8s heureux et merci pour vos votes et le jury d&#8217;experts pour la bonne note!<\/p>\n<p><strong>\u00dcber den Swiss Location Award\u00ae und eventlokale.ch<\/strong><\/p>\n<p>Eventlokale.ch organisierte den Swiss Location Award\u00ae dieses Jahr zum sechsten Mal. 27 923 Veranstalter*innen und Besucher*innen sowie eine unabh\u00e4ngige Fachjury werden, die nominierten Locations bewerten. Das Ziel: Den sch\u00f6nsten und besten Locations eine der begehrten Award-Auszeichnungen zu verleihen. Das gr\u00f6sste Eventportal der Schweiz unterst\u00fctzt unter eventlokale.ch seit 2008 monatlich mehr als 50 000 Eventplaner*innen bei der Suche von Locations und Planung von Events.[\/vc_column_text][\/vc_column][\/vc_row][vc_row][vc_column][\/vc_column][\/vc_row]<\/p>\n<\/div>","protected":false},"excerpt":{"rendered":"<p>[vc_row][vc_column][vc_column_text] Swiss Location Award Excellent \u2013 pour la deuxi\u00e8me fois cons\u00e9cutive Pour la deuxi\u00e8me fois cons\u00e9cutive, nous avons re\u00e7u le tr\u00e8s convoit\u00e9 Swiss Location Award avec la note \u00abEXCELLENT\u00bb. Nous sommes tr\u00e8s heureux et merci pour vos votes et le jury d&#8217;experts pour la bonne note! \u00dcber den Swiss Location Award\u00ae und eventlokale.ch Eventlokale.ch organisierte <a class=\"more-link\" href=\"https:\/\/beachin.ch\/fr\/swiss-location-award\/\">weiterlesen&#8230;<\/a><\/p>\n","protected":false},"author":1,"featured_media":0,"parent":0,"menu_order":0,"comment_status":"closed","ping_status":"closed","template":"","meta":{"footnotes":""},"yoast_head":"<!-- This site is optimized with the Yoast SEO plugin v14.4.1 - https:\/\/yoast.com\/wordpress\/plugins\/seo\/ -->\n<title>Swiss Location Award &ndash; BeachIN Sport, Bar &amp; Hotel<\/title>\n<meta name=\"robots\" content=\"index, follow\" \/>\n<meta name=\"googlebot\" content=\"index, follow, max-snippet:-1, max-image-preview:large, max-video-preview:-1\" \/>\n<meta name=\"bingbot\" content=\"index, follow, max-snippet:-1, max-image-preview:large, max-video-preview:-1\" \/>\n<link rel=\"canonical\" href=\"https:\/\/beachin.ch\/fr\/swiss-location-award\/\" \/>\n<meta property=\"og:locale\" content=\"fr_FR\" \/>\n<meta property=\"og:type\" content=\"article\" \/>\n<meta property=\"og:title\" content=\"Swiss Location Award &ndash; BeachIN Sport, Bar &amp; Hotel\" \/>\n<meta property=\"og:description\" content=\"[vc_row][vc_column][vc_column_text] Swiss Location Award Excellent \u2013 pour la deuxi\u00e8me fois cons\u00e9cutive Pour la deuxi\u00e8me fois cons\u00e9cutive, nous avons re\u00e7u le tr\u00e8s convoit\u00e9 Swiss Location Award avec la note \u00abEXCELLENT\u00bb. Nous sommes tr\u00e8s heureux et merci pour vos votes et le jury d&#8217;experts pour la bonne note! \u00dcber den Swiss Location Award\u00ae und eventlokale.ch Eventlokale.ch organisierte weiterlesen...\" \/>\n<meta property=\"og:url\" content=\"https:\/\/beachin.ch\/fr\/swiss-location-award\/\" \/>\n<meta property=\"og:site_name\" content=\"BeachIN Sport, Bar &amp; Hotel\" \/>\n<meta property=\"article:modified_time\" content=\"2022-06-15T15:00:39+00:00\" \/>\n<meta name=\"twitter:card\" content=\"summary_large_image\" \/>\n<script type=\"application\/ld+json\" class=\"yoast-schema-graph\">{\"@context\":\"https:\/\/schema.org\",\"@graph\":[{\"@type\":\"WebSite\",\"@id\":\"https:\/\/beachin.ch\/fr\/#website\",\"url\":\"https:\/\/beachin.ch\/fr\/\",\"name\":\"BeachIN Sport, Bar &amp; Hotel\",\"description\":\"Strandfeeling das ganze Jahr!\",\"potentialAction\":[{\"@type\":\"SearchAction\",\"target\":\"https:\/\/beachin.ch\/fr\/?s={search_term_string}\",\"query-input\":\"required name=search_term_string\"}],\"inLanguage\":\"fr-FR\"},{\"@type\":\"WebPage\",\"@id\":\"https:\/\/beachin.ch\/fr\/swiss-location-award\/#webpage\",\"url\":\"https:\/\/beachin.ch\/fr\/swiss-location-award\/\",\"name\":\"Swiss Location Award &ndash; BeachIN Sport, Bar &amp; Hotel\",\"isPartOf\":{\"@id\":\"https:\/\/beachin.ch\/fr\/#website\"},\"datePublished\":\"2021-07-08T11:51:26+00:00\",\"dateModified\":\"2022-06-15T15:00:39+00:00\",\"inLanguage\":\"fr-FR\",\"potentialAction\":[{\"@type\":\"ReadAction\",\"target\":[\"https:\/\/beachin.ch\/fr\/swiss-location-award\/\"]}]}]}<\/script>\n<!-- \/ Yoast SEO plugin. -->","_links":{"self":[{"href":"https:\/\/beachin.ch\/fr\/wp-json\/wp\/v2\/pages\/16063"}],"collection":[{"href":"https:\/\/beachin.ch\/fr\/wp-json\/wp\/v2\/pages"}],"about":[{"href":"https:\/\/beachin.ch\/fr\/wp-json\/wp\/v2\/types\/page"}],"author":[{"embeddable":true,"href":"https:\/\/beachin.ch\/fr\/wp-json\/wp\/v2\/users\/1"}],"replies":[{"embeddable":true,"href":"https:\/\/beachin.ch\/fr\/wp-json\/wp\/v2\/comments?post=16063"}],"version-history":[{"count":14,"href":"https:\/\/beachin.ch\/fr\/wp-json\/wp\/v2\/pages\/16063\/revisions"}],"predecessor-version":[{"id":19125,"href":"https:\/\/beachin.ch\/fr\/wp-json\/wp\/v2\/pages\/16063\/revisions\/19125"}],"wp:attachment":[{"href":"https:\/\/beachin.ch\/fr\/wp-json\/wp\/v2\/media?parent=16063"}],"curies":[{"name":"wp","href":"https:\/\/api.w.org\/{rel}","templated":true}]}}